{"id":3402,"date":"2025-12-31T12:14:14","date_gmt":"2025-12-31T12:14:14","guid":{"rendered":"https:\/\/densilab.com\/?post_type=product&#038;p=3402"},"modified":"2026-01-05T11:36:26","modified_gmt":"2026-01-05T11:36:26","slug":"kopcarotol-bioferment-de-racine-de-carotte","status":"publish","type":"product","link":"https:\/\/densilab.com\/fr\/produkt\/kopcarotol-bioferment-de-racine-de-carotte\/","title":{"rendered":"KOPCAROTOL \u2013 Bioferment de Racine de Carotte"},"content":{"rendered":"<p data-start=\"62\" data-end=\"253\"><strong>INCI:<\/strong> <em>Bacillus\/Carrot Root Ferment Filtrate<\/em><br data-start=\"105\" data-end=\"108\" \/><strong>CAS:<\/strong> ingr\u00e9dient naturel (ferment)<br data-start=\"141\" data-end=\"144\" \/><strong>Forme<\/strong>: liquide clair<br data-start=\"165\" data-end=\"168\" \/><strong>Couleur<\/strong>: du jaune \u00e0 l\u2019ambre clair<br data-start=\"202\" data-end=\"205\" \/><strong>Solubilit\u00e9:<\/strong> soluble dans l\u2019eau<br data-start=\"236\" data-end=\"239\" \/><strong>pH:<\/strong> 4,0\u20136,0<\/p>\n<h3 data-start=\"255\" data-end=\"270\"><strong data-start=\"255\" data-end=\"270\">Utilisation<\/strong><\/h3>\n<p data-start=\"272\" data-end=\"816\">Kopcarotol est un ferment v\u00e9g\u00e9tal bioactif de type <em data-start=\"323\" data-end=\"334\">skin food<\/em>, destin\u00e9 aux formulations cosm\u00e9tiques pour le soin de la <strong>peau du visage, du corps ainsi que du cuir chevelu et des cheveux<\/strong>.<br data-start=\"458\" data-end=\"461\" \/>La pr\u00e9paration constitue une riche source de carot\u00e9no\u00efdes naturels, de vitamines et de min\u00e9raux. Il s\u2019agit d\u2019un ingr\u00e9dient moderne qui associe les propri\u00e9t\u00e9s traditionnelles de la carotte \u00e0 une biotechnologie avanc\u00e9e, offrant une action revitalisante et protectrice intense.<br data-start=\"735\" data-end=\"738\" \/><strong>La mati\u00e8re premi\u00e8re convient aux v\u00e9gans et n\u2019a pas \u00e9t\u00e9 test\u00e9e sur les animaux.<\/strong><\/p>\n<p><strong data-start=\"0\" data-end=\"29\" data-is-only-node=\"\">Ingr\u00e9dients actifs cl\u00e9s :<\/strong><\/p>\n<ul>\n<li><strong data-start=\"32\" data-end=\"48\">Vitamine A :<\/strong> Essentielle dans la pr\u00e9vention du vieillissement cutan\u00e9, aide \u00e0 pr\u00e9venir la formation des rides et lisse peau.<\/li>\n<li><strong data-start=\"162\" data-end=\"178\">Vitamine C :<\/strong> Soutient production naturelle de collag\u00e8ne, illumine teint et am\u00e9liore uniformit\u00e9 de la peau.<\/li>\n<li><strong data-start=\"275\" data-end=\"290\">Potassium :<\/strong> Min\u00e9ral responsable du maintien du niveau d\u2019hydratation appropri\u00e9 de la peau du corps et du cuir chevelu.<\/li>\n<li><strong data-start=\"399\" data-end=\"423\">Compos\u00e9s bioactifs :<\/strong> Soutiennent m\u00e9tabolisme cellulaire.<\/li>\n<\/ul>\n<p data-start=\"818\" data-end=\"1211\"><strong data-start=\"818\" data-end=\"864\">Exemples d\u2019utilisation en cosm\u00e9tique DIY :<\/strong><br data-start=\"864\" data-end=\"867\" \/>\u2022 Visage et corps : s\u00e9rums illuminateurs, cr\u00e8mes anti-\u00e2ge, \u00e9mulsions r\u00e9g\u00e9n\u00e9rantes, baumes hydratants, toniques, brumes, produits nettoyants.<br data-start=\"1007\" data-end=\"1010\" \/>\u2022 Cheveux : shampooings, apr\u00e8s-shampooings, masques, lotions du cuir chevelu stimulant la pousse, pr\u00e9parations trichologiques<br data-start=\"1135\" data-end=\"1138\" \/><em>(remarque : possible l\u00e9g\u00e8re coloration \u00e0 des concentrations plus \u00e9lev\u00e9es)<\/em><\/p>\n<p data-start=\"1213\" data-end=\"1504\"><strong data-start=\"1213\" data-end=\"1257\">Mode d\u2019incorporation dans les formules :<\/strong><br data-start=\"1257\" data-end=\"1260\" \/>Ajouter \u00e0 la phase aqueuse ou au produit fini (\u00e0 une temp\u00e9rature inf\u00e9rieure \u00e0 40 \u00b0C). La fermentation augmente la biodisponibilit\u00e9 des actifs, ce qui rend la mati\u00e8re premi\u00e8re efficace m\u00eame \u00e0 faible concentration.<br data-start=\"1472\" data-end=\"1475\" \/>Dosage recommand\u00e9 : 1,0\u20135,0 %<\/p>\n<h3 data-start=\"1506\" data-end=\"1516\"><strong data-start=\"1506\" data-end=\"1516\">Action<\/strong><\/h3>\n<p data-start=\"1518\" data-end=\"2057\"><strong data-start=\"1518\" data-end=\"1535\">Sur la peau :<\/strong><br data-start=\"1535\" data-end=\"1538\" \/>\u2022 Illumine et am\u00e9liore le teint, en r\u00e9duisant l\u2019aspect terne et les signes de fatigue.<br data-start=\"1624\" data-end=\"1627\" \/>\u2022 Apporte des carot\u00e9no\u00efdes naturels \u2013 puissants antioxydants prot\u00e9geant contre le stress oxydatif et le photovieillissement.<br data-start=\"1751\" data-end=\"1754\" \/>\u2022 Soutient la r\u00e9g\u00e9n\u00e9ration de l\u2019\u00e9piderme et les processus naturels de renouvellement cellulaire.<br data-start=\"1850\" data-end=\"1853\" \/>\u2022 Renforce la barri\u00e8re hydrolipidique et limite la perte en eau.<br data-start=\"1917\" data-end=\"1920\" \/>\u2022 Am\u00e9liore l\u2019hydratation et l\u2019\u00e9lasticit\u00e9 de la peau gr\u00e2ce \u00e0 la teneur en potassium et aux m\u00e9tabolites bioactifs issus de la fermentation.<\/p>\n<p data-start=\"2059\" data-end=\"2381\"><strong data-start=\"2059\" data-end=\"2099\">Sur le cuir chevelu et les cheveux :<\/strong><br data-start=\"2099\" data-end=\"2102\" \/>\u2022 Soutient le m\u00e9tabolisme cellulaire du cuir chevelu et des follicules pileux, favorisant une croissance capillaire plus saine.<br data-start=\"2229\" data-end=\"2232\" \/>\u2022 Am\u00e9liore l\u2019\u00e9tat du cuir chevelu et r\u00e9duit la s\u00e9cheresse.<br data-start=\"2290\" data-end=\"2293\" \/>\u2022 Agit comme agent conditionneur, am\u00e9liorant la douceur et l\u2019aspect g\u00e9n\u00e9ral des cheveux.<\/p>\n<p data-start=\"2383\" data-end=\"2909\"><strong data-start=\"2383\" data-end=\"2434\">Informations compl\u00e9mentaires sur l\u2019efficacit\u00e9 :<\/strong><br data-start=\"2434\" data-end=\"2437\" \/>\u2022 Les ferments impliquant des bact\u00e9ries <em data-start=\"2477\" data-end=\"2487\">Bacillus<\/em> sont connus pour am\u00e9liorer la biodisponibilit\u00e9 des vitamines et des antioxydants et pour soutenir le microbiome cutan\u00e9.<br data-start=\"2607\" data-end=\"2610\" \/>\u2022 Les bioferments v\u00e9g\u00e9taux pr\u00e9sentent une meilleure tol\u00e9rance cutan\u00e9e que les extraits classiques, ce qui les rend adapt\u00e9s aux peaux sensibles et fatigu\u00e9es.<br data-start=\"2766\" data-end=\"2769\" \/>\u2022 L\u2019utilisation r\u00e9guli\u00e8re de ferments en cosm\u00e9tique favorise l\u2019am\u00e9lioration de la texture de la peau, son lissage et un teint plus uniforme.<\/p>\n<h3 data-start=\"2911\" data-end=\"3062\"><strong data-start=\"2911\" data-end=\"2927\">Conservation<\/strong><\/h3>\n<p data-start=\"2911\" data-end=\"3062\">Conserver dans un emballage herm\u00e9tiquement ferm\u00e9, \u00e0 temp\u00e9rature ambiante. Prot\u00e9ger de la lumi\u00e8re, de la chaleur excessive et du gel.<\/p>\n<h3 data-start=\"3064\" data-end=\"3174\"><strong data-start=\"3064\" data-end=\"3082\">Avertissements<\/strong><\/h3>\n<p data-start=\"3064\" data-end=\"3174\" data-is-last-node=\"\" data-is-only-node=\"\">Mati\u00e8re premi\u00e8re destin\u00e9e \u00e0 un usage externe uniquement. \u00c9viter le contact avec les yeux.<\/p>\n","protected":false},"excerpt":{"rendered":"<p>INCI: Bacillus\/Carrot Root Ferment FiltrateCAS: ingr\u00e9dient naturel (ferment)Forme: liquide clairCouleur: du jaune \u00e0 l\u2019ambre clairSolubilit\u00e9: soluble dans l\u2019eaupH: 4,0\u20136,0 Utilisation Kopcarotol est un ferment v\u00e9g\u00e9tal bioactif de type skin food, destin\u00e9 aux formulations cosm\u00e9tiques pour le soin de la peau du visage, du corps ainsi que du cuir chevelu et des cheveux.La pr\u00e9paration constitue une [&hellip;]<\/p>\n","protected":false},"featured_media":3399,"comment_status":"open","ping_status":"closed","template":"","meta":[],"product_brand":[],"product_cat":[223,191,194,196,197,202],"product_tag":[],"class_list":{"0":"post-3402","1":"product","2":"type-product","3":"status-publish","4":"has-post-thumbnail","6":"product_cat-ingredients-actifs","7":"product_cat-ingredients-anti-age","8":"product_cat-ingredients-hydratants","9":"product_cat-visage","10":"product_cat-cheveux","11":"product_cat-corps","13":"first","14":"instock","15":"taxable","16":"shipping-taxable","17":"purchasable","18":"product-type-simple"},"_links":{"self":[{"href":"https:\/\/densilab.com\/fr\/wp-json\/wp\/v2\/product\/3402","targetHints":{"allow":["GET"]}}],"collection":[{"href":"https:\/\/densilab.com\/fr\/wp-json\/wp\/v2\/product"}],"about":[{"href":"https:\/\/densilab.com\/fr\/wp-json\/wp\/v2\/types\/product"}],"replies":[{"embeddable":true,"href":"https:\/\/densilab.com\/fr\/wp-json\/wp\/v2\/comments?post=3402"}],"wp:featuredmedia":[{"embeddable":true,"href":"https:\/\/densilab.com\/fr\/wp-json\/wp\/v2\/media\/3399"}],"wp:attachment":[{"href":"https:\/\/densilab.com\/fr\/wp-json\/wp\/v2\/media?parent=3402"}],"wp:term":[{"taxonomy":"product_brand","embeddable":true,"href":"https:\/\/densilab.com\/fr\/wp-json\/wp\/v2\/product_brand?post=3402"},{"taxonomy":"product_cat","embeddable":true,"href":"https:\/\/densilab.com\/fr\/wp-json\/wp\/v2\/product_cat?post=3402"},{"taxonomy":"product_tag","embeddable":true,"href":"https:\/\/densilab.com\/fr\/wp-json\/wp\/v2\/product_tag?post=3402"}],"curies":[{"name":"wp","href":"https:\/\/api.w.org\/{rel}","templated":true}]}}