{"id":3394,"date":"2025-12-27T15:48:29","date_gmt":"2025-12-27T15:48:29","guid":{"rendered":"https:\/\/densilab.com\/?post_type=product&#038;p=3394"},"modified":"2025-12-27T15:55:35","modified_gmt":"2025-12-27T15:55:35","slug":"kopryza-bioferment-de-riz-noir-kavuni","status":"publish","type":"product","link":"https:\/\/densilab.com\/fr\/produkt\/kopryza-bioferment-de-riz-noir-kavuni\/","title":{"rendered":"KOPRYZA Bioferment de riz noir Kavuni"},"content":{"rendered":"<p data-start=\"0\" data-end=\"236\"><strong>INCI:<\/strong> <em>Bacillus\/Rice Ferment Filtrate, Glycerin, Benzyl Alcohol, Lactic Acid<\/em><br data-start=\"120\" data-end=\"123\" \/><strong>Aspect:<\/strong> liquide clair, couleur allant du brun \u00e0 l\u2019ambre clair<br data-start=\"185\" data-end=\"188\" \/><strong>Solubilit\u00e9:<\/strong> soluble dans l\u2019eau<br data-start=\"219\" data-end=\"222\" \/><strong>pH:<\/strong> 5,0\u20136,0<\/p>\n<h3 data-start=\"238\" data-end=\"868\"><strong data-start=\"238\" data-end=\"253\">Utilisation<\/strong><\/h3>\n<p data-start=\"238\" data-end=\"868\">Kopryza est une mati\u00e8re premi\u00e8re cosm\u00e9tique innovante et active sous forme de bioferment obtenu \u00e0 partir d\u2019une vari\u00e9t\u00e9 rare de riz noir originaire du sud de l\u2019Inde. La couleur sombre et intense des grains indique une teneur tr\u00e8s \u00e9lev\u00e9e en anthocyanes, de puissants antioxydants.<br data-start=\"534\" data-end=\"537\" \/>La mati\u00e8re premi\u00e8re est produite par fermentation \u00e0 l\u2019aide de bact\u00e9ries du genre Bacillus, qui transforment l\u2019amidon du riz en compos\u00e9s actifs plus biodisponibles et de plus petite taille mol\u00e9culaire. Ainsi, les substances actives p\u00e9n\u00e8trent plus efficacement la peau et la structure du cheveu, offrant une action de soin intensive.<\/p>\n<p data-start=\"870\" data-end=\"1131\">La mati\u00e8re premi\u00e8re est destin\u00e9e \u00e0 la formulation de cosm\u00e9tiques pour<strong> les cheveux, le cuir chevelu, le visage et le corps<\/strong>. Ajouter \u00e0 la phase aqueuse ou \u00e0 des bases cosm\u00e9tiques pr\u00eates \u00e0 l\u2019emploi.<br data-start=\"1065\" data-end=\"1068\" \/>Concentration recommand\u00e9e dans le produit fini : <strong>environ 2,0 %.<\/strong><\/p>\n<p data-start=\"1133\" data-end=\"1711\">Cet ingr\u00e9dient est <strong>particuli\u00e8rement efficace dans les soins capillaires<\/strong> gr\u00e2ce \u00e0 ses composants actifs uniques :<br data-start=\"1244\" data-end=\"1247\" \/>\u2022 Inositol : glucide connu comme la \u00ab vitamine de la fertilit\u00e9 des cheveux \u00bb. Il agit de mani\u00e8re r\u00e9paratrice, p\u00e9n\u00e8tre profond\u00e9ment dans la fibre capillaire et reste dans la structure du cheveu m\u00eame apr\u00e8s rin\u00e7age, formant une barri\u00e8re protectrice contre les dommages.<br data-start=\"1513\" data-end=\"1516\" \/>\u2022 Acides amin\u00e9s et vitamines : le processus de fermentation augmente leur biodisponibilit\u00e9, permettant une nutrition efficace des follicules pileux et favorisant une croissance saine des cheveux.<\/p>\n<p data-start=\"1713\" data-end=\"2031\"><strong data-start=\"1713\" data-end=\"1744\">Utilisation en cosm\u00e9tique :<\/strong><br data-start=\"1744\" data-end=\"1747\" \/>\u2022 Shampoings, apr\u00e8s-shampoings et masques capillaires<br data-start=\"1800\" data-end=\"1803\" \/>\u2022 Soins trichologiques du cuir chevelu favorisant la pousse des cheveux<br data-start=\"1874\" data-end=\"1877\" \/>\u2022 Brumes capillaires lissantes sans rin\u00e7age<br data-start=\"1920\" data-end=\"1923\" \/>\u2022 S\u00e9rums antioxydants<br data-start=\"1944\" data-end=\"1947\" \/>\u2022 Cr\u00e8mes hydratantes<br data-start=\"1967\" data-end=\"1970\" \/>\u2022 Lotions pour le corps<br data-start=\"1993\" data-end=\"1996\" \/>\u2022 Toniques et produits nettoyants<\/p>\n<h3 data-start=\"2033\" data-end=\"2662\"><strong data-start=\"2033\" data-end=\"2043\">Effets<\/strong><\/h3>\n<p data-start=\"2033\" data-end=\"2662\">\u2022 Referme les cuticules du cheveu gr\u00e2ce \u00e0 un pH proche du pH naturel des cheveux, lisse la surface et apporte de la brillance.<br data-start=\"2172\" data-end=\"2175\" \/>\u2022 R\u00e9g\u00e9n\u00e8re et prot\u00e8ge les cheveux contre les agressions m\u00e9caniques et environnementales gr\u00e2ce \u00e0 l\u2019inositol.<br data-start=\"2282\" data-end=\"2285\" \/>\u2022 Favorise la croissance des cheveux en nourrissant les follicules pileux et en am\u00e9liorant l\u2019\u00e9tat du cuir chevelu.<br data-start=\"2399\" data-end=\"2402\" \/>\u2022 Apporte une action hydratante et conditionnante aux cheveux et \u00e0 la peau.<br data-start=\"2477\" data-end=\"2480\" \/>\u2022 Offre une puissante protection antioxydante, prot\u00e9geant la peau du stress oxydatif.<br data-start=\"2565\" data-end=\"2568\" \/>\u2022 Nourrit la peau en apportant des acides amin\u00e9s et des vitamines facilement biodisponibles.<\/p>\n<h3 data-start=\"2664\" data-end=\"2790\"><strong data-start=\"2664\" data-end=\"2680\">Conservation<\/strong><\/h3>\n<p data-start=\"2664\" data-end=\"2790\">Conserver bien ferm\u00e9 \u00e0 temp\u00e9rature ambiante. Prot\u00e9ger de la chaleur excessive et du froid. Ne pas congeler.<\/p>\n<h3 data-start=\"2792\" data-end=\"2960\"><strong data-start=\"2792\" data-end=\"2807\">Pr\u00e9cautions<\/strong><\/h3>\n<p data-start=\"2792\" data-end=\"2960\" data-is-last-node=\"\" data-is-only-node=\"\">Mati\u00e8re premi\u00e8re cosm\u00e9tique r\u00e9serv\u00e9e \u00e0 un usage externe. \u00c9viter le contact avec les yeux. En cas de contact avec les yeux, rincer abondamment \u00e0 l\u2019eau.<\/p>\n","protected":false},"excerpt":{"rendered":"<p>INCI: Bacillus\/Rice Ferment Filtrate, Glycerin, Benzyl Alcohol, Lactic AcidAspect: liquide clair, couleur allant du brun \u00e0 l\u2019ambre clairSolubilit\u00e9: soluble dans l\u2019eaupH: 5,0\u20136,0 Utilisation Kopryza est une mati\u00e8re premi\u00e8re cosm\u00e9tique innovante et active sous forme de bioferment obtenu \u00e0 partir d\u2019une vari\u00e9t\u00e9 rare de riz noir originaire du sud de l\u2019Inde. La couleur sombre et intense [&hellip;]<\/p>\n","protected":false},"featured_media":3390,"comment_status":"open","ping_status":"closed","template":"","meta":[],"product_brand":[],"product_cat":[223,191,194,196,197,202],"product_tag":[],"class_list":{"0":"post-3394","1":"product","2":"type-product","3":"status-publish","4":"has-post-thumbnail","6":"product_cat-ingredients-actifs","7":"product_cat-ingredients-anti-age","8":"product_cat-ingredients-hydratants","9":"product_cat-visage","10":"product_cat-cheveux","11":"product_cat-corps","13":"first","14":"instock","15":"taxable","16":"shipping-taxable","17":"purchasable","18":"product-type-simple"},"_links":{"self":[{"href":"https:\/\/densilab.com\/fr\/wp-json\/wp\/v2\/product\/3394","targetHints":{"allow":["GET"]}}],"collection":[{"href":"https:\/\/densilab.com\/fr\/wp-json\/wp\/v2\/product"}],"about":[{"href":"https:\/\/densilab.com\/fr\/wp-json\/wp\/v2\/types\/product"}],"replies":[{"embeddable":true,"href":"https:\/\/densilab.com\/fr\/wp-json\/wp\/v2\/comments?post=3394"}],"wp:featuredmedia":[{"embeddable":true,"href":"https:\/\/densilab.com\/fr\/wp-json\/wp\/v2\/media\/3390"}],"wp:attachment":[{"href":"https:\/\/densilab.com\/fr\/wp-json\/wp\/v2\/media?parent=3394"}],"wp:term":[{"taxonomy":"product_brand","embeddable":true,"href":"https:\/\/densilab.com\/fr\/wp-json\/wp\/v2\/product_brand?post=3394"},{"taxonomy":"product_cat","embeddable":true,"href":"https:\/\/densilab.com\/fr\/wp-json\/wp\/v2\/product_cat?post=3394"},{"taxonomy":"product_tag","embeddable":true,"href":"https:\/\/densilab.com\/fr\/wp-json\/wp\/v2\/product_tag?post=3394"}],"curies":[{"name":"wp","href":"https:\/\/api.w.org\/{rel}","templated":true}]}}