{"id":3385,"date":"2025-12-27T13:04:34","date_gmt":"2025-12-27T13:04:34","guid":{"rendered":"https:\/\/densilab.com\/?post_type=product&#038;p=3385"},"modified":"2025-12-27T13:10:40","modified_gmt":"2025-12-27T13:10:40","slug":"kopsoyatol-bioferment-de-soja-anti-age","status":"publish","type":"product","link":"https:\/\/densilab.com\/fr\/produkt\/kopsoyatol-bioferment-de-soja-anti-age\/","title":{"rendered":"KOPSOYATOL Bioferment de soja\/Anti-Age"},"content":{"rendered":"<p data-start=\"114\" data-end=\"342\"><strong data-start=\"114\" data-end=\"124\">INCI:<\/strong> <em>Bacillus\/Soybean Ferment Filtrate, Glycerin<\/em><br data-start=\"168\" data-end=\"171\" \/><strong>Apparence:<\/strong> liquide clair \u00e0 l\u00e9g\u00e8rement trouble, couleur jaune \u00e0 ambre clair<br data-start=\"246\" data-end=\"249\" \/><strong>Solubilit\u00e9<\/strong>: soluble dans l\u2019eau<br data-start=\"280\" data-end=\"283\" \/><strong>pH:<\/strong> 4,0\u20136,0<br data-start=\"295\" data-end=\"298\" \/><strong>Vegan, sans OGM, non test\u00e9 sur les animaux<\/strong><\/p>\n<h3 data-start=\"344\" data-end=\"729\"><strong data-start=\"344\" data-end=\"359\">Utilisation<\/strong><\/h3>\n<p data-start=\"344\" data-end=\"729\">Kopsoyatol est un bioferment de soja de haute qualit\u00e9 destin\u00e9 aux cosm\u00e9tiques DIY et aux formulations cosm\u00e9tiques professionnelles. La mati\u00e8re premi\u00e8re est obtenue par fermentation des graines de soja (Glycine max) avec Bacillus subtilis, <strong>ce qui augmente la biodisponibilit\u00e9 des compos\u00e9s actifs pr\u00e9cieux tels que les isoflavones, les acides amin\u00e9s et les vitamines<\/strong>.<\/p>\n<p data-start=\"731\" data-end=\"1134\">Le bioferment de soja agit comme un antioxydant naturel \u00e0 base d\u2019eau, prot\u00e9geant efficacement la peau contre les radicaux libres et soutenant la pr\u00e9vention du vieillissement cutan\u00e9. En tant que produit de fermentation, il contribue \u00e9galement au maintien de l\u2019\u00e9quilibre naturel du microbiome cutan\u00e9. Une utilisation r\u00e9guli\u00e8re am\u00e9liore l\u2019\u00e9tat de la peau, sa fermet\u00e9, son \u00e9lasticit\u00e9 et son \u00e9clat g\u00e9n\u00e9ral.<\/p>\n<p data-start=\"1136\" data-end=\"1427\">Kopsoyatol peut \u00eatre utilis\u00e9 comme ingr\u00e9dient actif dans les cosm\u00e9tiques <strong>pour le visage, le corps et les cheveux.<\/strong> Ajouter \u00e0 la phase active lors de la phase de refroidissement de la formulation \u00e0 des temp\u00e9ratures inf\u00e9rieures \u00e0 40\u202f\u00b0C. Concentration recommand\u00e9e dans le produit fini : 1\u20135\u202f%.<\/p>\n<p data-start=\"1429\" data-end=\"1690\"><strong data-start=\"1429\" data-end=\"1465\">Utilisation dans les cosm\u00e9tiques<\/strong><br data-start=\"1465\" data-end=\"1468\" \/>\u2022 S\u00e9rums antioxydants et anti-\u00e2ge<br data-start=\"1501\" data-end=\"1504\" \/>\u2022 Cr\u00e8mes et \u00e9mulsions pour le visage<br data-start=\"1540\" data-end=\"1543\" \/>\u2022 Toniques et essences hydratantes<br data-start=\"1577\" data-end=\"1580\" \/>\u2022 Lotions raffermissantes pour le corps<br data-start=\"1619\" data-end=\"1622\" \/>\u2022 Apr\u00e8s-shampoings et masques r\u00e9g\u00e9n\u00e9rants et lissants pour cheveux<\/p>\n<h3 data-start=\"1692\" data-end=\"2239\"><strong data-start=\"1692\" data-end=\"1702\">Effets<\/strong><\/h3>\n<p data-start=\"1692\" data-end=\"2239\">\u2022 Soutient l\u2019action anti-\u00e2ge en am\u00e9liorant la fermet\u00e9 et l\u2019\u00e9lasticit\u00e9 de la peau.<br data-start=\"1786\" data-end=\"1789\" \/>\u2022 Fournit une protection antioxydante efficace contre le stress oxydatif.<br data-start=\"1862\" data-end=\"1865\" \/>\u2022 Favorise l\u2019hydratation et la r\u00e9g\u00e9n\u00e9ration de la peau.<br data-start=\"1920\" data-end=\"1923\" \/>\u2022 Am\u00e9liore le teint et redonne \u00e0 la peau un aspect sain et lumineux.<br data-start=\"1991\" data-end=\"1994\" \/>\u2022 Aide \u00e0 maintenir l\u2019\u00e9quilibre naturel du microbiome cutan\u00e9.<br data-start=\"2054\" data-end=\"2057\" data-is-only-node=\"\" \/>\u2022 Dans les soins capillaires, am\u00e9liore l\u2019\u00e9tat des cheveux, renforce la structure de la fibre capillaire, augmente le niveau d\u2019hydratation et apporte douceur et brillance naturelle.<\/p>\n<h3 data-start=\"2241\" data-end=\"2442\"><strong data-start=\"2241\" data-end=\"2257\">Conservation<\/strong><\/h3>\n<p data-start=\"2241\" data-end=\"2442\">Conserver la mati\u00e8re premi\u00e8re cosm\u00e9tique dans un r\u00e9cipient herm\u00e9tiquement ferm\u00e9 \u00e0 temp\u00e9rature ambiante. Prot\u00e9ger de la lumi\u00e8re directe du soleil, de la chaleur excessive et du gel.<\/p>\n<h3 data-start=\"2444\" data-end=\"2591\"><strong data-start=\"2444\" data-end=\"2459\">Pr\u00e9cautions<\/strong><\/h3>\n<p data-start=\"2444\" data-end=\"2591\" data-is-last-node=\"\" data-is-only-node=\"\">Produit r\u00e9serv\u00e9 \u00e0 un usage externe. \u00c9viter le contact avec les yeux. En cas de contact avec les yeux, rincer abondamment \u00e0 l\u2019eau.<\/p>\n","protected":false},"excerpt":{"rendered":"<p>INCI: Bacillus\/Soybean Ferment Filtrate, GlycerinApparence: liquide clair \u00e0 l\u00e9g\u00e8rement trouble, couleur jaune \u00e0 ambre clairSolubilit\u00e9: soluble dans l\u2019eaupH: 4,0\u20136,0Vegan, sans OGM, non test\u00e9 sur les animaux Utilisation Kopsoyatol est un bioferment de soja de haute qualit\u00e9 destin\u00e9 aux cosm\u00e9tiques DIY et aux formulations cosm\u00e9tiques professionnelles. La mati\u00e8re premi\u00e8re est obtenue par fermentation des graines de [&hellip;]<\/p>\n","protected":false},"featured_media":3382,"comment_status":"open","ping_status":"closed","template":"","meta":[],"product_brand":[],"product_cat":[223,191,194,196,197,202],"product_tag":[],"class_list":{"0":"post-3385","1":"product","2":"type-product","3":"status-publish","4":"has-post-thumbnail","6":"product_cat-ingredients-actifs","7":"product_cat-ingredients-anti-age","8":"product_cat-ingredients-hydratants","9":"product_cat-visage","10":"product_cat-cheveux","11":"product_cat-corps","13":"first","14":"instock","15":"taxable","16":"shipping-taxable","17":"purchasable","18":"product-type-simple"},"_links":{"self":[{"href":"https:\/\/densilab.com\/fr\/wp-json\/wp\/v2\/product\/3385","targetHints":{"allow":["GET"]}}],"collection":[{"href":"https:\/\/densilab.com\/fr\/wp-json\/wp\/v2\/product"}],"about":[{"href":"https:\/\/densilab.com\/fr\/wp-json\/wp\/v2\/types\/product"}],"replies":[{"embeddable":true,"href":"https:\/\/densilab.com\/fr\/wp-json\/wp\/v2\/comments?post=3385"}],"wp:featuredmedia":[{"embeddable":true,"href":"https:\/\/densilab.com\/fr\/wp-json\/wp\/v2\/media\/3382"}],"wp:attachment":[{"href":"https:\/\/densilab.com\/fr\/wp-json\/wp\/v2\/media?parent=3385"}],"wp:term":[{"taxonomy":"product_brand","embeddable":true,"href":"https:\/\/densilab.com\/fr\/wp-json\/wp\/v2\/product_brand?post=3385"},{"taxonomy":"product_cat","embeddable":true,"href":"https:\/\/densilab.com\/fr\/wp-json\/wp\/v2\/product_cat?post=3385"},{"taxonomy":"product_tag","embeddable":true,"href":"https:\/\/densilab.com\/fr\/wp-json\/wp\/v2\/product_tag?post=3385"}],"curies":[{"name":"wp","href":"https:\/\/api.w.org\/{rel}","templated":true}]}}