{"id":3369,"date":"2025-11-24T14:12:21","date_gmt":"2025-11-24T14:12:21","guid":{"rendered":"https:\/\/densilab.com\/?post_type=product&#038;p=3369"},"modified":"2025-11-24T14:59:14","modified_gmt":"2025-11-24T14:59:14","slug":"huile-de-graines-de-fraise-native-pressee-a-froid","status":"publish","type":"product","link":"https:\/\/densilab.com\/fr\/produkt\/huile-de-graines-de-fraise-native-pressee-a-froid\/","title":{"rendered":"HUILE DE GRAINES DE FRAISE, NATIVE, PRESS\u00c9E \u00c0 FROID"},"content":{"rendered":"<p data-start=\"68\" data-end=\"265\"><strong>INCI:<\/strong> <em>Fragaria Ananassa (Strawberry) Seed Oil<\/em><br data-start=\"114\" data-end=\"117\" \/><strong>CAS:<\/strong> 84929-76-0<br data-start=\"133\" data-end=\"136\" \/><strong>EINECS:<\/strong> 284-554-5<br data-start=\"154\" data-end=\"157\" \/><strong>M\u00e9thode d\u2019extraction:<\/strong> Pression \u00e0 froid des graines de fraise. Huile produite et certifi\u00e9e au Royaume-Uni.<\/p>\n<p data-start=\"267\" data-end=\"422\"><strong>Propri\u00e9t\u00e9s physiques:<\/strong><br data-start=\"289\" data-end=\"292\" \/>\u2022 Couleur : du vert au jaune<br data-start=\"320\" data-end=\"323\" \/>\u2022 Odeur : caract\u00e9ristique, fra\u00eeche, l\u00e9g\u00e8rement sucr\u00e9e, \u00ab\u00a0noisette\u00a0\u00bb<br data-start=\"390\" data-end=\"393\" \/>\u2022 Densit\u00e9 : env. 0,939 g\/ml<\/p>\n<h3 data-start=\"424\" data-end=\"1358\"><strong>Application<\/strong><\/h3>\n<p data-start=\"424\" data-end=\"1358\">L\u2019huile de graines de fraise est une mati\u00e8re premi\u00e8re cosm\u00e9tique l\u00e9g\u00e8re, rapidement absorb\u00e9e et extr\u00eamement riche en nutriments pr\u00e9cieux. Le proc\u00e9d\u00e9 de pression \u00e0 froid doux permet de conserver pleinement ses propri\u00e9t\u00e9s naturelles. Elle est consid\u00e9r\u00e9e comme un \u00ab\u202fsuper-aliment\u202f\u00bb pour la peau \u2013 particuli\u00e8rement recommand\u00e9e pour le soin des peaux matures, s\u00e8ches, ab\u00eem\u00e9es, d\u00e9shydrat\u00e9es et probl\u00e9matiques, sujettes aux imperfections.<br data-start=\"869\" data-end=\"872\" \/>Son profil en acides gras comprend principalement des acides gras essentiels insatur\u00e9s (plus de 80\u202f%), dont les <strong>om\u00e9ga-3<\/strong>, <strong>om\u00e9ga-6<\/strong> et <strong>om\u00e9ga-9<\/strong>, qui soutiennent la restauration de la barri\u00e8re hydrolipidique et contribuent au maintien d\u2019un niveau d\u2019hydratation \u00e9quilibr\u00e9. L\u2019huile est \u00e9galement une pr\u00e9cieuse source d\u2019antioxydants naturels \u2013 <strong>vitamine E<\/strong> (tocoph\u00e9rols) et <strong>acide ellagique<\/strong> \u2013 qui aident \u00e0 prot\u00e9ger la peau contre les radicaux libres et le vieillissement cutan\u00e9 li\u00e9 \u00e0 la lumi\u00e8re.<\/p>\n<p data-start=\"1360\" data-end=\"1419\"><strong>Concentration recommand\u00e9e dans les formulations<\/strong>: 5\u2013100\u202f%<\/p>\n<p data-start=\"1421\" data-end=\"2302\"><strong>Exemples d\u2019utilisation pour le visage et le corps:<\/strong><br data-start=\"1472\" data-end=\"1475\" \/>\u2022 En huile pure pour le soin des peaux s\u00e8ches, matures, ab\u00eem\u00e9es et d\u00e9shydrat\u00e9es (s\u00e9rum huileux pour la nuit ou le jour, selon les besoins de la peau)<br data-start=\"1624\" data-end=\"1627\" \/>\u2022 Additif dans les cr\u00e8mes, lotions corporelles, beurres et m\u00e9langes d\u2019huiles \u00e0 environ 10\u201325\u202f% pour renforcer les propri\u00e9t\u00e9s nourrissantes, r\u00e9g\u00e9n\u00e9rantes et antioxydantes<br data-start=\"1796\" data-end=\"1799\" \/>\u2022 Composant d\u2019huiles l\u00e9g\u00e8res pour le visage, y compris huile sous la cr\u00e8me ou dans des m\u00e9langes d\u2019huiles pour massage facial<br data-start=\"1923\" data-end=\"1926\" \/>\u2022 Base ou composant dans les huiles nettoyantes et formulations pour nettoyage facial \u00e0 base d\u2019huile (particuli\u00e8rement pour les peaux s\u00e8ches, irrit\u00e9es et sensibles)<br data-start=\"2090\" data-end=\"2093\" \/>\u2022 Ingr\u00e9dient de produits de soin du corps, notamment pour les zones s\u00e8ches et rugueuses (coudes, genoux, pieds)<br data-start=\"2204\" data-end=\"2207\" \/>\u2022 Huile pour le soin des mains et des ongles, y compris pour nourrir et adoucir les cuticules<\/p>\n<p data-start=\"2304\" data-end=\"2665\"><strong>Application dans les soins capillaires:<\/strong><br data-start=\"2344\" data-end=\"2347\" \/>\u2022 Base pour un s\u00e9rum pour les pointes afin de r\u00e9duire les pointes fourchues et le dess\u00e8chement<br data-start=\"2441\" data-end=\"2444\" \/>\u2022 Composant de m\u00e9langes d\u2019huiles pour les cheveux, notamment pour les cheveux secs, ab\u00eem\u00e9s et sujets aux frisottis<br data-start=\"2558\" data-end=\"2561\" \/>\u2022 Additif dans les masques et apr\u00e8s-shampoings pour am\u00e9liorer l\u2019\u00e9lasticit\u00e9, la douceur et la brillance<\/p>\n<h3 data-start=\"2667\" data-end=\"3054\"><strong>Effets<\/strong><\/h3>\n<p data-start=\"2667\" data-end=\"3054\"><strong>\u2022 Hydratation intense et soutien de la barri\u00e8re hydrolipidique:<\/strong><br data-start=\"2740\" data-end=\"2743\" \/>La haute teneur en acides gras essentiels aide \u00e0 compenser la perte de lipides dans la couche corn\u00e9e. L\u2019huile r\u00e9duit la perte d\u2019eau trans\u00e9pidermique (TEWL), laissant la peau mieux hydrat\u00e9e, plus douce et plus lisse. Une utilisation r\u00e9guli\u00e8re favorise la r\u00e9g\u00e9n\u00e9ration des peaux ab\u00eem\u00e9es, s\u00e8ches et d\u00e9shydrat\u00e9es.<\/p>\n<p data-start=\"3056\" data-end=\"3395\"><strong>\u2022 Effet anti-\u00e2ge et antioxydant:<\/strong><br data-start=\"3089\" data-end=\"3092\" \/>La pr\u00e9sence de vitamine E et d\u2019acide ellagique contribue \u00e0 neutraliser les radicaux libres et prot\u00e8ge la peau contre le stress oxydatif et le vieillissement cutan\u00e9 li\u00e9 \u00e0 la lumi\u00e8re. La peau devient plus \u00e9lastique, plus ferme et visuellement plus lisse, les fines ridules et rides \u00e9tant moins visibles.<\/p>\n<p data-start=\"3397\" data-end=\"3769\"><strong>\u2022 Soutien pour les peaux \u00e0 probl\u00e8mes:<\/strong><br data-start=\"3435\" data-end=\"3438\" \/>L\u2019huile de graines de fraise pr\u00e9sente des propri\u00e9t\u00e9s astringentes, antibact\u00e9riennes et antivirales, ce qui en fait un compl\u00e9ment pr\u00e9cieux pour le soin des peaux sujettes aux imperfections et \u00e0 l\u2019acn\u00e9. Elle aide \u00e0 apaiser les irritations, soutient les processus de r\u00e9g\u00e9n\u00e9ration de l\u2019\u00e9piderme et am\u00e9liore l\u2019\u00e9tat g\u00e9n\u00e9ral de la peau.<\/p>\n<p data-start=\"3771\" data-end=\"4046\"><strong>\u2022 Am\u00e9lioration du confort et de l\u2019apparence de la peau:<\/strong><br data-start=\"3827\" data-end=\"3830\" \/>Une utilisation r\u00e9guli\u00e8re rend la peau plus douce, plus lisse, plus \u00e9lastique et \u00e9clatante. L\u2019huile r\u00e9duit la sensation de tiraillement, la rugosit\u00e9 et la s\u00e9cheresse, am\u00e9liorant ainsi le confort g\u00e9n\u00e9ral de la peau.<\/p>\n<p data-start=\"4048\" data-end=\"4363\"><strong>\u2022 Soin des cheveux et des ongles:<\/strong><br data-start=\"4082\" data-end=\"4085\" \/>Appliqu\u00e9e sur les pointes des cheveux, elle aide \u00e0 r\u00e9duire la fragilit\u00e9 et les fourches, offrant plus de douceur et d\u2019\u00e9lasticit\u00e9. Dans le soin des ongles et des cuticules, elle soutient l\u2019hydratation, la nutrition et l\u2019assouplissement de la peau autour de la plaque ongulaire.<\/p>\n<h3 data-start=\"4365\" data-end=\"4663\"><strong>Conservation<\/strong><\/h3>\n<p data-start=\"4365\" data-end=\"4663\">Conserver le produit dans un r\u00e9cipient bien ferm\u00e9, \u00e0 l\u2019abri des sources de chaleur et de la lumi\u00e8re directe du soleil.<br data-start=\"4498\" data-end=\"4501\" \/>Il est recommand\u00e9 de limiter l\u2019exposition \u00e0 l\u2019air et \u00e0 la lumi\u00e8re pour ralentir les processus d\u2019oxydation et maintenir la meilleure qualit\u00e9 possible de l\u2019huile.<\/p>\n<h3 data-start=\"4665\" data-end=\"4807\"><strong>Pr\u00e9cautions<\/strong><\/h3>\n<p data-start=\"4665\" data-end=\"4807\" data-is-last-node=\"\" data-is-only-node=\"\">Usage externe uniquement.<br data-start=\"4706\" data-end=\"4709\" \/>Avant la premi\u00e8re utilisation, il est recommand\u00e9 de r\u00e9aliser un test cutan\u00e9 sur une petite zone.<\/p>\n","protected":false},"excerpt":{"rendered":"<p>INCI: Fragaria Ananassa (Strawberry) Seed OilCAS: 84929-76-0EINECS: 284-554-5M\u00e9thode d\u2019extraction: Pression \u00e0 froid des graines de fraise. Huile produite et certifi\u00e9e au Royaume-Uni. Propri\u00e9t\u00e9s physiques:\u2022 Couleur : du vert au jaune\u2022 Odeur : caract\u00e9ristique, fra\u00eeche, l\u00e9g\u00e8rement sucr\u00e9e, \u00ab\u00a0noisette\u00a0\u00bb\u2022 Densit\u00e9 : env. 0,939 g\/ml Application L\u2019huile de graines de fraise est une mati\u00e8re premi\u00e8re cosm\u00e9tique l\u00e9g\u00e8re, rapidement [&hellip;]<\/p>\n","protected":false},"featured_media":3366,"comment_status":"open","ping_status":"closed","template":"","meta":[],"product_brand":[],"product_cat":[191,194,195,196,197,202,204],"product_tag":[],"class_list":{"0":"post-3369","1":"product","2":"type-product","3":"status-publish","4":"has-post-thumbnail","6":"product_cat-ingredients-anti-age","7":"product_cat-ingredients-hydratants","8":"product_cat-peau-vasculaire-acne-preparations-anti-cellulite","9":"product_cat-visage","10":"product_cat-cheveux","11":"product_cat-corps","12":"product_cat-huiles-squalane-beurres-cosmetiques-et-macerats-dhuiles","14":"first","15":"instock","16":"taxable","17":"shipping-taxable","18":"purchasable","19":"product-type-simple"},"_links":{"self":[{"href":"https:\/\/densilab.com\/fr\/wp-json\/wp\/v2\/product\/3369","targetHints":{"allow":["GET"]}}],"collection":[{"href":"https:\/\/densilab.com\/fr\/wp-json\/wp\/v2\/product"}],"about":[{"href":"https:\/\/densilab.com\/fr\/wp-json\/wp\/v2\/types\/product"}],"replies":[{"embeddable":true,"href":"https:\/\/densilab.com\/fr\/wp-json\/wp\/v2\/comments?post=3369"}],"wp:featuredmedia":[{"embeddable":true,"href":"https:\/\/densilab.com\/fr\/wp-json\/wp\/v2\/media\/3366"}],"wp:attachment":[{"href":"https:\/\/densilab.com\/fr\/wp-json\/wp\/v2\/media?parent=3369"}],"wp:term":[{"taxonomy":"product_brand","embeddable":true,"href":"https:\/\/densilab.com\/fr\/wp-json\/wp\/v2\/product_brand?post=3369"},{"taxonomy":"product_cat","embeddable":true,"href":"https:\/\/densilab.com\/fr\/wp-json\/wp\/v2\/product_cat?post=3369"},{"taxonomy":"product_tag","embeddable":true,"href":"https:\/\/densilab.com\/fr\/wp-json\/wp\/v2\/product_tag?post=3369"}],"curies":[{"name":"wp","href":"https:\/\/api.w.org\/{rel}","templated":true}]}}