{"id":3329,"date":"2025-11-15T10:04:25","date_gmt":"2025-11-15T10:04:25","guid":{"rendered":"https:\/\/densilab.com\/?post_type=product&#038;p=3329"},"modified":"2025-11-15T10:20:31","modified_gmt":"2025-11-15T10:20:31","slug":"extrait-de-bambou-en-huile","status":"publish","type":"product","link":"https:\/\/densilab.com\/fr\/produkt\/extrait-de-bambou-en-huile\/","title":{"rendered":"EXTRAIT DE BAMBOU EN HUILE"},"content":{"rendered":"<p data-start=\"164\" data-end=\"438\"><strong data-start=\"164\" data-end=\"174\">INCI :<\/strong> <em>Helianthus Annuus (Sunflower) Seed Oil, Bambusa Vulgaris (Bamboo) Extract<\/em><br data-start=\"248\" data-end=\"251\" \/><strong data-start=\"251\" data-end=\"260\">CAS :<\/strong> 8001-21-6 (Helianthus Annuus (Sunflower) Seed Oil), 91771-33-4 (Bambusa Vulgaris)<br data-start=\"342\" data-end=\"345\" \/><strong data-start=\"345\" data-end=\"357\">EINECS :<\/strong> 232-273-9 (Helianthus Annuus (Sunflower) Seed Oil), 294-923-8 (Bamboo Extract)<\/p>\n<p data-start=\"440\" data-end=\"631\"><strong data-start=\"440\" data-end=\"451\">Forme :<\/strong> Liquide huileux clair \u00e0 l\u00e9g\u00e8rement trouble<br data-start=\"494\" data-end=\"497\" \/><strong data-start=\"497\" data-end=\"513\">Solubilit\u00e9 :<\/strong> Soluble dans les huiles et les graisses<br data-start=\"553\" data-end=\"556\" \/><strong data-start=\"556\" data-end=\"569\">Origine :<\/strong> Mati\u00e8re premi\u00e8re produite aux \u00c9tats-Unis, import\u00e9e d\u2019Italie<\/p>\n<h3 data-start=\"633\" data-end=\"654\"><strong data-start=\"637\" data-end=\"652\">Utilisation<\/strong><\/h3>\n<p data-start=\"656\" data-end=\"937\">L\u2019extrait de bambou en huile est une mati\u00e8re premi\u00e8re botanique moderne et renfor\u00e7ante, riche en silice naturelle et en antioxydants bioactifs. <strong>Il renforce la structure de la peau, des cheveux et des ongles<\/strong>, transformant les formulations ordinaires en un soin luxueux et durable.<\/p>\n<p data-start=\"939\" data-end=\"1010\">Il est destin\u00e9 \u00e0 \u00eatre utilis\u00e9 comme ingr\u00e9dient hautement actif dans :<\/p>\n<ul>\n<li data-start=\"1013\" data-end=\"1073\">Huiles capillaires, s\u00e9rums et apr\u00e8s-shampoings fortifiants<\/li>\n<li data-start=\"1076\" data-end=\"1116\">Huiles et baumes corporels r\u00e9g\u00e9n\u00e9rants<\/li>\n<li data-start=\"1119\" data-end=\"1159\">Cr\u00e8mes et s\u00e9rums visage raffermissants<\/li>\n<li data-start=\"1162\" data-end=\"1205\">Huiles et s\u00e9rums pour ongles et cuticules<\/li>\n<li data-start=\"1208\" data-end=\"1251\">Produits sp\u00e9cialis\u00e9s pour le cuir chevelu<\/li>\n<\/ul>\n<p data-start=\"1253\" data-end=\"1293\"><strong data-start=\"1253\" data-end=\"1284\">Concentration recommand\u00e9e :<\/strong> 1\u201310 %<\/p>\n<p data-start=\"1295\" data-end=\"1602\"><strong data-start=\"1295\" data-end=\"1336\">Mode d\u2019emploi dans les formulations :<\/strong><br data-start=\"1336\" data-end=\"1339\" \/>L\u2019extrait s\u2019ajoute \u00e0 la phase huileuse de la formulation ou aux cosm\u00e9tiques pr\u00eats \u00e0 l\u2019emploi (huiles, s\u00e9rums, baumes, apr\u00e8s-shampoings).<br data-start=\"1475\" data-end=\"1478\" \/>Il est pr\u00e9f\u00e9rable de l\u2019incorporer \u00e0 une temp\u00e9rature inf\u00e9rieure \u00e0 40 \u00b0C afin de pr\u00e9server toute l\u2019activit\u00e9 des ingr\u00e9dients.<\/p>\n<p data-start=\"1604\" data-end=\"1662\"><strong data-start=\"1604\" data-end=\"1660\">Exemples d\u2019utilisation dans des produits DIY finis :<\/strong><\/p>\n<ul>\n<li data-start=\"1665\" data-end=\"1757\">Ajout fortifiant \u00e0 une huile ou un s\u00e9rum capillaire (sur toute la longueur et les pointes)<\/li>\n<li data-start=\"1760\" data-end=\"1841\">Composant d\u2019une huile corporelle luxueuse aux effets raffermissants et lissants<\/li>\n<li data-start=\"1844\" data-end=\"1913\">Ingr\u00e9dient actif dans une cr\u00e8me ou un s\u00e9rum visage \u00e0 effet anti-\u00e2ge<\/li>\n<li data-start=\"1916\" data-end=\"2016\">Soin huileux pour ongles et cuticules, am\u00e9liorant leur condition et leur r\u00e9sistance aux agressions<\/li>\n<\/ul>\n<h3 data-start=\"2018\" data-end=\"2033\"><strong data-start=\"2022\" data-end=\"2031\">Effet<\/strong><\/h3>\n<p data-start=\"2035\" data-end=\"2047\"><strong data-start=\"2035\" data-end=\"2045\">Peau :<\/strong><\/p>\n<ul>\n<li data-start=\"2050\" data-end=\"2185\">Renforce les structures de la peau gr\u00e2ce \u00e0 une forte teneur en silice naturelle, favorisant la synth\u00e8se du collag\u00e8ne et de l\u2019\u00e9lastine<\/li>\n<li data-start=\"2188\" data-end=\"2304\">Am\u00e9liore la densit\u00e9, la fermet\u00e9 et l\u2019\u00e9lasticit\u00e9 de la peau, avec un effet visible de lissage et de raffermissement<\/li>\n<li data-start=\"2307\" data-end=\"2427\">Poss\u00e8de une forte action antioxydante, r\u00e9duit l\u2019impact des radicaux libres et aide \u00e0 ralentir le vieillissement cutan\u00e9<\/li>\n<li data-start=\"2430\" data-end=\"2481\">R\u00e9duit les irritations et les rougeurs de la peau<\/li>\n<\/ul>\n<p data-start=\"2483\" data-end=\"2508\"><strong data-start=\"2483\" data-end=\"2506\">Cheveux et ongles :<\/strong><\/p>\n<ul>\n<li data-start=\"2511\" data-end=\"2646\">Renforce les cheveux de l\u2019int\u00e9rieur, r\u00e9duit la casse, soutient la structure k\u00e9ratinique et donne aux cheveux brillance et aspect sain<\/li>\n<li data-start=\"2649\" data-end=\"2776\">Favorise la r\u00e9g\u00e9n\u00e9ration des ongles cassants et fendill\u00e9s et am\u00e9liore leur condition g\u00e9n\u00e9rale et leur r\u00e9sistance aux dommages<\/li>\n<li data-start=\"2779\" data-end=\"2886\">Apaise et calme, aidant \u00e0 r\u00e9duire les irritations et rougeurs de la peau, y compris celle du cuir chevelu<\/li>\n<\/ul>\n<h3 data-start=\"2888\" data-end=\"2910\"><strong data-start=\"2892\" data-end=\"2908\">Conservation<\/strong><\/h3>\n<p data-start=\"2912\" data-end=\"3180\">Conserver le produit dans un r\u00e9cipient bien ferm\u00e9, dans un endroit frais et sombre.<br data-start=\"2995\" data-end=\"2998\" \/>Prot\u00e9ger de l\u2019exposition directe au soleil et des sources de chaleur.<br data-start=\"3067\" data-end=\"3070\" \/>Apr\u00e8s chaque utilisation, refermer soigneusement le flacon pour limiter le contact avec l\u2019air et l\u2019humidit\u00e9.<\/p>\n<h3 data-start=\"3182\" data-end=\"3203\"><strong data-start=\"3186\" data-end=\"3201\">Pr\u00e9cautions<\/strong><\/h3>\n<p data-start=\"3205\" data-end=\"3287\">\u00c9viter le contact avec les yeux ; en cas de contact, rincer abondamment \u00e0 l\u2019eau.<\/p>\n","protected":false},"excerpt":{"rendered":"<p>INCI : Helianthus Annuus (Sunflower) Seed Oil, Bambusa Vulgaris (Bamboo) ExtractCAS : 8001-21-6 (Helianthus Annuus (Sunflower) Seed Oil), 91771-33-4 (Bambusa Vulgaris)EINECS : 232-273-9 (Helianthus Annuus (Sunflower) Seed Oil), 294-923-8 (Bamboo Extract) Forme : Liquide huileux clair \u00e0 l\u00e9g\u00e8rement troubleSolubilit\u00e9 : Soluble dans les huiles et les graissesOrigine : Mati\u00e8re premi\u00e8re produite aux \u00c9tats-Unis, import\u00e9e d\u2019Italie [&hellip;]<\/p>\n","protected":false},"featured_media":3324,"comment_status":"open","ping_status":"closed","template":"","meta":[],"product_brand":[],"product_cat":[223,191,195,196,197,202,204],"product_tag":[],"class_list":{"0":"post-3329","1":"product","2":"type-product","3":"status-publish","4":"has-post-thumbnail","6":"product_cat-ingredients-actifs","7":"product_cat-ingredients-anti-age","8":"product_cat-peau-vasculaire-acne-preparations-anti-cellulite","9":"product_cat-visage","10":"product_cat-cheveux","11":"product_cat-corps","12":"product_cat-huiles-squalane-beurres-cosmetiques-et-macerats-dhuiles","14":"first","15":"instock","16":"taxable","17":"shipping-taxable","18":"purchasable","19":"product-type-simple"},"_links":{"self":[{"href":"https:\/\/densilab.com\/fr\/wp-json\/wp\/v2\/product\/3329","targetHints":{"allow":["GET"]}}],"collection":[{"href":"https:\/\/densilab.com\/fr\/wp-json\/wp\/v2\/product"}],"about":[{"href":"https:\/\/densilab.com\/fr\/wp-json\/wp\/v2\/types\/product"}],"replies":[{"embeddable":true,"href":"https:\/\/densilab.com\/fr\/wp-json\/wp\/v2\/comments?post=3329"}],"wp:featuredmedia":[{"embeddable":true,"href":"https:\/\/densilab.com\/fr\/wp-json\/wp\/v2\/media\/3324"}],"wp:attachment":[{"href":"https:\/\/densilab.com\/fr\/wp-json\/wp\/v2\/media?parent=3329"}],"wp:term":[{"taxonomy":"product_brand","embeddable":true,"href":"https:\/\/densilab.com\/fr\/wp-json\/wp\/v2\/product_brand?post=3329"},{"taxonomy":"product_cat","embeddable":true,"href":"https:\/\/densilab.com\/fr\/wp-json\/wp\/v2\/product_cat?post=3329"},{"taxonomy":"product_tag","embeddable":true,"href":"https:\/\/densilab.com\/fr\/wp-json\/wp\/v2\/product_tag?post=3329"}],"curies":[{"name":"wp","href":"https:\/\/api.w.org\/{rel}","templated":true}]}}