{"id":3235,"date":"2025-09-27T09:57:50","date_gmt":"2025-09-27T09:57:50","guid":{"rendered":"https:\/\/densilab.com\/?post_type=product&#038;p=3235"},"modified":"2025-09-27T10:13:33","modified_gmt":"2025-09-27T10:13:33","slug":"complexe-liposomal-raffermissant","status":"publish","type":"product","link":"https:\/\/densilab.com\/fr\/produkt\/complexe-liposomal-raffermissant\/","title":{"rendered":"COMPLEXE LIPOSOMAL RAFFERMISSANT"},"content":{"rendered":"<p data-start=\"199\" data-end=\"514\"><strong data-start=\"199\" data-end=\"209\">INCI:<\/strong> <em>Aqua, Ruscus Aculeatus Root Extract, Acanthopanax Senticosus Root Extract, Lavandula Augustifolia Flower Extract, Populus Nigra Bud Extract, Paullinia Cupana Extract, Propylene Glycol, Lecithin, Sorbitol, Panthenol, Trilaureth-4 Phosphate, Magnesium PCA, Phenoxyethanol, Ethylhexylglycerin, Citric Acid<\/em><\/p>\n<p data-start=\"516\" data-end=\"698\"><strong data-start=\"516\" data-end=\"527\">Forme:<\/strong> complexe liposomal liquide et concentr\u00e9<br data-start=\"567\" data-end=\"570\" \/><strong data-start=\"570\" data-end=\"604\">Propri\u00e9t\u00e9s physico-chimiques:<\/strong> pH compris entre 5,28 et 6,50<br data-start=\"634\" data-end=\"637\" \/>Fabriqu\u00e9 et conditionn\u00e9 en Pologne<\/p>\n<h3 data-start=\"700\" data-end=\"717\"><strong data-start=\"700\" data-end=\"715\">Utilisation<\/strong><\/h3>\n<p data-start=\"719\" data-end=\"1518\">Le complexe liposomal raffermissant est un m\u00e9lange technologiquement avanc\u00e9 et fortement concentr\u00e9 de cinq extraits v\u00e9g\u00e9taux naturels encapsul\u00e9s dans des liposomes. Les liposomes sont de minuscules transporteurs qui prot\u00e8gent les ingr\u00e9dients actifs d\u00e9licats et assurent leur transport vers les couches profondes de la peau, augmentant consid\u00e9rablement l\u2019efficacit\u00e9 du produit.<br data-start=\"1095\" data-end=\"1098\" \/>Le complexe agit de mani\u00e8re multidirectionnelle, en soutenant les processus cl\u00e9s de la peau. Les ingr\u00e9dients actifs am\u00e9liorent la microcirculation, r\u00e9gulent le flux lymphatique et renforcent les parois des vaisseaux sanguins. Cela permet une meilleure oxyg\u00e9nation et nutrition des cellules, ainsi qu\u2019une \u00e9limination plus efficace des toxines. La peau retrouve ainsi sa densit\u00e9, sa fermet\u00e9 et son \u00e9lasticit\u00e9 naturelles.<\/p>\n<p data-start=\"1520\" data-end=\"2260\">Ce complexe peut \u00eatre utilis\u00e9 dans diff\u00e9rentes formulations cosm\u00e9tiques :<br data-start=\"1593\" data-end=\"1596\" \/>\u2022 <strong>En tant que tonique ou brume pour le visage<\/strong> : diluer avec de l\u2019eau d\u00e9min\u00e9ralis\u00e9e ou un hydrolat choisi dans un rapport de 1 partie de complexe pour 7 parties d\u2019eau.<br data-start=\"1762\" data-end=\"1765\" \/>\u2022 <strong>En tant qu\u2019additif dans des cosm\u00e9tiques pr\u00eats \u00e0 l\u2019emploi<\/strong> : ajouter aux cr\u00e8mes, lotions ou laits dans un rapport de 1 partie de complexe pour 12 parties de produit de base. La base ne doit pas contenir d\u2019alcool ni de tensioactifs forts.<br data-start=\"2002\" data-end=\"2005\" \/>\u2022 <strong>Dans les formulations DIY<\/strong> : id\u00e9al comme ingr\u00e9dient actif pour les cr\u00e8mes, masques ou s\u00e9rums faits maison. Ajouter lors de la phase finale de m\u00e9lange, apr\u00e8s les huiles et les ingr\u00e9dients aqueux, lorsque la temp\u00e9rature de l\u2019\u00e9mulsion ne d\u00e9passe pas 40\u00b0C.<\/p>\n<h3 data-start=\"2262\" data-end=\"2274\"><strong data-start=\"2262\" data-end=\"2272\">Action<\/strong><\/h3>\n<p data-start=\"2276\" data-end=\"2374\">La force du complexe repose sur une combinaison soigneusement s\u00e9lectionn\u00e9e d\u2019extraits v\u00e9g\u00e9taux :<\/p>\n<p data-start=\"2376\" data-end=\"3292\">\u2022 <strong>Extrait de racine de Petit Houx<\/strong> (Ruscus aculeatus) : riche en ruscog\u00e9nines, renforce et prot\u00e8ge les vaisseaux sanguins, avec un effet anti-cellulite et raffermissant marqu\u00e9.<br data-start=\"2551\" data-end=\"2554\" \/>\u2022 <strong>Extrait de racine de Ginseng de Sib\u00e9rie<\/strong> (Acanthopanax senticosus) : source de glycosides, vitamines (B, C) et saponines ; tonifie, am\u00e9liore l\u2019\u00e9lasticit\u00e9 et l\u2019\u00e9tat g\u00e9n\u00e9ral de la peau.<br data-start=\"2738\" data-end=\"2741\" \/>\u2022 <strong>Extrait de fleurs de Lavande vraie<\/strong> (Lavandula angustifolia) : am\u00e9liore la circulation sanguine et le flux lymphatique tout en apaisant les irritations et inflammations.<br data-start=\"2911\" data-end=\"2914\" \/>\u2022 <strong>Extrait de bourgeons de Peuplier noir<\/strong> (Populus nigra) : contient des flavono\u00efdes et des glycosides aux propri\u00e9t\u00e9s anti-inflammatoires, renforce les vaisseaux et am\u00e9liore l\u2019\u00e9lasticit\u00e9 de la peau.<br data-start=\"3110\" data-end=\"3113\" \/>\u2022 <strong>Extrait de Guarana<\/strong> (Paullinia cupana) : apporte des vitamines B et de la caf\u00e9ine naturelle, stimule la microcirculation, contribuant directement \u00e0 raffermir et lisser la peau.<\/p>\n<p data-start=\"3294\" data-end=\"3308\"><strong data-start=\"3294\" data-end=\"3306\">R\u00e9sum\u00e9:<\/strong><\/p>\n<p data-start=\"3310\" data-end=\"3664\">\u2022 Stimule la microcirculation et am\u00e9liore le flux lymphatique.<br data-start=\"3372\" data-end=\"3375\" \/>\u2022 Renforce et prot\u00e8ge les vaisseaux sanguins, augmentant consid\u00e9rablement la fermet\u00e9 de la peau.<br data-start=\"3471\" data-end=\"3474\" \/>\u2022 Favorise l\u2019oxyg\u00e9nation et la nutrition des cellules cutan\u00e9es.<br data-start=\"3537\" data-end=\"3540\" \/>\u2022 Facilite l\u2019\u00e9limination des toxines, avec un effet d\u00e9toxifiant.<br data-start=\"3604\" data-end=\"3607\" \/>\u2022 Lisse, raffermit et am\u00e9liore l\u2019\u00e9lasticit\u00e9 de la peau.<\/p>\n<h3 data-start=\"3666\" data-end=\"3684\"><strong data-start=\"3666\" data-end=\"3682\">Conservation<\/strong><\/h3>\n<p data-start=\"3686\" data-end=\"3732\">Conserver \u00e0 15\u201320\u00b0C. Prot\u00e9ger de la lumi\u00e8re.<\/p>\n<h3 data-start=\"3734\" data-end=\"3754\"><strong data-start=\"3734\" data-end=\"3752\">Avertissements<\/strong><\/h3>\n<p data-start=\"3756\" data-end=\"3850\">Produit fortement concentr\u00e9. Ne pas appliquer directement sur la peau sous forme non dilu\u00e9e.<\/p>\n","protected":false},"excerpt":{"rendered":"<p>INCI: Aqua, Ruscus Aculeatus Root Extract, Acanthopanax Senticosus Root Extract, Lavandula Augustifolia Flower Extract, Populus Nigra Bud Extract, Paullinia Cupana Extract, Propylene Glycol, Lecithin, Sorbitol, Panthenol, Trilaureth-4 Phosphate, Magnesium PCA, Phenoxyethanol, Ethylhexylglycerin, Citric Acid Forme: complexe liposomal liquide et concentr\u00e9Propri\u00e9t\u00e9s physico-chimiques: pH compris entre 5,28 et 6,50Fabriqu\u00e9 et conditionn\u00e9 en Pologne Utilisation Le complexe liposomal [&hellip;]<\/p>\n","protected":false},"featured_media":3231,"comment_status":"open","ping_status":"closed","template":"","meta":[],"product_brand":[],"product_cat":[223,191,194,196,203],"product_tag":[],"class_list":{"0":"post-3235","1":"product","2":"type-product","3":"status-publish","4":"has-post-thumbnail","6":"product_cat-ingredients-actifs","7":"product_cat-ingredients-anti-age","8":"product_cat-ingredients-hydratants","9":"product_cat-visage","10":"product_cat-liposomes-et-peptides","12":"first","13":"instock","14":"taxable","15":"shipping-taxable","16":"purchasable","17":"product-type-simple"},"_links":{"self":[{"href":"https:\/\/densilab.com\/fr\/wp-json\/wp\/v2\/product\/3235","targetHints":{"allow":["GET"]}}],"collection":[{"href":"https:\/\/densilab.com\/fr\/wp-json\/wp\/v2\/product"}],"about":[{"href":"https:\/\/densilab.com\/fr\/wp-json\/wp\/v2\/types\/product"}],"replies":[{"embeddable":true,"href":"https:\/\/densilab.com\/fr\/wp-json\/wp\/v2\/comments?post=3235"}],"wp:featuredmedia":[{"embeddable":true,"href":"https:\/\/densilab.com\/fr\/wp-json\/wp\/v2\/media\/3231"}],"wp:attachment":[{"href":"https:\/\/densilab.com\/fr\/wp-json\/wp\/v2\/media?parent=3235"}],"wp:term":[{"taxonomy":"product_brand","embeddable":true,"href":"https:\/\/densilab.com\/fr\/wp-json\/wp\/v2\/product_brand?post=3235"},{"taxonomy":"product_cat","embeddable":true,"href":"https:\/\/densilab.com\/fr\/wp-json\/wp\/v2\/product_cat?post=3235"},{"taxonomy":"product_tag","embeddable":true,"href":"https:\/\/densilab.com\/fr\/wp-json\/wp\/v2\/product_tag?post=3235"}],"curies":[{"name":"wp","href":"https:\/\/api.w.org\/{rel}","templated":true}]}}