{"id":3223,"date":"2025-09-11T11:20:17","date_gmt":"2025-09-11T11:20:17","guid":{"rendered":"https:\/\/densilab.com\/?post_type=product&#038;p=3223"},"modified":"2025-09-11T11:32:36","modified_gmt":"2025-09-11T11:32:36","slug":"cellules-souches-dagave-americaine-fss-phyto-biotics-agave","status":"publish","type":"product","link":"https:\/\/densilab.com\/fr\/produkt\/cellules-souches-dagave-americaine-fss-phyto-biotics-agave\/","title":{"rendered":"CELLULES SOUCHES D\u2019AGAVE AM\u00c9RICAINE (FSS Phyto-Biotics Agave)"},"content":{"rendered":"<p data-start=\"181\" data-end=\"462\"><strong data-start=\"181\" data-end=\"191\">INCI:<\/strong><em> Glyc\u00e9rine, Extrait de feuille d\u2019Agave Americana, Ferment de racine de radis\/Leuconostoc<\/em><br data-start=\"279\" data-end=\"282\" \/><strong data-start=\"282\" data-end=\"291\">CAS:<\/strong> 56-81-5 (Glyc\u00e9rine), 91721-59-0 (Extrait d\u2019Agave), 84775-94-0 (Conservateur)<br data-start=\"368\" data-end=\"371\" \/><strong data-start=\"371\" data-end=\"383\">EINECS:<\/strong> 200-289-5 (Glyc\u00e9rine), 294-434-5 (Extrait d\u2019Agave), 283-918-6 (Conservateur)<\/p>\n<p data-start=\"464\" data-end=\"492\"><strong data-start=\"464\" data-end=\"490\">Propri\u00e9t\u00e9s physiques:<\/strong><\/p>\n<ul>\n<li data-start=\"495\" data-end=\"539\">Forme: Liquide clair \u00e0 l\u00e9g\u00e8rement trouble<\/li>\n<li data-start=\"542\" data-end=\"567\">Couleur: Jaune \u00e0 ambre<\/li>\n<li data-start=\"570\" data-end=\"615\">Solubilit\u00e9: Enti\u00e8rement soluble dans l\u2019eau<\/li>\n<li data-start=\"618\" data-end=\"651\"><strong>pH (1 % dans l\u2019eau)<\/strong>: 4,0 \u2013 6,5<\/li>\n<\/ul>\n<h3 data-start=\"653\" data-end=\"1197\"><strong data-start=\"653\" data-end=\"668\">Application<\/strong><\/h3>\n<p data-start=\"653\" data-end=\"1197\">Ingr\u00e9dient actif hautement efficace bas\u00e9 sur la technologie des cellules souches v\u00e9g\u00e9tales d\u2019Agave Am\u00e9ricaine \u2013 une plante extr\u00eamement r\u00e9sistante. L\u2019extrait combine le potentiel r\u00e9g\u00e9n\u00e9ratif des <strong data-start=\"865\" data-end=\"893\">cellules m\u00e9rist\u00e9matiques<\/strong> (un type sp\u00e9cial de cellules capable de se diviser continuellement et de se diff\u00e9rencier en diff\u00e9rents types de cellules) avec la capacit\u00e9 unique des sucres naturels de l\u2019agave \u00e0 retenir l\u2019eau et prot\u00e9ger les cellules. Le r\u00e9sultat est un \u00e9lixir puissant aux effets hydratants, protecteurs et anti-\u00e2ge.<\/p>\n<p data-start=\"1199\" data-end=\"1389\">Id\u00e9al comme ingr\u00e9dient actif dans les <strong>s\u00e9rums hydratants et protecteurs<\/strong>, <strong>cr\u00e8mes anti-\u00e2ge<\/strong>, <strong>produits apr\u00e8s-soleil<\/strong> et <strong>formulations cosm\u00e9tiques am\u00e9liorant la fermet\u00e9 et l\u2019\u00e9lasticit\u00e9 de la peau<\/strong>.<\/p>\n<p data-start=\"1391\" data-end=\"1442\"><strong data-start=\"1391\" data-end=\"1440\">Utilisation dans les formulations cosm\u00e9tiques<\/strong><\/p>\n<ul>\n<li data-start=\"1445\" data-end=\"1477\">Enti\u00e8rement soluble dans l\u2019eau<\/li>\n<li data-start=\"1480\" data-end=\"1576\">Ajouter dans la phase finale de la pr\u00e9paration cosm\u00e9tique, \u00e0 une temp\u00e9rature inf\u00e9rieure \u00e0 35\u00b0C<\/li>\n<li data-start=\"1579\" data-end=\"1621\">Concentration recommand\u00e9e : 1,0 \u2013 10,0 %<\/li>\n<\/ul>\n<h3 data-start=\"1623\" data-end=\"1659\"><strong data-start=\"1623\" data-end=\"1632\">Effet<\/strong><\/h3>\n<p data-start=\"1623\" data-end=\"1659\"><strong data-start=\"1635\" data-end=\"1657\">M\u00e9canisme d\u2019action<\/strong><\/p>\n<ul>\n<li data-start=\"1662\" data-end=\"1963\"><strong data-start=\"1662\" data-end=\"1712\">Protection et hydratation (gr\u00e2ce aux sucres) :<\/strong> L\u2019extrait est riche en fructose et polysaccharides qui retiennent l\u2019eau dans la couche corn\u00e9e. Le fructose stabilise les membranes cellulaires, r\u00e9gule le flux d\u2019ions et prot\u00e8ge les cellules contre le stress environnemental, y compris les rayons UV.<\/li>\n<li data-start=\"1966\" data-end=\"2278\"><strong data-start=\"1966\" data-end=\"2031\">Stimulation de la r\u00e9g\u00e9n\u00e9ration (gr\u00e2ce aux cellules souches) :<\/strong> Les cellules souches v\u00e9g\u00e9tales contiennent des facteurs \u00e9pig\u00e9n\u00e9tiques qui soutiennent la vitalit\u00e9 des cellules souches cutan\u00e9es humaines. Cela ralentit le processus de vieillissement et augmente la capacit\u00e9 naturelle de r\u00e9g\u00e9n\u00e9ration de la peau.<\/li>\n<\/ul>\n<p data-start=\"2280\" data-end=\"2292\"><strong data-start=\"2280\" data-end=\"2290\">R\u00e9sum\u00e9<\/strong><\/p>\n<ul>\n<li data-start=\"2295\" data-end=\"2377\">Hydratation intensive et durable, am\u00e9liore l\u2019\u00e9lasticit\u00e9 et la fermet\u00e9 de la peau<\/li>\n<li data-start=\"2380\" data-end=\"2478\">Renforce les m\u00e9canismes naturels de d\u00e9fense de la peau et prot\u00e8ge contre le photo-vieillissement<\/li>\n<li data-start=\"2481\" data-end=\"2540\">Soutien \u00e0 la synth\u00e8se du collag\u00e8ne, r\u00e9duction des ridules<\/li>\n<li data-start=\"2543\" data-end=\"2635\">Acc\u00e9l\u00e9ration des processus de r\u00e9g\u00e9n\u00e9ration, am\u00e9lioration visible de l\u2019apparence de la peau<\/li>\n<li data-start=\"2638\" data-end=\"2699\">Protection contre le stress oxydatif gr\u00e2ce aux antioxydants<\/li>\n<li data-start=\"2702\" data-end=\"2770\">Apaise les irritations et soutient la fonction barri\u00e8re de la peau<\/li>\n<li data-start=\"2773\" data-end=\"2834\">Am\u00e9liore la texture de la peau et lisse les zones rugueuses<\/li>\n<\/ul>\n<h3 data-start=\"2836\" data-end=\"2947\"><strong data-start=\"2836\" data-end=\"2852\">Conservation<\/strong><\/h3>\n<p data-start=\"2836\" data-end=\"2947\">Conserver dans un r\u00e9cipient bien ferm\u00e9 \u00e0 10\u201325\u00b0C. Prot\u00e9ger de la lumi\u00e8re et de l\u2019humidit\u00e9.<\/p>\n<h3 data-start=\"2949\" data-end=\"3149\"><strong data-start=\"2949\" data-end=\"2967\">Avertissements<\/strong><\/h3>\n<p data-start=\"2949\" data-end=\"3149\">Ne contient pas de substances chimiques nocives selon la directive REACH.<br data-start=\"3043\" data-end=\"3046\" \/>Conforme aux exigences de la directive RoHS (restriction de l\u2019utilisation de substances dangereuses).<\/p>\n","protected":false},"excerpt":{"rendered":"<p>INCI: Glyc\u00e9rine, Extrait de feuille d\u2019Agave Americana, Ferment de racine de radis\/LeuconostocCAS: 56-81-5 (Glyc\u00e9rine), 91721-59-0 (Extrait d\u2019Agave), 84775-94-0 (Conservateur)EINECS: 200-289-5 (Glyc\u00e9rine), 294-434-5 (Extrait d\u2019Agave), 283-918-6 (Conservateur) Propri\u00e9t\u00e9s physiques: Forme: Liquide clair \u00e0 l\u00e9g\u00e8rement trouble Couleur: Jaune \u00e0 ambre Solubilit\u00e9: Enti\u00e8rement soluble dans l\u2019eau pH (1 % dans l\u2019eau): 4,0 \u2013 6,5 Application Ingr\u00e9dient actif hautement [&hellip;]<\/p>\n","protected":false},"featured_media":3219,"comment_status":"open","ping_status":"closed","template":"","meta":[],"product_brand":[],"product_cat":[223,191,194],"product_tag":[],"class_list":{"0":"post-3223","1":"product","2":"type-product","3":"status-publish","4":"has-post-thumbnail","6":"product_cat-ingredients-actifs","7":"product_cat-ingredients-anti-age","8":"product_cat-ingredients-hydratants","10":"first","11":"instock","12":"taxable","13":"shipping-taxable","14":"purchasable","15":"product-type-simple"},"_links":{"self":[{"href":"https:\/\/densilab.com\/fr\/wp-json\/wp\/v2\/product\/3223","targetHints":{"allow":["GET"]}}],"collection":[{"href":"https:\/\/densilab.com\/fr\/wp-json\/wp\/v2\/product"}],"about":[{"href":"https:\/\/densilab.com\/fr\/wp-json\/wp\/v2\/types\/product"}],"replies":[{"embeddable":true,"href":"https:\/\/densilab.com\/fr\/wp-json\/wp\/v2\/comments?post=3223"}],"wp:featuredmedia":[{"embeddable":true,"href":"https:\/\/densilab.com\/fr\/wp-json\/wp\/v2\/media\/3219"}],"wp:attachment":[{"href":"https:\/\/densilab.com\/fr\/wp-json\/wp\/v2\/media?parent=3223"}],"wp:term":[{"taxonomy":"product_brand","embeddable":true,"href":"https:\/\/densilab.com\/fr\/wp-json\/wp\/v2\/product_brand?post=3223"},{"taxonomy":"product_cat","embeddable":true,"href":"https:\/\/densilab.com\/fr\/wp-json\/wp\/v2\/product_cat?post=3223"},{"taxonomy":"product_tag","embeddable":true,"href":"https:\/\/densilab.com\/fr\/wp-json\/wp\/v2\/product_tag?post=3223"}],"curies":[{"name":"wp","href":"https:\/\/api.w.org\/{rel}","templated":true}]}}