{"id":3215,"date":"2025-09-10T07:08:28","date_gmt":"2025-09-10T07:08:28","guid":{"rendered":"https:\/\/densilab.com\/?post_type=product&#038;p=3215"},"modified":"2025-09-10T07:19:28","modified_gmt":"2025-09-10T07:19:28","slug":"peptide-anti-rides-avec-actine","status":"publish","type":"product","link":"https:\/\/densilab.com\/fr\/produkt\/peptide-anti-rides-avec-actine\/","title":{"rendered":"PEPTIDE ANTI-RIDES avec Actine"},"content":{"rendered":"<p data-start=\"140\" data-end=\"569\"><strong>Ingr\u00e9dient cosm\u00e9tique (Raw Material) : Complexe avec peptide biomim\u00e9tique<\/strong><br data-start=\"213\" data-end=\"216\" \/><strong>INCI<\/strong>: <em>Pentapeptide-48, Hydrogenated Lecithin, Glycerin, Butyrospermum Parkii (Beurre de Karit\u00e9), Phenethyl Alcohol, Ethylhexylglycerin, Maltodextrin, Aqua\/Water<\/em><br data-start=\"377\" data-end=\"380\" \/><strong>CAS:<\/strong> 1644041-13-3 (pour Pentapeptide-48) et autres<br data-start=\"431\" data-end=\"434\" \/><strong>EINECS:<\/strong> 231-791-2, 200-289-5, 295-786-7, 200-456-2, 408-080-2, 232-940-4<br data-start=\"507\" data-end=\"510\" \/>Aspect: liquide homog\u00e8ne, l\u00e9g\u00e8rement trouble<br data-start=\"555\" data-end=\"558\" \/><strong>pH:<\/strong> \u22486,7<\/p>\n<h3 data-start=\"571\" data-end=\"588\">Application<\/h3>\n<p data-start=\"589\" data-end=\"939\">Le peptide anti-rides avec actine est un ingr\u00e9dient cosm\u00e9tique avanc\u00e9 bas\u00e9 sur le Pentapeptide-48 biomim\u00e9tique (imitant les processus biologiques naturels), inspir\u00e9 de la Royalactine \u2013 un peptide puissant provenant de la gel\u00e9e royale.<br data-start=\"823\" data-end=\"826\" \/>Il est encapsul\u00e9 dans un vecteur liposomal, garantissant sa stabilit\u00e9 et une p\u00e9n\u00e9tration profonde dans la peau.<\/p>\n<p data-start=\"941\" data-end=\"1148\"><strong>Id\u00e9al comme ingr\u00e9dient cl\u00e9 pour:<\/strong><br data-start=\"974\" data-end=\"977\" \/>\u2022 Formules anti-\u00e2ge avanc\u00e9es (cr\u00e8me, s\u00e9rum, masque, tonique)<br data-start=\"1037\" data-end=\"1040\" \/>\u2022 S\u00e9rums r\u00e9g\u00e9n\u00e9rants et r\u00e9parateurs pour la peau<br data-start=\"1088\" data-end=\"1091\" \/>\u2022 Produits am\u00e9liorant le teint et la texture de la peau<\/p>\n<p data-start=\"1150\" data-end=\"1342\"><strong>Mode d\u2019emploi en formulation:<\/strong> ajouter \u00e0 la phase aqueuse du cosm\u00e9tique (apr\u00e8s les huiles) ou \u00e0 l\u2019\u00e9mulsion finale \u00e0 une temp\u00e9rature inf\u00e9rieure \u00e0 40\u00b0C<br data-start=\"1299\" data-end=\"1302\" \/>Concentration recommand\u00e9e : jusqu\u2019\u00e0 2%<\/p>\n<p data-start=\"1344\" data-end=\"1516\"><strong data-start=\"1344\" data-end=\"1383\">Formule simple pour \u224820 ml de s\u00e9rum<\/strong><br data-start=\"1383\" data-end=\"1386\" \/>Acide hyaluronique 4% en gel \u2013 18 ml<br data-start=\"1422\" data-end=\"1425\" \/>Peptide anti-rides avec actine \u2013 0,4 ml<br data-start=\"1464\" data-end=\"1467\" \/><em>Optionnel:<\/em> ajout d\u2019un hydrolat choisi \u2013 1,6 ml<\/p>\n<h3 data-start=\"1518\" data-end=\"1530\">Effets<\/h3>\n<p data-start=\"1531\" data-end=\"1895\">Cet ingr\u00e9dient intelligent, inspir\u00e9 de l\u2019\u00e9pig\u00e9n\u00e9tique, est con\u00e7u pour \u00ab reprogrammer \u00bb la peau, ralentir ses processus de vieillissement et stimuler une r\u00e9g\u00e9n\u00e9ration intensive. Le peptide avec actine influence le \u00ab comportement \u00bb des cellules cutan\u00e9es sans modifier leur code g\u00e9n\u00e9tique.<br data-start=\"1817\" data-end=\"1820\" \/>La formulation assure la stabilit\u00e9 du peptide et sa p\u00e9n\u00e9tration profonde.<\/p>\n<p data-start=\"1897\" data-end=\"2476\">\u2022 Acc\u00e9l\u00e8re le renouvellement et la r\u00e9g\u00e9n\u00e9ration de l\u2019\u00e9piderme en stimulant la formation de nouvelles cellules saines<br data-start=\"2013\" data-end=\"2016\" \/>\u2022 Active les processus naturels de nettoyage cellulaire, favorisant l\u2019\u00e9limination des prot\u00e9ines endommag\u00e9es<br data-start=\"2123\" data-end=\"2126\" \/>\u2022 Ralentit le vieillissement des cellules, aidant \u00e0 maintenir leurs fonctions plus longtemps<br data-start=\"2218\" data-end=\"2221\" \/>\u2022 Lisse visiblement la peau, r\u00e9duit la profondeur des rides et am\u00e9liore son \u00e9lasticit\u00e9<br data-start=\"2307\" data-end=\"2310\" \/>\u2022 \u00c9claircit et uniformise le teint pour un aspect homog\u00e8ne et lumineux<br data-start=\"2380\" data-end=\"2383\" \/>\u2022 Renforce les processus m\u00e9taboliques de la peau, favorisant une apparence saine et fra\u00eeche<\/p>\n<h3 data-start=\"2478\" data-end=\"2496\">Conservation<\/h3>\n<p data-start=\"2497\" data-end=\"2675\">Conserver dans un r\u00e9cipient bien ferm\u00e9, dans un endroit frais et \u00e0 l\u2019abri de la lumi\u00e8re. Prot\u00e9ger contre la chaleur et la lumi\u00e8re pour maintenir l\u2019activit\u00e9 maximale du peptide.<\/p>\n<h3 data-start=\"2677\" data-end=\"2697\">Avertissements<\/h3>\n<p data-start=\"2698\" data-end=\"2880\">Produit destin\u00e9 uniquement \u00e0 un usage cosm\u00e9tique. Ne pas appliquer pur directement sur la peau<br data-start=\"2792\" data-end=\"2795\" \/>Tenir hors de port\u00e9e des enfants. \u00c9viter le contact avec les yeux et les muqueuses.<\/p>\n","protected":false},"excerpt":{"rendered":"<p>Ingr\u00e9dient cosm\u00e9tique (Raw Material) : Complexe avec peptide biomim\u00e9tiqueINCI: Pentapeptide-48, Hydrogenated Lecithin, Glycerin, Butyrospermum Parkii (Beurre de Karit\u00e9), Phenethyl Alcohol, Ethylhexylglycerin, Maltodextrin, Aqua\/WaterCAS: 1644041-13-3 (pour Pentapeptide-48) et autresEINECS: 231-791-2, 200-289-5, 295-786-7, 200-456-2, 408-080-2, 232-940-4Aspect: liquide homog\u00e8ne, l\u00e9g\u00e8rement troublepH: \u22486,7 Application Le peptide anti-rides avec actine est un ingr\u00e9dient cosm\u00e9tique avanc\u00e9 bas\u00e9 sur le Pentapeptide-48 biomim\u00e9tique [&hellip;]<\/p>\n","protected":false},"featured_media":3211,"comment_status":"open","ping_status":"closed","template":"","meta":[],"product_brand":[],"product_cat":[223,191,194,196,202,203],"product_tag":[],"class_list":{"0":"post-3215","1":"product","2":"type-product","3":"status-publish","4":"has-post-thumbnail","6":"product_cat-ingredients-actifs","7":"product_cat-ingredients-anti-age","8":"product_cat-ingredients-hydratants","9":"product_cat-visage","10":"product_cat-corps","11":"product_cat-liposomes-et-peptides","13":"first","14":"instock","15":"taxable","16":"shipping-taxable","17":"purchasable","18":"product-type-simple"},"_links":{"self":[{"href":"https:\/\/densilab.com\/fr\/wp-json\/wp\/v2\/product\/3215","targetHints":{"allow":["GET"]}}],"collection":[{"href":"https:\/\/densilab.com\/fr\/wp-json\/wp\/v2\/product"}],"about":[{"href":"https:\/\/densilab.com\/fr\/wp-json\/wp\/v2\/types\/product"}],"replies":[{"embeddable":true,"href":"https:\/\/densilab.com\/fr\/wp-json\/wp\/v2\/comments?post=3215"}],"wp:featuredmedia":[{"embeddable":true,"href":"https:\/\/densilab.com\/fr\/wp-json\/wp\/v2\/media\/3211"}],"wp:attachment":[{"href":"https:\/\/densilab.com\/fr\/wp-json\/wp\/v2\/media?parent=3215"}],"wp:term":[{"taxonomy":"product_brand","embeddable":true,"href":"https:\/\/densilab.com\/fr\/wp-json\/wp\/v2\/product_brand?post=3215"},{"taxonomy":"product_cat","embeddable":true,"href":"https:\/\/densilab.com\/fr\/wp-json\/wp\/v2\/product_cat?post=3215"},{"taxonomy":"product_tag","embeddable":true,"href":"https:\/\/densilab.com\/fr\/wp-json\/wp\/v2\/product_tag?post=3215"}],"curies":[{"name":"wp","href":"https:\/\/api.w.org\/{rel}","templated":true}]}}