{"id":3207,"date":"2025-09-08T10:37:03","date_gmt":"2025-09-08T10:37:03","guid":{"rendered":"https:\/\/densilab.com\/?post_type=product&#038;p=3207"},"modified":"2025-09-08T10:43:49","modified_gmt":"2025-09-08T10:43:49","slug":"huile-essentielle-de-mandarine-mandarin-oil-essential","status":"publish","type":"product","link":"https:\/\/densilab.com\/fr\/produkt\/huile-essentielle-de-mandarine-mandarin-oil-essential\/","title":{"rendered":"HUILE ESSENTIELLE DE MANDARINE (Mandarin Oil, Essential)"},"content":{"rendered":"<p data-start=\"136\" data-end=\"453\"><strong data-start=\"136\" data-end=\"184\">Mati\u00e8re premi\u00e8re cosm\u00e9tique (Raw Material) :<\/strong> Huile essentielle de mandarine<br data-start=\"215\" data-end=\"218\" \/><strong data-start=\"218\" data-end=\"228\">INCI:<\/strong> <em>Citrus Nobilis (Mandarin Orange) Peel Oil<\/em><br data-start=\"270\" data-end=\"273\" \/><strong data-start=\"273\" data-end=\"282\">CAS:<\/strong> 8008-31-9 \/ 84929-38-4<br data-start=\"305\" data-end=\"308\" \/><strong data-start=\"308\" data-end=\"320\">EINECS:<\/strong> 284-521-0<br data-start=\"330\" data-end=\"333\" \/><strong data-start=\"333\" data-end=\"359\">M\u00e9thode d\u2019extraction :<\/strong> Pression \u00e0 froid et distillation \u00e0 la vapeur d\u2019eau des zestes de mandarine (Citrus Nobilis)<\/p>\n<p data-start=\"455\" data-end=\"593\"><strong data-start=\"455\" data-end=\"481\">Propri\u00e9t\u00e9s physiques:<\/strong><br data-start=\"481\" data-end=\"484\" \/>\u2022 Couleur : Jaune \u00e0 orange dor\u00e9<br data-start=\"515\" data-end=\"518\" \/>\u2022 Odeur : Intense, tr\u00e8s sucr\u00e9e, agrum\u00e9e<br data-start=\"557\" data-end=\"560\" \/>\u2022 Note olfactive : Note de t\u00eate<\/p>\n<h3 data-start=\"595\" data-end=\"1046\"><strong data-start=\"595\" data-end=\"610\">Utilisation<\/strong><\/h3>\n<p data-start=\"595\" data-end=\"1046\">L\u2019huile essentielle de mandarine est l\u2019une des huiles d\u2019agrumes les plus douces et les plus s\u00fbres. Son parfum joyeux, sucr\u00e9 et tr\u00e8s agr\u00e9able la rend populaire tant chez les adultes que chez les enfants. En cosm\u00e9tique, elle est appr\u00e9ci\u00e9e pour son effet tonifiant et son soutien dans la pr\u00e9vention et le soin des vergetures, tandis qu\u2019en aromath\u00e9rapie, elle est reconnue pour ses propri\u00e9t\u00e9s apaisantes et son aide \u00e0 l\u2019endormissement.<\/p>\n<p data-start=\"1048\" data-end=\"1322\"><strong data-start=\"1048\" data-end=\"1083\">Principaux ingr\u00e9dients actifs :<\/strong><br data-start=\"1083\" data-end=\"1086\" \/>L\u2019efficacit\u00e9 de l\u2019huile repose principalement sur sa teneur \u00e9lev\u00e9e en D-limon\u00e8ne, qui lui conf\u00e8re des propri\u00e9t\u00e9s antiseptiques et rafra\u00eechissantes. La pr\u00e9sence d\u2019autres compos\u00e9s, comme le gamma-terpin\u00e8ne, renforce son effet tonifiant.<\/p>\n<p data-start=\"1324\" data-end=\"1384\"><strong data-start=\"1324\" data-end=\"1377\">Concentration recommand\u00e9e dans les formulations :<\/strong> 1\u20136%<\/p>\n<p data-start=\"1386\" data-end=\"1813\"><strong data-start=\"1386\" data-end=\"1404\">Applications :<\/strong><br data-start=\"1404\" data-end=\"1407\" \/>\u2022 Cosm\u00e9tiques : Ingr\u00e9dient actif et parfum\u00e9 dans les baumes, cr\u00e8mes, s\u00e9rums huileux, huiles corporelles et cosm\u00e9tiques pour enfants. Excellent pour les savons DIY et les gels douche.<br data-start=\"1589\" data-end=\"1592\" \/>\u2022 Aromath\u00e9rapie : Diffuseurs, lampes \u00e0 huile, bains relaxants (dilu\u00e9 dans une huile support)<br data-start=\"1684\" data-end=\"1687\" \/>\u2022 Massage : Ingr\u00e9dient des huiles de massage pour la d\u00e9tente ou contre les vergetures, toujours dilu\u00e9 dans une huile de base<\/p>\n<h3 data-start=\"1815\" data-end=\"2262\"><strong data-start=\"1815\" data-end=\"1825\">Effets<\/strong><\/h3>\n<p data-start=\"1815\" data-end=\"2262\"><strong data-start=\"1828\" data-end=\"1852\">Effets sur la peau :<\/strong> Ses propri\u00e9t\u00e9s antiseptiques et tonifiantes rafra\u00eechissent la peau et soutiennent le soin des peaux \u00e0 imperfections. L\u2019huile am\u00e9liore l\u2019\u00e9lasticit\u00e9 de la peau et est recommand\u00e9e pour la pr\u00e9vention et le traitement des vergetures.<br data-start=\"2081\" data-end=\"2084\" \/><strong data-start=\"2084\" data-end=\"2116\">Effets aromath\u00e9rapeutiques :<\/strong> Relaxant et stimulant l\u2019humeur. Calme le syst\u00e8me nerveux, r\u00e9duit les tensions et le stress, et favorise le sommeil, notamment chez les enfants.<\/p>\n<h3 data-start=\"2264\" data-end=\"2437\"><strong data-start=\"2264\" data-end=\"2280\">Conservation<\/strong><\/h3>\n<p data-start=\"2264\" data-end=\"2437\">Conserver l\u2019huile dans un flacon en verre fonc\u00e9 bien ferm\u00e9, dans un endroit frais et \u00e0 l\u2019abri de la lumi\u00e8re et de la chaleur, pour \u00e9viter son oxydation.<\/p>\n<h3 data-start=\"2439\" data-end=\"2757\"><strong data-start=\"2439\" data-end=\"2454\">Pr\u00e9cautions<\/strong><\/h3>\n<p data-start=\"2439\" data-end=\"2757\">Peut provoquer des irritations sur les peaux tr\u00e8s sensibles. Toujours diluer avant l\u2019application cutan\u00e9e. \u00c9viter le contact avec les yeux.<br data-start=\"2595\" data-end=\"2598\" \/>L\u2019huile de mandarine obtenue \u00e0 partir des zestes est consid\u00e9r\u00e9e comme s\u00fbre et g\u00e9n\u00e9ralement non phototoxique. Prudence recommand\u00e9e \u00e0 tr\u00e8s haute concentration.<\/p>\n","protected":false},"excerpt":{"rendered":"<p>Mati\u00e8re premi\u00e8re cosm\u00e9tique (Raw Material) : Huile essentielle de mandarineINCI: Citrus Nobilis (Mandarin Orange) Peel OilCAS: 8008-31-9 \/ 84929-38-4EINECS: 284-521-0M\u00e9thode d\u2019extraction : Pression \u00e0 froid et distillation \u00e0 la vapeur d\u2019eau des zestes de mandarine (Citrus Nobilis) Propri\u00e9t\u00e9s physiques:\u2022 Couleur : Jaune \u00e0 orange dor\u00e9\u2022 Odeur : Intense, tr\u00e8s sucr\u00e9e, agrum\u00e9e\u2022 Note olfactive : Note [&hellip;]<\/p>\n","protected":false},"featured_media":3203,"comment_status":"open","ping_status":"closed","template":"","meta":[],"product_brand":[],"product_cat":[195,213,196,197,202],"product_tag":[],"class_list":{"0":"post-3207","1":"product","2":"type-product","3":"status-publish","4":"has-post-thumbnail","6":"product_cat-peau-vasculaire-acne-preparations-anti-cellulite","7":"product_cat-huiles-aromatiques-fr","8":"product_cat-visage","9":"product_cat-cheveux","10":"product_cat-corps","12":"first","13":"instock","14":"taxable","15":"shipping-taxable","16":"purchasable","17":"product-type-simple"},"_links":{"self":[{"href":"https:\/\/densilab.com\/fr\/wp-json\/wp\/v2\/product\/3207","targetHints":{"allow":["GET"]}}],"collection":[{"href":"https:\/\/densilab.com\/fr\/wp-json\/wp\/v2\/product"}],"about":[{"href":"https:\/\/densilab.com\/fr\/wp-json\/wp\/v2\/types\/product"}],"replies":[{"embeddable":true,"href":"https:\/\/densilab.com\/fr\/wp-json\/wp\/v2\/comments?post=3207"}],"wp:featuredmedia":[{"embeddable":true,"href":"https:\/\/densilab.com\/fr\/wp-json\/wp\/v2\/media\/3203"}],"wp:attachment":[{"href":"https:\/\/densilab.com\/fr\/wp-json\/wp\/v2\/media?parent=3207"}],"wp:term":[{"taxonomy":"product_brand","embeddable":true,"href":"https:\/\/densilab.com\/fr\/wp-json\/wp\/v2\/product_brand?post=3207"},{"taxonomy":"product_cat","embeddable":true,"href":"https:\/\/densilab.com\/fr\/wp-json\/wp\/v2\/product_cat?post=3207"},{"taxonomy":"product_tag","embeddable":true,"href":"https:\/\/densilab.com\/fr\/wp-json\/wp\/v2\/product_tag?post=3207"}],"curies":[{"name":"wp","href":"https:\/\/api.w.org\/{rel}","templated":true}]}}