{"id":3076,"date":"2025-09-04T11:09:37","date_gmt":"2025-09-04T11:09:37","guid":{"rendered":"https:\/\/densilab.com\/?post_type=product&#038;p=3076"},"modified":"2025-09-04T11:24:13","modified_gmt":"2025-09-04T11:24:13","slug":"collagen-prepeptide-vegetalien-pf","status":"publish","type":"product","link":"https:\/\/densilab.com\/fr\/produkt\/collagen-prepeptide-vegetalien-pf\/","title":{"rendered":"COLLAGEN PREPEPTIDE (V\u00c9G\u00c9TALIEN) \/ PF"},"content":{"rendered":"<p data-start=\"138\" data-end=\"603\"><strong data-start=\"138\" data-end=\"148\">INCI:<\/strong> <em>Aqua, Tripeptide-29, Leuconostoc\/Radish Root Ferment Filtrate<\/em><br data-start=\"210\" data-end=\"213\" \/><strong data-start=\"213\" data-end=\"222\">CAS:<\/strong> 7732-18-5 (Aqua), 92113-31-0 (Tripeptide-29), 84775-94-0 (conservateur)<br data-start=\"294\" data-end=\"297\" \/><strong data-start=\"297\" data-end=\"310\">Qualit\u00e9:<\/strong> Tripeptide biomim\u00e9tique, 100 % v\u00e9g\u00e9talien en solution aqueuse, conserv\u00e9 avec un filtrat naturel de radis.<br data-start=\"416\" data-end=\"419\" \/><strong data-start=\"419\" data-end=\"445\">Propri\u00e9t\u00e9s physiques:<\/strong> Solution claire et visqueuse, enti\u00e8rement soluble dans l\u2019eau.<br data-start=\"507\" data-end=\"510\" \/><strong data-start=\"510\" data-end=\"523\">Origine:<\/strong> Fabriqu\u00e9 aux \u00c9tats-Unis, ingr\u00e9dients v\u00e9g\u00e9taliens, sans OGM, import\u00e9 d\u2019Italie.<\/p>\n<h3 data-start=\"605\" data-end=\"622\">Utilisation<\/h3>\n<p data-start=\"623\" data-end=\"1120\">Collagen Prepeptide est un tripeptide biomim\u00e9tique avanc\u00e9 et constitue une alternative 100 % v\u00e9g\u00e9talienne au collag\u00e8ne d\u2019origine animale. Il imite la s\u00e9quence cl\u00e9 d\u2019acides amin\u00e9s glycine\u2013proline\u2013hydroxyproline du collag\u00e8ne humain de type I. Gr\u00e2ce \u00e0 sa masse mol\u00e9culaire extr\u00eamement faible (285 Dalton), il pr\u00e9sente une excellente biodisponibilit\u00e9 (c\u2019est-\u00e0-dire qu\u2019il p\u00e9n\u00e8tre facilement dans les tissus), et la solution pr\u00eate \u00e0 l\u2019emploi facilite son int\u00e9gration dans les formulations cosm\u00e9tiques.<\/p>\n<p data-start=\"1122\" data-end=\"1376\"><strong>Id\u00e9al comme ingr\u00e9dient actif dans :<\/strong><br data-start=\"1157\" data-end=\"1160\" \/>\u2022 S\u00e9rums et cr\u00e8mes \u00e0 effet anti-\u00e2ge et raffermissant<br data-start=\"1212\" data-end=\"1215\" \/>\u2022 Soins lifting et restructurants<br data-start=\"1248\" data-end=\"1251\" \/>\u2022 Produits de soin pour le cou et le d\u00e9collet\u00e9<br data-start=\"1297\" data-end=\"1300\" \/>\u2022 Formulations am\u00e9liorant la densit\u00e9 et l\u2019effet \u00ab remplissant \u00bb de la peau<\/p>\n<p data-start=\"1378\" data-end=\"1628\"><strong data-start=\"1378\" data-end=\"1407\">Conseils de formulation :<\/strong><br data-start=\"1407\" data-end=\"1410\" \/>\u2022 Dans les formules DIY, ajouter \u00e0 la phase aqueuse (apr\u00e8s les huiles) ou aux \u00e9mulsions pr\u00eates \u00e0 l\u2019emploi \u00e0 une temp\u00e9rature inf\u00e9rieure \u00e0 40\u00b0C<br data-start=\"1551\" data-end=\"1554\" \/>\u2022 Concentration recommand\u00e9e : 0,1\u20131 % (jusqu\u2019\u00e0 3 % possible en pratique)<\/p>\n<h3 data-start=\"1630\" data-end=\"1642\">Effets<\/h3>\n<p data-start=\"1643\" data-end=\"2076\">Le collag\u00e8ne, en tant que prot\u00e9ine structurale, est trop volumineux pour traverser la barri\u00e8re cutan\u00e9e. Collagen Prepeptide r\u00e9sout ce probl\u00e8me. En tant que \u00ab pr\u00e9peptide \u00bb, il fournit aux cellules de la peau (fibroblastes) les acides amin\u00e9s cl\u00e9s dans la s\u00e9quence correcte. Il agit comme un signal de jeunesse et comme un <strong data-start=\"1963\" data-end=\"1996\">\u00e9l\u00e9ment actif de construction<\/strong> qui stimule les fibroblastes \u00e0 augmenter leur propre production de collag\u00e8ne.<\/p>\n<p data-start=\"2078\" data-end=\"2890\">\u2022<strong> Stimulation de la synth\u00e8se du collag\u00e8ne<\/strong> : soutient activement la production naturelle de collag\u00e8ne, essentielle pour la densit\u00e9 de la peau<br data-start=\"2218\" data-end=\"2221\" \/>\u2022 <strong>Am\u00e9lioration de la fermet\u00e9 et de l\u2019\u00e9lasticit\u00e9<\/strong> : l\u2019utilisation r\u00e9guli\u00e8re raffermit et tonifie la peau<br data-start=\"2323\" data-end=\"2326\" \/>\u2022 <strong>Lissage des fines lignes et rides<\/strong> : l\u2019augmentation de la production de collag\u00e8ne comble la structure de la peau de l\u2019int\u00e9rieur et r\u00e9duit visiblement les rides<br data-start=\"2486\" data-end=\"2489\" \/>\u2022 <strong>Renforcement de la barri\u00e8re cutan\u00e9e<\/strong> : am\u00e9liore la r\u00e9tention d\u2019humidit\u00e9 et la r\u00e9sistance de la peau<br data-start=\"2589\" data-end=\"2592\" \/>\u2022 <strong>Augmentation de la densit\u00e9 et de la structure de la peau<\/strong> : une utilisation prolong\u00e9e rend la peau plus ferme et plus compacte, et am\u00e9liore les contours du visage<br data-start=\"2755\" data-end=\"2758\" \/>\u2022 <strong>V\u00e9g\u00e9talien et \u00e9thique<\/strong> : offre tous les avantages du collag\u00e8ne sans origine animale, id\u00e9al pour les formulations \u00ab clean beauty \u00bb<\/p>\n<h3 data-start=\"2892\" data-end=\"2906\">Stockage<\/h3>\n<p data-start=\"2907\" data-end=\"2991\">Conserver dans un r\u00e9cipient herm\u00e9tiquement ferm\u00e9, dans un endroit frais et sombre.<\/p>\n<h3 data-start=\"2993\" data-end=\"3013\">Avertissements<\/h3>\n<p data-start=\"3014\" data-end=\"3233\">Ne contient pas de substances chimiques nocives conform\u00e9ment \u00e0 la r\u00e9glementation REACH.<br data-start=\"3101\" data-end=\"3104\" \/>Pour les peaux sensibles ou sujettes aux allergies, il est recommand\u00e9 d\u2019effectuer un test cutan\u00e9 avant la premi\u00e8re utilisation.<\/p>\n","protected":false},"excerpt":{"rendered":"<p>INCI: Aqua, Tripeptide-29, Leuconostoc\/Radish Root Ferment FiltrateCAS: 7732-18-5 (Aqua), 92113-31-0 (Tripeptide-29), 84775-94-0 (conservateur)Qualit\u00e9: Tripeptide biomim\u00e9tique, 100 % v\u00e9g\u00e9talien en solution aqueuse, conserv\u00e9 avec un filtrat naturel de radis.Propri\u00e9t\u00e9s physiques: Solution claire et visqueuse, enti\u00e8rement soluble dans l\u2019eau.Origine: Fabriqu\u00e9 aux \u00c9tats-Unis, ingr\u00e9dients v\u00e9g\u00e9taliens, sans OGM, import\u00e9 d\u2019Italie. Utilisation Collagen Prepeptide est un tripeptide biomim\u00e9tique avanc\u00e9 et [&hellip;]<\/p>\n","protected":false},"featured_media":3072,"comment_status":"open","ping_status":"closed","template":"","meta":[],"product_brand":[],"product_cat":[223,191,194,196,202,203,199],"product_tag":[],"class_list":{"0":"post-3076","1":"product","2":"type-product","3":"status-publish","4":"has-post-thumbnail","6":"product_cat-ingredients-actifs","7":"product_cat-ingredients-anti-age","8":"product_cat-ingredients-hydratants","9":"product_cat-visage","10":"product_cat-corps","11":"product_cat-liposomes-et-peptides","12":"product_cat-acide-hyaluronique-collagenes-keratine-et-derives","14":"first","15":"instock","16":"taxable","17":"shipping-taxable","18":"purchasable","19":"product-type-simple"},"_links":{"self":[{"href":"https:\/\/densilab.com\/fr\/wp-json\/wp\/v2\/product\/3076","targetHints":{"allow":["GET"]}}],"collection":[{"href":"https:\/\/densilab.com\/fr\/wp-json\/wp\/v2\/product"}],"about":[{"href":"https:\/\/densilab.com\/fr\/wp-json\/wp\/v2\/types\/product"}],"replies":[{"embeddable":true,"href":"https:\/\/densilab.com\/fr\/wp-json\/wp\/v2\/comments?post=3076"}],"wp:featuredmedia":[{"embeddable":true,"href":"https:\/\/densilab.com\/fr\/wp-json\/wp\/v2\/media\/3072"}],"wp:attachment":[{"href":"https:\/\/densilab.com\/fr\/wp-json\/wp\/v2\/media?parent=3076"}],"wp:term":[{"taxonomy":"product_brand","embeddable":true,"href":"https:\/\/densilab.com\/fr\/wp-json\/wp\/v2\/product_brand?post=3076"},{"taxonomy":"product_cat","embeddable":true,"href":"https:\/\/densilab.com\/fr\/wp-json\/wp\/v2\/product_cat?post=3076"},{"taxonomy":"product_tag","embeddable":true,"href":"https:\/\/densilab.com\/fr\/wp-json\/wp\/v2\/product_tag?post=3076"}],"curies":[{"name":"wp","href":"https:\/\/api.w.org\/{rel}","templated":true}]}}