{"id":2741,"date":"2025-05-08T19:35:18","date_gmt":"2025-05-08T19:35:18","guid":{"rendered":"https:\/\/densilab.com\/?post_type=product&#038;p=2741"},"modified":"2025-05-08T19:46:58","modified_gmt":"2025-05-08T19:46:58","slug":"argile-rouge-bio-couperose-rosacee","status":"publish","type":"product","link":"https:\/\/densilab.com\/fr\/produkt\/argile-rouge-bio-couperose-rosacee\/","title":{"rendered":"ARGILE ROUGE BIO \u2013 COUPEROSE, ROSAC\u00c9E"},"content":{"rendered":"<p class=\"\" data-start=\"106\" data-end=\"309\"><strong>Mati\u00e8re premi\u00e8re : ARGILE ROUGE<\/strong><br data-start=\"181\" data-end=\"184\" \/><strong>Fabricant: <\/strong>Argile du Velay (France)<br data-start=\"220\" data-end=\"223\" \/><strong>Produit min\u00e9ral naturel. Certification: ECO CERT<\/strong><br data-start=\"272\" data-end=\"275\" \/><strong>CAS: <\/strong>12173-60-3<br data-start=\"291\" data-end=\"294\" \/><strong>INCI:<\/strong> <em>Illite<\/em><\/p>\n<h3 data-start=\"311\" data-end=\"702\"><strong data-start=\"311\" data-end=\"326\">Utilisation<\/strong><\/h3>\n<p class=\"\" data-start=\"311\" data-end=\"702\">Argile rouge 100 % naturelle de qualit\u00e9 sup\u00e9rieure, con\u00e7ue pour le soin des peaux grasses, mixtes, normales et sujettes \u00e0 la couperose. Certifi\u00e9e ECO CERT pour les produits biologiques. Argile s\u00e9ch\u00e9e \u00e0 haute temp\u00e9rature, garantissant une puret\u00e9 cosm\u00e9tique.<br data-start=\"585\" data-end=\"588\" \/>Dosage recommand\u00e9 dans les formulations cosm\u00e9tiques : <strong>jusqu\u2019\u00e0 30 %<\/strong>. Une cuill\u00e8re plate de 5 ml p\u00e8se environ 4,5 g.<\/p>\n<p class=\"\" data-start=\"704\" data-end=\"741\"><strong data-start=\"704\" data-end=\"741\">Comment utiliser l\u2019argile rouge ?<\/strong><\/p>\n<p class=\"\" data-start=\"743\" data-end=\"1580\"><em data-start=\"743\" data-end=\"759\">Masques visage<\/em><br data-start=\"759\" data-end=\"762\" \/>Le masque le plus simple s\u2019obtient en m\u00e9langeant 4 cuill\u00e8res \u00e0 soupe d\u2019argile avec 3 cuill\u00e8res \u00e0 soupe d\u2019eau (les proportions sont approximatives \u2013 il est pr\u00e9f\u00e9rable d\u2019ajouter l\u2019eau progressivement jusqu\u2019\u00e0 obtenir une p\u00e2te homog\u00e8ne). Cette recette de base peut \u00eatre enrichie avec d'autres ingr\u00e9dients, par exemple quelques gouttes d\u2019acide hyaluronique ou un mac\u00e9r\u00e2t de spiruline.<br data-start=\"1141\" data-end=\"1144\" \/>Appliquer le masque sur une peau propre et laisser poser pendant 15 \u00e0 20 minutes, puis rincer \u00e0 l\u2019eau ti\u00e8de. Pour \u00e9viter que le masque ne s\u00e8che, il est conseill\u00e9 de couvrir le visage avec une compresse humide.<br data-start=\"1353\" data-end=\"1356\" \/>Pour les peaux s\u00e8ches ou fatigu\u00e9es, on peut remplacer l\u2019eau par une huile cosm\u00e9tique adapt\u00e9e aux besoins de la peau. Les proportions restent similaires : environ 3 cuill\u00e8res \u00e0 soupe d\u2019huile pour 4 cuill\u00e8res \u00e0 soupe d\u2019argile.<\/p>\n<p class=\"\" data-start=\"1582\" data-end=\"1817\"><em data-start=\"1582\" data-end=\"1599\">Bain \u00e0 l\u2019argile<\/em><br data-start=\"1599\" data-end=\"1602\" \/>L\u2019argile rouge peut \u00eatre ajout\u00e9e \u00e0 l\u2019eau du bain. Verser environ une demi-tasse d\u2019argile dans la baignoire. Apr\u00e8s le bain (minimum 20 minutes), ne pas frotter la peau mais simplement s\u2019envelopper dans une serviette.<\/p>\n<p class=\"\" data-start=\"1819\" data-end=\"2500\"><em data-start=\"1819\" data-end=\"1836\">Soin capillaire<\/em><br data-start=\"1836\" data-end=\"1839\" \/>Pour pr\u00e9parer un masque capillaire \u00e0 base d\u2019argile rouge, m\u00e9langer 20 ml d\u2019argile (4 cuill\u00e8res \u00e0 caf\u00e9), 20 ml d\u2019eau et 10 ml d\u2019huile.<br data-start=\"1972\" data-end=\"1975\" \/>\u2013 Pour une hydratation intense, choisir de l\u2019huile d\u2019argan ou de cam\u00e9lia.<br data-start=\"2048\" data-end=\"2051\" \/>\u2013 Pour nourrir et r\u00e9g\u00e9n\u00e9rer, opter pour de l\u2019huile de macadamia ou de figue de Barbarie.<br data-start=\"2139\" data-end=\"2142\" \/>\u2013 L\u2019huile de graines de pavot est une option universelle, id\u00e9ale pour hydrater et nourrir en douceur.<br data-start=\"2243\" data-end=\"2246\" \/>Appliquer la p\u00e2te obtenue sur les cheveux et laisser agir pendant environ 20 minutes, puis rincer avec un shampooing doux.<br data-start=\"2368\" data-end=\"2371\" \/>Ce masque r\u00e9duit la casse et la chute des cheveux, stimule la circulation sanguine du cuir chevelu et agit contre les pellicules.<\/p>\n<p class=\"\" data-start=\"2502\" data-end=\"2615\"><strong data-start=\"2502\" data-end=\"2517\">ATTENTION :<\/strong> Toujours utiliser des r\u00e9cipients et ustensiles en c\u00e9ramique ou en bois pour pr\u00e9parer les masques.<\/p>\n<h3 data-start=\"2617\" data-end=\"3095\"><strong data-start=\"2617\" data-end=\"2627\">Effets<\/strong><\/h3>\n<p class=\"\" data-start=\"2617\" data-end=\"3095\">\u2022 L\u2019argile rouge nettoie et d\u00e9graisse la peau en douceur (plus douce que l\u2019argile verte).<br data-start=\"2719\" data-end=\"2722\" \/>\u2022 Elle am\u00e9liore le teint et donne un effet bonne mine avec une utilisation r\u00e9guli\u00e8re.<br data-start=\"2807\" data-end=\"2810\" \/>\u2022 Elle renforce les capillaires et pr\u00e9vient leur rupture.<br data-start=\"2867\" data-end=\"2870\" \/>\u2022 Elle est indiqu\u00e9e pour le traitement et le soulagement des sympt\u00f4mes de la rosac\u00e9e.<br data-start=\"2955\" data-end=\"2958\" \/>\u2022 Elle peut \u00eatre int\u00e9gr\u00e9e dans les cr\u00e8mes et autres produits cosm\u00e9tiques pour leurs propri\u00e9t\u00e9s matifiantes, purifiantes et nourrissantes.<\/p>\n<h3 data-start=\"3097\" data-end=\"3302\"><strong data-start=\"3097\" data-end=\"3113\">Conservation<\/strong><\/h3>\n<p class=\"\" data-start=\"3097\" data-end=\"3302\">Conserver l\u2019argile \u00e0 l\u2019abri de la lumi\u00e8re. En raison de ses propri\u00e9t\u00e9s hygroscopiques, elle doit \u00eatre stock\u00e9e dans un r\u00e9cipient herm\u00e9tique, dans un endroit sec et \u00e0 temp\u00e9rature ambiante.<\/p>\n<h3 data-start=\"3304\" data-end=\"3386\"><strong data-start=\"3304\" data-end=\"3328\">Pr\u00e9cautions d\u2019emploi<\/strong><\/h3>\n<p class=\"\" data-start=\"3304\" data-end=\"3386\">Ne pas appliquer sur des plaies fra\u00eeches ou saignantes.<\/p>\n","protected":false},"excerpt":{"rendered":"<p>Mati\u00e8re premi\u00e8re : ARGILE ROUGEFabricant: Argile du Velay (France)Produit min\u00e9ral naturel. Certification: ECO CERTCAS: 12173-60-3INCI: Illite Utilisation Argile rouge 100 % naturelle de qualit\u00e9 sup\u00e9rieure, con\u00e7ue pour le soin des peaux grasses, mixtes, normales et sujettes \u00e0 la couperose. Certifi\u00e9e ECO CERT pour les produits biologiques. Argile s\u00e9ch\u00e9e \u00e0 haute temp\u00e9rature, garantissant une puret\u00e9 cosm\u00e9tique.Dosage [&hellip;]<\/p>\n","protected":false},"featured_media":2737,"comment_status":"open","ping_status":"closed","template":"","meta":[],"product_brand":[],"product_cat":[223,191,195,196,197,202],"product_tag":[],"class_list":{"0":"post-2741","1":"product","2":"type-product","3":"status-publish","4":"has-post-thumbnail","6":"product_cat-ingredients-actifs","7":"product_cat-ingredients-anti-age","8":"product_cat-peau-vasculaire-acne-preparations-anti-cellulite","9":"product_cat-visage","10":"product_cat-cheveux","11":"product_cat-corps","13":"first","14":"instock","15":"taxable","16":"shipping-taxable","17":"purchasable","18":"product-type-simple"},"_links":{"self":[{"href":"https:\/\/densilab.com\/fr\/wp-json\/wp\/v2\/product\/2741","targetHints":{"allow":["GET"]}}],"collection":[{"href":"https:\/\/densilab.com\/fr\/wp-json\/wp\/v2\/product"}],"about":[{"href":"https:\/\/densilab.com\/fr\/wp-json\/wp\/v2\/types\/product"}],"replies":[{"embeddable":true,"href":"https:\/\/densilab.com\/fr\/wp-json\/wp\/v2\/comments?post=2741"}],"wp:featuredmedia":[{"embeddable":true,"href":"https:\/\/densilab.com\/fr\/wp-json\/wp\/v2\/media\/2737"}],"wp:attachment":[{"href":"https:\/\/densilab.com\/fr\/wp-json\/wp\/v2\/media?parent=2741"}],"wp:term":[{"taxonomy":"product_brand","embeddable":true,"href":"https:\/\/densilab.com\/fr\/wp-json\/wp\/v2\/product_brand?post=2741"},{"taxonomy":"product_cat","embeddable":true,"href":"https:\/\/densilab.com\/fr\/wp-json\/wp\/v2\/product_cat?post=2741"},{"taxonomy":"product_tag","embeddable":true,"href":"https:\/\/densilab.com\/fr\/wp-json\/wp\/v2\/product_tag?post=2741"}],"curies":[{"name":"wp","href":"https:\/\/api.w.org\/{rel}","templated":true}]}}