{"id":2443,"date":"2025-04-16T10:37:24","date_gmt":"2025-04-16T10:37:24","guid":{"rendered":"https:\/\/densilab.com\/?post_type=product&#038;p=2443"},"modified":"2026-02-22T14:14:22","modified_gmt":"2026-02-22T14:14:22","slug":"conservateur-ecologique-a-base-de-radis","status":"publish","type":"product","link":"https:\/\/densilab.com\/fr\/produkt\/conservateur-ecologique-a-base-de-radis\/","title":{"rendered":"CONSERVATEUR \u00c9COLOGIQUE \u00c0 BASE DE RADIS"},"content":{"rendered":"<p class=\"\" data-start=\"185\" data-end=\"447\"><strong data-start=\"185\" data-end=\"223\">Mati\u00e8re premi\u00e8re pour l'industrie:<\/strong> Leucidal\u00ae Liquid \u2013 Conservateur \u00e9cologique<br data-start=\"266\" data-end=\"269\" \/><strong data-start=\"269\" data-end=\"278\">INCI:<\/strong> <em>Leuconostoc\/Radish Root Ferment Filtrate<\/em><br data-start=\"319\" data-end=\"322\" \/><strong data-start=\"322\" data-end=\"330\">CAS:<\/strong> 84775-94-0<br data-start=\"341\" data-end=\"344\" \/><strong data-start=\"344\" data-end=\"355\">EINECS:<\/strong> 283-918-6<br data-start=\"365\" data-end=\"368\" \/><strong data-start=\"368\" data-end=\"387\">Certifications:<\/strong> ECOCERT, COSMOS, NATRUE<br data-start=\"411\" data-end=\"414\" \/><strong data-start=\"414\" data-end=\"423\">Sans:<\/strong> Alcool, Sulfates, OGM<\/p>\n<h3 class=\"\" data-start=\"454\" data-end=\"473\"><strong data-start=\"458\" data-end=\"473\">Application<\/strong><\/h3>\n<p class=\"\" data-start=\"475\" data-end=\"733\">Leucidal\u00ae Liquid est un conservateur naturel d'origine v\u00e9g\u00e9tale, bas\u00e9 sur des peptides antibact\u00e9riens produits par la fermentation du radis. Il est doux pour la peau tout en prot\u00e9geant efficacement les cosm\u00e9tiques contre la croissance des micro-organismes.<\/p>\n<p class=\"\" data-start=\"735\" data-end=\"916\">Il peut \u00eatre utilis\u00e9 dans:<br data-start=\"761\" data-end=\"764\" \/>\u2013 Cr\u00e8mes pour le visage<br data-start=\"787\" data-end=\"790\" \/>\u2013 Lotions pour le corps<br data-start=\"813\" data-end=\"816\" \/>\u2013 Apr\u00e8s-shampoings<br data-start=\"834\" data-end=\"837\" \/>\u2013 Produits contenant des acides AHA\/BHA<br data-start=\"876\" data-end=\"879\" \/>\u2013 Produits pour les peaux sensibles<\/p>\n<p class=\"\" data-start=\"918\" data-end=\"1178\"><strong data-start=\"918\" data-end=\"946\">Mode d'emploi et dosage:<\/strong><br data-start=\"946\" data-end=\"949\" \/>\u00c0 ajouter \u00e0 froid, de pr\u00e9f\u00e9rence dans la phase finale de la production, \u00e0 une temp\u00e9rature inf\u00e9rieure \u00e0 70\u00b0C.<br data-start=\"1057\" data-end=\"1060\" \/>Concentration recommand\u00e9e: <strong data-start=\"1087\" data-end=\"1095\">2\u20134%<\/strong><br data-start=\"1095\" data-end=\"1098\" \/>2% = 5 gouttes pour 10 g de produit<br data-start=\"1135\" data-end=\"1138\" \/>4% = 15 gouttes pour 30 g de produit<\/p>\n<h3 class=\"\" data-start=\"1185\" data-end=\"1215\"><strong data-start=\"1189\" data-end=\"1215\">Mode d'action (Effets)<\/strong><\/h3>\n<p class=\"\" data-start=\"1217\" data-end=\"1470\">Leucidal\u00ae Liquid prot\u00e8ge efficacement les cosm\u00e9tiques contre des bact\u00e9ries telles que:<br data-start=\"1303\" data-end=\"1306\" \/><em data-start=\"1306\" data-end=\"1329\">Staphylococcus aureus<\/em>, <em data-start=\"1331\" data-end=\"1349\">Escherichia coli<\/em>, <em data-start=\"1351\" data-end=\"1375\">Pseudomonas aeruginosa<\/em>,<br data-start=\"1376\" data-end=\"1379\" \/><em data-start=\"1379\" data-end=\"1397\">Candida albicans<\/em>, <em data-start=\"1399\" data-end=\"1418\">Aspergillus niger<\/em>, <em data-start=\"1420\" data-end=\"1443\">Klebsiella pneumoniae<\/em>, <em data-start=\"1445\" data-end=\"1467\">Burkholderia cepacia<\/em>.<\/p>\n<p class=\"\" data-start=\"1472\" data-end=\"1642\">Il agit non seulement comme un conservateur, mais aussi comme un soin de la peau:<br data-start=\"1553\" data-end=\"1556\" \/>\u2013 Poss\u00e8de des propri\u00e9t\u00e9s antiseptiques<br data-start=\"1594\" data-end=\"1597\" \/>\u2013 Augmente le taux d'hydratation de la peau<\/p>\n<p class=\"\" data-start=\"1644\" data-end=\"1731\">C'est un conservateur unique qui combine protection microbiologique et soin de la peau.<\/p>\n<h3 class=\"\" data-start=\"1738\" data-end=\"1774\"><strong data-start=\"1742\" data-end=\"1774\">Informations suppl\u00e9mentaires<\/strong><\/h3>\n<p class=\"\" data-start=\"1776\" data-end=\"1948\"><strong data-start=\"1776\" data-end=\"1790\">Apparence:<\/strong> Liquide clair \u00e0 l\u00e9g\u00e8rement opalescent, incolore \u00e0 jaune p\u00e2le<br data-start=\"1851\" data-end=\"1854\" \/><strong data-start=\"1854\" data-end=\"1864\">Odeur:<\/strong> L\u00e9g\u00e8rement acide, ferment\u00e9<br data-start=\"1891\" data-end=\"1894\" \/><strong data-start=\"1894\" data-end=\"1901\">pH:<\/strong> 3,0\u20138,0<br data-start=\"1909\" data-end=\"1912\" \/><strong data-start=\"1912\" data-end=\"1927\">Solubilit\u00e9:<\/strong> Soluble dans l'eau<\/p>\n<h3 class=\"\" data-start=\"1955\" data-end=\"1971\"><strong data-start=\"1959\" data-end=\"1971\">Stockage<\/strong><\/h3>\n<p class=\"\" data-start=\"1973\" data-end=\"2072\">Conserver dans des contenants herm\u00e9tiques \u00e0 temp\u00e9rature ambiante.<br data-start=\"2038\" data-end=\"2041\" \/>Bien secouer avant utilisation.<\/p>\n<h3 class=\"\" data-start=\"2079\" data-end=\"2101\"><strong data-start=\"2083\" data-end=\"2101\">Avertissements<\/strong><\/h3>\n<p class=\"\" data-start=\"2103\" data-end=\"2262\">\u2013 Ne contient pas de substances chimiques nuisibles conform\u00e9ment \u00e0 la directive REACH<br data-start=\"2188\" data-end=\"2191\" \/>\u2013 Conforme \u00e0 la directive RoHS (restriction des substances dangereuses)<\/p>\n","protected":false},"excerpt":{"rendered":"<p>Mati\u00e8re premi\u00e8re pour l'industrie: Leucidal\u00ae Liquid \u2013 Conservateur \u00e9cologiqueINCI: Leuconostoc\/Radish Root Ferment FiltrateCAS: 84775-94-0EINECS: 283-918-6Certifications: ECOCERT, COSMOS, NATRUESans: Alcool, Sulfates, OGM Application Leucidal\u00ae Liquid est un conservateur naturel d'origine v\u00e9g\u00e9tale, bas\u00e9 sur des peptides antibact\u00e9riens produits par la fermentation du radis. Il est doux pour la peau tout en prot\u00e9geant efficacement les cosm\u00e9tiques contre la [&hellip;]<\/p>\n","protected":false},"featured_media":2439,"comment_status":"open","ping_status":"closed","template":"","meta":[],"product_brand":[],"product_cat":[223,194,196,197,202,192],"product_tag":[],"class_list":{"0":"post-2443","1":"product","2":"type-product","3":"status-publish","4":"has-post-thumbnail","6":"product_cat-ingredients-actifs","7":"product_cat-ingredients-hydratants","8":"product_cat-visage","9":"product_cat-cheveux","10":"product_cat-corps","11":"product_cat-bases","13":"first","14":"instock","15":"taxable","16":"shipping-taxable","17":"purchasable","18":"product-type-simple"},"_links":{"self":[{"href":"https:\/\/densilab.com\/fr\/wp-json\/wp\/v2\/product\/2443","targetHints":{"allow":["GET"]}}],"collection":[{"href":"https:\/\/densilab.com\/fr\/wp-json\/wp\/v2\/product"}],"about":[{"href":"https:\/\/densilab.com\/fr\/wp-json\/wp\/v2\/types\/product"}],"replies":[{"embeddable":true,"href":"https:\/\/densilab.com\/fr\/wp-json\/wp\/v2\/comments?post=2443"}],"wp:featuredmedia":[{"embeddable":true,"href":"https:\/\/densilab.com\/fr\/wp-json\/wp\/v2\/media\/2439"}],"wp:attachment":[{"href":"https:\/\/densilab.com\/fr\/wp-json\/wp\/v2\/media?parent=2443"}],"wp:term":[{"taxonomy":"product_brand","embeddable":true,"href":"https:\/\/densilab.com\/fr\/wp-json\/wp\/v2\/product_brand?post=2443"},{"taxonomy":"product_cat","embeddable":true,"href":"https:\/\/densilab.com\/fr\/wp-json\/wp\/v2\/product_cat?post=2443"},{"taxonomy":"product_tag","embeddable":true,"href":"https:\/\/densilab.com\/fr\/wp-json\/wp\/v2\/product_tag?post=2443"}],"curies":[{"name":"wp","href":"https:\/\/api.w.org\/{rel}","templated":true}]}}