{"id":2392,"date":"2025-04-14T15:31:20","date_gmt":"2025-04-14T15:31:20","guid":{"rendered":"https:\/\/densilab.com\/?post_type=product&#038;p=2392"},"modified":"2025-04-14T15:34:56","modified_gmt":"2025-04-14T15:34:56","slug":"niacinamide-vitamine-b3-vitamine-pp","status":"publish","type":"product","link":"https:\/\/densilab.com\/fr\/produkt\/niacinamide-vitamine-b3-vitamine-pp\/","title":{"rendered":"NIACINAMIDE (Vitamine B3 \/ Vitamine PP)"},"content":{"rendered":"<p class=\"\" data-start=\"91\" data-end=\"484\"><strong data-start=\"137\" data-end=\"147\">INCI :<\/strong> <em>Niacinamide<\/em><br data-start=\"159\" data-end=\"162\" \/><strong data-start=\"162\" data-end=\"174\">N\u00b0 CAS :<\/strong> 98-92-0<br data-start=\"182\" data-end=\"185\" \/><strong data-start=\"185\" data-end=\"197\">Aspect :<\/strong> Poudre blanche fine<br data-start=\"217\" data-end=\"220\" \/><strong data-start=\"220\" data-end=\"236\">Solubilit\u00e9 :<\/strong> Tr\u00e8s bonne dans l\u2019eau, plus faible dans l\u2019alcool et la glyc\u00e9rine<br data-start=\"301\" data-end=\"304\" \/><strong data-start=\"304\" data-end=\"333\">pH de la solution \u00e0 5 % :<\/strong> 6,5<br data-start=\"337\" data-end=\"340\" \/><strong data-start=\"340\" data-end=\"370\">Teneur en principe actif :<\/strong> 99,7 %<br data-start=\"377\" data-end=\"380\" \/><strong data-start=\"380\" data-end=\"419\">Teneur en acide nicotinique libre :<\/strong> &lt;0,03 % (\u00e0 titre de comparaison : standard du march\u00e9 env. 0,1 %)<\/p>\n<h4 data-start=\"486\" data-end=\"736\"><strong data-start=\"486\" data-end=\"501\">Utilisation<\/strong><\/h4>\n<p class=\"\" data-start=\"486\" data-end=\"736\">Le niacinamide est une forme biologiquement active de la vitamine B3 (\u00e9galement appel\u00e9e vitamine PP ou amide de l\u2019acide nicotinique). Tr\u00e8s bien tol\u00e9r\u00e9 par la peau, il est largement utilis\u00e9 en cosm\u00e9tique pour ses multiples bienfaits.<\/p>\n<p class=\"\" data-start=\"738\" data-end=\"838\"><strong data-start=\"738\" data-end=\"757\">Mode d\u2019emploi :<\/strong> Ajouter \u00e0 la phase aqueuse (apr\u00e8s les huiles), ne pas chauffer au-del\u00e0 de 70\u202f\u00b0C.<\/p>\n<p class=\"\" data-start=\"840\" data-end=\"938\"><strong data-start=\"840\" data-end=\"852\">Dosage :<\/strong><br data-start=\"852\" data-end=\"855\" \/>Pour les peaux \u00e0 tendance acn\u00e9ique : 2\u20133 %<br data-start=\"899\" data-end=\"902\" \/>Dans les formules anti-\u00e2ge : 4\u20136 %<\/p>\n<p class=\"\" data-start=\"945\" data-end=\"1034\"><strong data-start=\"945\" data-end=\"1034\">Comment pr\u00e9parer une solution de niacinamide \u00e0 int\u00e9grer dans vos formules cosm\u00e9tiques<\/strong><\/p>\n<p class=\"\" data-start=\"1036\" data-end=\"1403\">Le plus pratique est de pr\u00e9parer une solution \u00e0 10\u202f% (c\u2019est-\u00e0-dire 10\u202fg de niacinamide pour 100\u202fg de solution), facile \u00e0 doser ensuite dans vos recettes.<br data-start=\"1189\" data-end=\"1192\" \/>\u2022 10\u202fg de niacinamide (poudre)<br data-start=\"1222\" data-end=\"1225\" \/>\u2022 90\u202fg (soit 90\u202fml) d\u2019eau (de pr\u00e9f\u00e9rence d\u00e9min\u00e9ralis\u00e9e, ou \u00e0 d\u00e9faut bouillie puis refroidie)<br data-start=\"1317\" data-end=\"1320\" \/>Bien m\u00e9langer. Conserver la solution au frais, dans un flacon herm\u00e9tiquement ferm\u00e9.<\/p>\n<p class=\"\" data-start=\"1410\" data-end=\"1431\"><strong data-start=\"1410\" data-end=\"1431\">CE QUI SIGNIFIE :<\/strong><\/p>\n<p class=\"\" data-start=\"1436\" data-end=\"1629\">1. Pour obtenir une <strong data-start=\"1453\" data-end=\"1477\">concentration de 3\u202f%<\/strong> de niacinamide dans votre cosm\u00e9tique, avec une <strong data-start=\"1525\" data-end=\"1544\">solution \u00e0 10\u202f%<\/strong>, il suffit d\u2019ajouter :<br data-start=\"1567\" data-end=\"1570\" \/>\u27a4 <strong data-start=\"1572\" data-end=\"1629\">3\u202fml de solution \u00e0 10\u202f% pour 10\u202fml de base cosm\u00e9tique<\/strong><\/p>\n<p class=\"\" data-start=\"1634\" data-end=\"1731\">2. Pour une <strong data-start=\"1643\" data-end=\"1667\">concentration de 6\u202f%<\/strong> :<br data-start=\"1669\" data-end=\"1672\" \/>\u27a4 <strong data-start=\"1674\" data-end=\"1731\">6\u202fml de solution \u00e0 10\u202f% pour 10\u202fml de base cosm\u00e9tique<\/strong><\/p>\n<p class=\"\" data-start=\"1738\" data-end=\"2025\"><strong data-start=\"1738\" data-end=\"1773\">Utilisation dans les produits :<\/strong><br data-start=\"1773\" data-end=\"1776\" \/>\u2714 S\u00e9rums et essences<br data-start=\"1796\" data-end=\"1799\" \/>\u2714 Toners et hydrolats<br data-start=\"1820\" data-end=\"1823\" \/>\u2714 Cr\u00e8mes visage et contour des yeux<br data-start=\"1858\" data-end=\"1861\" \/>\u2714 Masques<br data-start=\"1870\" data-end=\"1873\" \/>\u2714 Soins pour peaux grasses et \u00e0 probl\u00e8mes<br data-start=\"1914\" data-end=\"1917\" \/>\u2714 Soins \u00e9claircissants et unifiants<br data-start=\"1952\" data-end=\"1955\" \/>\u2714 Lotions et soins pour le cuir chevelu<br data-start=\"1994\" data-end=\"1997\" \/>\u2714 Cosm\u00e9tiques anti-cellulite<\/p>\n<h4 data-start=\"2032\" data-end=\"2139\"><strong data-start=\"2032\" data-end=\"2046\">Propri\u00e9t\u00e9s<\/strong><\/h4>\n<p class=\"\" data-start=\"2032\" data-end=\"2139\">Le niacinamide agit \u00e0 plusieurs niveaux pour am\u00e9liorer visiblement la qualit\u00e9 de la peau :<\/p>\n<p class=\"\" data-start=\"2141\" data-end=\"2840\">\u2022 <strong data-start=\"2143\" data-end=\"2155\">Anti-\u00e2ge<\/strong> \u2013 stimule la production de collag\u00e8ne et d\u2019\u00e9lastine, lisse la texture cutan\u00e9e, att\u00e9nue les ridules<br data-start=\"2253\" data-end=\"2256\" \/>\u2022 <strong data-start=\"2258\" data-end=\"2304\">\u00c9claircissement et uniformisation du teint<\/strong> \u2013 inhibe le transfert de m\u00e9lanine, favorise un teint \u00e9clatant et homog\u00e8ne<br data-start=\"2378\" data-end=\"2381\" \/>\u2022 <strong data-start=\"2383\" data-end=\"2405\">Anti-inflammatoire<\/strong> \u2013 apaise les irritations, r\u00e9duit rougeurs et imperfections<br data-start=\"2464\" data-end=\"2467\" \/>\u2022 <strong data-start=\"2469\" data-end=\"2508\">R\u00e9gule le s\u00e9bum et les points noirs<\/strong> \u2013 diminue la brillance, limite les \u00e9ruptions<br data-start=\"2553\" data-end=\"2556\" \/>\u2022 <strong data-start=\"2558\" data-end=\"2604\">Renforcement de la barri\u00e8re hydrolipidique<\/strong> \u2013 am\u00e9liore l\u2019\u00e9lasticit\u00e9 et l\u2019hydratation de la peau<br data-start=\"2656\" data-end=\"2659\" \/>\u2022 <strong data-start=\"2661\" data-end=\"2676\">Antioxydant<\/strong> \u2013 neutralise les radicaux libres, prot\u00e8ge contre le vieillissement pr\u00e9matur\u00e9<br data-start=\"2753\" data-end=\"2756\" \/>\u2022 <strong data-start=\"2758\" data-end=\"2797\">Am\u00e9lioration de la microcirculation<\/strong> \u2013 revitalise les peaux ternes et fatigu\u00e9es<\/p>\n<p class=\"\" data-start=\"2842\" data-end=\"2995\">Le niacinamide est \u00e9galement de plus en plus utilis\u00e9 dans les <strong data-start=\"2904\" data-end=\"2928\">soins anti-cellulite<\/strong>, pour stimuler la microcirculation et lisser la \u00ab peau d\u2019orange \u00bb.<\/p>\n<p class=\"\" data-start=\"2997\" data-end=\"3301\">\u2705 Id\u00e9al pour formuler :<br data-start=\"3020\" data-end=\"3023\" \/>\u2022 S\u00e9rums anti-\u00e2ge (par exemple avec acide hyaluronique, collag\u00e8ne, peptides)<br data-start=\"3099\" data-end=\"3102\" \/>\u2022 Soins pour peaux grasses, mixtes, acn\u00e9iques<br data-start=\"3147\" data-end=\"3150\" \/>\u2022 Soins apaisants et r\u00e9parateurs<br data-start=\"3182\" data-end=\"3185\" \/>\u2022 Produits \u00e9claircissants et unifiants<br data-start=\"3223\" data-end=\"3226\" \/>\u2022 Soins du cuir chevelu (r\u00e9gulation du s\u00e9bum, apaisement des d\u00e9mangeaisons)<\/p>\n<h4 data-start=\"3308\" data-end=\"3411\"><strong data-start=\"3308\" data-end=\"3324\">Conservation<\/strong><\/h4>\n<p class=\"\" data-start=\"3308\" data-end=\"3411\">Conserver dans un endroit sec, \u00e0 l\u2019abri de la lumi\u00e8re, dans un r\u00e9cipient herm\u00e9tique.<\/p>\n<h4 data-start=\"3418\" data-end=\"3597\"><strong data-start=\"3418\" data-end=\"3442\">Pr\u00e9cautions d\u2019emploi<\/strong><\/h4>\n<p class=\"\" data-start=\"3418\" data-end=\"3597\">Ne contient aucune substance chimique nocive conform\u00e9ment au r\u00e8glement REACH.<br data-start=\"3522\" data-end=\"3525\" \/>Conforme \u00e0 la directive RoHS (restriction des substances dangereuses).<\/p>\n","protected":false},"excerpt":{"rendered":"<p>INCI : NiacinamideN\u00b0 CAS : 98-92-0Aspect : Poudre blanche fineSolubilit\u00e9 : Tr\u00e8s bonne dans l\u2019eau, plus faible dans l\u2019alcool et la glyc\u00e9rinepH de la solution \u00e0 5 % : 6,5Teneur en principe actif : 99,7 %Teneur en acide nicotinique libre : &lt;0,03 % (\u00e0 titre de comparaison : standard du march\u00e9 env. 0,1 %) Utilisation [&hellip;]<\/p>\n","protected":false},"featured_media":2390,"comment_status":"open","ping_status":"closed","template":"","meta":[],"product_brand":[],"product_cat":[223,191,194,195,196,202],"product_tag":[],"class_list":{"0":"post-2392","1":"product","2":"type-product","3":"status-publish","4":"has-post-thumbnail","6":"product_cat-ingredients-actifs","7":"product_cat-ingredients-anti-age","8":"product_cat-ingredients-hydratants","9":"product_cat-peau-vasculaire-acne-preparations-anti-cellulite","10":"product_cat-visage","11":"product_cat-corps","13":"first","14":"instock","15":"taxable","16":"shipping-taxable","17":"purchasable","18":"product-type-simple"},"_links":{"self":[{"href":"https:\/\/densilab.com\/fr\/wp-json\/wp\/v2\/product\/2392","targetHints":{"allow":["GET"]}}],"collection":[{"href":"https:\/\/densilab.com\/fr\/wp-json\/wp\/v2\/product"}],"about":[{"href":"https:\/\/densilab.com\/fr\/wp-json\/wp\/v2\/types\/product"}],"replies":[{"embeddable":true,"href":"https:\/\/densilab.com\/fr\/wp-json\/wp\/v2\/comments?post=2392"}],"wp:featuredmedia":[{"embeddable":true,"href":"https:\/\/densilab.com\/fr\/wp-json\/wp\/v2\/media\/2390"}],"wp:attachment":[{"href":"https:\/\/densilab.com\/fr\/wp-json\/wp\/v2\/media?parent=2392"}],"wp:term":[{"taxonomy":"product_brand","embeddable":true,"href":"https:\/\/densilab.com\/fr\/wp-json\/wp\/v2\/product_brand?post=2392"},{"taxonomy":"product_cat","embeddable":true,"href":"https:\/\/densilab.com\/fr\/wp-json\/wp\/v2\/product_cat?post=2392"},{"taxonomy":"product_tag","embeddable":true,"href":"https:\/\/densilab.com\/fr\/wp-json\/wp\/v2\/product_tag?post=2392"}],"curies":[{"name":"wp","href":"https:\/\/api.w.org\/{rel}","templated":true}]}}