{"id":2369,"date":"2025-04-11T11:13:35","date_gmt":"2025-04-11T11:13:35","guid":{"rendered":"https:\/\/densilab.com\/?post_type=product&#038;p=2369"},"modified":"2025-04-17T14:54:54","modified_gmt":"2025-04-17T14:54:54","slug":"plump-oleoactif-levres","status":"publish","type":"product","link":"https:\/\/densilab.com\/fr\/produkt\/plump-oleoactif-levres\/","title":{"rendered":"PLUMP Oleoactif L\u00c8VRES"},"content":{"rendered":"<p class=\"\" data-start=\"0\" data-end=\"387\"><strong data-start=\"29\" data-end=\"88\">Ingr\u00e9dient pour l'industrie cosm\u00e9tique (Raw Material):<\/strong> PLUMP OLEOACTIF\u00ae<br data-start=\"105\" data-end=\"108\" \/><strong data-start=\"108\" data-end=\"118\">INCL:<\/strong> <em>Simmondsia Chinensis Seed Oil (et) Punica Granatum Flower Extract (et) Polyglyceryl-3 Diisostearate<\/em><br data-start=\"218\" data-end=\"221\" \/><strong data-start=\"221\" data-end=\"237\">INCI\/N\u00b0CAS:<\/strong><br data-start=\"237\" data-end=\"240\" \/>Simmondsia Chinensis Seed Oil \/ 90045-98-0<br data-start=\"282\" data-end=\"285\" \/>Punica Granatum Flower Extract \/ 84961-57-9<br data-start=\"328\" data-end=\"331\" \/>Polyglyceryl-3 Diisostearate \/ 66082-42-6 \/ 85666-92-8<\/p>\n<h4 data-start=\"389\" data-end=\"845\"><strong data-start=\"389\" data-end=\"404\">APPLICATION<\/strong><\/h4>\n<p class=\"\" data-start=\"389\" data-end=\"845\">PLUMP Ol\u00e9oactif\u00ae est un ingr\u00e9dient actif sp\u00e9cialis\u00e9 \u00e0 base d'extrait de fleurs de grenade, con\u00e7u pour les soins des l\u00e8vres.<br data-start=\"530\" data-end=\"533\" \/>Le produit hydrate et donne plus de volume aux l\u00e8vres, les rendant plus pleines et naturelles. De plus, il am\u00e9liore le contour des l\u00e8vres et renforce le film hydrolipidique.<br data-start=\"706\" data-end=\"709\" \/>Les tests in vivo et in vitro confirment l'efficacit\u00e9 du produit en termes d'hydratation intense et d'augmentation du volume des l\u00e8vres.<\/p>\n<p class=\"\" data-start=\"847\" data-end=\"1078\">C'est le premier ingr\u00e9dient de notre gamme qui am\u00e9liore sp\u00e9cifiquement l'apparence des l\u00e8vres. \u00c0 partir de celui-ci, il est possible de cr\u00e9er des produits de soin pour les l\u00e8vres \u00e0 base d'huiles v\u00e9g\u00e9tales ou de beurres cosm\u00e9tiques.<\/p>\n<p class=\"\" data-start=\"1080\" data-end=\"1337\">La formule la plus simple pour un s\u00e9rum huileux pour les l\u00e8vres est un m\u00e9lange de PLUMP Ol\u00e9oactif\u00ae avec de l'huile de jojoba (avec une concentration d'utilisation de 2\u20135 %, ce qui signifie : pour 20 ml d'huile, ajouter entre 0,4 et 1 ml d'ingr\u00e9dient actif).<\/p>\n<p data-start=\"1339\" data-end=\"1673\"><strong data-start=\"1339\" data-end=\"1351\">Dosage:<\/strong><br data-start=\"1351\" data-end=\"1354\" \/>La concentration d'utilisation recommand\u00e9e dans les formulations cosm\u00e9tiques est de 2\u20135 %. Selon les tests internes du fabricant, la concentration peut \u00eatre augment\u00e9e jusqu'\u00e0 30 % dans les s\u00e9rums huileux pour les l\u00e8vres, mais les concentrations sup\u00e9rieures \u00e0 5 % doivent \u00eatre utilis\u00e9es sous votre propre responsabilit\u00e9.<\/p>\n<h4 data-start=\"1675\" data-end=\"1941\"><strong data-start=\"1675\" data-end=\"1701\">DESCRIPTION DE L'EFECT<\/strong><\/h4>\n<p class=\"\" data-start=\"1675\" data-end=\"1941\">PLUMP Ol\u00e9oactif\u00ae poss\u00e8de des propri\u00e9t\u00e9s fortement hydratantes et volumisantes, ce qui est confirm\u00e9 par les tests in vivo et in vitro. Il donne aux l\u00e8vres un aspect naturel et plus plein, sans sensation de lourdeur ni effet de gonflement.<\/p>\n<p class=\"\" data-start=\"1943\" data-end=\"2280\">L'application contribue \u00e0 :<br data-start=\"1970\" data-end=\"1973\" \/>\u2022 Augmenter le volume des l\u00e8vres, pour un effet plus plein mais naturel.<br data-start=\"2045\" data-end=\"2048\" \/>\u2022 Am\u00e9liorer le contour des l\u00e8vres, ce qui les rend plus d\u00e9finies et plus expressives.<br data-start=\"2133\" data-end=\"2136\" \/>\u2022 Renforcer le film hydrolipidique, ce qui prot\u00e8ge contre la d\u00e9shydratation, maintient l'humidit\u00e9 et intensifie la couleur naturelle des l\u00e8vres.<\/p>\n<p data-start=\"1943\" data-end=\"2280\"><img loading=\"lazy\" decoding=\"async\" class=\"alignnone  wp-image-2529\" src=\"https:\/\/densilab.com\/wp-content\/uploads\/2025\/04\/plump-2-300x91.png\" alt=\"\" width=\"758\" height=\"230\" srcset=\"https:\/\/densilab.com\/wp-content\/uploads\/2025\/04\/plump-2-300x91.png 300w, https:\/\/densilab.com\/wp-content\/uploads\/2025\/04\/plump-2-768x233.png 768w, https:\/\/densilab.com\/wp-content\/uploads\/2025\/04\/plump-2-600x182.png 600w, https:\/\/densilab.com\/wp-content\/uploads\/2025\/04\/plump-2.png 851w\" sizes=\"auto, (max-width: 758px) 100vw, 758px\" \/><\/p>\n<h4 data-start=\"2282\" data-end=\"2680\"><strong data-start=\"2282\" data-end=\"2314\">INFORMATIONS SUPPL\u00c9MENTAIRES<\/strong><\/h4>\n<p class=\"\" data-start=\"2282\" data-end=\"2680\">Le produit provient du fabricant Hallstar OLEOS. L'entreprise est sp\u00e9cialis\u00e9e dans les ingr\u00e9dients actifs \u00e0 base d'huiles v\u00e9g\u00e9tales naturelles, ce qui rend PLUMP Ol\u00e9oactif\u00ae particuli\u00e8rement adapt\u00e9 aux formulations cosm\u00e9tiques efficaces et naturelles.<br data-start=\"2567\" data-end=\"2570\" \/>L'ingr\u00e9dient actif est insoluble dans l'eau, mais soluble dans les huiles v\u00e9g\u00e9tales et les esters cosm\u00e9tiques.<\/p>\n<p class=\"\" data-start=\"2682\" data-end=\"2816\"><strong data-start=\"2682\" data-end=\"2708\">Propri\u00e9t\u00e9s chimiques:<\/strong><br data-start=\"2708\" data-end=\"2711\" \/>\u2022 Apparence : Liquide huileux homog\u00e8ne, de couleur jaune clair \u00e0 ambre<br data-start=\"2781\" data-end=\"2784\" \/>\u2022 Odeur : Douce, grasse, florale<\/p>\n<h4 data-start=\"2818\" data-end=\"2868\"><strong data-start=\"2818\" data-end=\"2832\">Stockage:<\/strong><\/h4>\n<p class=\"\" data-start=\"2818\" data-end=\"2868\">Conserver \u00e0 temp\u00e9rature ambiante.<\/p>\n<h4 data-start=\"2870\" data-end=\"2933\"><strong data-start=\"2870\" data-end=\"2887\">Pr\u00e9cautions:<\/strong><\/h4>\n<p class=\"\" data-start=\"2870\" data-end=\"2933\">Respecter la date de p\u00e9remption du produit.<\/p>\n","protected":false},"excerpt":{"rendered":"<p>Ingr\u00e9dient pour l'industrie cosm\u00e9tique (Raw Material): PLUMP OLEOACTIF\u00aeINCL: Simmondsia Chinensis Seed Oil (et) Punica Granatum Flower Extract (et) Polyglyceryl-3 DiisostearateINCI\/N\u00b0CAS:Simmondsia Chinensis Seed Oil \/ 90045-98-0Punica Granatum Flower Extract \/ 84961-57-9Polyglyceryl-3 Diisostearate \/ 66082-42-6 \/ 85666-92-8 APPLICATION PLUMP Ol\u00e9oactif\u00ae est un ingr\u00e9dient actif sp\u00e9cialis\u00e9 \u00e0 base d'extrait de fleurs de grenade, con\u00e7u pour les soins des [&hellip;]<\/p>\n","protected":false},"featured_media":2366,"comment_status":"open","ping_status":"closed","template":"","meta":[],"product_brand":[],"product_cat":[200,223,191,194,196],"product_tag":[],"class_list":{"0":"post-2369","1":"product","2":"type-product","3":"status-publish","4":"has-post-thumbnail","6":"product_cat-must-have-fr","7":"product_cat-ingredients-actifs","8":"product_cat-ingredients-anti-age","9":"product_cat-ingredients-hydratants","10":"product_cat-visage","12":"first","13":"instock","14":"taxable","15":"shipping-taxable","16":"purchasable","17":"product-type-simple"},"_links":{"self":[{"href":"https:\/\/densilab.com\/fr\/wp-json\/wp\/v2\/product\/2369","targetHints":{"allow":["GET"]}}],"collection":[{"href":"https:\/\/densilab.com\/fr\/wp-json\/wp\/v2\/product"}],"about":[{"href":"https:\/\/densilab.com\/fr\/wp-json\/wp\/v2\/types\/product"}],"replies":[{"embeddable":true,"href":"https:\/\/densilab.com\/fr\/wp-json\/wp\/v2\/comments?post=2369"}],"wp:featuredmedia":[{"embeddable":true,"href":"https:\/\/densilab.com\/fr\/wp-json\/wp\/v2\/media\/2366"}],"wp:attachment":[{"href":"https:\/\/densilab.com\/fr\/wp-json\/wp\/v2\/media?parent=2369"}],"wp:term":[{"taxonomy":"product_brand","embeddable":true,"href":"https:\/\/densilab.com\/fr\/wp-json\/wp\/v2\/product_brand?post=2369"},{"taxonomy":"product_cat","embeddable":true,"href":"https:\/\/densilab.com\/fr\/wp-json\/wp\/v2\/product_cat?post=2369"},{"taxonomy":"product_tag","embeddable":true,"href":"https:\/\/densilab.com\/fr\/wp-json\/wp\/v2\/product_tag?post=2369"}],"curies":[{"name":"wp","href":"https:\/\/api.w.org\/{rel}","templated":true}]}}