{"id":2336,"date":"2025-04-10T14:00:11","date_gmt":"2025-04-10T14:00:11","guid":{"rendered":"https:\/\/densilab.com\/?post_type=product&#038;p=2336"},"modified":"2025-08-31T09:50:30","modified_gmt":"2025-08-31T09:50:30","slug":"huile-de-cafe-vert-non-raffine-pressee-a-froid","status":"publish","type":"product","link":"https:\/\/densilab.com\/fr\/produkt\/huile-de-cafe-vert-non-raffine-pressee-a-froid\/","title":{"rendered":"HUILE DE CAF\u00c9 VERT NON RAFFIN\u00c9, PRESS\u00c9E \u00c0 FROID"},"content":{"rendered":"<p class=\"\" data-start=\"61\" data-end=\"259\"><strong data-start=\"115\" data-end=\"147\">Nom de la mati\u00e8re premi\u00e8re :<\/strong> Huile de caf\u00e9 vert, press\u00e9e \u00e0 froid, non raffin\u00e9e<br data-start=\"197\" data-end=\"200\" \/><strong data-start=\"200\" data-end=\"210\">INCI :<\/strong> <em>Coffea Arabica Seed Oil<\/em><br data-start=\"234\" data-end=\"237\" \/><strong data-start=\"237\" data-end=\"246\">CAS :<\/strong> 84650-00-0<\/p>\n<p class=\"\" data-start=\"261\" data-end=\"426\"><strong data-start=\"261\" data-end=\"273\">Aspect :<\/strong> Huile de couleur jaune, avec une odeur caract\u00e9ristique et douce (diff\u00e9rente de celle du caf\u00e9 torr\u00e9fi\u00e9).<br data-start=\"377\" data-end=\"380\" \/>La mati\u00e8re premi\u00e8re provient du Royaume-Uni.<\/p>\n<h3 class=\"\" data-start=\"428\" data-end=\"445\">Utilisation<\/h3>\n<p class=\"\" data-start=\"446\" data-end=\"1201\">Depuis quelques ann\u00e9es, les fruits verts et non m\u00fbrs du caf\u00e9 gagnent en popularit\u00e9 dans la cosm\u00e9tique. Ils sont riches en antioxydants qui prot\u00e8gent le mat\u00e9riel g\u00e9n\u00e9tique des cellules cutan\u00e9es, ainsi qu\u2019en substances r\u00e9g\u00e9n\u00e9rantes et hydratantes.<br data-start=\"691\" data-end=\"694\" \/>Notre produit est une huile v\u00e9g\u00e9tale naturelle et hautement active, obtenue par pression \u00e0 froid des grains de caf\u00e9 non m\u00fbrs \u2013 une v\u00e9ritable bombe d\u2019hydratation et de r\u00e9g\u00e9n\u00e9ration pour la peau. Gr\u00e2ce \u00e0 sa teneur exceptionnellement \u00e9lev\u00e9e en phytost\u00e9rols et en acide linol\u00e9ique, l\u2019huile poss\u00e8de des propri\u00e9t\u00e9s anti-\u00e2ge, apaisantes et protectrices.<br data-start=\"1040\" data-end=\"1043\" \/>L\u2019huile de caf\u00e9 vert convient \u00e0 tous les types de peau, mais elle r\u00e9v\u00e8le tout son potentiel sur les peaux s\u00e8ches, grasses, \u00e0 tendance acn\u00e9ique ou sensibles.<\/p>\n<p class=\"\" data-start=\"1203\" data-end=\"1500\"><strong data-start=\"1203\" data-end=\"1253\">Utilisation recommand\u00e9e dans les cosm\u00e9tiques :<\/strong><br data-start=\"1253\" data-end=\"1256\" \/>\u2022 Comme ingr\u00e9dient dans les s\u00e9rums anti-cellulite, les laits corporels et les cr\u00e8mes<br data-start=\"1340\" data-end=\"1343\" \/>\u2022 Seule, comme huile nourrissante pour le visage et le corps<br data-start=\"1403\" data-end=\"1406\" \/>\u2022 Dans les soins pour peaux s\u00e8ches, grasses, acn\u00e9iques ou pr\u00e9sentant des taches pigmentaires<\/p>\n<p class=\"\" data-start=\"1502\" data-end=\"1743\"><strong data-start=\"1502\" data-end=\"1514\">Dosage :<\/strong> 15 \u00e0 100 % (peut \u00eatre utilis\u00e9e pure, sans dilution).<br data-start=\"1567\" data-end=\"1570\" \/>L\u2019huile est rapidement absorb\u00e9e, ne laisse pas de film gras, peut \u00eatre combin\u00e9e avec d\u2019autres huiles, ajout\u00e9e \u00e0 des cosm\u00e9tiques finis ou utilis\u00e9e dans des formules maison.<\/p>\n<h3 class=\"\" data-start=\"1745\" data-end=\"1757\">Effets<\/h3>\n<p class=\"\" data-start=\"1758\" data-end=\"2729\">\u2022 <strong data-start=\"1760\" data-end=\"1783\">Hydratation intense<\/strong> \u2013 agit 6 fois plus efficacement que l\u2019huile de jojoba (!), retient l\u2019eau dans la peau, adoucit et lisse l\u2019\u00e9piderme.<br data-start=\"1899\" data-end=\"1902\" \/>\u2022 <strong data-start=\"1904\" data-end=\"1931\">Anti-\u00e2ge et r\u00e9g\u00e9n\u00e9rante<\/strong> \u2013 les phytost\u00e9rols soutiennent la r\u00e9g\u00e9n\u00e9ration de la peau, am\u00e9liorent son \u00e9lasticit\u00e9 et sa fermet\u00e9, apaisent les irritations et acc\u00e9l\u00e8rent la cicatrisation.<br data-start=\"2088\" data-end=\"2091\" \/>\u2022 <strong data-start=\"2093\" data-end=\"2128\">R\u00e9gulation du s\u00e9bum &amp; anti-acn\u00e9<\/strong> \u2013 r\u00e9duit l\u2019exc\u00e8s de s\u00e9bum, aide \u00e0 pr\u00e9venir les points noirs.<br data-start=\"2189\" data-end=\"2192\" \/>\u2022 <strong data-start=\"2194\" data-end=\"2219\">Action anti-cellulite<\/strong> \u2013 stimule la microcirculation, raffermit la peau \u2013 id\u00e9ale pour les massages corporels ou comme ingr\u00e9dient de s\u00e9rum anti-cellulite (particuli\u00e8rement recommand\u00e9e en combinaison avec la brom\u00e9la\u00efne).<br data-start=\"2415\" data-end=\"2418\" \/>\u2022 <strong data-start=\"2420\" data-end=\"2455\">Antioxydante &amp; photoprotectrice<\/strong> \u2013 prot\u00e8ge la peau contre les rayons UV et le vieillissement cutan\u00e9 gr\u00e2ce \u00e0 la vitamine E, l\u2019acide chlorog\u00e9nique, le cafestol et le kahweol.<br data-start=\"2595\" data-end=\"2598\" \/>\u2022 <strong data-start=\"2600\" data-end=\"2637\">\u00c9claircit les taches pigmentaires<\/strong> \u2013 l\u2019acide linol\u00e9ique aide \u00e0 unifier le teint et \u00e0 apaiser les effets des coups de soleil.<\/p>\n<h3 data-start=\"2731\" data-end=\"2799\"><strong data-start=\"2731\" data-end=\"2749\">Conservation\u00a0<\/strong><\/h3>\n<p class=\"\" data-start=\"2731\" data-end=\"2799\">\u00c0 conserver au r\u00e9frig\u00e9rateur apr\u00e8s ouverture.<\/p>\n<h3 data-start=\"2801\" data-end=\"2864\"><strong data-start=\"2801\" data-end=\"2820\">Avertissement\u00a0<\/strong><\/h3>\n<p class=\"\" data-start=\"2801\" data-end=\"2864\">Respecter la date de p\u00e9remption indiqu\u00e9e.<\/p>\n","protected":false},"excerpt":{"rendered":"<p>Nom de la mati\u00e8re premi\u00e8re : Huile de caf\u00e9 vert, press\u00e9e \u00e0 froid, non raffin\u00e9eINCI : Coffea Arabica Seed OilCAS : 84650-00-0 Aspect : Huile de couleur jaune, avec une odeur caract\u00e9ristique et douce (diff\u00e9rente de celle du caf\u00e9 torr\u00e9fi\u00e9).La mati\u00e8re premi\u00e8re provient du Royaume-Uni. Utilisation Depuis quelques ann\u00e9es, les fruits verts et non m\u00fbrs [&hellip;]<\/p>\n","protected":false},"featured_media":2333,"comment_status":"open","ping_status":"closed","template":"","meta":[],"product_brand":[],"product_cat":[191,194,195,196,202,204],"product_tag":[],"class_list":{"0":"post-2336","1":"product","2":"type-product","3":"status-publish","4":"has-post-thumbnail","6":"product_cat-ingredients-anti-age","7":"product_cat-ingredients-hydratants","8":"product_cat-peau-vasculaire-acne-preparations-anti-cellulite","9":"product_cat-visage","10":"product_cat-corps","11":"product_cat-huiles-squalane-beurres-cosmetiques-et-macerats-dhuiles","13":"first","14":"instock","15":"taxable","16":"shipping-taxable","17":"purchasable","18":"product-type-simple"},"_links":{"self":[{"href":"https:\/\/densilab.com\/fr\/wp-json\/wp\/v2\/product\/2336","targetHints":{"allow":["GET"]}}],"collection":[{"href":"https:\/\/densilab.com\/fr\/wp-json\/wp\/v2\/product"}],"about":[{"href":"https:\/\/densilab.com\/fr\/wp-json\/wp\/v2\/types\/product"}],"replies":[{"embeddable":true,"href":"https:\/\/densilab.com\/fr\/wp-json\/wp\/v2\/comments?post=2336"}],"wp:featuredmedia":[{"embeddable":true,"href":"https:\/\/densilab.com\/fr\/wp-json\/wp\/v2\/media\/2333"}],"wp:attachment":[{"href":"https:\/\/densilab.com\/fr\/wp-json\/wp\/v2\/media?parent=2336"}],"wp:term":[{"taxonomy":"product_brand","embeddable":true,"href":"https:\/\/densilab.com\/fr\/wp-json\/wp\/v2\/product_brand?post=2336"},{"taxonomy":"product_cat","embeddable":true,"href":"https:\/\/densilab.com\/fr\/wp-json\/wp\/v2\/product_cat?post=2336"},{"taxonomy":"product_tag","embeddable":true,"href":"https:\/\/densilab.com\/fr\/wp-json\/wp\/v2\/product_tag?post=2336"}],"curies":[{"name":"wp","href":"https:\/\/api.w.org\/{rel}","templated":true}]}}