{"id":2259,"date":"2025-03-19T14:57:23","date_gmt":"2025-03-19T14:57:23","guid":{"rendered":"https:\/\/densilab.com\/?post_type=product&#038;p=2259"},"modified":"2025-03-19T15:02:52","modified_gmt":"2025-03-19T15:02:52","slug":"huile-de-pepins-de-figue-de-barbarie","status":"publish","type":"product","link":"https:\/\/densilab.com\/fr\/produkt\/huile-de-pepins-de-figue-de-barbarie\/","title":{"rendered":"HUILE DE P\u00c9PINS DE FIGUE DE BARBARIE"},"content":{"rendered":"<p data-pm-slice=\"1 1 []\"><strong>Mati\u00e8re premi\u00e8re pour l'industrie :<\/strong> Huile de P\u00e9pins de Figue de Barbarie \/ PRICKLY PEAR SEED OIL REFINED<\/p>\n<p><strong>INCI:<\/strong> <em>Opuntia Ficus-Indica Seed Oil<\/em><br \/>\n<strong>CAS:<\/strong> 90082-21-6<br \/>\n<strong>EINECS :<\/strong> 290-109-1<\/p>\n<h4><strong>Application<\/strong><\/h4>\n<p>L'huile de p\u00e9pins de figue de barbarie est extraite des graines du fruit de la figue de barbarie (Opuntia ficus-indica). Elle est raffin\u00e9e et poss\u00e8de de puissantes propri\u00e9t\u00e9s anti-\u00e2ge, hydratantes et protectrices contre le photovieillissement. L'huile provient de plantations marocaines et n'est ni dilu\u00e9e ni enrichie en ingr\u00e9dients suppl\u00e9mentaires.<\/p>\n<p>Elle contient de grandes quantit\u00e9s de vitamine E et d'acides gras om\u00e9ga-6, ce qui en fait une base ou un additif id\u00e9al pour les cosm\u00e9tiques (cr\u00e8mes, masques, lotions) destin\u00e9s aux peaux matures ou en besoin de r\u00e9g\u00e9n\u00e9ration. Elle est \u00e9galement parfaite pour les soins des zones d\u00e9licates comme le contour des yeux, les l\u00e8vres et le d\u00e9collet\u00e9. De plus, elle est utilis\u00e9e dans les soins des cheveux et des ongles.<\/p>\n<p><strong>Concentration recommand\u00e9e dans les formulations cosm\u00e9tiques :<\/strong> 5-99 %.<\/p>\n<h4><strong>Description des effets<\/strong><\/h4>\n<p>L'huile de p\u00e9pins de figue de barbarie hydrate intens\u00e9ment la peau et r\u00e9duit efficacement les rides. Un effet tenseur notable est ressenti d\u00e8s la premi\u00e8re utilisation. Gr\u00e2ce \u00e0 sa teneur \u00e9lev\u00e9e en st\u00e9rols, elle emp\u00eache efficacement la perte d'eau de la peau. Elle combat la cellulite et r\u00e9duit visiblement les vergetures. De plus, elle poss\u00e8de des propri\u00e9t\u00e9s anti-inflammatoires, tonifiantes et stimule les processus de r\u00e9g\u00e9n\u00e9ration et de cicatrisation de l'\u00e9piderme.<\/p>\n<p>Une caract\u00e9ristique unique de l'huile de p\u00e9pins de figue de barbarie est son effet stimulant sur le syst\u00e8me immunitaire de la peau (immunostimulation). Gr\u00e2ce \u00e0 sa haute teneur en substances activant les prot\u00e9ines HSP, en phytost\u00e9rols et en zinc, l'huile stimule les processus naturels de r\u00e9paration de la peau, la rendant plus r\u00e9sistante aux agressions ext\u00e9rieures et moins sujette aux irritations et inflammations.<\/p>\n<p><strong>R\u00e9sum\u00e9:<\/strong><\/p>\n<p>\u2022 Am\u00e9liore l'\u00e9tat de la peau, r\u00e9duit les cicatrices et les vergetures,<br \/>\n\u2022 Att\u00e9nue les sympt\u00f4mes de la rosac\u00e9e,<br \/>\n\u2022 Aide \u00e0 lutter contre la desquamation cutan\u00e9e,<br \/>\n\u2022 R\u00e9g\u00e9n\u00e8re les ongles et pr\u00e9vient leur fragilit\u00e9,<br \/>\n\u2022 \u00c9limine efficacement les taches pigmentaires, y compris les taches de vieillesse autour des l\u00e8vres, des yeux ou des mains,<br \/>\n\u2022 R\u00e9duit les cernes et les poches sous les yeux, lisse les rides autour des l\u00e8vres et des yeux,<br \/>\n\u2022 P\u00e9n\u00e8tre profond\u00e9ment dans la peau et restaure la production de collag\u00e8ne,<br \/>\n\u2022 Apaise les irritations et les rougeurs cutan\u00e9es,<br \/>\n\u2022 Poss\u00e8de un effet r\u00e9g\u00e9n\u00e9rant exceptionnel \u2013 adoucit la peau, la raffermit, d\u00e9sobstrue les pores et les nettoie en profondeur.<\/p>\n<h4><strong>Instructions de stockage<\/strong><\/h4>\n<p>Conserver \u00e0 temp\u00e9rature ambiante.<\/p>\n<h4><strong>Avertissements<\/strong><\/h4>\n<p>Respecter la date de p\u00e9remption indiqu\u00e9e sur l'emballage.<\/p>\n","protected":false},"excerpt":{"rendered":"<p>Mati\u00e8re premi\u00e8re pour l'industrie : Huile de P\u00e9pins de Figue de Barbarie \/ PRICKLY PEAR SEED OIL REFINED INCI: Opuntia Ficus-Indica Seed Oil CAS: 90082-21-6 EINECS : 290-109-1 Application L'huile de p\u00e9pins de figue de barbarie est extraite des graines du fruit de la figue de barbarie (Opuntia ficus-indica). Elle est raffin\u00e9e et poss\u00e8de de [&hellip;]<\/p>\n","protected":false},"featured_media":2256,"comment_status":"open","ping_status":"closed","template":"","meta":[],"product_brand":[],"product_cat":[191,194,195,196,197,202,204],"product_tag":[],"class_list":{"0":"post-2259","1":"product","2":"type-product","3":"status-publish","4":"has-post-thumbnail","6":"product_cat-ingredients-anti-age","7":"product_cat-ingredients-hydratants","8":"product_cat-peau-vasculaire-acne-preparations-anti-cellulite","9":"product_cat-visage","10":"product_cat-cheveux","11":"product_cat-corps","12":"product_cat-huiles-squalane-beurres-cosmetiques-et-macerats-dhuiles","14":"first","15":"instock","16":"taxable","17":"shipping-taxable","18":"purchasable","19":"product-type-simple"},"_links":{"self":[{"href":"https:\/\/densilab.com\/fr\/wp-json\/wp\/v2\/product\/2259","targetHints":{"allow":["GET"]}}],"collection":[{"href":"https:\/\/densilab.com\/fr\/wp-json\/wp\/v2\/product"}],"about":[{"href":"https:\/\/densilab.com\/fr\/wp-json\/wp\/v2\/types\/product"}],"replies":[{"embeddable":true,"href":"https:\/\/densilab.com\/fr\/wp-json\/wp\/v2\/comments?post=2259"}],"wp:featuredmedia":[{"embeddable":true,"href":"https:\/\/densilab.com\/fr\/wp-json\/wp\/v2\/media\/2256"}],"wp:attachment":[{"href":"https:\/\/densilab.com\/fr\/wp-json\/wp\/v2\/media?parent=2259"}],"wp:term":[{"taxonomy":"product_brand","embeddable":true,"href":"https:\/\/densilab.com\/fr\/wp-json\/wp\/v2\/product_brand?post=2259"},{"taxonomy":"product_cat","embeddable":true,"href":"https:\/\/densilab.com\/fr\/wp-json\/wp\/v2\/product_cat?post=2259"},{"taxonomy":"product_tag","embeddable":true,"href":"https:\/\/densilab.com\/fr\/wp-json\/wp\/v2\/product_tag?post=2259"}],"curies":[{"name":"wp","href":"https:\/\/api.w.org\/{rel}","templated":true}]}}