{"id":2211,"date":"2025-03-13T14:53:58","date_gmt":"2025-03-13T14:53:58","guid":{"rendered":"https:\/\/densilab.com\/?post_type=product&#038;p=2211"},"modified":"2025-03-13T14:57:08","modified_gmt":"2025-03-13T14:57:08","slug":"hydrolat-de-melisse-naturel","status":"publish","type":"product","link":"https:\/\/densilab.com\/fr\/produkt\/hydrolat-de-melisse-naturel\/","title":{"rendered":"HYDROLAT DE M\u00c9LISSE (NATUREL)"},"content":{"rendered":"<div class=\"flex max-w-full flex-col flex-grow\">\n<div class=\"min-h-8 text-message relative flex w-full flex-col items-end gap-2 whitespace-normal break-words text-start [.text-message+&amp;]:mt-5\" dir=\"auto\" data-message-author-role=\"assistant\" data-message-id=\"075d29d4-fb2c-4af6-8757-f13ef25ad17b\" data-message-model-slug=\"gpt-4o\">\n<div class=\"flex w-full flex-col gap-1 empty:hidden first:pt-[3px]\">\n<div class=\"markdown prose w-full break-words dark:prose-invert dark\">\n<p data-start=\"52\" data-end=\"207\"><strong data-start=\"52\" data-end=\"87\">Mati\u00e8re premi\u00e8re industrielle :<\/strong> Hydrolat de m\u00e9lisse \/ Eau de M\u00e9lisse<br data-start=\"124\" data-end=\"127\" \/><strong data-start=\"127\" data-end=\"137\">INCL :<\/strong> <em data-start=\"138\" data-end=\"159\">Melissa officinalis<\/em> flower\/leaf\/stem water<br data-start=\"182\" data-end=\"185\" \/><strong data-start=\"185\" data-end=\"194\">CAS :<\/strong> 84082-61-1<\/p>\n<h3 data-start=\"209\" data-end=\"230\"><strong data-start=\"213\" data-end=\"228\">Utilisation<\/strong><\/h3>\n<p data-start=\"232\" data-end=\"415\">L\u2019hydrolat de m\u00e9lisse est obtenu par distillation \u00e0 la vapeur des feuilles de <em data-start=\"310\" data-end=\"331\">Melissa officinalis<\/em>.<br data-start=\"332\" data-end=\"335\" \/>Cet hydrolat est <strong data-start=\"352\" data-end=\"368\">100% naturel<\/strong>, sans conservateurs ni additifs artificiels.<\/p>\n<p data-start=\"417\" data-end=\"782\">En cosm\u00e9tique, il est utilis\u00e9 dans les <strong data-start=\"456\" data-end=\"525\">soins anti-\u00e2ge, r\u00e9gulateurs de s\u00e9bum, protecteurs et apr\u00e8s-soleil<\/strong> (convient \u00e9galement apr\u00e8s une s\u00e9ance de solarium).<br data-start=\"576\" data-end=\"579\" \/>C\u2019est un excellent ingr\u00e9dient pour les soins des peaux \u00e0 imperfections (cr\u00e8mes, s\u00e9rums, masques).<br data-start=\"676\" data-end=\"679\" \/>Il est aussi parfait pour les <strong data-start=\"709\" data-end=\"732\">lotions corporelles<\/strong>, notamment celles qui ciblent la <strong data-start=\"766\" data-end=\"779\">cellulite<\/strong>.<\/p>\n<p data-start=\"784\" data-end=\"1002\">Utilis\u00e9 comme <strong data-start=\"798\" data-end=\"819\">lotion capillaire<\/strong>, il aide \u00e0 r\u00e9duire la s\u00e9cheresse et les d\u00e9mangeaisons du cuir chevelu.<br data-start=\"890\" data-end=\"893\" \/>Peut \u00e9galement \u00eatre utilis\u00e9 en <strong data-start=\"924\" data-end=\"944\">brume capillaire<\/strong>, laissant un doux parfum herbac\u00e9 sucr\u00e9 sur les cheveux.<\/p>\n<h3 data-start=\"1004\" data-end=\"1033\"><strong data-start=\"1008\" data-end=\"1031\">Modes d\u2019application<\/strong><\/h3>\n<p><strong data-start=\"1036\" data-end=\"1056\">Utilisation pure<\/strong> \u2013 Appliquer directement sur la peau comme <strong data-start=\"1099\" data-end=\"1156\">tonique visage ou brume rafra\u00eechissante et aromatique<\/strong> apr\u00e8s le nettoyage.<\/p>\n<p><strong data-start=\"1181\" data-end=\"1216\">Am\u00e9lioration des masques maison<\/strong> \u2013 M\u00e9langer de l\u2019argile avec l\u2019hydrolat jusqu\u2019\u00e0 obtenir la consistance d\u00e9sir\u00e9e. Ajouter une demi-cuill\u00e8re \u00e0 caf\u00e9 d\u2019une huile v\u00e9g\u00e9tale et quelques gouttes d\u2019actifs (comme l\u2019acide hyaluronique, le collag\u00e8ne ou la bave d\u2019escargot).<\/p>\n<p><strong data-start=\"1449\" data-end=\"1483\">Fabrication de cosm\u00e9tiques DIY<\/strong> \u2013 Utiliser l\u2019hydrolat comme phase aqueuse pour les cr\u00e8mes, lotions, s\u00e9rums ou toniques faits maison.<\/p>\n<p data-start=\"1588\" data-end=\"1681\"><strong data-start=\"1588\" data-end=\"1641\">Concentration recommand\u00e9e en cosm\u00e9tique : 10-100%<\/strong> (peut \u00eatre appliqu\u00e9 pur sur la peau).<\/p>\n<h3 data-start=\"1683\" data-end=\"1703\"><strong data-start=\"1687\" data-end=\"1701\">Propri\u00e9t\u00e9s<\/strong><\/h3>\n<p data-start=\"1705\" data-end=\"2111\">L\u2019hydrolat de m\u00e9lisse a des propri\u00e9t\u00e9s <strong data-start=\"1744\" data-end=\"1787\">tonifiantes, astringentes et relaxantes<\/strong>, ce qui lui conf\u00e8re des effets <strong data-start=\"1819\" data-end=\"1931\">anti-cellulite, veinotoniques et apaisants contre les jambes lourdes et les gonflements autour des chevilles<\/strong>.<br data-start=\"1932\" data-end=\"1935\" \/>Il est utile dans le traitement des <strong data-start=\"1971\" data-end=\"1986\">h\u00e9morro\u00efdes<\/strong>, poss\u00e8de des <strong data-start=\"2000\" data-end=\"2047\">propri\u00e9t\u00e9s anti-inflammatoires et calmantes<\/strong>, et aide \u00e0 soulager les <strong data-start=\"2072\" data-end=\"2108\">irritations cutan\u00e9es et l\u2019ecz\u00e9ma<\/strong>.<\/p>\n<h3 data-start=\"2113\" data-end=\"2149\"><strong data-start=\"2117\" data-end=\"2147\">Conditions de conservation<\/strong><\/h3>\n<p data-start=\"2151\" data-end=\"2291\">\u00c0 conserver au frais.<br data-start=\"2172\" data-end=\"2175\" \/>Se garde jusqu\u2019\u00e0 <strong data-start=\"2192\" data-end=\"2229\">3 semaines \u00e0 temp\u00e9rature ambiante<\/strong>, pour une conservation prolong\u00e9e, stocker au r\u00e9frig\u00e9rateur.<\/p>\n<h3 data-start=\"2293\" data-end=\"2323\"><strong data-start=\"2297\" data-end=\"2321\">Pr\u00e9cautions d\u2019emploi<\/strong><\/h3>\n<p data-start=\"2325\" data-end=\"2382\" data-is-last-node=\"\" data-is-only-node=\"\">Respecter la date de p\u00e9remption indiqu\u00e9e sur l\u2019emballage.<\/p>\n<\/div>\n<\/div>\n<\/div>\n<\/div>\n","protected":false},"excerpt":{"rendered":"<p>Mati\u00e8re premi\u00e8re industrielle : Hydrolat de m\u00e9lisse \/ Eau de M\u00e9lisseINCL : Melissa officinalis flower\/leaf\/stem waterCAS : 84082-61-1 Utilisation L\u2019hydrolat de m\u00e9lisse est obtenu par distillation \u00e0 la vapeur des feuilles de Melissa officinalis.Cet hydrolat est 100% naturel, sans conservateurs ni additifs artificiels. En cosm\u00e9tique, il est utilis\u00e9 dans les soins anti-\u00e2ge, r\u00e9gulateurs de s\u00e9bum, [&hellip;]<\/p>\n","protected":false},"featured_media":2209,"comment_status":"open","ping_status":"closed","template":"","meta":[],"product_brand":[],"product_cat":[191,194,195,196,197,202,190],"product_tag":[],"class_list":{"0":"post-2211","1":"product","2":"type-product","3":"status-publish","4":"has-post-thumbnail","6":"product_cat-ingredients-anti-age","7":"product_cat-ingredients-hydratants","8":"product_cat-peau-vasculaire-acne-preparations-anti-cellulite","9":"product_cat-visage","10":"product_cat-cheveux","11":"product_cat-corps","12":"product_cat-hydrolats","14":"first","15":"instock","16":"taxable","17":"shipping-taxable","18":"purchasable","19":"product-type-simple"},"_links":{"self":[{"href":"https:\/\/densilab.com\/fr\/wp-json\/wp\/v2\/product\/2211","targetHints":{"allow":["GET"]}}],"collection":[{"href":"https:\/\/densilab.com\/fr\/wp-json\/wp\/v2\/product"}],"about":[{"href":"https:\/\/densilab.com\/fr\/wp-json\/wp\/v2\/types\/product"}],"replies":[{"embeddable":true,"href":"https:\/\/densilab.com\/fr\/wp-json\/wp\/v2\/comments?post=2211"}],"wp:featuredmedia":[{"embeddable":true,"href":"https:\/\/densilab.com\/fr\/wp-json\/wp\/v2\/media\/2209"}],"wp:attachment":[{"href":"https:\/\/densilab.com\/fr\/wp-json\/wp\/v2\/media?parent=2211"}],"wp:term":[{"taxonomy":"product_brand","embeddable":true,"href":"https:\/\/densilab.com\/fr\/wp-json\/wp\/v2\/product_brand?post=2211"},{"taxonomy":"product_cat","embeddable":true,"href":"https:\/\/densilab.com\/fr\/wp-json\/wp\/v2\/product_cat?post=2211"},{"taxonomy":"product_tag","embeddable":true,"href":"https:\/\/densilab.com\/fr\/wp-json\/wp\/v2\/product_tag?post=2211"}],"curies":[{"name":"wp","href":"https:\/\/api.w.org\/{rel}","templated":true}]}}