{"id":2193,"date":"2025-03-13T10:22:26","date_gmt":"2025-03-13T10:22:26","guid":{"rendered":"https:\/\/densilab.com\/?post_type=product&#038;p=2193"},"modified":"2025-03-13T10:25:14","modified_gmt":"2025-03-13T10:25:14","slug":"huile-de-laurier-bio","status":"publish","type":"product","link":"https:\/\/densilab.com\/fr\/produkt\/huile-de-laurier-bio\/","title":{"rendered":"HUILE DE LAURIER BIO"},"content":{"rendered":"<div class=\"flex max-w-full flex-col flex-grow\">\n<div class=\"min-h-8 text-message relative flex w-full flex-col items-end gap-2 whitespace-normal break-words text-start [.text-message+&amp;]:mt-5\" dir=\"auto\" data-message-author-role=\"assistant\" data-message-id=\"da78249a-0f79-4c21-9f12-4a0ac6ea5b4d\" data-message-model-slug=\"gpt-4o-mini\">\n<div class=\"flex w-full flex-col gap-1 empty:hidden first:pt-[3px]\">\n<div class=\"markdown prose w-full break-words dark:prose-invert dark\">\n<p data-start=\"32\" data-end=\"172\"><strong data-start=\"32\" data-end=\"85\">Mati\u00e8re premi\u00e8re pour l'industrie (Raw Material):<\/strong> Huile de laurier \/ Laurel Oil<br data-start=\"115\" data-end=\"118\" \/><strong data-start=\"118\" data-end=\"127\">INCL:<\/strong> <em>Laurus Nobilis Fruit Oil<\/em><br data-start=\"152\" data-end=\"155\" \/><strong data-start=\"155\" data-end=\"172\">CAS<\/strong> 8007-48-5<\/p>\n<h4 data-start=\"174\" data-end=\"189\"><strong data-start=\"174\" data-end=\"189\">Utilisation<\/strong><\/h4>\n<p data-start=\"191\" data-end=\"456\">100% Huile de laurier. Contient 3,1% d'huiles essentielles, la teneur en eau est inf\u00e9rieure \u00e0 0,3%. L'huile a une odeur relativement forte et caract\u00e9ristique de laurier.<br data-start=\"360\" data-end=\"363\" \/>L'huile est produite au Royaume-Uni \u00e0 partir de mati\u00e8res premi\u00e8res provenant du Moyen-Orient.<\/p>\n<p data-start=\"458\" data-end=\"684\">L'huile de laurier fait partie des huiles fortement actives, il est donc recommand\u00e9 de l'utiliser uniquement dans des formulations cosm\u00e9tiques (m\u00eame dans des formules simples, comme la m\u00e9langer avec une autre huile de base).<\/p>\n<p data-start=\"686\" data-end=\"1080\"><strong data-start=\"686\" data-end=\"695\">Peau:<\/strong><br data-start=\"695\" data-end=\"698\" \/>Cette huile est utilis\u00e9e dans tous types de produits cosm\u00e9tiques pour la peau \u2013 cr\u00e8mes pour le visage, masques (par exemple, contre l'acn\u00e9), baumes corporels et cr\u00e8mes pour les mains.<br data-start=\"881\" data-end=\"884\" \/>C'est un excellent ingr\u00e9dient pour les cosm\u00e9tiques destin\u00e9s aux peaux endommag\u00e9es, s\u00e8ches, sensibles et sujettes aux boutons.<br data-start=\"1009\" data-end=\"1012\" \/>Concentration recommand\u00e9e dans les formulations cosm\u00e9tiques : 5-90%.<\/p>\n<p data-start=\"1082\" data-end=\"1499\"><strong data-start=\"1082\" data-end=\"1104\">Cheveux et ongles:<\/strong><br data-start=\"1104\" data-end=\"1107\" \/>M\u00e9lang\u00e9e avec une autre huile ou un apr\u00e8s-shampoing, elle constitue un excellent s\u00e9rum renfor\u00e7ant les racines des cheveux et \u00e9liminant les pellicules.<br data-start=\"1257\" data-end=\"1260\" \/>Lors de son utilisation sur les cheveux, elle peut \u00eatre m\u00e9lang\u00e9e avec de l'huile d'amande douce, de l'huile de macadamia ou notre base de soin capillaire bio (concentration recommand\u00e9e 1:1) et mass\u00e9e sur le cuir chevelu pendant 15 minutes.<\/p>\n<h4 data-start=\"1501\" data-end=\"1528\"><strong data-start=\"1501\" data-end=\"1528\">Description de l'action<\/strong><\/h4>\n<p data-start=\"1530\" data-end=\"2197\">L'huile de laurier est connue depuis des centaines, voire des milliers d'ann\u00e9es pour ses propri\u00e9t\u00e9s antiseptiques, bact\u00e9ricides et anti-inflammatoires. Elle a fait ses preuves comme un excellent rem\u00e8de contre l'acn\u00e9, les pellicules, ainsi que comme produit apportant un soulagement dans les affections rhumatismales.<br data-start=\"1846\" data-end=\"1849\" \/>En raison de sa forte teneur en chlorophylle, elle favorise la gu\u00e9rison des plaies et des inflammations cutan\u00e9es.<br data-start=\"1962\" data-end=\"1965\" \/>Gr\u00e2ce \u00e0 sa teneur en huiles essentielles (3,1% de la masse), elle est un excellent antifongique.<br data-start=\"2061\" data-end=\"2064\" \/>De plus, elle est un excellent moyen de protection pour notre peau \u2013 elle renouvelle le manteau hydrolipidique protecteur de la peau.<\/p>\n<p data-start=\"2199\" data-end=\"2344\">L'huile de laurier contient de la pentoline, qui stimule l'activit\u00e9 des follicules pileux, favorise la pousse des cheveux et pr\u00e9vient leur chute.<\/p>\n<h4 data-start=\"2346\" data-end=\"2589\"><strong data-start=\"2346\" data-end=\"2362\">Conservation<\/strong><\/h4>\n<p data-start=\"2346\" data-end=\"2589\">Prot\u00e9ger de l'exposition \u00e0 la lumi\u00e8re solaire.<br data-start=\"2411\" data-end=\"2414\" \/>Si l'huile devient solide (ce qui est normal \u00e0 des temp\u00e9ratures plus basses), il suffit de la chauffer l\u00e9g\u00e8rement avant utilisation (plonger la bouteille dans de l'eau ti\u00e8de).<\/p>\n<h4 data-start=\"2591\" data-end=\"2669\"><strong data-start=\"2591\" data-end=\"2609\">Avertissements<\/strong><\/h4>\n<p data-start=\"2591\" data-end=\"2669\" data-is-last-node=\"\" data-is-only-node=\"\">Respecter la date de p\u00e9remption indiqu\u00e9e sur l'emballage.<\/p>\n<\/div>\n<\/div>\n<\/div>\n<\/div>\n<div class=\"mb-2 flex gap-3 -ml-2\" tabindex=\"0\">\n<div class=\"flex items-center justify-start rounded-xl p-1\">\n<div class=\"flex items-center\"><button class=\"rounded-lg text-token-text-secondary hover:bg-token-main-surface-secondary\" aria-label=\"Kopiuj\" data-testid=\"copy-turn-action-button\"><\/button><\/p>\n<div class=\"flex\"><\/div>\n<p><button class=\"rounded-lg text-token-text-secondary hover:bg-token-main-surface-secondary\" aria-label=\"Przeczytaj na g\u0142os\" data-testid=\"voice-play-turn-action-button\"><\/button><button class=\"rounded-lg text-token-text-secondary hover:bg-token-main-surface-secondary\" aria-label=\"Edytuj w kanwie\"><\/button><\/p>\n<div class=\"flex items-center pb-0\"><span class=\"overflow-hidden text-clip whitespace-nowrap text-sm\">4o mini<\/span><\/div>\n<\/div>\n<\/div>\n<\/div>\n","protected":false},"excerpt":{"rendered":"<p>Mati\u00e8re premi\u00e8re pour l'industrie (Raw Material): Huile de laurier \/ Laurel OilINCL: Laurus Nobilis Fruit OilCAS 8007-48-5 Utilisation 100% Huile de laurier. Contient 3,1% d'huiles essentielles, la teneur en eau est inf\u00e9rieure \u00e0 0,3%. L'huile a une odeur relativement forte et caract\u00e9ristique de laurier.L'huile est produite au Royaume-Uni \u00e0 partir de mati\u00e8res premi\u00e8res provenant du [&hellip;]<\/p>\n","protected":false},"featured_media":2191,"comment_status":"open","ping_status":"closed","template":"","meta":[],"product_brand":[],"product_cat":[194,195,196,197,202,204],"product_tag":[],"class_list":{"0":"post-2193","1":"product","2":"type-product","3":"status-publish","4":"has-post-thumbnail","6":"product_cat-ingredients-hydratants","7":"product_cat-peau-vasculaire-acne-preparations-anti-cellulite","8":"product_cat-visage","9":"product_cat-cheveux","10":"product_cat-corps","11":"product_cat-huiles-squalane-beurres-cosmetiques-et-macerats-dhuiles","13":"first","14":"instock","15":"taxable","16":"shipping-taxable","17":"purchasable","18":"product-type-simple"},"_links":{"self":[{"href":"https:\/\/densilab.com\/fr\/wp-json\/wp\/v2\/product\/2193","targetHints":{"allow":["GET"]}}],"collection":[{"href":"https:\/\/densilab.com\/fr\/wp-json\/wp\/v2\/product"}],"about":[{"href":"https:\/\/densilab.com\/fr\/wp-json\/wp\/v2\/types\/product"}],"replies":[{"embeddable":true,"href":"https:\/\/densilab.com\/fr\/wp-json\/wp\/v2\/comments?post=2193"}],"wp:featuredmedia":[{"embeddable":true,"href":"https:\/\/densilab.com\/fr\/wp-json\/wp\/v2\/media\/2191"}],"wp:attachment":[{"href":"https:\/\/densilab.com\/fr\/wp-json\/wp\/v2\/media?parent=2193"}],"wp:term":[{"taxonomy":"product_brand","embeddable":true,"href":"https:\/\/densilab.com\/fr\/wp-json\/wp\/v2\/product_brand?post=2193"},{"taxonomy":"product_cat","embeddable":true,"href":"https:\/\/densilab.com\/fr\/wp-json\/wp\/v2\/product_cat?post=2193"},{"taxonomy":"product_tag","embeddable":true,"href":"https:\/\/densilab.com\/fr\/wp-json\/wp\/v2\/product_tag?post=2193"}],"curies":[{"name":"wp","href":"https:\/\/api.w.org\/{rel}","templated":true}]}}