{"id":2185,"date":"2025-03-13T09:46:28","date_gmt":"2025-03-13T09:46:28","guid":{"rendered":"https:\/\/densilab.com\/?post_type=product&#038;p=2185"},"modified":"2025-03-13T09:51:00","modified_gmt":"2025-03-13T09:51:00","slug":"huile-dargan-bio","status":"publish","type":"product","link":"https:\/\/densilab.com\/fr\/produkt\/huile-dargan-bio\/","title":{"rendered":"HUILE D'ARGAN BIO"},"content":{"rendered":"<p data-start=\"29\" data-end=\"191\"><strong data-start=\"29\" data-end=\"93\">Mati\u00e8re premi\u00e8re pour l'industrie cosm\u00e9tique (Raw Material):<\/strong> Huile d'argan (Argan Oil, CP, Organic)<br data-start=\"132\" data-end=\"135\" \/><strong data-start=\"135\" data-end=\"144\">INCL:<\/strong> <em>Argania Spinosa Seed Oil<\/em><br data-start=\"169\" data-end=\"172\" \/><strong data-start=\"172\" data-end=\"191\">CAS <\/strong>223747-87-3<\/p>\n<h4 data-start=\"193\" data-end=\"208\"><strong data-start=\"193\" data-end=\"208\">Utilisation<\/strong><\/h4>\n<p data-start=\"210\" data-end=\"830\">L'huile cosm\u00e9tique de la plus haute qualit\u00e9 que nous vendons est produite au Maroc et certifi\u00e9e par la British SOIL Association comme huile biologique, non raffin\u00e9e, press\u00e9e \u00e0 froid et non trait\u00e9e chimiquement. Elle est riche en polyph\u00e9nols, acides gras om\u00e9ga 6 et 9, et vitamine E.<br data-start=\"492\" data-end=\"495\" \/>Elle se distingue par sa couleur dor\u00e9e et son parfum caract\u00e9ristique, elle p\u00e9n\u00e8tre rapidement sans laisser de film gras d\u00e9sagr\u00e9able sur la peau.<br data-start=\"639\" data-end=\"642\" \/>L'huile d'argan peut \u00eatre utilis\u00e9e sans risque dans les cosm\u00e9tiques pour la peau, les cheveux et les ongles. Le produit est hypoallerg\u00e9nique, 100% naturel et ne provoque aucune irritation.<\/p>\n<p data-start=\"832\" data-end=\"1307\"><strong data-start=\"832\" data-end=\"842\">Peau :<\/strong><br data-start=\"842\" data-end=\"845\" \/>Utilis\u00e9e comme ajout \u00e0 tous types de produits de soin, elle am\u00e9liore leurs propri\u00e9t\u00e9s hydratantes, tonifiantes et r\u00e9g\u00e9n\u00e9rantes. C'est pourquoi elle est souvent utilis\u00e9e comme ingr\u00e9dient dans des cr\u00e8mes, s\u00e9rums, baumes et masques exclusifs.<br data-start=\"1084\" data-end=\"1087\" \/>Dermatologiquement, elle est recommand\u00e9e pour traiter l'acn\u00e9, le psoriasis, ainsi que pour les vergetures et les cicatrices.<br data-start=\"1211\" data-end=\"1214\" \/>Elle est \u00e9galement excellente comme huile de massage et soutient le traitement du rhumatisme.<\/p>\n<p data-start=\"1309\" data-end=\"1576\"><strong data-start=\"1309\" data-end=\"1332\">Cheveux et ongles :<\/strong><br data-start=\"1332\" data-end=\"1335\" \/>Elle a un effet remarquable sur les cheveux et les ongles \u2013 nous la recommandons comme ajout aux shampoings, apr\u00e8s-shampoings et \u00e9galement comme soin des ongles.<br data-start=\"1496\" data-end=\"1499\" \/>Elle sert \u00e9galement de base parfaite pour un s\u00e9rum capillaire \u00e0 base d'huile.<\/p>\n<p data-start=\"1578\" data-end=\"1692\"><strong data-start=\"1578\" data-end=\"1606\">Formule la plus simple :<\/strong> M\u00e9langez-la avec de l'acide hyaluronique pour obtenir un v\u00e9ritable s\u00e9rum de jeunesse.<\/p>\n<h4 data-start=\"1694\" data-end=\"1721\"><strong data-start=\"1694\" data-end=\"1721\">Description de l'action<\/strong><\/h4>\n<p data-start=\"1723\" data-end=\"2404\">L'huile d'argan hydrate intens\u00e9ment et nourrit la peau (renforce le film hydrolipidique de la peau).<br data-start=\"1823\" data-end=\"1826\" \/>C'est un puissant antioxydant avec des propri\u00e9t\u00e9s antibact\u00e9riennes et antifongiques. En cons\u00e9quence, elle nourrit, r\u00e9g\u00e9n\u00e8re et hydrate la peau s\u00e8che.<br data-start=\"1975\" data-end=\"1978\" \/>L'huile r\u00e9duit les rides et raffermit la peau \u2013 c'est pourquoi on l'appelle l'\u00e9lixir de jeunesse.<br data-start=\"2075\" data-end=\"2078\" \/>Massez-la sur la peau pour r\u00e9duire les vergetures et les cicatrices et aider au traitement des inflammations cutan\u00e9es (y compris l'acn\u00e9) et du psoriasis.<br data-start=\"2231\" data-end=\"2234\" \/>Elle r\u00e9g\u00e9n\u00e8re parfaitement les cheveux et les ongles.<br data-start=\"2287\" data-end=\"2290\" \/>Elle donne aux cheveux une brillance et une douceur incomparables sans alourdir m\u00eame les cheveux fins et d\u00e9licats.<\/p>\n<h4 data-start=\"2406\" data-end=\"2512\"><strong data-start=\"2406\" data-end=\"2440\">Description de la conservation<\/strong><\/h4>\n<p data-start=\"2406\" data-end=\"2512\">\u00c0 conserver \u00e0 temp\u00e9rature ambiante, \u00e0 l'abri de la lumi\u00e8re du soleil.<\/p>\n<h4 data-start=\"2514\" data-end=\"2591\"><strong data-start=\"2514\" data-end=\"2532\">Avertissements<\/strong><\/h4>\n<p data-start=\"2514\" data-end=\"2591\" data-is-last-node=\"\" data-is-only-node=\"\">Respectez la date d'expiration indiqu\u00e9e sur l'emballage.<\/p>\n","protected":false},"excerpt":{"rendered":"<p>Mati\u00e8re premi\u00e8re pour l'industrie cosm\u00e9tique (Raw Material): Huile d'argan (Argan Oil, CP, Organic)INCL: Argania Spinosa Seed OilCAS 223747-87-3 Utilisation L'huile cosm\u00e9tique de la plus haute qualit\u00e9 que nous vendons est produite au Maroc et certifi\u00e9e par la British SOIL Association comme huile biologique, non raffin\u00e9e, press\u00e9e \u00e0 froid et non trait\u00e9e chimiquement. Elle est riche [&hellip;]<\/p>\n","protected":false},"featured_media":2181,"comment_status":"open","ping_status":"closed","template":"","meta":[],"product_brand":[],"product_cat":[191,194,195,196,197,202,204],"product_tag":[],"class_list":{"0":"post-2185","1":"product","2":"type-product","3":"status-publish","4":"has-post-thumbnail","6":"product_cat-ingredients-anti-age","7":"product_cat-ingredients-hydratants","8":"product_cat-peau-vasculaire-acne-preparations-anti-cellulite","9":"product_cat-visage","10":"product_cat-cheveux","11":"product_cat-corps","12":"product_cat-huiles-squalane-beurres-cosmetiques-et-macerats-dhuiles","14":"first","15":"instock","16":"taxable","17":"shipping-taxable","18":"purchasable","19":"product-type-simple"},"_links":{"self":[{"href":"https:\/\/densilab.com\/fr\/wp-json\/wp\/v2\/product\/2185","targetHints":{"allow":["GET"]}}],"collection":[{"href":"https:\/\/densilab.com\/fr\/wp-json\/wp\/v2\/product"}],"about":[{"href":"https:\/\/densilab.com\/fr\/wp-json\/wp\/v2\/types\/product"}],"replies":[{"embeddable":true,"href":"https:\/\/densilab.com\/fr\/wp-json\/wp\/v2\/comments?post=2185"}],"wp:featuredmedia":[{"embeddable":true,"href":"https:\/\/densilab.com\/fr\/wp-json\/wp\/v2\/media\/2181"}],"wp:attachment":[{"href":"https:\/\/densilab.com\/fr\/wp-json\/wp\/v2\/media?parent=2185"}],"wp:term":[{"taxonomy":"product_brand","embeddable":true,"href":"https:\/\/densilab.com\/fr\/wp-json\/wp\/v2\/product_brand?post=2185"},{"taxonomy":"product_cat","embeddable":true,"href":"https:\/\/densilab.com\/fr\/wp-json\/wp\/v2\/product_cat?post=2185"},{"taxonomy":"product_tag","embeddable":true,"href":"https:\/\/densilab.com\/fr\/wp-json\/wp\/v2\/product_tag?post=2185"}],"curies":[{"name":"wp","href":"https:\/\/api.w.org\/{rel}","templated":true}]}}