{"id":2158,"date":"2025-03-12T11:59:46","date_gmt":"2025-03-12T11:59:46","guid":{"rendered":"https:\/\/densilab.com\/?post_type=product&#038;p=2158"},"modified":"2025-08-31T12:09:42","modified_gmt":"2025-08-31T12:09:42","slug":"hydrosol-de-figue-de-barbarie","status":"publish","type":"product","link":"https:\/\/densilab.com\/fr\/produkt\/hydrosol-de-figue-de-barbarie\/","title":{"rendered":"HYDROSOL DE FIGUE DE BARBARIE"},"content":{"rendered":"<p data-start=\"61\" data-end=\"198\"><strong data-start=\"61\" data-end=\"71\">INCI :<\/strong> <em>Distillat biologique de figue de barbarie (fruit), Eau<\/em><br data-start=\"126\" data-end=\"129\" \/><strong data-start=\"129\" data-end=\"138\">CAS :<\/strong> 84650-60-2, 7732-18-5<br data-start=\"160\" data-end=\"163\" \/><strong data-start=\"163\" data-end=\"175\">EINECS :<\/strong> 283-519-7, 231-791-2<\/p>\n<p data-start=\"200\" data-end=\"361\"><strong data-start=\"200\" data-end=\"208\">pH :<\/strong> 3,7<br data-start=\"212\" data-end=\"215\" \/><strong data-start=\"215\" data-end=\"244\">Syst\u00e8me de conservation :<\/strong> Sorbate de potassium, Benzoate de sodium, Acide citrique<br data-start=\"301\" data-end=\"304\" \/><strong data-start=\"304\" data-end=\"334\">Origine et certification :<\/strong> France, certifi\u00e9 ECOCERT<\/p>\n<h3 data-start=\"363\" data-end=\"380\">Utilisation<\/h3>\n<p data-start=\"381\" data-end=\"581\">Le distillat biologique de figue de barbarie est obtenu par distillation \u00e0 la vapeur des fruits et fleurs du figuier de Barbarie.<br data-start=\"510\" data-end=\"513\" \/>Il s\u2019agit d\u2019un liquide incolore, au parfum fin et caract\u00e9ristique.<\/p>\n<p data-start=\"583\" data-end=\"913\">Cet hydrolat constitue un excellent ajout ou une base pour les sprays, les eaux micellaires et les toners.<br data-start=\"689\" data-end=\"692\" \/>Il peut \u00eatre utilis\u00e9 dans les cr\u00e8mes, les s\u00e9rums, les parfums hypoallerg\u00e9niques ainsi que dans les produits d\u2019hygi\u00e8ne intime, apportant \u00e0 toutes les formulations ses propri\u00e9t\u00e9s antiseptiques, apaisantes et r\u00e9g\u00e9n\u00e9rantes.<\/p>\n<p data-start=\"915\" data-end=\"1205\">Les compresses imbib\u00e9es d\u2019hydrolat (dilu\u00e9 avec de l\u2019eau) soulagent les yeux fatigu\u00e9s ou gonfl\u00e9s, apaisent la peau apr\u00e8s un exc\u00e8s d\u2019exposition au soleil et favorisent la r\u00e9g\u00e9n\u00e9ration en cas de br\u00fblures l\u00e9g\u00e8res.<br data-start=\"1124\" data-end=\"1127\" \/>Il constitue \u00e9galement une excellente base pour les gommages et les masques.<\/p>\n<p data-start=\"1207\" data-end=\"1304\"><strong data-start=\"1207\" data-end=\"1238\">Concentration recommand\u00e9e :<\/strong> 30\u2013100 % (peut \u00eatre utilis\u00e9 pur sur la peau en toute s\u00e9curit\u00e9).<\/p>\n<h3 data-start=\"1306\" data-end=\"1318\">Effets<\/h3>\n<ul>\n<li data-start=\"1321\" data-end=\"1375\">Nettoie, tonifie et apaise les irritations cutan\u00e9es.<\/li>\n<li data-start=\"1378\" data-end=\"1432\">Puissant antioxydant, antibact\u00e9rien et antifongique.<\/li>\n<li data-start=\"1435\" data-end=\"1533\">Am\u00e9liore la fermet\u00e9 de la peau \u2013 une caract\u00e9ristique particuli\u00e8rement pr\u00e9cieuse de cet hydrolat.<\/li>\n<\/ul>\n<h3 data-start=\"1535\" data-end=\"1553\">Conservation<\/h3>\n<p data-start=\"1554\" data-end=\"1631\">Conserver \u00e0 temp\u00e9rature ambiante, \u00e0 l\u2019abri de la lumi\u00e8re directe du soleil.<\/p>\n<h3 data-start=\"1633\" data-end=\"1653\">Avertissements<\/h3>\n<p data-start=\"1654\" data-end=\"1713\">Respecter la date de p\u00e9remption indiqu\u00e9e sur l\u2019emballage.<\/p>\n","protected":false},"excerpt":{"rendered":"<p>INCI : Distillat biologique de figue de barbarie (fruit), EauCAS : 84650-60-2, 7732-18-5EINECS : 283-519-7, 231-791-2 pH : 3,7Syst\u00e8me de conservation : Sorbate de potassium, Benzoate de sodium, Acide citriqueOrigine et certification : France, certifi\u00e9 ECOCERT Utilisation Le distillat biologique de figue de barbarie est obtenu par distillation \u00e0 la vapeur des fruits et fleurs [&hellip;]<\/p>\n","protected":false},"featured_media":2155,"comment_status":"open","ping_status":"closed","template":"","meta":[],"product_brand":[],"product_cat":[191,194,195,196,202,190],"product_tag":[],"class_list":{"0":"post-2158","1":"product","2":"type-product","3":"status-publish","4":"has-post-thumbnail","6":"product_cat-ingredients-anti-age","7":"product_cat-ingredients-hydratants","8":"product_cat-peau-vasculaire-acne-preparations-anti-cellulite","9":"product_cat-visage","10":"product_cat-corps","11":"product_cat-hydrolats","13":"first","14":"instock","15":"taxable","16":"shipping-taxable","17":"purchasable","18":"product-type-simple"},"_links":{"self":[{"href":"https:\/\/densilab.com\/fr\/wp-json\/wp\/v2\/product\/2158","targetHints":{"allow":["GET"]}}],"collection":[{"href":"https:\/\/densilab.com\/fr\/wp-json\/wp\/v2\/product"}],"about":[{"href":"https:\/\/densilab.com\/fr\/wp-json\/wp\/v2\/types\/product"}],"replies":[{"embeddable":true,"href":"https:\/\/densilab.com\/fr\/wp-json\/wp\/v2\/comments?post=2158"}],"wp:featuredmedia":[{"embeddable":true,"href":"https:\/\/densilab.com\/fr\/wp-json\/wp\/v2\/media\/2155"}],"wp:attachment":[{"href":"https:\/\/densilab.com\/fr\/wp-json\/wp\/v2\/media?parent=2158"}],"wp:term":[{"taxonomy":"product_brand","embeddable":true,"href":"https:\/\/densilab.com\/fr\/wp-json\/wp\/v2\/product_brand?post=2158"},{"taxonomy":"product_cat","embeddable":true,"href":"https:\/\/densilab.com\/fr\/wp-json\/wp\/v2\/product_cat?post=2158"},{"taxonomy":"product_tag","embeddable":true,"href":"https:\/\/densilab.com\/fr\/wp-json\/wp\/v2\/product_tag?post=2158"}],"curies":[{"name":"wp","href":"https:\/\/api.w.org\/{rel}","templated":true}]}}