{"id":2150,"date":"2025-03-12T11:33:05","date_gmt":"2025-03-12T11:33:05","guid":{"rendered":"https:\/\/densilab.com\/?post_type=product&#038;p=2150"},"modified":"2025-08-31T12:15:21","modified_gmt":"2025-08-31T12:15:21","slug":"hydrosol-de-geranium","status":"publish","type":"product","link":"https:\/\/densilab.com\/fr\/produkt\/hydrosol-de-geranium\/","title":{"rendered":"HYDROSOL DE G\u00c9RANIUM"},"content":{"rendered":"<p data-start=\"51\" data-end=\"383\"><strong data-start=\"51\" data-end=\"90\">Mati\u00e8re premi\u00e8re pour l\u2019industrie :<\/strong> Hydrolat de g\u00e9ranium \/ Distillat organique de g\u00e9ranium<br data-start=\"145\" data-end=\"148\" \/><strong data-start=\"148\" data-end=\"156\">pH :<\/strong> 5,3<br data-start=\"160\" data-end=\"163\" \/><strong data-start=\"163\" data-end=\"173\">INCI :<\/strong> <em>Pelargonium Graveolens Flower\/Leaf\/Stem Water<\/em><br data-start=\"219\" data-end=\"222\" \/><strong data-start=\"222\" data-end=\"240\">Conservation :<\/strong> quantit\u00e9 minimale (&lt;0,5\u202f%) d\u2019alcool benzylique et d\u2019acide d\u00e9hydroac\u00e9tique<br data-start=\"314\" data-end=\"317\" \/><strong data-start=\"317\" data-end=\"354\">Pays d\u2019origine et certification :<\/strong> France, certificat ECOCERT<\/p>\n<h3 data-start=\"385\" data-end=\"402\">Utilisation<\/h3>\n<p data-start=\"403\" data-end=\"689\">L\u2019hydrolat de g\u00e9ranium, ou plus pr\u00e9cis\u00e9ment le distillat organique de la plante, est obtenu par distillation \u00e0 la vapeur d\u2019eau.<br data-start=\"530\" data-end=\"533\" \/>C\u2019est un liquide incolore au parfum frais caract\u00e9ristique, particuli\u00e8rement recommand\u00e9 pour les soins des peaux sensibles, couperos\u00e9es, s\u00e8ches ou ab\u00eem\u00e9es.<\/p>\n<p data-start=\"691\" data-end=\"984\">L\u2019hydrolat constitue une excellente base pour la pr\u00e9paration de sprays, d\u2019eaux micellaires et de toniques. La concentration recommand\u00e9e dans les formulations cosm\u00e9tiques est de 30 \u00e0 80\u202f%.<br data-start=\"878\" data-end=\"881\" \/>Il peut \u00e9galement \u00eatre utilis\u00e9 comme ingr\u00e9dient dans les cr\u00e8mes, s\u00e9rums et parfums hypoallerg\u00e9niques.<\/p>\n<p data-start=\"986\" data-end=\"1154\">Pour les peaux sensibles : l\u2019ajout d\u2019une petite quantit\u00e9 d\u2019hydrolat directement avant l\u2019application de la cr\u00e8me sur le visage aide \u00e0 pr\u00e9venir l\u2019obstruction des pores.<\/p>\n<h3 data-start=\"1156\" data-end=\"1168\">Effets<\/h3>\n<ul>\n<li data-start=\"1171\" data-end=\"1246\">Effet anti-inflammatoire et purifiant gr\u00e2ce au g\u00e9raniol et au citronellal<\/li>\n<li data-start=\"1249\" data-end=\"1308\">Apaise les irritations et poss\u00e8de une action antiseptique<\/li>\n<li data-start=\"1311\" data-end=\"1395\">Am\u00e9liore la microcirculation cutan\u00e9e, renforce et raffermit les vaisseaux sanguins<\/li>\n<li data-start=\"1398\" data-end=\"1429\">R\u00e9gule la production de s\u00e9bum<\/li>\n<\/ul>\n<h3 data-start=\"1431\" data-end=\"1449\">Conservation<\/h3>\n<p data-start=\"1450\" data-end=\"1524\">Conserver \u00e0 temp\u00e9rature ambiante dans un r\u00e9cipient herm\u00e9tiquement ferm\u00e9.<\/p>\n<h3 data-start=\"1526\" data-end=\"1543\">Pr\u00e9cautions<\/h3>\n<p data-start=\"1544\" data-end=\"1603\">Respecter la date de p\u00e9remption indiqu\u00e9e sur l\u2019emballage.<\/p>\n","protected":false},"excerpt":{"rendered":"<p>Mati\u00e8re premi\u00e8re pour l\u2019industrie : Hydrolat de g\u00e9ranium \/ Distillat organique de g\u00e9raniumpH : 5,3INCI : Pelargonium Graveolens Flower\/Leaf\/Stem WaterConservation : quantit\u00e9 minimale (&lt;0,5\u202f%) d\u2019alcool benzylique et d\u2019acide d\u00e9hydroac\u00e9tiquePays d\u2019origine et certification : France, certificat ECOCERT Utilisation L\u2019hydrolat de g\u00e9ranium, ou plus pr\u00e9cis\u00e9ment le distillat organique de la plante, est obtenu par distillation \u00e0 la [&hellip;]<\/p>\n","protected":false},"featured_media":2146,"comment_status":"open","ping_status":"closed","template":"","meta":[],"product_brand":[],"product_cat":[194,195,196,202,190],"product_tag":[],"class_list":{"0":"post-2150","1":"product","2":"type-product","3":"status-publish","4":"has-post-thumbnail","6":"product_cat-ingredients-hydratants","7":"product_cat-peau-vasculaire-acne-preparations-anti-cellulite","8":"product_cat-visage","9":"product_cat-corps","10":"product_cat-hydrolats","12":"first","13":"instock","14":"taxable","15":"shipping-taxable","16":"purchasable","17":"product-type-simple"},"_links":{"self":[{"href":"https:\/\/densilab.com\/fr\/wp-json\/wp\/v2\/product\/2150","targetHints":{"allow":["GET"]}}],"collection":[{"href":"https:\/\/densilab.com\/fr\/wp-json\/wp\/v2\/product"}],"about":[{"href":"https:\/\/densilab.com\/fr\/wp-json\/wp\/v2\/types\/product"}],"replies":[{"embeddable":true,"href":"https:\/\/densilab.com\/fr\/wp-json\/wp\/v2\/comments?post=2150"}],"wp:featuredmedia":[{"embeddable":true,"href":"https:\/\/densilab.com\/fr\/wp-json\/wp\/v2\/media\/2146"}],"wp:attachment":[{"href":"https:\/\/densilab.com\/fr\/wp-json\/wp\/v2\/media?parent=2150"}],"wp:term":[{"taxonomy":"product_brand","embeddable":true,"href":"https:\/\/densilab.com\/fr\/wp-json\/wp\/v2\/product_brand?post=2150"},{"taxonomy":"product_cat","embeddable":true,"href":"https:\/\/densilab.com\/fr\/wp-json\/wp\/v2\/product_cat?post=2150"},{"taxonomy":"product_tag","embeddable":true,"href":"https:\/\/densilab.com\/fr\/wp-json\/wp\/v2\/product_tag?post=2150"}],"curies":[{"name":"wp","href":"https:\/\/api.w.org\/{rel}","templated":true}]}}