{"id":2093,"date":"2025-03-08T12:13:43","date_gmt":"2025-03-08T12:13:43","guid":{"rendered":"https:\/\/densilab.com\/?post_type=product&#038;p=2093"},"modified":"2025-08-31T10:55:49","modified_gmt":"2025-08-31T10:55:49","slug":"huile-essentielle-de-pin","status":"publish","type":"product","link":"https:\/\/densilab.com\/fr\/produkt\/huile-essentielle-de-pin\/","title":{"rendered":"HUILE ESSENTIELLE DE PIN"},"content":{"rendered":"<p data-start=\"30\" data-end=\"339\"><strong data-start=\"30\" data-end=\"50\">Mati\u00e8re premi\u00e8re<\/strong>: Huile essentielle de pin<br data-start=\"77\" data-end=\"80\" \/><strong>INCL<\/strong>: <em>PINUS SYLVESTRIS LEAF OIL, Limon\u00e8ne*, Linalol*<\/em><br data-start=\"133\" data-end=\"136\" \/>*Composant naturel de l'huile essentielle inclus dans la liste INCI conform\u00e9ment \u00e0 la 7e modification de la Directive europ\u00e9enne sur les cosm\u00e9tiques.<br data-start=\"285\" data-end=\"288\" \/><strong>CAS<\/strong>: 8023-99-2 \/ 84012-35-1<br data-start=\"316\" data-end=\"319\" \/><strong>EINECS<\/strong>: 281-679-2<\/p>\n<h3 data-start=\"341\" data-end=\"735\"><strong data-start=\"341\" data-end=\"356\">Application<\/strong><\/h3>\n<p data-start=\"341\" data-end=\"735\">L'huile de pin est obtenue par distillation \u00e0 la vapeur des aiguilles de pin.<br data-start=\"436\" data-end=\"439\" \/>Le parfum est intense, frais, r\u00e9sineux et bois\u00e9. En raison de son parfum forestier intense, l'huile de pin est un ingr\u00e9dient dans de nombreuses bougies parfum\u00e9es et produits de nettoyage. Elle est parfaite pour un usage quotidien dans un diffuseur, un humidificateur ou une lampe aromath\u00e9rapique.<\/p>\n<p data-start=\"737\" data-end=\"1092\">Elle est id\u00e9ale pour diff\u00e9rents traitements, inhalations, bains, massages et comme ajout dans des cosm\u00e9tiques, y compris ceux pour les massages anti-cellulite.<br data-start=\"896\" data-end=\"899\" \/>En tant qu'ajout aux cr\u00e8mes, elle est principalement utilis\u00e9e pour les peaux acn\u00e9iques et probl\u00e9matiques.<br data-start=\"1004\" data-end=\"1007\" \/>Elle est \u00e9galement excellente comme ajout aux baumes, shampoings et apr\u00e8s-shampoings.<\/p>\n<p data-start=\"1094\" data-end=\"1278\">Recommand\u00e9e pour les personnes souffrant de probl\u00e8mes de peau et de mycoses. Laver les v\u00eatements avec de l'huile de pin aide \u00e0 les d\u00e9sinfecter et \u00e0 pr\u00e9venir les rechutes de la maladie.<\/p>\n<h3 data-start=\"1280\" data-end=\"1309\"><strong data-start=\"1280\" data-end=\"1307\">Description de l'action<\/strong><\/h3>\n<p data-start=\"1311\" data-end=\"1949\">L'extrait essentiel de pin est principalement reconnu pour ses propri\u00e9t\u00e9s antibact\u00e9riennes et antifongiques. Gr\u00e2ce \u00e0 son action d\u00e9sinfectante, il est recommand\u00e9 pour le traitement des peaux acn\u00e9iques et probl\u00e9matiques.<br data-start=\"1529\" data-end=\"1532\" \/>En m\u00eame temps, l'huile de pin a des propri\u00e9t\u00e9s tonifiantes, ce qui signifie qu'elle resserre et apaise la peau, en r\u00e9tablissant son \u00e9quilibre.<br data-start=\"1674\" data-end=\"1677\" \/>Elle aide \u00e0 la cicatrisation des boutons et pr\u00e9vient la formation de cicatrices, tout en r\u00e9gulant la s\u00e9cr\u00e9tion de sueur.<br data-start=\"1797\" data-end=\"1800\" \/>L'huile de pin appliqu\u00e9e sur la peau a un effet chauffant et am\u00e9liore la circulation, ce qui aide \u00e0 r\u00e9duire les douleurs articulaires et musculaires.<\/p>\n<p data-start=\"1951\" data-end=\"2308\">En aromath\u00e9rapie, elle est utilis\u00e9e pour traiter les migraines, r\u00e9duire la tension nerveuse et soulager les sympt\u00f4mes des affections des sinus, des bronches et des poumons. Utilis\u00e9e avant le coucher, elle aide \u00e0 traiter l'insomnie et les \u00e9tats d\u00e9pressifs, tandis que pendant la journ\u00e9e, elle revitalise et dynamise. De plus, elle d\u00e9sinfecte doucement l'air.<\/p>\n<p data-start=\"2310\" data-end=\"2644\"><strong data-start=\"2310\" data-end=\"2334\">Comment l'utiliser ?<\/strong><br data-start=\"2334\" data-end=\"2337\" \/>\u00c9tant donn\u00e9 que l'huile de pin peut provoquer des irritations cutan\u00e9es, elle doit \u00eatre dilu\u00e9e dans de l'eau ou avec une huile de base. Elle peut \u00eatre combin\u00e9e avec des huiles pour le visage, de l'huile d'olive, de l'huile de jojoba, ainsi qu'avec des cr\u00e8mes, shampoings et apr\u00e8s-shampoings pr\u00eats \u00e0 l'emploi.<\/p>\n<p data-start=\"2646\" data-end=\"2914\">Une petite quantit\u00e9 d'huile de pin peut \u00eatre ajout\u00e9e aux bains m\u00e9dicinaux lorsque l'on lutte contre un rhume ou pour soutenir le traitement des maladies du syst\u00e8me nerveux. Un tel bain stimule le syst\u00e8me immunitaire et facilite le sommeil, essentiel \u00e0 la r\u00e9g\u00e9n\u00e9ration.<\/p>\n<p data-start=\"2916\" data-end=\"3115\">Pour ceux qui recherchent des m\u00e9langes aromath\u00e9rapeutiques int\u00e9ressants, l'huile de pin se marie merveilleusement bien avec les huiles essentielles de citron, d'orange, de bergamote ou d'arbre \u00e0 th\u00e9.<\/p>\n<p data-start=\"3117\" data-end=\"3192\"><strong data-start=\"3117\" data-end=\"3190\">Concentration recommand\u00e9e dans les formulations cosm\u00e9tiques : 0,5-3%.<\/strong><\/p>\n<h3 data-start=\"3194\" data-end=\"3338\"><strong data-start=\"3194\" data-end=\"3206\">Stockage<\/strong><\/h3>\n<p data-start=\"3194\" data-end=\"3338\">Conserver dans un endroit frais et sombre, hors de la port\u00e9e des enfants.<br data-start=\"3282\" data-end=\"3285\" \/>Refermez soigneusement le flacon apr\u00e8s utilisation.<\/p>\n<h3 data-start=\"3340\" data-end=\"3520\"><strong data-start=\"3340\" data-end=\"3358\">Avertissements<\/strong><\/h3>\n<p data-start=\"3340\" data-end=\"3520\" data-is-last-node=\"\" data-is-only-node=\"\">Lorsqu'elle est utilis\u00e9e \u00e0 des concentrations excessives, l'huile de pin peut irriter la peau. Il est recommand\u00e9 de faire un test allergique avant utilisation.<\/p>\n","protected":false},"excerpt":{"rendered":"<p>Mati\u00e8re premi\u00e8re: Huile essentielle de pinINCL: PINUS SYLVESTRIS LEAF OIL, Limon\u00e8ne*, Linalol**Composant naturel de l'huile essentielle inclus dans la liste INCI conform\u00e9ment \u00e0 la 7e modification de la Directive europ\u00e9enne sur les cosm\u00e9tiques.CAS: 8023-99-2 \/ 84012-35-1EINECS: 281-679-2 Application L'huile de pin est obtenue par distillation \u00e0 la vapeur des aiguilles de pin.Le parfum est intense, [&hellip;]<\/p>\n","protected":false},"featured_media":2082,"comment_status":"open","ping_status":"closed","template":"","meta":[],"product_brand":[],"product_cat":[195,213,196,197,202,204],"product_tag":[],"class_list":{"0":"post-2093","1":"product","2":"type-product","3":"status-publish","4":"has-post-thumbnail","6":"product_cat-peau-vasculaire-acne-preparations-anti-cellulite","7":"product_cat-huiles-aromatiques-fr","8":"product_cat-visage","9":"product_cat-cheveux","10":"product_cat-corps","11":"product_cat-huiles-squalane-beurres-cosmetiques-et-macerats-dhuiles","13":"first","14":"instock","15":"taxable","16":"shipping-taxable","17":"purchasable","18":"product-type-simple"},"_links":{"self":[{"href":"https:\/\/densilab.com\/fr\/wp-json\/wp\/v2\/product\/2093","targetHints":{"allow":["GET"]}}],"collection":[{"href":"https:\/\/densilab.com\/fr\/wp-json\/wp\/v2\/product"}],"about":[{"href":"https:\/\/densilab.com\/fr\/wp-json\/wp\/v2\/types\/product"}],"replies":[{"embeddable":true,"href":"https:\/\/densilab.com\/fr\/wp-json\/wp\/v2\/comments?post=2093"}],"wp:featuredmedia":[{"embeddable":true,"href":"https:\/\/densilab.com\/fr\/wp-json\/wp\/v2\/media\/2082"}],"wp:attachment":[{"href":"https:\/\/densilab.com\/fr\/wp-json\/wp\/v2\/media?parent=2093"}],"wp:term":[{"taxonomy":"product_brand","embeddable":true,"href":"https:\/\/densilab.com\/fr\/wp-json\/wp\/v2\/product_brand?post=2093"},{"taxonomy":"product_cat","embeddable":true,"href":"https:\/\/densilab.com\/fr\/wp-json\/wp\/v2\/product_cat?post=2093"},{"taxonomy":"product_tag","embeddable":true,"href":"https:\/\/densilab.com\/fr\/wp-json\/wp\/v2\/product_tag?post=2093"}],"curies":[{"name":"wp","href":"https:\/\/api.w.org\/{rel}","templated":true}]}}