{"id":2062,"date":"2025-03-07T16:06:14","date_gmt":"2025-03-07T16:06:14","guid":{"rendered":"https:\/\/densilab.com\/?post_type=product&#038;p=2062"},"modified":"2025-08-31T10:50:55","modified_gmt":"2025-08-31T10:50:55","slug":"huile-essentielle-de-menthe-poivree","status":"publish","type":"product","link":"https:\/\/densilab.com\/fr\/produkt\/huile-essentielle-de-menthe-poivree\/","title":{"rendered":"HUILE ESSENTIELLE DE MENTHE POIVR\u00c9E"},"content":{"rendered":"<p data-start=\"85\" data-end=\"252\">Mati\u00e8re premi\u00e8re pour l'industrie (Raw Material) : Huile essentielle de menthe poivr\u00e9e<br data-start=\"171\" data-end=\"174\" \/><strong>INCI<\/strong>: <em>Mentha Piperita Oil<\/em><br data-start=\"200\" data-end=\"203\" \/><strong>CAS<\/strong>: 8006-90-4 \/ 84082-70-2<br data-start=\"231\" data-end=\"234\" \/><strong>EINECS<\/strong>: 282-015-4<\/p>\n<h3 data-start=\"254\" data-end=\"572\"><strong data-start=\"254\" data-end=\"269\">Application<\/strong><\/h3>\n<p data-start=\"254\" data-end=\"572\">L'huile essentielle de menthe poivr\u00e9e est une huile essentielle pure \u00e0 100 %, biologique, obtenue par distillation \u00e0 la vapeur d'eau de la menthe poivr\u00e9e et contenant environ 30 \u00e0 45 % de menthol.<br data-start=\"468\" data-end=\"471\" \/>Id\u00e9ale pour divers traitements, inhalations, bains, massages et comme ajout aux produits cosm\u00e9tiques.<\/p>\n<p data-start=\"574\" data-end=\"1126\"><strong data-start=\"574\" data-end=\"588\">Cosm\u00e9tique<\/strong><\/p>\n<p data-start=\"574\" data-end=\"1126\">\u2022 Nettoie la peau en profondeur, particuli\u00e8rement contre l'acn\u00e9.<br data-start=\"655\" data-end=\"658\" \/>\u2022 A une action antiseptique douce \u2013 aide \u00e0 combattre les bact\u00e9ries.<br data-start=\"725\" data-end=\"728\" \/>\u2022 R\u00e9duit les pores et lisse la peau.<br data-start=\"764\" data-end=\"767\" \/>\u2022 Soulage les irritations cutan\u00e9es, les d\u00e9mangeaisons et les rougeurs.<br data-start=\"837\" data-end=\"840\" \/>\u2022 R\u00e9gule la production de s\u00e9bum \u2013 recommand\u00e9 pour les peaux grasses et mixtes.<br data-start=\"918\" data-end=\"921\" \/>\u2022 Acc\u00e9l\u00e8re la gu\u00e9rison des plaies, petites coupures et herp\u00e8s.<br data-start=\"983\" data-end=\"986\" \/>\u2022 A un effet \u00e9claircissant et am\u00e9liore le teint de la peau.<br data-start=\"1045\" data-end=\"1048\" \/>\u2022 Soulage les piq\u00fbres d'insectes, r\u00e9duit les gonflements et les d\u00e9mangeaisons.<\/p>\n<p data-start=\"1128\" data-end=\"1357\"><strong data-start=\"1128\" data-end=\"1149\">Soins capillaires<\/strong><\/p>\n<p data-start=\"1128\" data-end=\"1357\">\u2022 Rafra\u00eechit le cuir chevelu et apaise les irritations.<br data-start=\"1207\" data-end=\"1210\" \/>\u2022 R\u00e9duit les pellicules, stimule la microcirculation du cuir chevelu.<br data-start=\"1279\" data-end=\"1282\" \/>\u2022 Peut \u00eatre ajout\u00e9 aux shampoings, apr\u00e8s-shampoings et masques capillaires.<\/p>\n<p data-start=\"1359\" data-end=\"1722\"><strong data-start=\"1359\" data-end=\"1382\">Autres applications<\/strong><\/p>\n<p data-start=\"1359\" data-end=\"1722\">\u2022 Ajout pour les dentifrices et bains de bouche.<br data-start=\"1433\" data-end=\"1436\" \/>\u2022 Utilis\u00e9 dans les inhalations \u2013 soulage la toux, le rhume, les sympt\u00f4mes de la grippe et de l'asthme.<br data-start=\"1538\" data-end=\"1541\" \/>\u2022 Dans les diffuseurs, il am\u00e9liore la concentration et r\u00e9duit le stress.<br data-start=\"1613\" data-end=\"1616\" \/>\u2022 Apr\u00e8s les piq\u00fbres d'insectes, il r\u00e9duit les gonflements et la douleur, et agit \u00e9galement comme r\u00e9pulsif.<\/p>\n<p data-start=\"1724\" data-end=\"2086\"><strong data-start=\"1724\" data-end=\"1750\">Conseils d'utilisation<\/strong><\/p>\n<p data-start=\"1724\" data-end=\"2086\">\u2022 Massage \u2013 M\u00e9langez 3 gouttes d'huile avec 1 cuill\u00e8re \u00e0 soupe d'huile v\u00e9g\u00e9tale (par exemple huile d'argan, de jojoba ou d'onagre).<br data-start=\"1884\" data-end=\"1887\" \/>\u2022 Bain \u2013 Ajoutez 5 gouttes d'huile dans une baignoire remplie d'eau.<br data-start=\"1955\" data-end=\"1958\" \/>\u2022 Inhalation \u2013 Ajoutez quelques gouttes dans de l'eau chaude, couvrez votre t\u00eate d'une serviette et inhalez la vapeur qui monte.<\/p>\n<h3 data-start=\"2088\" data-end=\"2225\"><strong data-start=\"2088\" data-end=\"2100\">Stockage<\/strong><\/h3>\n<p data-start=\"2088\" data-end=\"2225\">Conserver dans un endroit frais, sombre et hors de port\u00e9e des enfants.<br data-start=\"2173\" data-end=\"2176\" \/>Refermer herm\u00e9tiquement la bouteille apr\u00e8s usage.<\/p>\n<h3 data-start=\"2227\" data-end=\"2706\"><strong data-start=\"2227\" data-end=\"2245\">Avertissements<\/strong><\/h3>\n<p data-start=\"2227\" data-end=\"2706\" data-is-last-node=\"\" data-is-only-node=\"\">Ne convient pas aux femmes enceintes et allaitantes.<br data-start=\"2300\" data-end=\"2303\" \/>Ne pas utiliser pour les nourrissons de moins de 5 mois.<br data-start=\"2359\" data-end=\"2362\" \/>Ne convient pas aux personnes \u00e2g\u00e9es et aux asthmatiques.<br data-start=\"2418\" data-end=\"2421\" \/>Peut interagir avec des m\u00e9dicaments contre le reflux et la ciclosporine \u2013 consulter un m\u00e9decin avant utilisation.<br data-start=\"2534\" data-end=\"2537\" \/>Effectuer un test de tol\u00e9rance avant application \u2013 diluer 1 goutte d'huile dans 1 cuill\u00e8re \u00e0 soupe d'huile v\u00e9g\u00e9tale et appliquer sur la peau.<br data-start=\"2678\" data-end=\"2681\" \/>Usage externe uniquement.<\/p>\n","protected":false},"excerpt":{"rendered":"<p>Mati\u00e8re premi\u00e8re pour l'industrie (Raw Material) : Huile essentielle de menthe poivr\u00e9eINCI: Mentha Piperita OilCAS: 8006-90-4 \/ 84082-70-2EINECS: 282-015-4 Application L'huile essentielle de menthe poivr\u00e9e est une huile essentielle pure \u00e0 100 %, biologique, obtenue par distillation \u00e0 la vapeur d'eau de la menthe poivr\u00e9e et contenant environ 30 \u00e0 45 % de menthol.Id\u00e9ale pour [&hellip;]<\/p>\n","protected":false},"featured_media":2059,"comment_status":"open","ping_status":"closed","template":"","meta":[],"product_brand":[],"product_cat":[213,196,197,202,204],"product_tag":[],"class_list":{"0":"post-2062","1":"product","2":"type-product","3":"status-publish","4":"has-post-thumbnail","6":"product_cat-huiles-aromatiques-fr","7":"product_cat-visage","8":"product_cat-cheveux","9":"product_cat-corps","10":"product_cat-huiles-squalane-beurres-cosmetiques-et-macerats-dhuiles","12":"first","13":"instock","14":"taxable","15":"shipping-taxable","16":"purchasable","17":"product-type-simple"},"_links":{"self":[{"href":"https:\/\/densilab.com\/fr\/wp-json\/wp\/v2\/product\/2062","targetHints":{"allow":["GET"]}}],"collection":[{"href":"https:\/\/densilab.com\/fr\/wp-json\/wp\/v2\/product"}],"about":[{"href":"https:\/\/densilab.com\/fr\/wp-json\/wp\/v2\/types\/product"}],"replies":[{"embeddable":true,"href":"https:\/\/densilab.com\/fr\/wp-json\/wp\/v2\/comments?post=2062"}],"wp:featuredmedia":[{"embeddable":true,"href":"https:\/\/densilab.com\/fr\/wp-json\/wp\/v2\/media\/2059"}],"wp:attachment":[{"href":"https:\/\/densilab.com\/fr\/wp-json\/wp\/v2\/media?parent=2062"}],"wp:term":[{"taxonomy":"product_brand","embeddable":true,"href":"https:\/\/densilab.com\/fr\/wp-json\/wp\/v2\/product_brand?post=2062"},{"taxonomy":"product_cat","embeddable":true,"href":"https:\/\/densilab.com\/fr\/wp-json\/wp\/v2\/product_cat?post=2062"},{"taxonomy":"product_tag","embeddable":true,"href":"https:\/\/densilab.com\/fr\/wp-json\/wp\/v2\/product_tag?post=2062"}],"curies":[{"name":"wp","href":"https:\/\/api.w.org\/{rel}","templated":true}]}}