{"id":2053,"date":"2025-03-07T13:52:55","date_gmt":"2025-03-07T13:52:55","guid":{"rendered":"https:\/\/densilab.com\/?post_type=product&#038;p=2053"},"modified":"2025-03-07T15:30:10","modified_gmt":"2025-03-07T15:30:10","slug":"huile-essentielle-de-citron","status":"publish","type":"product","link":"https:\/\/densilab.com\/fr\/produkt\/huile-essentielle-de-citron\/","title":{"rendered":"HUILE ESSENTIELLE DE CITRON"},"content":{"rendered":"<p data-start=\"35\" data-end=\"412\"><strong data-start=\"35\" data-end=\"89\">Mati\u00e8re premi\u00e8re pour l\u2019industrie (Raw Material) :<\/strong> Lemon Essential Oil<br data-start=\"109\" data-end=\"112\" \/><strong data-start=\"112\" data-end=\"122\">INCI :<\/strong> <em>Citrus Limon Peel Oil<\/em><br data-start=\"144\" data-end=\"147\" \/><strong data-start=\"147\" data-end=\"169\">L\u2019huile contient :<\/strong> Limonene*, Geraniol*, Citronellol*, Linalool*<br data-start=\"215\" data-end=\"218\" \/>Composants naturels de l'huile essentielle r\u00e9pertori\u00e9s dans la liste INCI conform\u00e9ment \u00e0 la 7\u1d49 modification de la directive cosm\u00e9tique de l'UE.<br data-start=\"363\" data-end=\"366\" \/><strong data-start=\"366\" data-end=\"375\">CAS :<\/strong> 8008-56-8<br data-start=\"385\" data-end=\"388\" \/><strong data-start=\"388\" data-end=\"400\">EINECS :<\/strong> 284-515-8<\/p>\n<p data-start=\"414\" data-end=\"742\"><strong data-start=\"414\" data-end=\"429\">Utilisation<\/strong><br data-start=\"429\" data-end=\"432\" \/>Huile essentielle 100 % naturelle, obtenue par pression \u00e0 froid m\u00e9canique des \u00e9corces de citrons frais (<em data-start=\"536\" data-end=\"550\">Citrus Limon<\/em>) issus de plantations sauvages.<br data-start=\"582\" data-end=\"585\" \/>Elle se caract\u00e9rise par une couleur jaune-vert et un parfum frais et \u00e9nergisant.<br data-start=\"665\" data-end=\"668\" \/>Souvent utilis\u00e9e dans les cosm\u00e9tiques DIY rafra\u00eechissants et stimulants.<\/p>\n<p data-start=\"744\" data-end=\"1043\"><strong data-start=\"744\" data-end=\"760\">Cosm\u00e9tique :<\/strong><br data-start=\"760\" data-end=\"763\" \/>\u2022 Utilis\u00e9e dans les cr\u00e8mes et lotions anti-\u00e2ge.<br data-start=\"810\" data-end=\"813\" \/>\u2022 Additif pour les cosm\u00e9tiques destin\u00e9s aux peaux \u00e0 tendance acn\u00e9ique, mixtes et grasses.<br data-start=\"902\" data-end=\"905\" \/>\u2022 Ingr\u00e9dient des soins anti-cellulite ainsi que des traitements contre l'herp\u00e8s, les cors et les verrues.<br data-start=\"1010\" data-end=\"1013\" \/>\u2022 Nourrit les ongles ab\u00eem\u00e9s.<\/p>\n<p data-start=\"1045\" data-end=\"1335\"><strong data-start=\"1045\" data-end=\"1067\">Soin des cheveux :<\/strong><br data-start=\"1067\" data-end=\"1070\" \/>\u2022 Agit sur les cheveux gras et les pellicules.<br data-start=\"1116\" data-end=\"1119\" \/>\u2022 R\u00e9tablit le pH du cuir chevelu.<br data-start=\"1152\" data-end=\"1155\" \/>\u2022 Rafra\u00eechit, r\u00e9duit la production de s\u00e9bum, \u00e9claircit l\u00e9g\u00e8rement les cheveux et leur donne de la brillance.<br data-start=\"1263\" data-end=\"1266\" \/>\u2022 Additif pour shampoings, apr\u00e8s-shampoings et masques capillaires.<\/p>\n<p data-start=\"1337\" data-end=\"1643\"><strong data-start=\"1337\" data-end=\"1362\">Autres utilisations :<\/strong><br data-start=\"1362\" data-end=\"1365\" \/>\u2022 Agent aromatisant pour les cosm\u00e9tiques, d\u00e9sodorisants et d\u00e9sinfectants.<br data-start=\"1438\" data-end=\"1441\" \/>\u2022 Mati\u00e8re premi\u00e8re naturelle pour repousser les insectes (ex. spray anti-moustiques).<br data-start=\"1526\" data-end=\"1529\" \/>\u2022 En diffusion, aide \u00e0 soulager le stress, am\u00e9liore l\u2019humeur, d\u00e9tend et favorise la m\u00e9moire et la concentration.<\/p>\n<p data-start=\"1645\" data-end=\"1792\"><strong data-start=\"1645\" data-end=\"1662\">Mode d\u2019emploi<\/strong><br data-start=\"1662\" data-end=\"1665\" \/>Appliquer sur la peau uniquement apr\u00e8s dilution.<br data-start=\"1715\" data-end=\"1718\" \/>Concentration recommand\u00e9e dans les formulations cosm\u00e9tiques : 0,5-3 %.<\/p>\n<p data-start=\"1794\" data-end=\"2485\"><strong data-start=\"1794\" data-end=\"1808\">Propri\u00e9t\u00e9s<\/strong><br data-start=\"1808\" data-end=\"1811\" \/>\u2022 Anti-inflammatoire, antiseptique, astringente.<br data-start=\"1859\" data-end=\"1862\" \/>\u2022 Fortes propri\u00e9t\u00e9s antibact\u00e9riennes et antifongiques.<br data-start=\"1916\" data-end=\"1919\" \/>\u2022 R\u00e9duit la production de s\u00e9bum, acc\u00e9l\u00e8re la cicatrisation de la peau.<br data-start=\"1989\" data-end=\"1992\" \/>\u2022 \u00c9limine l'exc\u00e8s de s\u00e9bum et les points noirs (resserre les pores).<br data-start=\"2060\" data-end=\"2063\" \/>\u2022 \u00c9claircit l\u00e9g\u00e8rement la peau, r\u00e9duit les taches pigmentaires et les cicatrices d\u2019acn\u00e9.<br data-start=\"2151\" data-end=\"2154\" \/>\u2022 Apaise les d\u00e9mangeaisons, a des effets anti-inflammatoires et d\u00e9sinfectants.<br data-start=\"2232\" data-end=\"2235\" \/>\u2022 Recommand\u00e9e pour les soins des peaux sujettes aux rougeurs et aux capillaires fragiles.<br data-start=\"2324\" data-end=\"2327\" \/>\u2022 Ajout\u00e9e au bain, elle d\u00e9tend et purifie la peau.<br data-start=\"2377\" data-end=\"2380\" \/>\u2022 Peut provoquer des irritations chez les personnes \u00e0 la peau tr\u00e8s sensible \u2013 utiliser avec mod\u00e9ration.<\/p>\n<p data-start=\"2487\" data-end=\"2589\"><strong data-start=\"2487\" data-end=\"2499\">Stockage<\/strong><br data-start=\"2499\" data-end=\"2502\" \/>Conserver dans un endroit sombre.<br data-start=\"2537\" data-end=\"2540\" \/>Refermer soigneusement le flacon apr\u00e8s usage.<\/p>\n<p data-start=\"2591\" data-end=\"2839\" data-is-last-node=\"\" data-is-only-node=\"\"><strong data-start=\"2591\" data-end=\"2615\">Pr\u00e9cautions d\u2019emploi<\/strong><br data-start=\"2615\" data-end=\"2618\" \/>Faire un test cutan\u00e9 sur une petite zone avant application.<br data-start=\"2679\" data-end=\"2682\" \/>Diluer une goutte d\u2019huile essentielle dans une cuill\u00e8re \u00e0 soupe d\u2019huile v\u00e9g\u00e9tale et appliquer sur la peau pour v\u00e9rifier une \u00e9ventuelle r\u00e9action allergique.<\/p>\n","protected":false},"excerpt":{"rendered":"<p>Mati\u00e8re premi\u00e8re pour l\u2019industrie (Raw Material) : Lemon Essential OilINCI : Citrus Limon Peel OilL\u2019huile contient : Limonene*, Geraniol*, Citronellol*, Linalool*Composants naturels de l'huile essentielle r\u00e9pertori\u00e9s dans la liste INCI conform\u00e9ment \u00e0 la 7\u1d49 modification de la directive cosm\u00e9tique de l'UE.CAS : 8008-56-8EINECS : 284-515-8 UtilisationHuile essentielle 100 % naturelle, obtenue par pression \u00e0 froid [&hellip;]<\/p>\n","protected":false},"featured_media":2049,"comment_status":"open","ping_status":"closed","template":"","meta":[],"product_brand":[],"product_cat":[195,213,196,197,202,204],"product_tag":[],"class_list":{"0":"post-2053","1":"product","2":"type-product","3":"status-publish","4":"has-post-thumbnail","6":"product_cat-peau-vasculaire-acne-preparations-anti-cellulite","7":"product_cat-huiles-aromatiques-fr","8":"product_cat-visage","9":"product_cat-cheveux","10":"product_cat-corps","11":"product_cat-huiles-squalane-beurres-cosmetiques-et-macerats-dhuiles","13":"first","14":"instock","15":"taxable","16":"shipping-taxable","17":"purchasable","18":"product-type-simple"},"_links":{"self":[{"href":"https:\/\/densilab.com\/fr\/wp-json\/wp\/v2\/product\/2053","targetHints":{"allow":["GET"]}}],"collection":[{"href":"https:\/\/densilab.com\/fr\/wp-json\/wp\/v2\/product"}],"about":[{"href":"https:\/\/densilab.com\/fr\/wp-json\/wp\/v2\/types\/product"}],"replies":[{"embeddable":true,"href":"https:\/\/densilab.com\/fr\/wp-json\/wp\/v2\/comments?post=2053"}],"wp:featuredmedia":[{"embeddable":true,"href":"https:\/\/densilab.com\/fr\/wp-json\/wp\/v2\/media\/2049"}],"wp:attachment":[{"href":"https:\/\/densilab.com\/fr\/wp-json\/wp\/v2\/media?parent=2053"}],"wp:term":[{"taxonomy":"product_brand","embeddable":true,"href":"https:\/\/densilab.com\/fr\/wp-json\/wp\/v2\/product_brand?post=2053"},{"taxonomy":"product_cat","embeddable":true,"href":"https:\/\/densilab.com\/fr\/wp-json\/wp\/v2\/product_cat?post=2053"},{"taxonomy":"product_tag","embeddable":true,"href":"https:\/\/densilab.com\/fr\/wp-json\/wp\/v2\/product_tag?post=2053"}],"curies":[{"name":"wp","href":"https:\/\/api.w.org\/{rel}","templated":true}]}}