{"id":1972,"date":"2025-03-07T09:02:24","date_gmt":"2025-03-07T09:02:24","guid":{"rendered":"https:\/\/densilab.com\/?post_type=product&#038;p=1972"},"modified":"2025-03-07T09:05:22","modified_gmt":"2025-03-07T09:05:22","slug":"huile-essentielle-de-pamplemousse","status":"publish","type":"product","link":"https:\/\/densilab.com\/fr\/produkt\/huile-essentielle-de-pamplemousse\/","title":{"rendered":"HUILE ESSENTIELLE DE PAMPLEMOUSSE"},"content":{"rendered":"<p data-start=\"41\" data-end=\"260\"><strong data-start=\"41\" data-end=\"137\">100% Huile essentielle de pamplemousse, press\u00e9e \u00e0 froid \u00e0 partir de l'\u00e9corce du pamplemousse<\/strong><br data-start=\"137\" data-end=\"140\" \/><strong data-start=\"140\" data-end=\"178\">(GRAPEFRUIT, ESSENTIAL OIL ORIGIN)<\/strong><br data-start=\"178\" data-end=\"181\" \/><strong data-start=\"181\" data-end=\"220\">NUM\u00c9RO CAS : 8016-20-4 \/ 90045-43-5<\/strong><br data-start=\"220\" data-end=\"223\" \/><strong data-start=\"223\" data-end=\"258\">INCI : <\/strong><em>Citrus Paradisi Peel Oil<\/em><\/p>\n<h3 data-start=\"262\" data-end=\"279\">Utilisation<\/h3>\n<p data-start=\"281\" data-end=\"685\">L'huile essentielle de pamplemousse est une huile 100% naturelle obtenue par pression m\u00e9canique des \u00e9corces de pamplemousse. C'est l'une des huiles d'agrumes les plus pris\u00e9es, tr\u00e8s appr\u00e9ci\u00e9e en m\u00e9decine naturelle et en cosm\u00e9tique. Gr\u00e2ce \u00e0 son mode d\u2019extraction, elle conserve toutes ses propri\u00e9t\u00e9s bienfaisantes, vitamines, min\u00e9raux et substances actives. Elle est particuli\u00e8rement riche en vitamine C.<\/p>\n<p data-start=\"687\" data-end=\"1330\">Elle est largement utilis\u00e9e dans la fabrication de cosm\u00e9tiques pour le visage, le corps et les cheveux. Elle est indispensable dans les lotions, cr\u00e8mes et baumes destin\u00e9s \u00e0 combattre la cellulite. Elle peut \u00e9galement \u00eatre appliqu\u00e9e pure et mass\u00e9e directement sur les zones concern\u00e9es.<br data-start=\"971\" data-end=\"974\" \/>Ajout\u00e9e aux cr\u00e8mes pour le visage et autres cosm\u00e9tiques, elle enrichit leur composition.<br data-start=\"1062\" data-end=\"1065\" \/>Elle est utilis\u00e9e dans les shampoings, apr\u00e8s-shampoings et savons faits maison.<br data-start=\"1144\" data-end=\"1147\" \/>Tr\u00e8s appr\u00e9ci\u00e9e \u00e9galement en parfumerie, y compris pour les parfums \u00e0 base d'huile (ar\u00f4me frais et citronn\u00e9).<br data-start=\"1255\" data-end=\"1258\" \/>Elle peut \u00eatre m\u00e9lang\u00e9e \u00e0 des huiles de base pour le massage du corps.<\/p>\n<h3 data-start=\"1332\" data-end=\"1351\">Mode d\u2019emploi<\/h3>\n<p data-start=\"1353\" data-end=\"1394\">Peut \u00eatre utilis\u00e9e pure, sans dilution.<\/p>\n<p data-start=\"1396\" data-end=\"1945\"><strong data-start=\"1396\" data-end=\"1422\">Pour l\u2019aromath\u00e9rapie :<\/strong> ajouter quelques gouttes \u00e0 l'eau d'un diffuseur, d\u2019un humidificateur ou d\u2019une lampe \u00e0 ionisation.<br data-start=\"1520\" data-end=\"1523\" \/><strong data-start=\"1523\" data-end=\"1546\">Pour les massages :<\/strong> s\u2019utilise pure ou en association avec des huiles de base comme l'huile d'olive, de jojoba ou d'amande douce.<br data-start=\"1655\" data-end=\"1658\" \/><strong data-start=\"1658\" data-end=\"1676\">Pour le bain :<\/strong> ajouter 5 gouttes dans une baignoire remplie au tiers d'eau ti\u00e8de (environ 35 \u00b0C). Pour une action th\u00e9rapeutique, le bain doit durer environ 30 minutes.<br data-start=\"1829\" data-end=\"1832\" \/><strong data-start=\"1832\" data-end=\"1868\">Enrichissement des cosm\u00e9tiques :<\/strong> m\u00e9langer 2 \u00e0 5 gouttes avec 10 \u00e0 15 ml de cr\u00e8me, lotion, gel ou shampoing.<\/p>\n<h3 data-start=\"1947\" data-end=\"1963\">Propri\u00e9t\u00e9s<\/h3>\n<p data-start=\"1965\" data-end=\"2784\">L'huile essentielle de pamplemousse poss\u00e8de des propri\u00e9t\u00e9s antibact\u00e9riennes et s\u00e9bor\u00e9gulatrices, ce qui la rend id\u00e9ale pour le soin des peaux grasses et \u00e0 tendance acn\u00e9ique ainsi que des cheveux \u00e0 tendance grasse.<br data-start=\"2178\" data-end=\"2181\" \/>Ajout\u00e9e \u00e0 une cr\u00e8me pour le visage, elle aide \u00e0 purifier la peau, r\u00e9duit les inflammations et apaise les irritations. Elle r\u00e9gule la production de s\u00e9bum, rafra\u00eechit, lisse la peau et pr\u00e9vient la formation des points noirs.<br data-start=\"2403\" data-end=\"2406\" \/>Elle a un effet \u00e9nergisant et \u00e9claircissant, lutte contre les taches pigmentaires et favorise la r\u00e9g\u00e9n\u00e9ration naturelle de la peau.<br data-start=\"2537\" data-end=\"2540\" \/>Gr\u00e2ce \u00e0 sa teneur \u00e9lev\u00e9e en vitamine C, elle est un excellent antioxydant.<br data-start=\"2614\" data-end=\"2617\" \/>Ajout\u00e9e au shampoing, \u00e0 l'apr\u00e8s-shampoing ou au masque capillaire, elle renforce les racines des cheveux, stimule leur croissance et r\u00e9duit leur tendance \u00e0 graisser.<\/p>\n<h3 data-start=\"2786\" data-end=\"2803\">En r\u00e9sum\u00e9 :<\/h3>\n<p data-start=\"2805\" data-end=\"3515\">\u2022 action antifongique, antibact\u00e9rienne et antivirale,<br data-start=\"2858\" data-end=\"2861\" \/>\u2022 r\u00e9gule la production de s\u00e9bum du cuir chevelu,<br data-start=\"2909\" data-end=\"2912\" \/>\u2022 aide \u00e0 traiter le psoriasis et l'herp\u00e8s,<br data-start=\"2954\" data-end=\"2957\" \/>\u2022 vertus amincissantes et raffermissantes,<br data-start=\"2999\" data-end=\"3002\" \/>\u2022 effet antioxydant, neutralise les radicaux libres et ralentit le vieillissement,<br data-start=\"3084\" data-end=\"3087\" \/>\u2022 \u00e9limine l\u2019exc\u00e8s d\u2019eau dans l\u2019organisme,<br data-start=\"3128\" data-end=\"3131\" \/>\u2022 action apaisante, utile contre la d\u00e9pression, l\u2019anxi\u00e9t\u00e9 et l\u2019insomnie,<br data-start=\"3203\" data-end=\"3206\" \/>\u2022 soulage les migraines,<br data-start=\"3230\" data-end=\"3233\" \/>\u2022 apaise les irritations apr\u00e8s des piq\u00fbres d\u2019insectes,<br data-start=\"3287\" data-end=\"3290\" \/>\u2022 renforce le syst\u00e8me immunitaire dans la lutte contre les infections,<br data-start=\"3360\" data-end=\"3363\" \/>\u2022 favorise la d\u00e9toxification du foie,<br data-start=\"3400\" data-end=\"3403\" \/>\u2022 chauffe les muscles et pr\u00e9vient les blessures,<br data-start=\"3451\" data-end=\"3454\" \/>\u2022 action antiseptique, rafra\u00eechit et purifie l\u2019air ambiant.<\/p>\n<h3 data-start=\"3517\" data-end=\"3535\">Conservation<\/h3>\n<p data-start=\"3537\" data-end=\"3645\">Conserver hors de la port\u00e9e des enfants, dans un flacon en verre fonc\u00e9 bien ferm\u00e9, \u00e0 temp\u00e9rature ambiante.<\/p>\n<h3 data-start=\"3647\" data-end=\"3673\">Pr\u00e9cautions d\u2019emploi<\/h3>\n<p data-start=\"3675\" data-end=\"3931\" data-is-last-node=\"\" data-is-only-node=\"\">Ne pas appliquer sur la peau expos\u00e9e aux rayons UV.<br data-start=\"3726\" data-end=\"3729\" \/>\u00c9viter tout contact avec les yeux.<br data-start=\"3763\" data-end=\"3766\" \/>Peut provoquer des r\u00e9actions allergiques \u2013 effectuer un test cutan\u00e9 avant utilisation.<br data-start=\"3852\" data-end=\"3855\" \/>Ne pas utiliser pendant la grossesse, l'allaitement ou chez les nourrissons.<\/p>\n","protected":false},"excerpt":{"rendered":"<p>100% Huile essentielle de pamplemousse, press\u00e9e \u00e0 froid \u00e0 partir de l'\u00e9corce du pamplemousse(GRAPEFRUIT, ESSENTIAL OIL ORIGIN)NUM\u00c9RO CAS : 8016-20-4 \/ 90045-43-5INCI : Citrus Paradisi Peel Oil Utilisation L'huile essentielle de pamplemousse est une huile 100% naturelle obtenue par pression m\u00e9canique des \u00e9corces de pamplemousse. C'est l'une des huiles d'agrumes les plus pris\u00e9es, tr\u00e8s appr\u00e9ci\u00e9e [&hellip;]<\/p>\n","protected":false},"featured_media":1994,"comment_status":"open","ping_status":"closed","template":"","meta":[],"product_brand":[],"product_cat":[195,213,196,197,202,204],"product_tag":[],"class_list":{"0":"post-1972","1":"product","2":"type-product","3":"status-publish","4":"has-post-thumbnail","6":"product_cat-peau-vasculaire-acne-preparations-anti-cellulite","7":"product_cat-huiles-aromatiques-fr","8":"product_cat-visage","9":"product_cat-cheveux","10":"product_cat-corps","11":"product_cat-huiles-squalane-beurres-cosmetiques-et-macerats-dhuiles","13":"first","14":"instock","15":"taxable","16":"shipping-taxable","17":"purchasable","18":"product-type-simple"},"_links":{"self":[{"href":"https:\/\/densilab.com\/fr\/wp-json\/wp\/v2\/product\/1972","targetHints":{"allow":["GET"]}}],"collection":[{"href":"https:\/\/densilab.com\/fr\/wp-json\/wp\/v2\/product"}],"about":[{"href":"https:\/\/densilab.com\/fr\/wp-json\/wp\/v2\/types\/product"}],"replies":[{"embeddable":true,"href":"https:\/\/densilab.com\/fr\/wp-json\/wp\/v2\/comments?post=1972"}],"wp:featuredmedia":[{"embeddable":true,"href":"https:\/\/densilab.com\/fr\/wp-json\/wp\/v2\/media\/1994"}],"wp:attachment":[{"href":"https:\/\/densilab.com\/fr\/wp-json\/wp\/v2\/media?parent=1972"}],"wp:term":[{"taxonomy":"product_brand","embeddable":true,"href":"https:\/\/densilab.com\/fr\/wp-json\/wp\/v2\/product_brand?post=1972"},{"taxonomy":"product_cat","embeddable":true,"href":"https:\/\/densilab.com\/fr\/wp-json\/wp\/v2\/product_cat?post=1972"},{"taxonomy":"product_tag","embeddable":true,"href":"https:\/\/densilab.com\/fr\/wp-json\/wp\/v2\/product_tag?post=1972"}],"curies":[{"name":"wp","href":"https:\/\/api.w.org\/{rel}","templated":true}]}}