{"id":1964,"date":"2025-03-07T07:47:52","date_gmt":"2025-03-07T07:47:52","guid":{"rendered":"https:\/\/densilab.com\/?post_type=product&#038;p=1964"},"modified":"2025-03-07T07:51:25","modified_gmt":"2025-03-07T07:51:25","slug":"huile-essentielle-decorce-de-cannelle","status":"publish","type":"product","link":"https:\/\/densilab.com\/fr\/produkt\/huile-essentielle-decorce-de-cannelle\/","title":{"rendered":"HUILE ESSENTIELLE D'\u00c9CORCE DE CANNELLE"},"content":{"rendered":"<p data-start=\"52\" data-end=\"206\"><strong data-start=\"52\" data-end=\"122\">100% Huile essentielle d'\u00e9corce de cannelle, distill\u00e9e \u00e0 la vapeur<\/strong><br data-start=\"163\" data-end=\"166\" \/><strong data-start=\"166\" data-end=\"204\">INCI: <\/strong><em>Cinnamomum Burmanni Bark Oil<\/em><\/p>\n<h3 data-start=\"208\" data-end=\"225\">Application<\/h3>\n<p data-start=\"227\" data-end=\"462\">L'huile essentielle d'\u00e9corce de cannelle est une huile naturelle de haute qualit\u00e9 obtenue par distillation \u00e0 la vapeur de l'\u00e9corce de cannelier cultiv\u00e9 en Indon\u00e9sie \u2013 l'huile extraite de cette \u00e9corce est d'une qualit\u00e9 exceptionnelle.<\/p>\n<p data-start=\"464\" data-end=\"1329\">Elle est largement utilis\u00e9e dans la production de cosm\u00e9tiques. C'est un ingr\u00e9dient cl\u00e9 dans l'industrie de la parfumerie (se marie bien avec les ar\u00f4mes de rose, de clou de girofle, de magnolia et de p\u00eache). Elle conf\u00e8re aux parfums et aux produits de soins des notes olfactives uniques.<br data-start=\"750\" data-end=\"753\" \/>Un excellent ajout aux lotions corporelles \u2013 elle r\u00e9chauffe et aide \u00e0 lutter contre la peau d\u2019orange.<br data-start=\"854\" data-end=\"857\" \/>Un ingr\u00e9dient appr\u00e9ci\u00e9 dans les cr\u00e8mes, les toniques et les brumes pour le visage \u2013 apporte \u00e0 la peau un aspect velout\u00e9 et \u00e9clatant. La peau devient lisse, ferme, tonique et \u00e9lastique.<br data-start=\"1041\" data-end=\"1044\" \/>Ajout\u00e9e au shampoing ou \u00e0 l'apr\u00e8s-shampoing, elle parfume durablement les cheveux et renforce les follicules capillaires.<br data-start=\"1165\" data-end=\"1168\" \/>Elle est \u00e9galement utile pour le soin des pieds et constitue un ingr\u00e9dient recherch\u00e9 dans les cr\u00e8mes pour les mains et les pieds ainsi que dans les d\u00e9odorants.<\/p>\n<h3 data-start=\"1331\" data-end=\"1355\">Mode d'utilisation<\/h3>\n<p data-start=\"1357\" data-end=\"1838\">Elle se m\u00e9lange parfaitement avec d'autres huiles essentielles et se dissout id\u00e9alement dans les huiles de base.<br data-start=\"1469\" data-end=\"1472\" \/>L'huile essentielle d'\u00e9corce de cannelle est tr\u00e8s concentr\u00e9e et ne doit pas \u00eatre utilis\u00e9e pure. Elle doit \u00eatre utilis\u00e9e \u00e0 faible concentration, jusqu'\u00e0 0,07%.<br data-start=\"1630\" data-end=\"1633\" \/>Dans la production de cosm\u00e9tiques, sa concentration ne doit pas d\u00e9passer 0,07%, et dans la fabrication de d\u00e9odorants \u2013 0,03%. Elle ne doit jamais \u00eatre appliqu\u00e9e sur la peau autour des yeux et des l\u00e8vres.<\/p>\n<p data-start=\"1840\" data-end=\"2038\">Pour un usage domestique, elle peut \u00eatre ajout\u00e9e aux cr\u00e8mes, huiles corporelles, gels douche, shampoings ou apr\u00e8s-shampoings. Ajouter 1 \u00e0 2 gouttes pour 100 ml de produit (concentration de 0,07%).<\/p>\n<p data-start=\"2040\" data-end=\"2103\"><strong data-start=\"2040\" data-end=\"2055\">Gouttes\/ml:<\/strong> 1 ml d'huile correspond \u00e0 environ 18 gouttes.<\/p>\n<h3 data-start=\"2105\" data-end=\"2121\">Propri\u00e9t\u00e9s<\/h3>\n<p data-start=\"2123\" data-end=\"2708\">L'huile essentielle d'\u00e9corce de cannelle est un v\u00e9ritable cadeau de la nature :<br data-start=\"2202\" data-end=\"2205\" \/>\u2022 stimule la circulation sanguine et lymphatique, lutte contre la cellulite, am\u00e9liore le m\u00e9tabolisme,<br data-start=\"2306\" data-end=\"2309\" \/>\u2022 am\u00e9liore la tonicit\u00e9 et l\u2019\u00e9lasticit\u00e9 de la peau,<br data-start=\"2359\" data-end=\"2362\" \/>\u2022 poss\u00e8de des propri\u00e9t\u00e9s antibact\u00e9riennes, antivirales et antifongiques,<br data-start=\"2434\" data-end=\"2437\" \/>\u2022 r\u00e9gule la production de s\u00e9bum et \u00e9quilibre la flore cutan\u00e9e,<br data-start=\"2499\" data-end=\"2502\" \/>\u2022 renforce les follicules capillaires et acc\u00e9l\u00e8re la pousse des cheveux,<br data-start=\"2574\" data-end=\"2577\" \/>\u2022 soulage les douleurs li\u00e9es au rhumatisme,<br data-start=\"2620\" data-end=\"2623\" \/>\u2022 \u00e9loigne efficacement les moustiques,<br data-start=\"2661\" data-end=\"2664\" \/>\u2022 diffuse un parfum agr\u00e9able et stimulant.<\/p>\n<p data-start=\"2123\" data-end=\"2708\">\n<h3 data-start=\"2710\" data-end=\"2728\">Conservation<\/h3>\n<p data-start=\"2730\" data-end=\"2848\">Conserver hors de port\u00e9e des enfants, dans un flacon en verre fonc\u00e9 herm\u00e9tiquement ferm\u00e9, \u00e0 une temp\u00e9rature fra\u00eeche.<\/p>\n<h3 data-start=\"2850\" data-end=\"2867\">Pr\u00e9cautions<\/h3>\n<p data-start=\"2869\" data-end=\"3235\" data-is-last-node=\"\" data-is-only-node=\"\">\u00c9viter tout contact avec les yeux.<br data-start=\"2903\" data-end=\"2906\" \/>Ne pas appliquer non dilu\u00e9e directement sur la peau.<br data-start=\"2958\" data-end=\"2961\" \/>Produit destin\u00e9 uniquement \u00e0 un usage externe.<br data-start=\"3007\" data-end=\"3010\" \/>Utiliser uniquement \u00e0 tr\u00e8s faible concentration, jusqu'\u00e0 0,07%.<br data-start=\"3073\" data-end=\"3076\" \/>Les personnes \u00e0 la peau sensible doivent effectuer un test pr\u00e9alable pour v\u00e9rifier l'absence d'irritation.<br data-start=\"3182\" data-end=\"3185\" \/>Ne pas utiliser plus de 2 gouttes par application.<\/p>\n","protected":false},"excerpt":{"rendered":"<p>100% Huile essentielle d'\u00e9corce de cannelle, distill\u00e9e \u00e0 la vapeurINCI: Cinnamomum Burmanni Bark Oil Application L'huile essentielle d'\u00e9corce de cannelle est une huile naturelle de haute qualit\u00e9 obtenue par distillation \u00e0 la vapeur de l'\u00e9corce de cannelier cultiv\u00e9 en Indon\u00e9sie \u2013 l'huile extraite de cette \u00e9corce est d'une qualit\u00e9 exceptionnelle. Elle est largement utilis\u00e9e dans [&hellip;]<\/p>\n","protected":false},"featured_media":2008,"comment_status":"open","ping_status":"closed","template":"","meta":[],"product_brand":[],"product_cat":[195,213,196,197,202,204],"product_tag":[],"class_list":{"0":"post-1964","1":"product","2":"type-product","3":"status-publish","4":"has-post-thumbnail","6":"product_cat-peau-vasculaire-acne-preparations-anti-cellulite","7":"product_cat-huiles-aromatiques-fr","8":"product_cat-visage","9":"product_cat-cheveux","10":"product_cat-corps","11":"product_cat-huiles-squalane-beurres-cosmetiques-et-macerats-dhuiles","13":"first","14":"instock","15":"taxable","16":"shipping-taxable","17":"purchasable","18":"product-type-simple"},"_links":{"self":[{"href":"https:\/\/densilab.com\/fr\/wp-json\/wp\/v2\/product\/1964","targetHints":{"allow":["GET"]}}],"collection":[{"href":"https:\/\/densilab.com\/fr\/wp-json\/wp\/v2\/product"}],"about":[{"href":"https:\/\/densilab.com\/fr\/wp-json\/wp\/v2\/types\/product"}],"replies":[{"embeddable":true,"href":"https:\/\/densilab.com\/fr\/wp-json\/wp\/v2\/comments?post=1964"}],"wp:featuredmedia":[{"embeddable":true,"href":"https:\/\/densilab.com\/fr\/wp-json\/wp\/v2\/media\/2008"}],"wp:attachment":[{"href":"https:\/\/densilab.com\/fr\/wp-json\/wp\/v2\/media?parent=1964"}],"wp:term":[{"taxonomy":"product_brand","embeddable":true,"href":"https:\/\/densilab.com\/fr\/wp-json\/wp\/v2\/product_brand?post=1964"},{"taxonomy":"product_cat","embeddable":true,"href":"https:\/\/densilab.com\/fr\/wp-json\/wp\/v2\/product_cat?post=1964"},{"taxonomy":"product_tag","embeddable":true,"href":"https:\/\/densilab.com\/fr\/wp-json\/wp\/v2\/product_tag?post=1964"}],"curies":[{"name":"wp","href":"https:\/\/api.w.org\/{rel}","templated":true}]}}