{"id":1951,"date":"2025-03-06T22:06:32","date_gmt":"2025-03-06T22:06:32","guid":{"rendered":"https:\/\/densilab.com\/?post_type=product&#038;p=1951"},"modified":"2025-08-31T10:53:32","modified_gmt":"2025-08-31T10:53:32","slug":"huile-essentielle-de-noix-de-muscade","status":"publish","type":"product","link":"https:\/\/densilab.com\/fr\/produkt\/huile-essentielle-de-noix-de-muscade\/","title":{"rendered":"HUILE ESSENTIELLE DE NOIX DE MUSCADE"},"content":{"rendered":"<p data-start=\"94\" data-end=\"248\"><strong data-start=\"147\" data-end=\"161\">CAS<\/strong> : 84082-68-8<br data-start=\"174\" data-end=\"177\" \/><strong data-start=\"177\" data-end=\"194\">EINECS<\/strong> : 282-013-3<br data-start=\"206\" data-end=\"209\" \/><strong data-start=\"209\" data-end=\"217\">INCI<\/strong> : <em>Myristica Fragrans Fruit Oil<\/em><\/p>\n<h3 data-start=\"250\" data-end=\"412\"><strong data-start=\"250\" data-end=\"265\">Application<\/strong><\/h3>\n<p data-start=\"250\" data-end=\"412\">L'huile essentielle de muscade est une huile essentielle naturelle de haute qualit\u00e9, obtenue par distillation \u00e0 la vapeur de la noix de muscade.<\/p>\n<p data-start=\"414\" data-end=\"889\">La noix de muscade est principalement utilis\u00e9e comme \u00e9pice, mais en raison de ses propri\u00e9t\u00e9s exceptionnelles, elle a \u00e9galement trouv\u00e9 une large application en aromath\u00e9rapie, en massage et en cosm\u00e9tique.<br data-start=\"616\" data-end=\"619\" \/>L'huile essentielle de muscade se dissout parfaitement dans n'importe quelle huile de support et est un excellent ajout aux cr\u00e8mes, masques, beurres cosm\u00e9tiques et baumes pour le corps.<br data-start=\"804\" data-end=\"807\" \/>Elle est \u00e9galement utilis\u00e9e comme additif pour les shampoings et apr\u00e8s-shampoings.<\/p>\n<p data-start=\"891\" data-end=\"1294\"><strong data-start=\"891\" data-end=\"913\">Comment l'utiliser<\/strong><br data-start=\"913\" data-end=\"916\" \/>\u2022 Aromatisation : Ajoutez 5-10 gouttes de l'huile dans un bol d'eau dans un br\u00fbleur d'aromath\u00e9rapie.<br data-start=\"1016\" data-end=\"1019\" \/>\u2022 Massage : M\u00e9langez 15-30 gouttes avec 50 ml d'huile de support.<br data-start=\"1084\" data-end=\"1087\" \/>\u2022 Bain : Ajoutez 5-10 gouttes de l'huile dans l'eau du bain.<br data-start=\"1147\" data-end=\"1150\" \/>\u2022 Inhalation : Ajoutez quelques gouttes de l'huile dans de l'eau chaude, couvrez votre t\u00eate avec une serviette et inhalez la vapeur qui s'\u00e9l\u00e8ve.<\/p>\n<p data-start=\"1296\" data-end=\"1356\"><strong data-start=\"1296\" data-end=\"1310\">Gouttes\/ml<\/strong> : 1 ml d'huile \u00e9quivaut \u00e0 environ 26 gouttes.<\/p>\n<h3 data-start=\"1358\" data-end=\"1705\"><strong data-start=\"1358\" data-end=\"1368\">Action<\/strong><\/h3>\n<p data-start=\"1358\" data-end=\"1705\">Elle pr\u00e9vient efficacement la d\u00e9g\u00e9n\u00e9rescence des tissus et agit comme un puissant antioxydant.<br data-start=\"1465\" data-end=\"1468\" \/>Elle a des effets tr\u00e8s b\u00e9n\u00e9fiques sur la peau, la rajeunit, stimule la circulation, lisse, \u00e9claircit et apaise les infections cutan\u00e9es.<br data-start=\"1603\" data-end=\"1606\" \/>L'huile ajout\u00e9e au shampoing ou \u00e0 l'apr\u00e8s-shampoing am\u00e9liore l'\u00e9tat du cuir chevelu et des cheveux.<\/p>\n<p data-start=\"1707\" data-end=\"2193\">En aromath\u00e9rapie, elle a des propri\u00e9t\u00e9s antiseptiques, anti-inflammatoires et aide \u00e0 soulager la toux.<br data-start=\"1809\" data-end=\"1812\" \/>Lorsqu'elle est utilis\u00e9e pour un massage, elle d\u00e9tend les muscles, soulage les douleurs abdominales (y compris les douleurs menstruelles), pr\u00e9vient les n\u00e9vralgies et r\u00e9duit la douleur dans les affections rhumatismales.<br data-start=\"2030\" data-end=\"2033\" \/>L'huile essentielle de muscade est \u00e9galement tr\u00e8s utile pour les personnes actives en cas de fatigue, de crampes musculaires, de d\u00e9g\u00e9n\u00e9rescence ou de blessures.<\/p>\n<h3 data-start=\"2195\" data-end=\"2358\"><strong data-start=\"2195\" data-end=\"2211\">Conservation<\/strong><\/h3>\n<p data-start=\"2195\" data-end=\"2358\">Conservez dans un endroit sombre, frais et hors de la port\u00e9e des enfants. Apr\u00e8s utilisation, refermez imm\u00e9diatement la bouteille herm\u00e9tiquement.<\/p>\n<h3 data-start=\"2360\" data-end=\"2818\"><strong data-start=\"2360\" data-end=\"2378\">Avertissements<\/strong><\/h3>\n<p data-start=\"2360\" data-end=\"2818\" data-is-last-node=\"\" data-is-only-node=\"\">Ne pas utiliser pendant la grossesse ou l'allaitement, ni en cas de sensibilit\u00e9 \u00e0 la noix de muscade.<br data-start=\"2482\" data-end=\"2485\" \/>En grande quantit\u00e9, l'huile de muscade peut avoir des effets psychoactifs.<br data-start=\"2559\" data-end=\"2562\" \/>Pour \u00e9viter les r\u00e9actions allergiques ind\u00e9sirables, il est recommand\u00e9 de r\u00e9aliser un test cutan\u00e9 avant utilisation (dissoudre 1 goutte de l'huile dans une cuill\u00e8re \u00e0 soupe d'huile v\u00e9g\u00e9tale et appliquer sur la peau).<br data-start=\"2777\" data-end=\"2780\" \/>R\u00e9serv\u00e9 \u00e0 un usage externe uniquement.<\/p>\n","protected":false},"excerpt":{"rendered":"<p>CAS : 84082-68-8EINECS : 282-013-3INCI : Myristica Fragrans Fruit Oil Application L'huile essentielle de muscade est une huile essentielle naturelle de haute qualit\u00e9, obtenue par distillation \u00e0 la vapeur de la noix de muscade. La noix de muscade est principalement utilis\u00e9e comme \u00e9pice, mais en raison de ses propri\u00e9t\u00e9s exceptionnelles, elle a \u00e9galement trouv\u00e9 une [&hellip;]<\/p>\n","protected":false},"featured_media":1948,"comment_status":"open","ping_status":"closed","template":"","meta":[],"product_brand":[],"product_cat":[213,196,197,202,204],"product_tag":[],"class_list":{"0":"post-1951","1":"product","2":"type-product","3":"status-publish","4":"has-post-thumbnail","6":"product_cat-huiles-aromatiques-fr","7":"product_cat-visage","8":"product_cat-cheveux","9":"product_cat-corps","10":"product_cat-huiles-squalane-beurres-cosmetiques-et-macerats-dhuiles","12":"first","13":"instock","14":"taxable","15":"shipping-taxable","16":"purchasable","17":"product-type-simple"},"_links":{"self":[{"href":"https:\/\/densilab.com\/fr\/wp-json\/wp\/v2\/product\/1951","targetHints":{"allow":["GET"]}}],"collection":[{"href":"https:\/\/densilab.com\/fr\/wp-json\/wp\/v2\/product"}],"about":[{"href":"https:\/\/densilab.com\/fr\/wp-json\/wp\/v2\/types\/product"}],"replies":[{"embeddable":true,"href":"https:\/\/densilab.com\/fr\/wp-json\/wp\/v2\/comments?post=1951"}],"wp:featuredmedia":[{"embeddable":true,"href":"https:\/\/densilab.com\/fr\/wp-json\/wp\/v2\/media\/1948"}],"wp:attachment":[{"href":"https:\/\/densilab.com\/fr\/wp-json\/wp\/v2\/media?parent=1951"}],"wp:term":[{"taxonomy":"product_brand","embeddable":true,"href":"https:\/\/densilab.com\/fr\/wp-json\/wp\/v2\/product_brand?post=1951"},{"taxonomy":"product_cat","embeddable":true,"href":"https:\/\/densilab.com\/fr\/wp-json\/wp\/v2\/product_cat?post=1951"},{"taxonomy":"product_tag","embeddable":true,"href":"https:\/\/densilab.com\/fr\/wp-json\/wp\/v2\/product_tag?post=1951"}],"curies":[{"name":"wp","href":"https:\/\/api.w.org\/{rel}","templated":true}]}}