{"id":1943,"date":"2025-03-06T19:57:01","date_gmt":"2025-03-06T19:57:01","guid":{"rendered":"https:\/\/densilab.com\/?post_type=product&#038;p=1943"},"modified":"2025-08-31T10:42:17","modified_gmt":"2025-08-31T10:42:17","slug":"huile-essentielle-de-bergamote-sans-furanocumarines","status":"publish","type":"product","link":"https:\/\/densilab.com\/fr\/produkt\/huile-essentielle-de-bergamote-sans-furanocumarines\/","title":{"rendered":"HUILE ESSENTIELLE DE BERGAMOTE SANS FURANOCUMARINES"},"content":{"rendered":"<p data-start=\"3898\" data-end=\"4056\">Huile Essentielle de Bergamote (ESSENTIAL OIL FCF)<br data-start=\"3977\" data-end=\"3980\" \/>NUM\u00c9RO CAS : 8007-75-8 \/ 68648-33-9<br data-start=\"4015\" data-end=\"4018\" \/>NUM\u00c9RO EINECS : 616-915-9 \/ *614-687-5<\/p>\n<p data-start=\"4058\" data-end=\"4125\"><strong>INCI:<\/strong> <em>Citrus Aurantium Bergamia Fruit Oil<\/em><br data-start=\"4100\" data-end=\"4103\" \/>Limon\u00e8ne*<br data-start=\"4112\" data-end=\"4115\" \/>Linalol*<\/p>\n<p>*pr\u00e9sent naturellement dans la mati\u00e8re premi\u00e8re.<\/p>\n<h3 data-start=\"4177\" data-end=\"4192\"><strong data-start=\"4177\" data-end=\"4192\">Utilisation<\/strong><\/h3>\n<p data-start=\"4194\" data-end=\"4633\">L'Huile Essentielle de Bergamote FCF est une huile de premi\u00e8re qualit\u00e9, 100 % naturelle, obtenue par pression \u00e0 froid des fruits de bergamote cultiv\u00e9s sp\u00e9cifiquement pour ce produit.<br data-start=\"4376\" data-end=\"4379\" \/>Un avantage consid\u00e9rable de notre huile est l'absence de composants photosensibilisants, obtenue gr\u00e2ce \u00e0 l'\u00e9limination des furanocoumarines de l'\u00e9corce de bergamote. L'Huile Essentielle de Bergamote FCF peut donc \u00eatre utilis\u00e9e sans crainte pendant l'\u00e9t\u00e9.<\/p>\n<p data-start=\"4635\" data-end=\"5676\">Elle est utilis\u00e9e en cosm\u00e9tique comme additif dans de nombreux produits. Elle constitue un excellent compl\u00e9ment pour les huiles corporelles et de massage, les cr\u00e8mes, les toniques, les lotions, les d\u00e9odorants, les parfums, les produits capillaires, les savons naturels et les boules de bain.<br data-start=\"4926\" data-end=\"4929\" \/>Cette huile est recommand\u00e9e pour le soin des peaux sujettes \u00e0 l'acn\u00e9, grasses ou pr\u00e9sentant des taches pigmentaires. Elle r\u00e9duit consid\u00e9rablement la production excessive de s\u00e9bum en inhibant l'activit\u00e9 des glandes s\u00e9bac\u00e9es. Elle est \u00e9galement utilis\u00e9e dans le traitement du vitiligo, du psoriasis et de l'acn\u00e9.<br data-start=\"5239\" data-end=\"5242\" \/>L'utilisation de l'huile de bergamote est \u00e9galement conseill\u00e9e dans les infections des voies urinaires, car elle r\u00e9duit les d\u00e9mangeaisons et pr\u00e9vient les infections, c'est pourquoi elle est fr\u00e9quemment ajout\u00e9e aux produits d'hygi\u00e8ne intime.<br data-start=\"5482\" data-end=\"5485\" \/>Elle est connue pour ses propri\u00e9t\u00e9s d'am\u00e9lioration de l'humeur et pour son action contre la fatigue et le stress. Lorsqu'elle est utilis\u00e9e dans des diffuseurs, elle a un effet antid\u00e9presseur.<\/p>\n<p data-start=\"5678\" data-end=\"6047\"><strong data-start=\"5678\" data-end=\"5702\">Comment l'utiliser :<\/strong><br data-start=\"5702\" data-end=\"5705\" \/>L'Huile Essentielle de Bergamote FCF se dissout parfaitement dans toute huile de base. Lorsqu'elle est utilis\u00e9e directement sur la peau, elle doit toujours \u00eatre dilu\u00e9e dans une huile de base.<br data-start=\"5896\" data-end=\"5899\" \/>La concentration recommand\u00e9e dans les produits cosm\u00e9tiques est de 0,5 - 1 %.<br data-start=\"5975\" data-end=\"5978\" \/>Gouttes\/ml : 1 ml d'huile de bergamote \u00e9quivaut \u00e0 environ 26 gouttes.<\/p>\n<h3 data-start=\"6049\" data-end=\"6075\"><strong data-start=\"6049\" data-end=\"6075\">Description des effets<\/strong><\/h3>\n<p data-start=\"6077\" data-end=\"6627\">L'Huile Essentielle de Bergamote a les effets suivants :<br data-start=\"6133\" data-end=\"6136\" \/>\u2022 Antiseptique, antibact\u00e9rienne, antifongique<br data-start=\"6181\" data-end=\"6184\" \/>\u2022 Prot\u00e8ge contre le vieillissement cutan\u00e9 d\u00fb au soleil<br data-start=\"6238\" data-end=\"6241\" \/>\u2022 Aide dans le traitement du vitiligo et du psoriasis<br data-start=\"6294\" data-end=\"6297\" \/>\u2022 Renforce les vaisseaux sanguins<br data-start=\"6330\" data-end=\"6333\" \/>\u2022 Agit contre les pellicules<br data-start=\"6361\" data-end=\"6364\" \/>\u2022 R\u00e9duit la production de s\u00e9bum<br data-start=\"6395\" data-end=\"6398\" \/>\u2022 Tonifie et \u00e9claircit la peau<br data-start=\"6428\" data-end=\"6431\" \/>\u2022 Aide contre les \u0153d\u00e8mes, les irritations solaires, les cicatrices et la transpiration excessive<br data-start=\"6527\" data-end=\"6530\" \/>\u2022 Acc\u00e9l\u00e8re la gu\u00e9rison des plaies et r\u00e9g\u00e9n\u00e8re la peau<br data-start=\"6583\" data-end=\"6586\" \/>\u2022 A une action astringente et tonifiante.<\/p>\n<h3 data-start=\"6629\" data-end=\"6643\"><strong data-start=\"6629\" data-end=\"6643\">Stockage\u00a0<\/strong><\/h3>\n<p data-start=\"6645\" data-end=\"6758\">Conserver \u00e0 l'abri des enfants, dans une bouteille herm\u00e9tiquement ferm\u00e9e en verre sombre, \u00e0 temp\u00e9rature ambiante.<\/p>\n<h3 data-start=\"6760\" data-end=\"6780\"><strong data-start=\"6760\" data-end=\"6780\">Avertissements\u00a0<\/strong><\/h3>\n<p data-start=\"6782\" data-end=\"6946\" data-is-last-node=\"\" data-is-only-node=\"\">\u00c9viter tout contact avec les yeux.<br data-start=\"6816\" data-end=\"6819\" \/>Ne pas ing\u00e9rer et ne pas appliquer l'huile non dilu\u00e9e directement sur la peau.<br data-start=\"6897\" data-end=\"6900\" \/>Produit destin\u00e9 uniquement \u00e0 un usage externe.<\/p>\n","protected":false},"excerpt":{"rendered":"<p>Huile Essentielle de Bergamote (ESSENTIAL OIL FCF)NUM\u00c9RO CAS : 8007-75-8 \/ 68648-33-9NUM\u00c9RO EINECS : 616-915-9 \/ *614-687-5 INCI: Citrus Aurantium Bergamia Fruit OilLimon\u00e8ne*Linalol* *pr\u00e9sent naturellement dans la mati\u00e8re premi\u00e8re. Utilisation L'Huile Essentielle de Bergamote FCF est une huile de premi\u00e8re qualit\u00e9, 100 % naturelle, obtenue par pression \u00e0 froid des fruits de bergamote cultiv\u00e9s sp\u00e9cifiquement [&hellip;]<\/p>\n","protected":false},"featured_media":1998,"comment_status":"open","ping_status":"closed","template":"","meta":[],"product_brand":[],"product_cat":[195,213,196,197,202,204],"product_tag":[],"class_list":{"0":"post-1943","1":"product","2":"type-product","3":"status-publish","4":"has-post-thumbnail","6":"product_cat-peau-vasculaire-acne-preparations-anti-cellulite","7":"product_cat-huiles-aromatiques-fr","8":"product_cat-visage","9":"product_cat-cheveux","10":"product_cat-corps","11":"product_cat-huiles-squalane-beurres-cosmetiques-et-macerats-dhuiles","13":"first","14":"instock","15":"taxable","16":"shipping-taxable","17":"purchasable","18":"product-type-simple"},"_links":{"self":[{"href":"https:\/\/densilab.com\/fr\/wp-json\/wp\/v2\/product\/1943","targetHints":{"allow":["GET"]}}],"collection":[{"href":"https:\/\/densilab.com\/fr\/wp-json\/wp\/v2\/product"}],"about":[{"href":"https:\/\/densilab.com\/fr\/wp-json\/wp\/v2\/types\/product"}],"replies":[{"embeddable":true,"href":"https:\/\/densilab.com\/fr\/wp-json\/wp\/v2\/comments?post=1943"}],"wp:featuredmedia":[{"embeddable":true,"href":"https:\/\/densilab.com\/fr\/wp-json\/wp\/v2\/media\/1998"}],"wp:attachment":[{"href":"https:\/\/densilab.com\/fr\/wp-json\/wp\/v2\/media?parent=1943"}],"wp:term":[{"taxonomy":"product_brand","embeddable":true,"href":"https:\/\/densilab.com\/fr\/wp-json\/wp\/v2\/product_brand?post=1943"},{"taxonomy":"product_cat","embeddable":true,"href":"https:\/\/densilab.com\/fr\/wp-json\/wp\/v2\/product_cat?post=1943"},{"taxonomy":"product_tag","embeddable":true,"href":"https:\/\/densilab.com\/fr\/wp-json\/wp\/v2\/product_tag?post=1943"}],"curies":[{"name":"wp","href":"https:\/\/api.w.org\/{rel}","templated":true}]}}