{"id":1837,"date":"2025-02-13T15:37:14","date_gmt":"2025-02-13T15:37:14","guid":{"rendered":"https:\/\/densilab.com\/?post_type=product&#038;p=1837"},"modified":"2025-08-30T19:06:56","modified_gmt":"2025-08-30T19:06:56","slug":"cellules-souches-decorce-de-chene-blanc","status":"publish","type":"product","link":"https:\/\/densilab.com\/fr\/produkt\/cellules-souches-decorce-de-chene-blanc\/","title":{"rendered":"CELLULES SOUCHES D'\u00c9CORCE DE CH\u00caNE BLANC"},"content":{"rendered":"<p><strong>INCI :<\/strong> <em>Quercus Alba Bark Extract &amp; Lactobacillus Ferment<br \/>\n<\/em><strong>pH (Direct) :<\/strong> 3,5 - 5,5<br \/>\n<strong>Teneur en acide tannique (tanins) :<\/strong> minimum 0,95%<\/p>\n<h3><strong>Application<\/strong><\/h3>\n<p>Les cellules souches v\u00e9g\u00e9tales aident \u00e0 pr\u00e9server les fonctions naturelles de la peau et \u00e0 ralentir le processus de vieillissement.<br \/>\nDes \u00e9tudes confirment leurs propri\u00e9t\u00e9s antioxydantes, anti-inflammatoires et r\u00e9g\u00e9n\u00e9rantes, ce qui en fait un ingr\u00e9dient pr\u00e9cieux pour les cosm\u00e9tiques anti-\u00e2ge hautement performants.<br \/>\nCes cellules ont la capacit\u00e9 de se multiplier et de r\u00e9g\u00e9n\u00e9rer les zones cutan\u00e9es endommag\u00e9es.<br \/>\nElles sont utilis\u00e9es dans les cr\u00e8mes anti-rides et hydratantes ainsi que dans les soins pour les peaux sensibles.<br \/>\nLes cellules souches d'\u00e9corce de ch\u00eane blanc peuvent \u00eatre ajout\u00e9es aux cr\u00e8mes, masques, toniques et lotions corporelles.<br \/>\n<strong>Concentration recommand\u00e9e dans les formulations cosm\u00e9tiques :<\/strong> 0,5 - 10% (ajouter \u00e0 une temp\u00e9rature ne d\u00e9passant pas 35\u00b0C).<br \/>\nElles sont totalement solubles dans l'eau et s'int\u00e8grent facilement dans les formulations cosm\u00e9tiques.<\/p>\n<h3><strong>Effets<\/strong><\/h3>\n<p data-start=\"66\" data-end=\"394\">Les cellules souches v\u00e9g\u00e9tales ralentissent le vieillissement cutan\u00e9 en prot\u00e9geant la peau contre les agressions ext\u00e9rieures. Elles favorisent la r\u00e9g\u00e9n\u00e9ration naturelle et contribuent \u00e0 la r\u00e9paration des tissus endommag\u00e9s.<br data-start=\"288\" data-end=\"291\" \/>Elles constituent un alli\u00e9 pr\u00e9cieux pour maintenir une peau ferme, \u00e9lastique et jeune plus longtemps.<\/p>\n<p data-start=\"396\" data-end=\"455\"><strong data-start=\"396\" data-end=\"453\">Principaux bienfaits des cellules souches v\u00e9g\u00e9tales :<\/strong><\/p>\n<ul>\n<li data-start=\"458\" data-end=\"517\">Prot\u00e8gent la peau contre les agressions environnementales<\/li>\n<li data-start=\"520\" data-end=\"570\">Am\u00e9liorent la fermet\u00e9 et l\u2019\u00e9lasticit\u00e9 de la peau<\/li>\n<li data-start=\"573\" data-end=\"650\">R\u00e9duisent la visibilit\u00e9 des rides, notamment celles li\u00e9es au vieillissement<\/li>\n<li data-start=\"653\" data-end=\"700\">Renforcent la barri\u00e8re protectrice de la peau<\/li>\n<li data-start=\"703\" data-end=\"768\">Optimisent la capacit\u00e9 naturelle d\u2019auto-r\u00e9g\u00e9n\u00e9ration de la peau<\/li>\n<\/ul>\n<h3><strong>Stockage<\/strong><\/h3>\n<p>Conserver dans un endroit sec \u00e0 une temp\u00e9rature ne d\u00e9passant pas 32\u00b0C.<\/p>\n<h3><strong>Avertissements<\/strong><\/h3>\n<p>Ne pas congeler.<\/p>\n","protected":false},"excerpt":{"rendered":"<p>INCI : Quercus Alba Bark Extract &amp; Lactobacillus Ferment pH (Direct) : 3,5 - 5,5 Teneur en acide tannique (tanins) : minimum 0,95% Application Les cellules souches v\u00e9g\u00e9tales aident \u00e0 pr\u00e9server les fonctions naturelles de la peau et \u00e0 ralentir le processus de vieillissement. Des \u00e9tudes confirment leurs propri\u00e9t\u00e9s antioxydantes, anti-inflammatoires et r\u00e9g\u00e9n\u00e9rantes, ce qui [&hellip;]<\/p>\n","protected":false},"featured_media":1833,"comment_status":"open","ping_status":"closed","template":"","meta":[],"product_brand":[],"product_cat":[200,223,191,194,195,196,202,203],"product_tag":[],"class_list":{"0":"post-1837","1":"product","2":"type-product","3":"status-publish","4":"has-post-thumbnail","6":"product_cat-must-have-fr","7":"product_cat-ingredients-actifs","8":"product_cat-ingredients-anti-age","9":"product_cat-ingredients-hydratants","10":"product_cat-peau-vasculaire-acne-preparations-anti-cellulite","11":"product_cat-visage","12":"product_cat-corps","13":"product_cat-liposomes-et-peptides","15":"first","16":"instock","17":"taxable","18":"shipping-taxable","19":"purchasable","20":"product-type-simple"},"_links":{"self":[{"href":"https:\/\/densilab.com\/fr\/wp-json\/wp\/v2\/product\/1837","targetHints":{"allow":["GET"]}}],"collection":[{"href":"https:\/\/densilab.com\/fr\/wp-json\/wp\/v2\/product"}],"about":[{"href":"https:\/\/densilab.com\/fr\/wp-json\/wp\/v2\/types\/product"}],"replies":[{"embeddable":true,"href":"https:\/\/densilab.com\/fr\/wp-json\/wp\/v2\/comments?post=1837"}],"wp:featuredmedia":[{"embeddable":true,"href":"https:\/\/densilab.com\/fr\/wp-json\/wp\/v2\/media\/1833"}],"wp:attachment":[{"href":"https:\/\/densilab.com\/fr\/wp-json\/wp\/v2\/media?parent=1837"}],"wp:term":[{"taxonomy":"product_brand","embeddable":true,"href":"https:\/\/densilab.com\/fr\/wp-json\/wp\/v2\/product_brand?post=1837"},{"taxonomy":"product_cat","embeddable":true,"href":"https:\/\/densilab.com\/fr\/wp-json\/wp\/v2\/product_cat?post=1837"},{"taxonomy":"product_tag","embeddable":true,"href":"https:\/\/densilab.com\/fr\/wp-json\/wp\/v2\/product_tag?post=1837"}],"curies":[{"name":"wp","href":"https:\/\/api.w.org\/{rel}","templated":true}]}}