{"id":1775,"date":"2025-01-25T11:34:55","date_gmt":"2025-01-25T11:34:55","guid":{"rendered":"https:\/\/densilab.com\/?post_type=product&#038;p=1775"},"modified":"2025-08-31T15:06:28","modified_gmt":"2025-08-31T15:06:28","slug":"shampooing-nourrissant-et-demelant-avec-protection-de-la-couleur-filtre-uv","status":"publish","type":"product","link":"https:\/\/densilab.com\/fr\/produkt\/shampooing-nourrissant-et-demelant-avec-protection-de-la-couleur-filtre-uv\/","title":{"rendered":"SHAMPOOING NOURRISSANT ET D\u00c9M\u00caLANT AVEC PROTECTION DE LA COULEUR, FILTRE UV"},"content":{"rendered":"<div class=\"flex-shrink-0 flex flex-col relative items-end\">\n<div>\n<div class=\"pt-0\">\n<div class=\"gizmo-bot-avatar flex h-8 w-8 items-center justify-center overflow-hidden rounded-full\">\n<div class=\"relative p-1 rounded-sm flex items-center justify-center bg-token-main-surface-primary text-token-text-primary h-8 w-8\"><strong>INCI:<\/strong><\/div>\n<\/div>\n<\/div>\n<\/div>\n<\/div>\n<div class=\"group\/conversation-turn relative flex w-full min-w-0 flex-col agent-turn\">\n<div class=\"flex-col gap-1 md:gap-3\">\n<div class=\"flex max-w-full flex-col flex-grow\">\n<div class=\"min-h-8 text-message flex w-full flex-col items-end gap-2 whitespace-normal break-words text-start [.text-message+&amp;]:mt-5\" dir=\"auto\" data-message-author-role=\"assistant\" data-message-id=\"88c2f6ee-ca8a-4140-863a-7d24f6595628\" data-message-model-slug=\"gpt-4o-mini\">\n<div class=\"flex w-full flex-col gap-1 empty:hidden first:pt-[3px]\">\n<div class=\"markdown prose w-full break-words dark:prose-invert dark\">\n<p><em>Eau purifi\u00e9e de source himalayenne (Aqua), Extrait de riz ferment\u00e9, Prot\u00e9ine d'amande (Prunus amygdalus dulcis), Prot\u00e9ine d'pois hydrolys\u00e9e, Extrait de feuille d'Aloe vera (Aloe barbadensis), Extrait de graines de fenugrec (Trigonella foenum-graecum), Sulfonate d'ol\u00e9fine sodium C14-16, Cocamidopropyl b\u00e9ta\u00efne, Extrait d'Amla (Phyllanthus emblica), Polyquaternium-7, Prot\u00e9ine de soja hydrolys\u00e9e, Amodim\u00e9thicone, Cyclom\u00e9thicone, Extrait d'Ashwagandha (racine de Withania somnifera), Extrait de henn\u00e9 (Lawsonia inermis), Extrait de racine de garance (Rubia cordifolia), Extrait de camomille (Matricaria chamomilla), Extrait de Bhringraj (Eclipta prostrata), Huile de feuille de Tea Tree (Melaleuca alternifolia), Huile de pelure d'orange (Citrus aurantium), Huile de fruit de citron (Citrus limon), Glyc\u00e9rine, Benzoate de sodium, Sorbate de potassium.<\/em><\/p>\n<h3>Ingr\u00e9dients<\/h3>\n<ul>\n<li data-start=\"87\" data-end=\"137\"><strong data-start=\"87\" data-end=\"107\">Graines noires :<\/strong> prot\u00e9ine hydrolys\u00e9e de pois<\/li>\n<li data-start=\"140\" data-end=\"202\"><strong data-start=\"140\" data-end=\"163\">Prot\u00e9ine d\u2019amande :<\/strong> pr\u00e9vient la d\u00e9coloration des cheveux<\/li>\n<li data-start=\"205\" data-end=\"284\"><strong data-start=\"205\" data-end=\"234\">Extrait de riz ferment\u00e9 :<\/strong> am\u00e9liore la texture et la brillance des cheveux<\/li>\n<li data-start=\"287\" data-end=\"366\"><strong data-start=\"287\" data-end=\"309\">Extrait de henn\u00e9 :<\/strong> retient l\u2019humidit\u00e9 et r\u00e9duit la s\u00e9cheresse des cheveux<\/li>\n<li data-start=\"369\" data-end=\"429\"><strong data-start=\"369\" data-end=\"395\">Extrait de Bhringraj :<\/strong> aide \u00e0 retarder le grisonnement<\/li>\n<li data-start=\"432\" data-end=\"498\"><strong data-start=\"432\" data-end=\"458\">Extrait de camomille :<\/strong> redonne de l\u2019\u00e9clat aux cheveux ternes<\/li>\n<li data-start=\"501\" data-end=\"562\"><strong data-start=\"501\" data-end=\"526\">Extrait d\u2019aloe vera :<\/strong> apaise et conditionne les cheveux<\/li>\n<li data-start=\"565\" data-end=\"638\"><strong data-start=\"565\" data-end=\"601\">Extrait de graines de fenugrec :<\/strong> favorise la croissance des cheveux<\/li>\n<li data-start=\"641\" data-end=\"698\"><strong data-start=\"641\" data-end=\"661\">Extrait d\u2019Amla :<\/strong> ralentit le grisonnement pr\u00e9matur\u00e9<\/li>\n<li data-start=\"701\" data-end=\"765\"><strong data-start=\"701\" data-end=\"728\">Extrait d\u2019Ashwagandha :<\/strong> renforce les cheveux d\u00e8s la racine<\/li>\n<li data-start=\"768\" data-end=\"834\"><strong data-start=\"768\" data-end=\"793\">Huile d\u2019arbre \u00e0 th\u00e9 :<\/strong> r\u00e9duit les irritations du cuir chevelu<\/li>\n<li data-start=\"837\" data-end=\"897\"><strong data-start=\"837\" data-end=\"858\">Huile de citron :<\/strong> vitamine C, \u00e9limine l\u2019exc\u00e8s de s\u00e9bum<\/li>\n<li data-start=\"900\" data-end=\"988\"><strong data-start=\"900\" data-end=\"920\">Huile d\u2019orange :<\/strong> apaise le cuir chevelu sec et irrit\u00e9, lutte contre les pellicules<\/li>\n<\/ul>\n<h3 data-start=\"995\" data-end=\"1012\"><strong data-start=\"995\" data-end=\"1010\">Utilisation<\/strong><\/h3>\n<p data-start=\"1014\" data-end=\"1116\">Shampoing sp\u00e9cialis\u00e9 pour un usage quotidien, nettoie en profondeur, nourrit et hydrate les cheveux.<\/p>\n<p data-start=\"1118\" data-end=\"1198\">Formule sans parab\u00e8nes et sans SLS\/SLES, contenant des agents nettoyants doux.<\/p>\n<p data-start=\"1200\" data-end=\"1284\">Convient aux cheveux color\u00e9s, affaiblis, trait\u00e9s chimiquement, clairsem\u00e9s et fins.<\/p>\n<p data-start=\"1286\" data-end=\"1441\">Enrichi de 13 extraits de plantes, vitamines naturelles, min\u00e9raux et antioxydants, il constitue une alternative 100\u202f% naturelle aux shampoings chimiques.<\/p>\n<p data-start=\"1443\" data-end=\"1527\">pH 5,5, proche du pH naturel de la peau, pour \u00e9viter s\u00e9cheresse ou exc\u00e8s de s\u00e9bum.<\/p>\n<p data-start=\"1529\" data-end=\"1576\">Formule douce \u201csans larmes\u201d, sans irritation.<\/p>\n<h3 data-start=\"1583\" data-end=\"1595\"><strong data-start=\"1583\" data-end=\"1593\">Effets<\/strong><\/h3>\n<p data-start=\"1597\" data-end=\"1757\">Gr\u00e2ce \u00e0 un double syst\u00e8me de protection \u2013 filtre UV et vitamines C, E, K et B9 \u2013 le shampoing prot\u00e8ge et nourrit la couleur des cheveux, prolongeant sa dur\u00e9e.<\/p>\n<p data-start=\"1759\" data-end=\"1876\">Prot\u00e8ge la peau et les cheveux des rayons UV, de la pollution et des impuret\u00e9s, tout en les nettoyant d\u00e9licatement.<\/p>\n<p data-start=\"1878\" data-end=\"2068\">Les extraits de plantes nourrissent le cuir chevelu, contr\u00f4lent les frisottis, donnent du volume, renforcent les follicules et conditionnent naturellement les cheveux (effet revitalisant).<\/p>\n<p data-start=\"2070\" data-end=\"2119\"><strong data-start=\"2070\" data-end=\"2117\">Effets sp\u00e9cifiques des extraits et huiles :<\/strong><\/p>\n<ul>\n<li data-start=\"2122\" data-end=\"2242\"><strong data-start=\"2122\" data-end=\"2137\">Aloe vera :<\/strong> propri\u00e9t\u00e9s anti-inflammatoires et antibact\u00e9riennes, hydrate, restaure le pH, apaise et r\u00e9gule le s\u00e9bum<\/li>\n<li data-start=\"2245\" data-end=\"2322\"><strong data-start=\"2245\" data-end=\"2255\">Amla :<\/strong> antioxydant, nutritif et fortifiant, redonne \u00e9clat et \u00e9lasticit\u00e9<\/li>\n<li data-start=\"2325\" data-end=\"2396\"><strong data-start=\"2325\" data-end=\"2336\">Henn\u00e9 :<\/strong> entretient le cuir chevelu et lutte contre les pellicules<\/li>\n<li data-start=\"2399\" data-end=\"2455\"><strong data-start=\"2399\" data-end=\"2413\">Fenugrec :<\/strong> cheveux plus denses, \u00e9pais et brillants<\/li>\n<li data-start=\"2458\" data-end=\"2503\"><strong data-start=\"2458\" data-end=\"2473\">Manjistha :<\/strong> apporte brillance et volume<\/li>\n<li data-start=\"2506\" data-end=\"2584\"><strong data-start=\"2506\" data-end=\"2523\">Ashwagandha :<\/strong> r\u00e9g\u00e9n\u00e8re le cuir chevelu, renforce les cheveux \u00e0 la racine<\/li>\n<li data-start=\"2587\" data-end=\"2668\"><strong data-start=\"2587\" data-end=\"2612\">Huile d\u2019arbre \u00e0 th\u00e9 :<\/strong> r\u00e9duit le s\u00e9bum, les d\u00e9mangeaisons et les irritations<\/li>\n<li data-start=\"2671\" data-end=\"2726\"><strong data-start=\"2671\" data-end=\"2686\">Camomille :<\/strong> redonne de l\u2019\u00e9clat aux cheveux ternes<\/li>\n<\/ul>\n<h3 data-start=\"2733\" data-end=\"2751\"><strong data-start=\"2733\" data-end=\"2749\">Conservation<\/strong><\/h3>\n<p data-start=\"2753\" data-end=\"2852\">\u00c0 conserver dans un endroit sec, \u00e0 l\u2019abri de la lumi\u00e8re et de l\u2019humidit\u00e9, \u00e0 temp\u00e9rature ambiante.<\/p>\n<h3 data-start=\"2854\" data-end=\"2871\"><strong data-start=\"2854\" data-end=\"2869\">Pr\u00e9cautions<\/strong><\/h3>\n<p data-start=\"2873\" data-end=\"2932\">Respecter la date de p\u00e9remption indiqu\u00e9e sur l\u2019emballage.<\/p>\n<\/div>\n<\/div>\n<\/div>\n<\/div>\n<\/div>\n<\/div>\n","protected":false},"excerpt":{"rendered":"<p>INCI: Eau purifi\u00e9e de source himalayenne (Aqua), Extrait de riz ferment\u00e9, Prot\u00e9ine d'amande (Prunus amygdalus dulcis), Prot\u00e9ine d'pois hydrolys\u00e9e, Extrait de feuille d'Aloe vera (Aloe barbadensis), Extrait de graines de fenugrec (Trigonella foenum-graecum), Sulfonate d'ol\u00e9fine sodium C14-16, Cocamidopropyl b\u00e9ta\u00efne, Extrait d'Amla (Phyllanthus emblica), Polyquaternium-7, Prot\u00e9ine de soja hydrolys\u00e9e, Amodim\u00e9thicone, Cyclom\u00e9thicone, Extrait d'Ashwagandha (racine de Withania [&hellip;]<\/p>\n","protected":false},"featured_media":1771,"comment_status":"open","ping_status":"closed","template":"","meta":[],"product_brand":[],"product_cat":[197,192],"product_tag":[],"class_list":{"0":"post-1775","1":"product","2":"type-product","3":"status-publish","4":"has-post-thumbnail","6":"product_cat-cheveux","7":"product_cat-bases","9":"first","10":"outofstock","11":"taxable","12":"shipping-taxable","13":"purchasable","14":"product-type-simple"},"_links":{"self":[{"href":"https:\/\/densilab.com\/fr\/wp-json\/wp\/v2\/product\/1775","targetHints":{"allow":["GET"]}}],"collection":[{"href":"https:\/\/densilab.com\/fr\/wp-json\/wp\/v2\/product"}],"about":[{"href":"https:\/\/densilab.com\/fr\/wp-json\/wp\/v2\/types\/product"}],"replies":[{"embeddable":true,"href":"https:\/\/densilab.com\/fr\/wp-json\/wp\/v2\/comments?post=1775"}],"wp:featuredmedia":[{"embeddable":true,"href":"https:\/\/densilab.com\/fr\/wp-json\/wp\/v2\/media\/1771"}],"wp:attachment":[{"href":"https:\/\/densilab.com\/fr\/wp-json\/wp\/v2\/media?parent=1775"}],"wp:term":[{"taxonomy":"product_brand","embeddable":true,"href":"https:\/\/densilab.com\/fr\/wp-json\/wp\/v2\/product_brand?post=1775"},{"taxonomy":"product_cat","embeddable":true,"href":"https:\/\/densilab.com\/fr\/wp-json\/wp\/v2\/product_cat?post=1775"},{"taxonomy":"product_tag","embeddable":true,"href":"https:\/\/densilab.com\/fr\/wp-json\/wp\/v2\/product_tag?post=1775"}],"curies":[{"name":"wp","href":"https:\/\/api.w.org\/{rel}","templated":true}]}}