{"id":1766,"date":"2025-01-21T08:03:14","date_gmt":"2025-01-21T08:03:14","guid":{"rendered":"https:\/\/densilab.com\/?post_type=product&#038;p=1766"},"modified":"2025-10-13T13:02:53","modified_gmt":"2025-10-13T13:02:53","slug":"kitt-keratine-et-biotine","status":"publish","type":"product","link":"https:\/\/densilab.com\/fr\/produkt\/kitt-keratine-et-biotine\/","title":{"rendered":"KIT \u2013 K\u00c9RATINE &#038; BIOTINE"},"content":{"rendered":"<p><strong>INCI :<\/strong><br \/>\n<strong>K\u00c9RATINE :<\/strong> <em>Aqua, Cocos Nucifera (Coconut) Oil*, Helianthus Annuus Seed Oil*, Cetearyl Alcohol &amp; Coco-Glucoside, Butyrospermum Parkii*, Xanthan Gum, Prunus Armeniaca Kernel Oil, Phenoxyethanol, Aloe Barbadensis (Aloe Vera) Leaf Juice Powder*, Citric Acid, Tocopherol, Lactic Acid, Benzoic Acid, Dehydroacetic Acid<\/em><br \/>\n*Ingr\u00e9dient issu de l\u2019agriculture biologique certifi\u00e9e par Soil Association<br \/>\n<strong>BIOTINE :<\/strong> <em>Aqua &amp; Phospholipids &amp; Biotin &amp; Leuconostoc\/Radish Root Ferment Filtrate<\/em><\/p>\n<h3><strong>Utilisation<\/strong><\/h3>\n<p>Des ajouts parfaits pour les shampooings, apr\u00e8s-shampooings et masques capillaires (ajoutez simplement les pr\u00e9parations \u00e0 hauteur de 10 % du volume du produit de base).<br \/>\nPour les soins capillaires, nous recommandons \u00e9galement de les utiliser comme lotion tonique pour le cuir chevelu ou comme spray (sur cheveux humides apr\u00e8s lavage).<\/p>\n<p>Les pr\u00e9parations sont \u00e9galement id\u00e9ales pour le soin des ongles \u2013 il suffit de m\u00e9langer quelques gouttes d'huile avec quelques gouttes des pr\u00e9parations pour obtenir un soin efficace pour les ongles.<\/p>\n<p>Une autre utilisation consiste \u00e0 les ajouter aux cr\u00e8mes et masques pour les mains (jusqu'\u00e0 30 % du volume du produit de base).<\/p>\n<h3><strong>Effets<\/strong><\/h3>\n<p>La k\u00e9ratine comble les lacunes structurelles du cheveu comme un ciment \u2013 elle p\u00e9n\u00e8tre profond\u00e9ment dans le cheveu, s\u2019int\u00e8gre dans les zones endommag\u00e9es et forme une couche protectrice collo\u00efdale \u00e0 la surface. En outre, elle hydrate intens\u00e9ment les cheveux, r\u00e9gule leur niveau d'humidit\u00e9, am\u00e9liore leur r\u00e9sistance m\u00e9canique (r\u00e9duisant ainsi la casse lors du brossage) et diminue les pointes fourchues.<\/p>\n<p>La biotine renforce les cheveux d\u00e8s la racine, r\u00e9duisant ainsi la chute excessive des cheveux.<br \/>\nGr\u00e2ce \u00e0 sa formule liposomale, la biotine p\u00e9n\u00e8tre facilement en profondeur dans les tissus, y compris \u00e0 travers plusieurs couches de l'\u00e9piderme du cuir chevelu.<br \/>\nElle renforce les follicules pileux, stimule la pousse des cheveux, augmente le volume, am\u00e9liore l'\u00e9lasticit\u00e9 et la brillance, r\u00e9gule la production excessive de s\u00e9bum et apaise les pellicules.<\/p>\n<p><strong>Effets de l'utilisation des pr\u00e9parations sur les ongles :<\/strong><\/p>\n<ul>\n<li data-start=\"2\" data-end=\"71\">R\u00e9g\u00e9n\u00e8re la plaque de l'ongle endommag\u00e9e, la renforce et l'\u00e9paissit<\/li>\n<li data-start=\"74\" data-end=\"123\">Pr\u00e9vient la casse et le d\u00e9doublement des ongles<\/li>\n<li data-start=\"126\" data-end=\"198\">Hydrate et acc\u00e9l\u00e8re la gu\u00e9rison de la peau craquel\u00e9e autour des ongles<\/li>\n<li data-start=\"201\" data-end=\"244\">Am\u00e9liore l'\u00e9tat des ongles jaunis et tach\u00e9s<\/li>\n<\/ul>\n<h3><strong>Conseils de stockage<\/strong><\/h3>\n<p>Prot\u00e9ger de la lumi\u00e8re directe et de l'humidit\u00e9 \u00e0 temp\u00e9rature ambiante.<\/p>\n<h3><strong>Avertissements<\/strong><\/h3>\n<p>Respecter la date de p\u00e9remption indiqu\u00e9e sur l'emballage.<\/p>\n","protected":false},"excerpt":{"rendered":"<p>INCI : K\u00c9RATINE : Aqua, Cocos Nucifera (Coconut) Oil*, Helianthus Annuus Seed Oil*, Cetearyl Alcohol &amp; Coco-Glucoside, Butyrospermum Parkii*, Xanthan Gum, Prunus Armeniaca Kernel Oil, Phenoxyethanol, Aloe Barbadensis (Aloe Vera) Leaf Juice Powder*, Citric Acid, Tocopherol, Lactic Acid, Benzoic Acid, Dehydroacetic Acid *Ingr\u00e9dient issu de l\u2019agriculture biologique certifi\u00e9e par Soil Association BIOTINE : Aqua &amp; [&hellip;]<\/p>\n","protected":false},"featured_media":1762,"comment_status":"open","ping_status":"closed","template":"","meta":[],"product_brand":[],"product_cat":[223,194,197,203,199,207],"product_tag":[],"class_list":{"0":"post-1766","1":"product","2":"type-product","3":"status-publish","4":"has-post-thumbnail","6":"product_cat-ingredients-actifs","7":"product_cat-ingredients-hydratants","8":"product_cat-cheveux","9":"product_cat-liposomes-et-peptides","10":"product_cat-acide-hyaluronique-collagenes-keratine-et-derives","11":"product_cat-kits-diy","13":"first","14":"instock","15":"sale","16":"taxable","17":"shipping-taxable","18":"purchasable","19":"product-type-simple"},"_links":{"self":[{"href":"https:\/\/densilab.com\/fr\/wp-json\/wp\/v2\/product\/1766","targetHints":{"allow":["GET"]}}],"collection":[{"href":"https:\/\/densilab.com\/fr\/wp-json\/wp\/v2\/product"}],"about":[{"href":"https:\/\/densilab.com\/fr\/wp-json\/wp\/v2\/types\/product"}],"replies":[{"embeddable":true,"href":"https:\/\/densilab.com\/fr\/wp-json\/wp\/v2\/comments?post=1766"}],"wp:featuredmedia":[{"embeddable":true,"href":"https:\/\/densilab.com\/fr\/wp-json\/wp\/v2\/media\/1762"}],"wp:attachment":[{"href":"https:\/\/densilab.com\/fr\/wp-json\/wp\/v2\/media?parent=1766"}],"wp:term":[{"taxonomy":"product_brand","embeddable":true,"href":"https:\/\/densilab.com\/fr\/wp-json\/wp\/v2\/product_brand?post=1766"},{"taxonomy":"product_cat","embeddable":true,"href":"https:\/\/densilab.com\/fr\/wp-json\/wp\/v2\/product_cat?post=1766"},{"taxonomy":"product_tag","embeddable":true,"href":"https:\/\/densilab.com\/fr\/wp-json\/wp\/v2\/product_tag?post=1766"}],"curies":[{"name":"wp","href":"https:\/\/api.w.org\/{rel}","templated":true}]}}