{"id":1705,"date":"2024-09-16T09:07:46","date_gmt":"2024-09-16T09:07:46","guid":{"rendered":"https:\/\/densilab.com\/?post_type=product&#038;p=1705"},"modified":"2025-08-30T18:44:02","modified_gmt":"2025-08-30T18:44:02","slug":"biotine-dans-les-liposomes-2","status":"publish","type":"product","link":"https:\/\/densilab.com\/fr\/produkt\/biotine-dans-les-liposomes-2\/","title":{"rendered":"BIOTINE DANS LES LIPOSOMES"},"content":{"rendered":"<p><strong>INCL:<\/strong> <em>Aqua &amp; Phospholipides &amp; Biotine &amp; Filtrat de Fermentation de Racine de Radis\/Leuconostoc<\/em><\/p>\n<h3>Application<\/h3>\n<p data-start=\"174\" data-end=\"840\">En cosm\u00e9tique, la biotine est couramment utilis\u00e9e pour ses propri\u00e9t\u00e9s b\u00e9n\u00e9fiques pour la peau, les cheveux et les ongles. Elle am\u00e9liore l\u2019\u00e9lasticit\u00e9, pr\u00e9vient la casse et les fourches.<br data-start=\"358\" data-end=\"361\" \/>La biotine renforce les cheveux d\u00e8s la racine, r\u00e9duisant ainsi la chute excessive. Cette vitamine peut \u00eatre int\u00e9gr\u00e9e dans divers produits de soin tels que shampoings, apr\u00e8s-shampoings, masques, s\u00e9rums ou traitements pour cheveux et ongles.<br data-start=\"600\" data-end=\"603\" \/>Elle peut \u00e9galement \u00eatre ajout\u00e9e aux lotions pour le corps ou les mains.<br data-start=\"675\" data-end=\"678\" \/>Gr\u00e2ce \u00e0 sa formule liposomale, la biotine p\u00e9n\u00e8tre facilement en profondeur dans les tissus, y compris \u00e0 travers plusieurs couches de l\u2019\u00e9piderme du cuir chevelu.<\/p>\n<p data-start=\"842\" data-end=\"1088\">La concentration recommand\u00e9e dans le produit final est de<strong> 1,0\u202f% \u00e0 10,0\u202f%<\/strong>. Ajouter aux formulations cosm\u00e9tiques \u00e0 une temp\u00e9rature inf\u00e9rieure \u00e0 25\u202f\u00b0C.<br data-start=\"990\" data-end=\"993\" \/>Le produit peut \u00eatre dilu\u00e9 avec de l\u2019eau.<br data-start=\"1034\" data-end=\"1037\" \/>Ne pas m\u00e9langer avec des huiles non \u00e9mulsionn\u00e9es.<\/p>\n<p data-start=\"1090\" data-end=\"1464\"><strong>Recette simple pour un masque capillaire \u00e0 la biotine:<\/strong><br data-start=\"1145\" data-end=\"1148\" \/>M\u00e9langer un \u0153uf et une cuill\u00e8re \u00e0 caf\u00e9 d\u2019huile de jojoba dans un bol. Ajouter 1 cuill\u00e8re \u00e0 caf\u00e9 de biotine. Appliquer sur cheveux secs et laisser poser 30 minutes, puis rincer avec du shampooing et de l\u2019eau ti\u00e8de.<br data-start=\"1361\" data-end=\"1364\" \/>Ce masque renforce les racines des cheveux, pr\u00e9vient la chute, hydrate et apporte de la brillance.<\/p>\n<h3 data-start=\"1466\" data-end=\"1490\"><strong data-start=\"1466\" data-end=\"1488\">Effets \/ Bienfaits<\/strong><\/h3>\n<p data-start=\"1492\" data-end=\"1645\"><strong data-start=\"1492\" data-end=\"1514\">Pour les cheveux :<\/strong> La biotine est reconnue pour son r\u00f4le dans la production de k\u00e9ratine, la prot\u00e9ine principale qui forme la structure des cheveux.<\/p>\n<ul>\n<li data-start=\"1648\" data-end=\"1703\">Renforce les racines des cheveux et stimule la pousse<\/li>\n<li data-start=\"1706\" data-end=\"1780\">Pr\u00e9vient la chute et soutient les traitements contre la perte de cheveux<\/li>\n<li data-start=\"1783\" data-end=\"1842\">Augmente le volume, am\u00e9liore l\u2019\u00e9lasticit\u00e9 et la brillance<\/li>\n<li data-start=\"1845\" data-end=\"1895\">R\u00e9duit l\u2019activit\u00e9 excessive des glandes s\u00e9bac\u00e9es<\/li>\n<li data-start=\"1898\" data-end=\"1921\">Apaise les pellicules<\/li>\n<li data-start=\"1924\" data-end=\"1978\">R\u00e9pare les cheveux cassants et les pointes fourchues<\/li>\n<\/ul>\n<p data-start=\"1980\" data-end=\"2095\"><strong data-start=\"1980\" data-end=\"1998\">Pour la peau :<\/strong> La biotine est un composant essentiel pour maintenir une peau saine. Son application topique :<\/p>\n<ul>\n<li data-start=\"2098\" data-end=\"2132\">Am\u00e9liore l\u2019\u00e9lasticit\u00e9 de la peau<\/li>\n<li data-start=\"2135\" data-end=\"2203\">Pr\u00e9vient le vieillissement cutan\u00e9, am\u00e9liore le teint et la texture<\/li>\n<li data-start=\"2206\" data-end=\"2257\">R\u00e9duit les inflammations cutan\u00e9es, par ex. l\u2019acn\u00e9<\/li>\n<\/ul>\n<p data-start=\"2259\" data-end=\"2282\"><strong data-start=\"2259\" data-end=\"2280\">Pour les ongles :<\/strong><\/p>\n<ul>\n<li data-start=\"2285\" data-end=\"2315\">Renforce la plaque ongulaire<\/li>\n<li data-start=\"2318\" data-end=\"2358\">Pr\u00e9vient la casse et les d\u00e9doublements<\/li>\n<\/ul>\n<h3 data-start=\"2360\" data-end=\"2378\"><strong data-start=\"2360\" data-end=\"2376\">Conservation<\/strong><\/h3>\n<p data-start=\"2380\" data-end=\"2415\">Conserver \u00e0 temp\u00e9rature ambiante.<\/p>\n<h3 data-start=\"2417\" data-end=\"2434\"><strong data-start=\"2417\" data-end=\"2432\">Pr\u00e9cautions<\/strong><\/h3>\n<p data-start=\"2436\" data-end=\"2502\" data-is-last-node=\"\" data-is-only-node=\"\">Respecter la concentration recommand\u00e9e dans la formulation finale.<\/p>\n","protected":false},"excerpt":{"rendered":"<p>INCL: Aqua &amp; Phospholipides &amp; Biotine &amp; Filtrat de Fermentation de Racine de Radis\/Leuconostoc Application En cosm\u00e9tique, la biotine est couramment utilis\u00e9e pour ses propri\u00e9t\u00e9s b\u00e9n\u00e9fiques pour la peau, les cheveux et les ongles. Elle am\u00e9liore l\u2019\u00e9lasticit\u00e9, pr\u00e9vient la casse et les fourches.La biotine renforce les cheveux d\u00e8s la racine, r\u00e9duisant ainsi la chute excessive. [&hellip;]<\/p>\n","protected":false},"featured_media":1597,"comment_status":"open","ping_status":"closed","template":"","meta":[],"product_brand":[],"product_cat":[223,191,194,196,197,202,203],"product_tag":[],"class_list":{"0":"post-1705","1":"product","2":"type-product","3":"status-publish","4":"has-post-thumbnail","6":"product_cat-ingredients-actifs","7":"product_cat-ingredients-anti-age","8":"product_cat-ingredients-hydratants","9":"product_cat-visage","10":"product_cat-cheveux","11":"product_cat-corps","12":"product_cat-liposomes-et-peptides","14":"first","15":"instock","16":"taxable","17":"shipping-taxable","18":"purchasable","19":"product-type-simple"},"_links":{"self":[{"href":"https:\/\/densilab.com\/fr\/wp-json\/wp\/v2\/product\/1705","targetHints":{"allow":["GET"]}}],"collection":[{"href":"https:\/\/densilab.com\/fr\/wp-json\/wp\/v2\/product"}],"about":[{"href":"https:\/\/densilab.com\/fr\/wp-json\/wp\/v2\/types\/product"}],"replies":[{"embeddable":true,"href":"https:\/\/densilab.com\/fr\/wp-json\/wp\/v2\/comments?post=1705"}],"wp:featuredmedia":[{"embeddable":true,"href":"https:\/\/densilab.com\/fr\/wp-json\/wp\/v2\/media\/1597"}],"wp:attachment":[{"href":"https:\/\/densilab.com\/fr\/wp-json\/wp\/v2\/media?parent=1705"}],"wp:term":[{"taxonomy":"product_brand","embeddable":true,"href":"https:\/\/densilab.com\/fr\/wp-json\/wp\/v2\/product_brand?post=1705"},{"taxonomy":"product_cat","embeddable":true,"href":"https:\/\/densilab.com\/fr\/wp-json\/wp\/v2\/product_cat?post=1705"},{"taxonomy":"product_tag","embeddable":true,"href":"https:\/\/densilab.com\/fr\/wp-json\/wp\/v2\/product_tag?post=1705"}],"curies":[{"name":"wp","href":"https:\/\/api.w.org\/{rel}","templated":true}]}}