{"id":1691,"date":"2024-12-05T17:31:15","date_gmt":"2024-12-05T17:31:15","guid":{"rendered":"https:\/\/densilab.com\/?post_type=product&#038;p=1691"},"modified":"2025-08-31T14:49:16","modified_gmt":"2025-08-31T14:49:16","slug":"serum-vitamine-intense-c-e-a-q10","status":"publish","type":"product","link":"https:\/\/densilab.com\/fr\/produkt\/serum-vitamine-intense-c-e-a-q10\/","title":{"rendered":"S\u00c9RUM VITAMIN\u00c9 INTENSE (C, E, A, Q10)"},"content":{"rendered":"<article class=\"text-token-text-primary w-full focus:outline-none scroll-mt-[calc(var(--header-height)+min(200px,max(70px,20svh)))]\" dir=\"auto\" tabindex=\"-1\" data-turn-id=\"request-68b3ec04-6b38-8320-ba50-ca6fd9951650-7\" data-testid=\"conversation-turn-230\" data-scroll-anchor=\"true\" data-turn=\"assistant\">\n<div class=\"text-base my-auto mx-auto pb-10 [--thread-content-margin:--spacing(4)] @[37rem]:[--thread-content-margin:--spacing(6)] @[72rem]:[--thread-content-margin:--spacing(16)] px-(--thread-content-margin)\">\n<div class=\"[--thread-content-max-width:32rem] @[34rem]:[--thread-content-max-width:40rem] @[64rem]:[--thread-content-max-width:48rem] mx-auto max-w-(--thread-content-max-width) flex-1 group\/turn-messages focus-visible:outline-hidden relative flex w-full min-w-0 flex-col agent-turn\" tabindex=\"-1\">\n<div class=\"flex max-w-full flex-col grow\">\n<div class=\"min-h-8 text-message relative flex w-full flex-col items-end gap-2 text-start break-words whitespace-normal [.text-message+&amp;]:mt-5\" dir=\"auto\" data-message-author-role=\"assistant\" data-message-id=\"c6d2709c-4842-4e71-8b77-9b8b82c62ba2\" data-message-model-slug=\"gpt-5-mini\">\n<div class=\"flex w-full flex-col gap-1 empty:hidden first:pt-[3px]\">\n<div class=\"markdown prose dark:prose-invert w-full break-words dark markdown-new-styling\">\n<p data-start=\"0\" data-end=\"219\"><strong>INCI :<\/strong> <em>Macadamia Ternifolia Seed Oil, Squalane, Triticum Vulgare Oil, Opuntia Ficus-Indica Seed Oil, Prunus Domestica Seed Oil, Tocopheryl Acetate, Ubiquinone, Retinyl Palmitate, Ascorbyl Tetraisopalmitate, Tocopherol<\/em><\/p>\n<h3 data-start=\"221\" data-end=\"407\"><strong data-start=\"221\" data-end=\"236\">Utilisation<\/strong><\/h3>\n<p data-start=\"221\" data-end=\"407\">Le s\u00e9rum est enrichi en huile de p\u00e9pins de figue de Barbarie, en squalane et en huile de macadamia. Ni le produit ni ses ingr\u00e9dients n\u2019ont \u00e9t\u00e9 test\u00e9s sur les animaux.<\/p>\n<p data-start=\"409\" data-end=\"692\">La formule riche offre une hydratation intense et procure \u00e0 la peau fermet\u00e9 et r\u00e9g\u00e9n\u00e9ration. Une utilisation r\u00e9guli\u00e8re du s\u00e9rum vitamin\u00e9 contribue \u00e0 un teint sain et \u00e0 ralentir les signes visibles du vieillissement cutan\u00e9. La peau devient lisse, lumineuse et visiblement raffermie.<\/p>\n<p data-start=\"694\" data-end=\"715\"><strong data-start=\"694\" data-end=\"713\">Mode d\u2019emploi :<\/strong><\/p>\n<ul>\n<li data-start=\"718\" data-end=\"770\">Appliquer sur une peau propre et l\u00e9g\u00e8rement humide<\/li>\n<li data-start=\"773\" data-end=\"828\">D\u00e9poser quelques gouttes sur visage, cou et d\u00e9collet\u00e9<\/li>\n<li data-start=\"831\" data-end=\"903\">Masser doucement en mouvements circulaires jusqu\u2019\u00e0 absorption compl\u00e8te<\/li>\n<li data-start=\"906\" data-end=\"1041\">Peut s\u2019utiliser seul, sous la cr\u00e8me de jour (apr\u00e8s quelques instants) ou \u2013 particuli\u00e8rement recommand\u00e9 \u2013 le soir sous le soin de nuit<\/li>\n<li data-start=\"1044\" data-end=\"1124\">Convient \u00e9galement comme ingr\u00e9dient actif permanent dans les cr\u00e8mes ou lotions<\/li>\n<\/ul>\n<h3 data-start=\"1126\" data-end=\"1140\"><strong data-start=\"1126\" data-end=\"1138\">Effets\u00a0<\/strong><\/h3>\n<ul>\n<li data-start=\"1143\" data-end=\"1272\">L\u2019huile de p\u00e9pins de figue de Barbarie soutient les processus naturels de r\u00e9paration de la peau et r\u00e9duit l\u2019apparence des rides<\/li>\n<li data-start=\"1275\" data-end=\"1323\">Le squalane hydrate intens\u00e9ment et durablement<\/li>\n<li data-start=\"1326\" data-end=\"1377\">L\u2019huile de macadamia raffermit et prot\u00e8ge la peau<\/li>\n<li data-start=\"1380\" data-end=\"1445\">La vitamine E am\u00e9liore l\u2019\u00e9lasticit\u00e9 et rend la peau plus souple<\/li>\n<li data-start=\"1448\" data-end=\"1516\">La vitamine A r\u00e9g\u00e9n\u00e8re et nourrit les couches profondes de la peau<\/li>\n<li data-start=\"1519\" data-end=\"1600\">La vitamine C \u00e9claircit doucement les taches pigmentaires et apporte de l\u2019\u00e9clat<\/li>\n<li data-start=\"1603\" data-end=\"1680\">Le coenzyme Q10 prot\u00e8ge contre la d\u00e9gradation du collag\u00e8ne et de l\u2019\u00e9lastine<\/li>\n<\/ul>\n<p data-start=\"1682\" data-end=\"1713\"><strong data-start=\"1682\" data-end=\"1711\">R\u00e9sultats d\u2019utilisation :<\/strong><\/p>\n<ul>\n<li data-start=\"1716\" data-end=\"1756\">Hydratation et r\u00e9g\u00e9n\u00e9ration intensives<\/li>\n<li data-start=\"1759\" data-end=\"1799\">Teint visiblement uniforme et lumineux<\/li>\n<li data-start=\"1802\" data-end=\"1836\">Fermet\u00e9 et \u00e9lasticit\u00e9 am\u00e9lior\u00e9es<\/li>\n<li data-start=\"1839\" data-end=\"1863\">Effet anti-\u00e2ge lissant<\/li>\n<\/ul>\n<h3 data-start=\"1865\" data-end=\"1965\"><strong data-start=\"1865\" data-end=\"1883\">Conservation\u00a0<\/strong><\/h3>\n<p data-start=\"1865\" data-end=\"1965\">Conserver \u00e0 l\u2019abri de la lumi\u00e8re directe et de l\u2019humidit\u00e9, entre 10 et 25\u202f\u00b0C.<\/p>\n<h3 data-start=\"1967\" data-end=\"2044\"><strong data-start=\"1967\" data-end=\"1984\">Pr\u00e9cautions\u00a0<\/strong><\/h3>\n<p data-start=\"1967\" data-end=\"2044\" data-is-last-node=\"\" data-is-only-node=\"\">Respecter la date de p\u00e9remption indiqu\u00e9e sur l\u2019emballage.<\/p>\n<\/div>\n<\/div>\n<\/div>\n<\/div>\n<div class=\"flex min-h-[46px] justify-start\"><\/div>\n<div class=\"mt-3 w-full empty:hidden\">\n<div class=\"text-center\"><\/div>\n<\/div>\n<\/div>\n<\/div>\n<\/article>\n<div class=\"pointer-events-none h-px w-px\" aria-hidden=\"true\" data-edge=\"true\"><\/div>\n","protected":false},"excerpt":{"rendered":"<p>INCI : Macadamia Ternifolia Seed Oil, Squalane, Triticum Vulgare Oil, Opuntia Ficus-Indica Seed Oil, Prunus Domestica Seed Oil, Tocopheryl Acetate, Ubiquinone, Retinyl Palmitate, Ascorbyl Tetraisopalmitate, Tocopherol Utilisation Le s\u00e9rum est enrichi en huile de p\u00e9pins de figue de Barbarie, en squalane et en huile de macadamia. Ni le produit ni ses ingr\u00e9dients n\u2019ont \u00e9t\u00e9 test\u00e9s [&hellip;]<\/p>\n","protected":false},"featured_media":1678,"comment_status":"open","ping_status":"closed","template":"","meta":[],"product_brand":[],"product_cat":[191,194,196,203,204],"product_tag":[],"class_list":{"0":"post-1691","1":"product","2":"type-product","3":"status-publish","4":"has-post-thumbnail","6":"product_cat-ingredients-anti-age","7":"product_cat-ingredients-hydratants","8":"product_cat-visage","9":"product_cat-liposomes-et-peptides","10":"product_cat-huiles-squalane-beurres-cosmetiques-et-macerats-dhuiles","12":"first","13":"instock","14":"taxable","15":"shipping-taxable","16":"purchasable","17":"product-type-simple"},"_links":{"self":[{"href":"https:\/\/densilab.com\/fr\/wp-json\/wp\/v2\/product\/1691","targetHints":{"allow":["GET"]}}],"collection":[{"href":"https:\/\/densilab.com\/fr\/wp-json\/wp\/v2\/product"}],"about":[{"href":"https:\/\/densilab.com\/fr\/wp-json\/wp\/v2\/types\/product"}],"replies":[{"embeddable":true,"href":"https:\/\/densilab.com\/fr\/wp-json\/wp\/v2\/comments?post=1691"}],"wp:featuredmedia":[{"embeddable":true,"href":"https:\/\/densilab.com\/fr\/wp-json\/wp\/v2\/media\/1678"}],"wp:attachment":[{"href":"https:\/\/densilab.com\/fr\/wp-json\/wp\/v2\/media?parent=1691"}],"wp:term":[{"taxonomy":"product_brand","embeddable":true,"href":"https:\/\/densilab.com\/fr\/wp-json\/wp\/v2\/product_brand?post=1691"},{"taxonomy":"product_cat","embeddable":true,"href":"https:\/\/densilab.com\/fr\/wp-json\/wp\/v2\/product_cat?post=1691"},{"taxonomy":"product_tag","embeddable":true,"href":"https:\/\/densilab.com\/fr\/wp-json\/wp\/v2\/product_tag?post=1691"}],"curies":[{"name":"wp","href":"https:\/\/api.w.org\/{rel}","templated":true}]}}