{"id":1663,"date":"2024-12-05T12:48:30","date_gmt":"2024-12-05T12:48:30","guid":{"rendered":"https:\/\/densilab.com\/?post_type=product&#038;p=1663"},"modified":"2025-10-13T13:00:32","modified_gmt":"2025-10-13T13:00:32","slug":"kit-dingredients-creme-regenerante-et-hydratante","status":"publish","type":"product","link":"https:\/\/densilab.com\/fr\/produkt\/kit-dingredients-creme-regenerante-et-hydratante\/","title":{"rendered":"KIT D\u2019INGR\u00c9DIENTS \u2013 CR\u00c8ME R\u00c9G\u00c9N\u00c9RANTE ET HYDRATANTE"},"content":{"rendered":"<p data-start=\"68\" data-end=\"123\"><strong data-start=\"68\" data-end=\"78\">INCI :<\/strong> <em>Vue d\u2019ensemble des ingr\u00e9dients par produit<\/em><\/p>\n<h3 data-start=\"125\" data-end=\"142\">Application<\/h3>\n<p data-start=\"143\" data-end=\"350\">Chacun des ingr\u00e9dients actifs remplit une fonction importante dans les soins de la peau. La formule soigneusement \u00e9quilibr\u00e9e permet aux ingr\u00e9dients de se compl\u00e9ter et de renforcer leur efficacit\u00e9 mutuelle.<\/p>\n<p data-start=\"352\" data-end=\"611\">La cr\u00e8me convient \u00e0 tous les types de peau, en particulier les peaux s\u00e8ches et n\u00e9cessitant une r\u00e9g\u00e9n\u00e9ration.<br data-start=\"460\" data-end=\"463\" \/>Nous recommandons cette cr\u00e8me surtout comme cr\u00e8me de jour \u2013 elle est l\u00e9g\u00e8re, non com\u00e9dog\u00e8ne, p\u00e9n\u00e8tre rapidement et r\u00e9duit la brillance de la peau.<\/p>\n<p data-start=\"613\" data-end=\"628\"><strong data-start=\"613\" data-end=\"626\">Formule :<\/strong><\/p>\n<ul>\n<li data-start=\"631\" data-end=\"664\">50 ml de base de cr\u00e8me \u00e0 l\u2019aloe<\/li>\n<li data-start=\"667\" data-end=\"693\">2 ml de squalane d\u2019olive<\/li>\n<li data-start=\"696\" data-end=\"729\">5 ml d\u2019acide hyaluronique \u00e0 4 %<\/li>\n<li data-start=\"732\" data-end=\"751\">3 ml de c\u00e9ramides<\/li>\n<\/ul>\n<p data-start=\"753\" data-end=\"855\">Bien m\u00e9langer les ingr\u00e9dients (de pr\u00e9f\u00e9rence avec un b\u00e2tonnet en bois ou une cuill\u00e8re en c\u00e9ramique).<\/p>\n<p data-start=\"857\" data-end=\"1022\"><strong data-start=\"857\" data-end=\"871\">Remarque :<\/strong><br data-start=\"871\" data-end=\"874\" \/>Les ingr\u00e9dients sont hypoallerg\u00e9niques et respectueux de la peau. Une mesure pr\u00e9cise n\u2019est pas n\u00e9cessaire \u2013 la m\u00e9thode \u00ab \u00e0 l\u2019\u0153il \u00bb est suffisante.<\/p>\n<p data-start=\"1024\" data-end=\"1087\"><strong data-start=\"1024\" data-end=\"1085\">Ingr\u00e9dients restants (suffisants pour plus d\u2019une cr\u00e8me) :<\/strong><\/p>\n<ul>\n<li data-start=\"1090\" data-end=\"1150\">Pour une deuxi\u00e8me cr\u00e8me : acheter une autre base de cr\u00e8me.<\/li>\n<li data-start=\"1153\" data-end=\"1296\">Pour enrichir vos produits du commerce : utilisez-les, par exemple, dans les apr\u00e8s-shampoings, masques pour le visage ou lotions corporelles.<\/li>\n<\/ul>\n<p data-start=\"1298\" data-end=\"1380\">Pour d\u2019autres projets DIY : consultez nos recettes dans la section <strong data-start=\"1365\" data-end=\"1377\">RECETTES<\/strong>.<\/p>\n<h3 data-start=\"1387\" data-end=\"1411\">Effets de la cr\u00e8me<\/h3>\n<p data-start=\"1412\" data-end=\"1573\">La cr\u00e8me hydrate intens\u00e9ment, r\u00e9g\u00e9n\u00e8re et nourrit la peau. Elle a un effet raffermissant, lissant, anti-\u00e2ge et apaisant, en r\u00e9duisant les irritations cutan\u00e9es.<\/p>\n<p data-start=\"1575\" data-end=\"1610\"><strong data-start=\"1575\" data-end=\"1608\">Ingr\u00e9dients et leurs effets :<\/strong><\/p>\n<ul>\n<li data-start=\"1613\" data-end=\"1726\"><strong data-start=\"1613\" data-end=\"1641\">Base de cr\u00e8me \u00e0 l\u2019aloe :<\/strong> hydrate, apaise et r\u00e9g\u00e9n\u00e8re. Parfait pour les peaux s\u00e8ches, sensibles et irrit\u00e9es.<\/li>\n<li data-start=\"1729\" data-end=\"1873\"><strong data-start=\"1729\" data-end=\"1744\">C\u00e9ramides :<\/strong> renforcent la barri\u00e8re cutan\u00e9e naturelle, prot\u00e8gent contre la perte d\u2019humidit\u00e9 et conviennent aux peaux s\u00e8ches et fragilis\u00e9es.<\/li>\n<li data-start=\"1876\" data-end=\"1981\"><strong data-start=\"1876\" data-end=\"1898\">Squalane d\u2019olive :<\/strong> \u00e9mollient l\u00e9ger qui rend la peau souple et la nourrit intens\u00e9ment sans alourdir.<\/li>\n<li data-start=\"1984\" data-end=\"2072\"><strong data-start=\"1984\" data-end=\"2008\">Acide hyaluronique :<\/strong> puissant hydratant qui repulpe la peau et r\u00e9duit les ridules.<\/li>\n<\/ul>\n<p data-start=\"2074\" data-end=\"2199\"><strong data-start=\"2074\" data-end=\"2086\">Astuce :<\/strong> Des descriptions d\u00e9taill\u00e9es des ingr\u00e9dients actifs sont disponibles sur les pages des produits correspondants.<\/p>\n<h3 data-start=\"2206\" data-end=\"2224\">Conservation<\/h3>\n<p data-start=\"2225\" data-end=\"2466\">La cr\u00e8me ne n\u00e9cessite pas de conservateur suppl\u00e9mentaire ni de r\u00e9frig\u00e9ration. Un endroit frais et \u00e0 l\u2019abri de la lumi\u00e8re suffit.<br data-start=\"2353\" data-end=\"2356\" \/>Si la cr\u00e8me se s\u00e9pare occasionnellement, c\u2019est un ph\u00e9nom\u00e8ne naturel \u2013 il suffit de remuer avant utilisation.<\/p>\n<h3 data-start=\"2473\" data-end=\"2488\">Remarques<\/h3>\n<p data-start=\"2489\" data-end=\"2576\">Veuillez respecter la date de p\u00e9remption indiqu\u00e9e sur les emballages des ingr\u00e9dients.<\/p>\n","protected":false},"excerpt":{"rendered":"<p>INCI : Vue d\u2019ensemble des ingr\u00e9dients par produit Application Chacun des ingr\u00e9dients actifs remplit une fonction importante dans les soins de la peau. La formule soigneusement \u00e9quilibr\u00e9e permet aux ingr\u00e9dients de se compl\u00e9ter et de renforcer leur efficacit\u00e9 mutuelle. La cr\u00e8me convient \u00e0 tous les types de peau, en particulier les peaux s\u00e8ches et n\u00e9cessitant [&hellip;]<\/p>\n","protected":false},"featured_media":1646,"comment_status":"open","ping_status":"closed","template":"","meta":[],"product_brand":[],"product_cat":[191,194,196,192,207],"product_tag":[],"class_list":{"0":"post-1663","1":"product","2":"type-product","3":"status-publish","4":"has-post-thumbnail","6":"product_cat-ingredients-anti-age","7":"product_cat-ingredients-hydratants","8":"product_cat-visage","9":"product_cat-bases","10":"product_cat-kits-diy","12":"first","13":"instock","14":"sale","15":"taxable","16":"shipping-taxable","17":"purchasable","18":"product-type-simple"},"_links":{"self":[{"href":"https:\/\/densilab.com\/fr\/wp-json\/wp\/v2\/product\/1663","targetHints":{"allow":["GET"]}}],"collection":[{"href":"https:\/\/densilab.com\/fr\/wp-json\/wp\/v2\/product"}],"about":[{"href":"https:\/\/densilab.com\/fr\/wp-json\/wp\/v2\/types\/product"}],"replies":[{"embeddable":true,"href":"https:\/\/densilab.com\/fr\/wp-json\/wp\/v2\/comments?post=1663"}],"wp:featuredmedia":[{"embeddable":true,"href":"https:\/\/densilab.com\/fr\/wp-json\/wp\/v2\/media\/1646"}],"wp:attachment":[{"href":"https:\/\/densilab.com\/fr\/wp-json\/wp\/v2\/media?parent=1663"}],"wp:term":[{"taxonomy":"product_brand","embeddable":true,"href":"https:\/\/densilab.com\/fr\/wp-json\/wp\/v2\/product_brand?post=1663"},{"taxonomy":"product_cat","embeddable":true,"href":"https:\/\/densilab.com\/fr\/wp-json\/wp\/v2\/product_cat?post=1663"},{"taxonomy":"product_tag","embeddable":true,"href":"https:\/\/densilab.com\/fr\/wp-json\/wp\/v2\/product_tag?post=1663"}],"curies":[{"name":"wp","href":"https:\/\/api.w.org\/{rel}","templated":true}]}}