{"id":1441,"date":"2024-01-11T21:01:29","date_gmt":"2024-01-11T21:01:29","guid":{"rendered":"https:\/\/densilab.com\/?post_type=product&#038;p=1441"},"modified":"2026-03-29T11:19:45","modified_gmt":"2026-03-29T11:19:45","slug":"pro-retinol-vitamine-a","status":"publish","type":"product","link":"https:\/\/densilab.com\/fr\/produkt\/pro-retinol-vitamine-a\/","title":{"rendered":"PRO-RETINOL, VITAMINE A"},"content":{"rendered":"<p data-start=\"91\" data-end=\"133\"><strong data-start=\"91\" data-end=\"101\">INCI:<\/strong> <em>Retinyl Palmitate, Tocopherol<\/em><\/p>\n<h3 data-start=\"135\" data-end=\"152\"><strong data-start=\"135\" data-end=\"150\">Utilisation<\/strong><\/h3>\n<p data-start=\"154\" data-end=\"441\">La forme la plus d\u00e9licate de vitamine A utilis\u00e9e en cosm\u00e9tique, sous forme de graisse orange, qui se solidifie \u00e0 des temp\u00e9ratures inf\u00e9rieures \u00e0 20\u202f\u2103 en un beurre jaune (la forme liquide peut \u00eatre r\u00e9tablie en pla\u00e7ant la bouteille ferm\u00e9e dans de l\u2019eau \u00e0 environ 50\u202f\u2103 pendant 15 minutes).<\/p>\n<p data-start=\"443\" data-end=\"842\">La vitamine A pr\u00e9sente dans la peau est d\u00e9grad\u00e9e par l\u2019exposition au soleil, et le processus de r\u00e9g\u00e9n\u00e9ration est lent (une heure d\u2019exposition solaire \u00e9quivaut \u00e0 une semaine de r\u00e9g\u00e9n\u00e9ration, m\u00eame avec une alimentation riche en cette vitamine). L\u2019utilisation de pr\u00e9parations \u00e0 base de vitamine A est donc recommand\u00e9e, en particulier au printemps et en \u00e9t\u00e9, lorsque la peau est expos\u00e9e aux rayons UV.<\/p>\n<p data-start=\"844\" data-end=\"1059\">Gr\u00e2ce \u00e0 sa formulation en ester, le produit convient \u00e9galement aux peaux tr\u00e8s sensibles. Sous l\u2019effet des enzymes pr\u00e9sentes dans la peau, le Pro-R\u00e9tinol se transforme en R\u00e9tinol \u2013 la forme active de la vitamine A.<\/p>\n<p data-start=\"1061\" data-end=\"1168\">Les cosm\u00e9tiques contenant du Pro-R\u00e9tinol s\u2019appliquent la nuit. La concentration recommand\u00e9e est de 1\u20132\u202f%.<\/p>\n<p data-start=\"1170\" data-end=\"1450\">Ne pas appliquer directement sur la peau, mais peut \u00eatre ajout\u00e9 aux cr\u00e8mes. Excellent \u00e9galement pour les huiles \u2013 il suffit d\u2019ajouter quelques gouttes \u00e0 une huile de base pour nourrir la peau et compenser les carences en vitamine A. Ajouter \u00e0 la phase huileuse des formulations.<\/p>\n<h3 data-start=\"1452\" data-end=\"1464\"><strong data-start=\"1452\" data-end=\"1462\">Effets<\/strong><\/h3>\n<p data-start=\"1466\" data-end=\"1815\">Le Pro-R\u00e9tinol fournit \u00e0 la peau de la vitamine A, favorisant sa r\u00e9g\u00e9n\u00e9ration, lissant les fines lignes et rides et am\u00e9liorant le teint. La vitamine A participe \u00e0 de nombreux processus physiologiques : r\u00e9g\u00e9n\u00e9ration de l\u2019\u00e9piderme, renforcement des fibres de collag\u00e8ne, r\u00e9duction des taches pigmentaires, am\u00e9lioration du teint et lissage de la peau.<\/p>\n<p data-start=\"1817\" data-end=\"1833\"><strong data-start=\"1817\" data-end=\"1831\">Propri\u00e9t\u00e9s<\/strong><\/p>\n<ul>\n<li data-start=\"1837\" data-end=\"1991\"><strong data-start=\"1837\" data-end=\"1866\">Utilisation quotidienne :<\/strong> le Pro-R\u00e9tinol nourrit la peau, r\u00e9g\u00e9n\u00e8re l\u2019\u00e9piderme, renforce les fibres de collag\u00e8ne, am\u00e9liore le teint et lisse la peau.<\/li>\n<li data-start=\"1994\" data-end=\"2157\"><strong data-start=\"1994\" data-end=\"2025\">Utilisation occasionnelle :<\/strong> agit uniquement sur les couches superficielles de la peau, r\u00e9duit la rugosit\u00e9 et la s\u00e9cheresse et am\u00e9liore la texture de la peau.<\/li>\n<li data-start=\"2160\" data-end=\"2309\"><strong data-start=\"2160\" data-end=\"2190\">Utilisation syst\u00e9matique :<\/strong> le Pro-R\u00e9tinol p\u00e9n\u00e8tre dans le derme, raffermit la peau, am\u00e9liore son \u00e9lasticit\u00e9 et lisse les fines lignes et rides.<\/li>\n<\/ul>\n<h3 data-start=\"2311\" data-end=\"2329\"><strong data-start=\"2311\" data-end=\"2327\">Conservation<\/strong><\/h3>\n<p data-start=\"2331\" data-end=\"2443\">Conserver dans des flacons en verre fonc\u00e9 \u00e0 une temp\u00e9rature inf\u00e9rieure \u00e0 20\u202f\u2103. Prot\u00e9ger de la lumi\u00e8re solaire.<\/p>\n<h3 data-start=\"2445\" data-end=\"2462\"><strong data-start=\"2445\" data-end=\"2460\">Pr\u00e9cautions<\/strong><\/h3>\n<p data-start=\"2464\" data-end=\"2695\" data-is-last-node=\"\" data-is-only-node=\"\">Ne pas utiliser pendant la grossesse ou l\u2019allaitement. Peut avoir des effets nocifs \u00e0 long terme sur les organismes aquatiques. Contient du dl-\u03b1-tocoph\u00e9rylac\u00e9tate, peut provoquer une r\u00e9action allergique. Ne pas inhaler les vapeurs.<\/p>\n","protected":false},"excerpt":{"rendered":"<p>INCI: Retinyl Palmitate, Tocopherol Utilisation La forme la plus d\u00e9licate de vitamine A utilis\u00e9e en cosm\u00e9tique, sous forme de graisse orange, qui se solidifie \u00e0 des temp\u00e9ratures inf\u00e9rieures \u00e0 20\u202f\u2103 en un beurre jaune (la forme liquide peut \u00eatre r\u00e9tablie en pla\u00e7ant la bouteille ferm\u00e9e dans de l\u2019eau \u00e0 environ 50\u202f\u2103 pendant 15 minutes). La [&hellip;]<\/p>\n","protected":false},"featured_media":1374,"comment_status":"open","ping_status":"closed","template":"","meta":[],"product_brand":[],"product_cat":[223,191,196,202,203,204],"product_tag":[],"class_list":{"0":"post-1441","1":"product","2":"type-product","3":"status-publish","4":"has-post-thumbnail","6":"product_cat-ingredients-actifs","7":"product_cat-ingredients-anti-age","8":"product_cat-visage","9":"product_cat-corps","10":"product_cat-liposomes-et-peptides","11":"product_cat-huiles-squalane-beurres-cosmetiques-et-macerats-dhuiles","13":"first","14":"instock","15":"taxable","16":"shipping-taxable","17":"purchasable","18":"product-type-simple"},"_links":{"self":[{"href":"https:\/\/densilab.com\/fr\/wp-json\/wp\/v2\/product\/1441","targetHints":{"allow":["GET"]}}],"collection":[{"href":"https:\/\/densilab.com\/fr\/wp-json\/wp\/v2\/product"}],"about":[{"href":"https:\/\/densilab.com\/fr\/wp-json\/wp\/v2\/types\/product"}],"replies":[{"embeddable":true,"href":"https:\/\/densilab.com\/fr\/wp-json\/wp\/v2\/comments?post=1441"}],"wp:featuredmedia":[{"embeddable":true,"href":"https:\/\/densilab.com\/fr\/wp-json\/wp\/v2\/media\/1374"}],"wp:attachment":[{"href":"https:\/\/densilab.com\/fr\/wp-json\/wp\/v2\/media?parent=1441"}],"wp:term":[{"taxonomy":"product_brand","embeddable":true,"href":"https:\/\/densilab.com\/fr\/wp-json\/wp\/v2\/product_brand?post=1441"},{"taxonomy":"product_cat","embeddable":true,"href":"https:\/\/densilab.com\/fr\/wp-json\/wp\/v2\/product_cat?post=1441"},{"taxonomy":"product_tag","embeddable":true,"href":"https:\/\/densilab.com\/fr\/wp-json\/wp\/v2\/product_tag?post=1441"}],"curies":[{"name":"wp","href":"https:\/\/api.w.org\/{rel}","templated":true}]}}