{"id":1437,"date":"2024-01-11T20:57:18","date_gmt":"2024-01-11T20:57:18","guid":{"rendered":"https:\/\/densilab.com\/?post_type=product&#038;p=1437"},"modified":"2025-08-30T18:33:44","modified_gmt":"2025-08-30T18:33:44","slug":"beurre-naturel-de-cafe","status":"publish","type":"product","link":"https:\/\/densilab.com\/fr\/produkt\/beurre-naturel-de-cafe\/","title":{"rendered":"BEURRE NATUREL DE CAF\u00c9"},"content":{"rendered":"<p data-start=\"62\" data-end=\"149\"><strong data-start=\"62\" data-end=\"72\">INCI:<\/strong> <em>Prunus Amygdalus Oil, Coffea Arabica Seed Oil &amp; Hydrogenated Vegetable Oil<\/em><\/p>\n<h3 data-start=\"151\" data-end=\"168\"><strong data-start=\"151\" data-end=\"166\">Application<\/strong><\/h3>\n<p data-start=\"170\" data-end=\"332\">Beurre de caf\u00e9 hydrog\u00e9n\u00e9, stabilis\u00e9 avec de l\u2019huile d\u2019amande douce, sous forme d\u2019une p\u00e2te semi-solide de couleur brun lait et au parfum caract\u00e9ristique de caf\u00e9.<\/p>\n<p data-start=\"334\" data-end=\"602\">Utilis\u00e9 comme base ou ingr\u00e9dient actif dans des formulations cosm\u00e9tiques anti-cellulite, remodelantes, anti-\u00e2ge et hydratantes. Gr\u00e2ce \u00e0 sa teneur en caf\u00e9ine, il stimule la microcirculation et r\u00e9duit les gonflements. Id\u00e9al pour les cernes et les poches sous les yeux.<\/p>\n<p data-start=\"604\" data-end=\"786\">Concentration recommand\u00e9e dans les cosm\u00e9tiques : 2\u2013100\u202f%, ce qui signifie que le produit peut \u00eatre utilis\u00e9 pur, comme beurre de massage ou baume simple pour le corps et les l\u00e8vres.<\/p>\n<p data-start=\"788\" data-end=\"946\">Se m\u00e9lange facilement avec d\u2019autres huiles (apr\u00e8s fusion) et beurres, permettant ainsi de moduler la consistance (huile = plus souple, beurre = plus ferme).<\/p>\n<p data-start=\"948\" data-end=\"981\"><strong data-start=\"948\" data-end=\"979\">Id\u00e9es de recettes simples :<\/strong><\/p>\n<ul>\n<li data-start=\"984\" data-end=\"1141\">Appliquer le beurre r\u00e9chauff\u00e9 dans les mains directement sur le visage, le corps ou les cheveux. \u00c0 utiliser pur ou m\u00e9lang\u00e9 avec une autre huile hydratante.<\/li>\n<li data-start=\"1144\" data-end=\"1283\">Enrichir des lotions, cr\u00e8mes ou s\u00e9rums pour les yeux, ou cr\u00e9er ses propres produits cosm\u00e9tiques en l\u2019ajoutant \u00e0 la phase huileuse fondue.<\/li>\n<li data-start=\"1286\" data-end=\"1416\">Combiner avec de l\u2019huile de p\u00e9pins de grenade ou un mac\u00e9r\u00e2t de spiruline pour obtenir un s\u00e9rum corporel anti-cellulite puissant.<\/li>\n<\/ul>\n<h3 data-start=\"1418\" data-end=\"1442\"><strong data-start=\"1418\" data-end=\"1440\">Effets \/ Bienfaits<\/strong><\/h3>\n<ul>\n<li data-start=\"1445\" data-end=\"1559\">Stimule la microcirculation gr\u00e2ce \u00e0 sa caf\u00e9ine naturelle, pr\u00e9vient les gonflements et am\u00e9liore l\u2019\u00e9clat du teint.<\/li>\n<li data-start=\"1562\" data-end=\"1642\">Effet anti-cellulite et antioxydant. Raffermit et tonifie visiblement la peau.<\/li>\n<li data-start=\"1645\" data-end=\"1743\">Nourrit intens\u00e9ment et am\u00e9liore la p\u00e9n\u00e9tration des actifs dans les couches profondes de la peau.<\/li>\n<li data-start=\"1746\" data-end=\"1820\">R\u00e9duit les poches et att\u00e9nue les cernes \u2013 id\u00e9al pour les soins des yeux.<\/li>\n<li data-start=\"1823\" data-end=\"1873\">Hydrate en profondeur, lisse et adoucit la peau.<\/li>\n<li data-start=\"1876\" data-end=\"2019\">Renforce la barri\u00e8re hydrolipidique et prot\u00e8ge contre la perte excessive d\u2019eau \u2013 particuli\u00e8rement adapt\u00e9 aux peaux s\u00e8ches et en r\u00e9g\u00e9n\u00e9ration.<\/li>\n<li data-start=\"2022\" data-end=\"2164\">Prot\u00e8ge et entretient le bronzage, favorise un h\u00e2le uniforme et durable \u2013 parfait pour les soins apr\u00e8s-soleil et les autobronzants naturels.<\/li>\n<\/ul>\n<h3 data-start=\"2166\" data-end=\"2289\"><strong data-start=\"2166\" data-end=\"2182\">Conservation<\/strong><\/h3>\n<p data-start=\"2166\" data-end=\"2289\">Apr\u00e8s ouverture, conserver bien ferm\u00e9 \u00e0 temp\u00e9rature ambiante, \u00e0 l\u2019abri de la chaleur et de la lumi\u00e8re.<\/p>\n<h3 data-start=\"2291\" data-end=\"2377\"><strong data-start=\"2291\" data-end=\"2315\">Pr\u00e9cautions d\u2019emploi<\/strong><\/h3>\n<p data-start=\"2291\" data-end=\"2377\">Respecter la date de p\u00e9remption indiqu\u00e9e sur l\u2019emballage.<\/p>\n","protected":false},"excerpt":{"rendered":"<p>INCI: Prunus Amygdalus Oil, Coffea Arabica Seed Oil &amp; Hydrogenated Vegetable Oil Application Beurre de caf\u00e9 hydrog\u00e9n\u00e9, stabilis\u00e9 avec de l\u2019huile d\u2019amande douce, sous forme d\u2019une p\u00e2te semi-solide de couleur brun lait et au parfum caract\u00e9ristique de caf\u00e9. Utilis\u00e9 comme base ou ingr\u00e9dient actif dans des formulations cosm\u00e9tiques anti-cellulite, remodelantes, anti-\u00e2ge et hydratantes. Gr\u00e2ce \u00e0 [&hellip;]<\/p>\n","protected":false},"featured_media":3181,"comment_status":"open","ping_status":"closed","template":"","meta":[],"product_brand":[],"product_cat":[191,194,195,196,202,204],"product_tag":[],"class_list":{"0":"post-1437","1":"product","2":"type-product","3":"status-publish","4":"has-post-thumbnail","6":"product_cat-ingredients-anti-age","7":"product_cat-ingredients-hydratants","8":"product_cat-peau-vasculaire-acne-preparations-anti-cellulite","9":"product_cat-visage","10":"product_cat-corps","11":"product_cat-huiles-squalane-beurres-cosmetiques-et-macerats-dhuiles","13":"first","14":"outofstock","15":"taxable","16":"shipping-taxable","17":"purchasable","18":"product-type-simple"},"_links":{"self":[{"href":"https:\/\/densilab.com\/fr\/wp-json\/wp\/v2\/product\/1437","targetHints":{"allow":["GET"]}}],"collection":[{"href":"https:\/\/densilab.com\/fr\/wp-json\/wp\/v2\/product"}],"about":[{"href":"https:\/\/densilab.com\/fr\/wp-json\/wp\/v2\/types\/product"}],"replies":[{"embeddable":true,"href":"https:\/\/densilab.com\/fr\/wp-json\/wp\/v2\/comments?post=1437"}],"wp:featuredmedia":[{"embeddable":true,"href":"https:\/\/densilab.com\/fr\/wp-json\/wp\/v2\/media\/3181"}],"wp:attachment":[{"href":"https:\/\/densilab.com\/fr\/wp-json\/wp\/v2\/media?parent=1437"}],"wp:term":[{"taxonomy":"product_brand","embeddable":true,"href":"https:\/\/densilab.com\/fr\/wp-json\/wp\/v2\/product_brand?post=1437"},{"taxonomy":"product_cat","embeddable":true,"href":"https:\/\/densilab.com\/fr\/wp-json\/wp\/v2\/product_cat?post=1437"},{"taxonomy":"product_tag","embeddable":true,"href":"https:\/\/densilab.com\/fr\/wp-json\/wp\/v2\/product_tag?post=1437"}],"curies":[{"name":"wp","href":"https:\/\/api.w.org\/{rel}","templated":true}]}}