{"id":1431,"date":"2024-01-11T20:52:48","date_gmt":"2024-01-11T20:52:48","guid":{"rendered":"https:\/\/densilab.com\/?post_type=product&#038;p=1431"},"modified":"2025-08-31T14:21:05","modified_gmt":"2025-08-31T14:21:05","slug":"microcapsules-avec-huile-damande-douce-pour-exfoliation","status":"publish","type":"product","link":"https:\/\/densilab.com\/fr\/produkt\/microcapsules-avec-huile-damande-douce-pour-exfoliation\/","title":{"rendered":"MICROCAPSULES AVEC HUILE D'AMANDE DOUCE POUR EXFOLIATION"},"content":{"rendered":"<p><strong>INCI<\/strong>: <em>Alginate de sodium, Prunus Amygdalus Dulcis (huile d'amande douce)<\/em><\/p>\n<p data-start=\"77\" data-end=\"173\">Teneur des ingr\u00e9dients dans le m\u00e9lange : alginate 44 %, huile d'amande douce non raffin\u00e9e 56 %<\/p>\n<h3 data-start=\"175\" data-end=\"192\"><strong data-start=\"175\" data-end=\"190\">Application<\/strong><\/h3>\n<p data-start=\"194\" data-end=\"330\">Microcapsules semi-transparentes de couleur jaune avec une odeur agr\u00e9able caract\u00e9ristique, pr\u00e9sentant une texture l\u00e9g\u00e8rement rugueuse.<\/p>\n<p data-start=\"332\" data-end=\"493\">La coque est constitu\u00e9e d\u2019alginate de sodium (origine naturelle, extrait d\u2019algues). \u00c0 l\u2019int\u00e9rieur de la coque se trouve de l\u2019huile d\u2019amande douce non raffin\u00e9e.<\/p>\n<p data-start=\"495\" data-end=\"706\">Le produit peut \u00eatre appliqu\u00e9 directement sur la peau ou utilis\u00e9 comme ingr\u00e9dient dans des formulations de gommage plus complexes, enrichies par exemple de graines de caf\u00e9 vert moulues ou de graines de cassis.<\/p>\n<h3 data-start=\"708\" data-end=\"720\"><strong data-start=\"708\" data-end=\"718\">Effets<\/strong><\/h3>\n<p data-start=\"722\" data-end=\"1145\">L\u2019action m\u00e9canique du gommage consiste \u00e0 \u00e9liminer la couche externe (g\u00e9n\u00e9ralement morte) de l\u2019\u00e9piderme et \u00e0 stimuler la microcirculation de la peau \u2013 une coque d\u2019algue marine est adapt\u00e9e pour cette partie du traitement. Cela permet de nettoyer les pores, d\u2019\u00e9liminer l\u2019exc\u00e8s de s\u00e9bum et de lisser les rides fines. Le r\u00e9sultat est une r\u00e9duction de la taille des pores, un teint uniforme et une meilleure fermet\u00e9 de la peau.<\/p>\n<p data-start=\"1147\" data-end=\"1391\">Pendant le gommage, l\u2019huile d\u2019amande douce est lib\u00e9r\u00e9e, apportant hydratation et nutriments suppl\u00e9mentaires \u00e0 la peau (pour plus de d\u00e9tails sur les effets de l\u2019huile d\u2019amande douce, voir la description de l\u2019huile d\u2019amande douce non raffin\u00e9e).<\/p>\n<h3 data-start=\"1393\" data-end=\"1411\"><strong data-start=\"1393\" data-end=\"1409\">Conservation<\/strong><\/h3>\n<p data-start=\"1413\" data-end=\"1468\">Conserver dans un endroit sec \u00e0 temp\u00e9rature ambiante.<\/p>\n<h3 data-start=\"1470\" data-end=\"1487\"><strong data-start=\"1470\" data-end=\"1485\">Pr\u00e9cautions<\/strong><\/h3>\n<p data-start=\"1489\" data-end=\"1640\">Aucun des ingr\u00e9dients du m\u00e9lange n\u2019a un potentiel sensibilisant, mais il est recommand\u00e9 de r\u00e9aliser un test cutan\u00e9 sur une zone couverte avant usage.<\/p>\n<p data-start=\"1642\" data-end=\"1782\" data-is-last-node=\"\" data-is-only-node=\"\">Lors de l\u2019utilisation sur le visage, faire particuli\u00e8rement attention autour des yeux afin que le produit n\u2019entre pas en contact avec l\u2019\u0153il.<\/p>\n","protected":false},"excerpt":{"rendered":"<p>INCI: Alginate de sodium, Prunus Amygdalus Dulcis (huile d'amande douce) Teneur des ingr\u00e9dients dans le m\u00e9lange : alginate 44 %, huile d'amande douce non raffin\u00e9e 56 % Application Microcapsules semi-transparentes de couleur jaune avec une odeur agr\u00e9able caract\u00e9ristique, pr\u00e9sentant une texture l\u00e9g\u00e8rement rugueuse. La coque est constitu\u00e9e d\u2019alginate de sodium (origine naturelle, extrait d\u2019algues). \u00c0 [&hellip;]<\/p>\n","protected":false},"featured_media":1364,"comment_status":"open","ping_status":"closed","template":"","meta":[],"product_brand":[],"product_cat":[194,195,196,202],"product_tag":[],"class_list":{"0":"post-1431","1":"product","2":"type-product","3":"status-publish","4":"has-post-thumbnail","6":"product_cat-ingredients-hydratants","7":"product_cat-peau-vasculaire-acne-preparations-anti-cellulite","8":"product_cat-visage","9":"product_cat-corps","11":"first","12":"outofstock","13":"taxable","14":"shipping-taxable","15":"purchasable","16":"product-type-simple"},"_links":{"self":[{"href":"https:\/\/densilab.com\/fr\/wp-json\/wp\/v2\/product\/1431","targetHints":{"allow":["GET"]}}],"collection":[{"href":"https:\/\/densilab.com\/fr\/wp-json\/wp\/v2\/product"}],"about":[{"href":"https:\/\/densilab.com\/fr\/wp-json\/wp\/v2\/types\/product"}],"replies":[{"embeddable":true,"href":"https:\/\/densilab.com\/fr\/wp-json\/wp\/v2\/comments?post=1431"}],"wp:featuredmedia":[{"embeddable":true,"href":"https:\/\/densilab.com\/fr\/wp-json\/wp\/v2\/media\/1364"}],"wp:attachment":[{"href":"https:\/\/densilab.com\/fr\/wp-json\/wp\/v2\/media?parent=1431"}],"wp:term":[{"taxonomy":"product_brand","embeddable":true,"href":"https:\/\/densilab.com\/fr\/wp-json\/wp\/v2\/product_brand?post=1431"},{"taxonomy":"product_cat","embeddable":true,"href":"https:\/\/densilab.com\/fr\/wp-json\/wp\/v2\/product_cat?post=1431"},{"taxonomy":"product_tag","embeddable":true,"href":"https:\/\/densilab.com\/fr\/wp-json\/wp\/v2\/product_tag?post=1431"}],"curies":[{"name":"wp","href":"https:\/\/api.w.org\/{rel}","templated":true}]}}