{"id":1413,"date":"2024-01-11T20:35:23","date_gmt":"2024-01-11T20:35:23","guid":{"rendered":"https:\/\/densilab.com\/?post_type=product&#038;p=1413"},"modified":"2025-08-30T08:12:14","modified_gmt":"2025-08-30T08:12:14","slug":"huile-de-graines-de-concombre-non-refinee","status":"publish","type":"product","link":"https:\/\/densilab.com\/fr\/produkt\/huile-de-graines-de-concombre-non-refinee\/","title":{"rendered":"HUILE DE GRAINES DE CONCOMBRE NON REFIN\u00c9E"},"content":{"rendered":"<p data-start=\"60\" data-end=\"120\"><strong data-start=\"60\" data-end=\"70\">INCI :<\/strong> <em>Huile de graines de concombre (Cucumis Sativus)<\/em><\/p>\n<h3 data-start=\"122\" data-end=\"375\"><strong data-start=\"122\" data-end=\"137\">Utilisation<\/strong><\/h3>\n<p data-start=\"122\" data-end=\"375\">100\u202f% pure, produite en Pologne \u00e0 partir de graines de concombre, non raffin\u00e9e. L\u2019huile a un parfum subtil, naturel et frais, une couleur jaune clair et une texture l\u00e9g\u00e8re, consid\u00e9r\u00e9e comme l\u2019une des huiles v\u00e9g\u00e9tales les plus douces.<\/p>\n<p data-start=\"377\" data-end=\"687\">Gr\u00e2ce \u00e0 ses composants actifs (principalement tocoph\u00e9rols et phytost\u00e9rols), elle convient parfaitement aux peaux matures, s\u00e8ches et vieillissantes. Id\u00e9ale pour les formulations cosm\u00e9tiques destin\u00e9es aux peaux mixtes, sujettes aux imperfections, grasses ou sensibles, et m\u00eame pour le contour d\u00e9licat des yeux.<\/p>\n<p data-start=\"689\" data-end=\"844\">Elle peut \u00e9galement \u00eatre utilis\u00e9e pour le cuir chevelu, les cheveux, les ongles, les mains s\u00e8ches ou les coudes. Ses utilisations sont tr\u00e8s polyvalentes.<\/p>\n<p data-start=\"846\" data-end=\"876\"><strong data-start=\"846\" data-end=\"874\">Exemples d\u2019utilisation :<\/strong><\/p>\n<ul>\n<li data-start=\"879\" data-end=\"1001\"><strong data-start=\"879\" data-end=\"906\">Remplacement de cr\u00e8me :<\/strong> appliquer quelques gouttes directement sur la peau humide du visage, du cou et du d\u00e9collet\u00e9.<\/li>\n<li data-start=\"1004\" data-end=\"1134\"><strong data-start=\"1004\" data-end=\"1027\">Lotion corporelle :<\/strong> appliquer directement apr\u00e8s le bain sur peau humide ou ajouter 1\u20132 cuill\u00e8res \u00e0 soupe dans l\u2019eau du bain.<\/li>\n<li data-start=\"1137\" data-end=\"1275\"><strong data-start=\"1137\" data-end=\"1159\">Huile de massage :<\/strong> utiliser pure ou m\u00e9lang\u00e9e \u00e0 des huiles plus riches comme l\u2019huile d\u2019amande douce ou l\u2019huile de graines de grenade.<\/li>\n<li data-start=\"1278\" data-end=\"1397\"><strong data-start=\"1278\" data-end=\"1308\">Masque pour cuir chevelu :<\/strong> masser 2 cuill\u00e8res \u00e0 soupe sur le cuir chevelu au moins une heure avant le shampooing.<\/li>\n<li data-start=\"1400\" data-end=\"1643\"><strong data-start=\"1400\" data-end=\"1423\">Masque capillaire :<\/strong> appliquer sur cheveux secs ou humides au moins 20 minutes avant le shampooing, de pr\u00e9f\u00e9rence avec de l\u2019eau et\/ou du gel d\u2019acide hyaluronique ; rincer avec un shampooing doux ; peut \u00e9galement \u00eatre laiss\u00e9 toute la nuit.<\/li>\n<li data-start=\"1646\" data-end=\"1894\"><strong data-start=\"1646\" data-end=\"1665\">Masque facial :<\/strong> m\u00e9langer quelques gouttes d\u2019huile avec de l\u2019argile et de l\u2019hydrolat de rose pour obtenir une p\u00e2te, appliquer environ 15 minutes, puis rincer ; vaporiser r\u00e9guli\u00e8rement avec de l\u2019eau ou de l\u2019hydrolat pour \u00e9viter le dess\u00e8chement.<\/li>\n<\/ul>\n<p data-start=\"1896\" data-end=\"2037\"><strong data-start=\"1896\" data-end=\"1948\">Concentration recommand\u00e9e dans les cosm\u00e9tiques :<\/strong> 100\u202f% \u2014 peut \u00eatre utilis\u00e9e pure ou comme ingr\u00e9dient dans des formulations cosm\u00e9tiques.<\/p>\n<h3 data-start=\"2039\" data-end=\"2195\"><strong data-start=\"2039\" data-end=\"2061\">Effets \/ Bienfaits<\/strong><\/h3>\n<p data-start=\"2039\" data-end=\"2195\">Gr\u00e2ce \u00e0 sa teneur en vitamine\u202fE, l\u2019huile de graines de concombre r\u00e9g\u00e9n\u00e8re efficacement la peau, m\u00eame le contour d\u00e9licat des yeux.<\/p>\n<p data-start=\"2197\" data-end=\"2505\">Elle poss\u00e8de des effets anti-rides, raffermissants et revitalisants. Riche en acides gras insatur\u00e9s, elle poss\u00e8de \u00e9galement des propri\u00e9t\u00e9s antiseptiques et anti-inflammatoires. Elle r\u00e9duit les signes de stress et laisse la peau douce, lisse et \u00e9clatante. Les taches pigmentaires sont visiblement att\u00e9nu\u00e9es.<\/p>\n<p data-start=\"2507\" data-end=\"2624\">Les tocoph\u00e9rols prot\u00e8gent la peau des rayons UV et combattent les radicaux libres. L\u2019huile est \u00e9galement riche en :<\/p>\n<ul>\n<li data-start=\"2627\" data-end=\"2723\"><strong data-start=\"2627\" data-end=\"2659\">Acide linol\u00e9ique (Omega-6) :<\/strong> soutient la barri\u00e8re cutan\u00e9e et r\u00e9gule la production de s\u00e9bum<\/li>\n<li data-start=\"2726\" data-end=\"2801\"><strong data-start=\"2726\" data-end=\"2745\">Acide ol\u00e9ique :<\/strong> retient l\u2019humidit\u00e9 et prot\u00e8ge la peau du dess\u00e8chement<\/li>\n<li data-start=\"2804\" data-end=\"2938\"><strong data-start=\"2804\" data-end=\"2829\">Acide palmitol\u00e9ique :<\/strong> apaise les irritations et inflammations, am\u00e9liore la texture de la peau et r\u00e9duit les ridules et les rides<\/li>\n<\/ul>\n<p data-start=\"2940\" data-end=\"2973\"><strong data-start=\"2940\" data-end=\"2971\">Bienfaits suppl\u00e9mentaires :<\/strong><\/p>\n<ul>\n<li data-start=\"2976\" data-end=\"3005\">R\u00e9duit les ridules et rides<\/li>\n<li data-start=\"3008\" data-end=\"3079\">Apaise les peaux inflamm\u00e9es et sujettes \u00e0 l\u2019acn\u00e9, r\u00e9duit les rougeurs<\/li>\n<li data-start=\"3082\" data-end=\"3111\">Soulage les coups de soleil<\/li>\n<li data-start=\"3114\" data-end=\"3162\">Am\u00e9liore la fermet\u00e9 et l\u2019\u00e9lasticit\u00e9 de la peau<\/li>\n<li data-start=\"3165\" data-end=\"3248\">\u00c9claircit les taches pigmentaires et les d\u00e9colorations apr\u00e8s exposition au soleil<\/li>\n<\/ul>\n<h3 data-start=\"3250\" data-end=\"3333\"><strong data-start=\"3250\" data-end=\"3266\">Conservation<\/strong><\/h3>\n<p data-start=\"3250\" data-end=\"3333\">Conserver \u00e0 temp\u00e9rature ambiante. Pas besoin de r\u00e9frig\u00e9ration.<\/p>\n<h3 data-start=\"3335\" data-end=\"3488\"><strong data-start=\"3335\" data-end=\"3359\">Pr\u00e9cautions d\u2019emploi<\/strong><\/h3>\n<p data-start=\"3335\" data-end=\"3488\">Respecter la date de p\u00e9remption indiqu\u00e9e sur l\u2019emballage. \u00c9viter le contact avec les yeux. Tenir hors de port\u00e9e des enfants.<\/p>\n","protected":false},"excerpt":{"rendered":"<p>INCI : Huile de graines de concombre (Cucumis Sativus) Utilisation 100\u202f% pure, produite en Pologne \u00e0 partir de graines de concombre, non raffin\u00e9e. L\u2019huile a un parfum subtil, naturel et frais, une couleur jaune clair et une texture l\u00e9g\u00e8re, consid\u00e9r\u00e9e comme l\u2019une des huiles v\u00e9g\u00e9tales les plus douces. Gr\u00e2ce \u00e0 ses composants actifs (principalement tocoph\u00e9rols [&hellip;]<\/p>\n","protected":false},"featured_media":1352,"comment_status":"open","ping_status":"closed","template":"","meta":[],"product_brand":[],"product_cat":[191,194,196,197,202,204],"product_tag":[],"class_list":{"0":"post-1413","1":"product","2":"type-product","3":"status-publish","4":"has-post-thumbnail","6":"product_cat-ingredients-anti-age","7":"product_cat-ingredients-hydratants","8":"product_cat-visage","9":"product_cat-cheveux","10":"product_cat-corps","11":"product_cat-huiles-squalane-beurres-cosmetiques-et-macerats-dhuiles","13":"first","14":"instock","15":"taxable","16":"shipping-taxable","17":"purchasable","18":"product-type-simple"},"_links":{"self":[{"href":"https:\/\/densilab.com\/fr\/wp-json\/wp\/v2\/product\/1413","targetHints":{"allow":["GET"]}}],"collection":[{"href":"https:\/\/densilab.com\/fr\/wp-json\/wp\/v2\/product"}],"about":[{"href":"https:\/\/densilab.com\/fr\/wp-json\/wp\/v2\/types\/product"}],"replies":[{"embeddable":true,"href":"https:\/\/densilab.com\/fr\/wp-json\/wp\/v2\/comments?post=1413"}],"wp:featuredmedia":[{"embeddable":true,"href":"https:\/\/densilab.com\/fr\/wp-json\/wp\/v2\/media\/1352"}],"wp:attachment":[{"href":"https:\/\/densilab.com\/fr\/wp-json\/wp\/v2\/media?parent=1413"}],"wp:term":[{"taxonomy":"product_brand","embeddable":true,"href":"https:\/\/densilab.com\/fr\/wp-json\/wp\/v2\/product_brand?post=1413"},{"taxonomy":"product_cat","embeddable":true,"href":"https:\/\/densilab.com\/fr\/wp-json\/wp\/v2\/product_cat?post=1413"},{"taxonomy":"product_tag","embeddable":true,"href":"https:\/\/densilab.com\/fr\/wp-json\/wp\/v2\/product_tag?post=1413"}],"curies":[{"name":"wp","href":"https:\/\/api.w.org\/{rel}","templated":true}]}}