{"id":1407,"date":"2024-01-11T20:24:11","date_gmt":"2024-01-11T20:24:11","guid":{"rendered":"https:\/\/densilab.com\/?post_type=product&#038;p=1407"},"modified":"2025-08-31T08:29:29","modified_gmt":"2025-08-31T08:29:29","slug":"collagene-dorigine-vegetale-collaplant","status":"publish","type":"product","link":"https:\/\/densilab.com\/fr\/produkt\/collagene-dorigine-vegetale-collaplant\/","title":{"rendered":"COLLAG\u00c8NE D'ORIGINE V\u00c9G\u00c9TALE \u2013 COLLAPLANT"},"content":{"rendered":"<p data-start=\"72\" data-end=\"196\"><strong data-start=\"72\" data-end=\"80\">INCI<\/strong> : Prot\u00e9ine de soja hydrolys\u00e9e, acides amin\u00e9s de riz, L-proline, extrait de graines d\u2019Adansonia digitata hydrolys\u00e9<\/p>\n<h3 data-start=\"198\" data-end=\"215\">Application<\/h3>\n<p data-start=\"216\" data-end=\"525\">Le taux de collag\u00e8ne dans le corps humain diminue naturellement avec l\u2019\u00e2ge. Cela entra\u00eene une perte de fermet\u00e9, d\u2019\u00e9lasticit\u00e9 ainsi que l\u2019apparition visible de signes de vieillissement de la peau et des cheveux. Une compl\u00e9mentation r\u00e9guli\u00e8re par les cosm\u00e9tiques aide \u00e0 pr\u00e9server une apparence jeune et saine.<\/p>\n<p data-start=\"527\" data-end=\"1249\">\u2022 Alternative 100 % v\u00e9gane au collag\u00e8ne animal, avec un profil sensoriel comparable et des bienfaits multifonctionnels<br data-start=\"645\" data-end=\"648\" \/>\u2022 Formul\u00e9 \u00e0 base de prot\u00e9ines de soja hydrolys\u00e9es, d\u2019acides amin\u00e9s de riz et d\u2019extrait de graines de baobab hydrolys\u00e9<br data-start=\"765\" data-end=\"768\" \/>\u2022 Enrichi en L-proline \u2013 un acide amin\u00e9 essentiel jouant un r\u00f4le central dans la synth\u00e8se naturelle du collag\u00e8ne et la r\u00e9g\u00e9n\u00e9ration des tissus<br data-start=\"910\" data-end=\"913\" \/>\u2022 Sans OGM, parab\u00e8nes, formald\u00e9hyde ni autres additifs nocifs<br data-start=\"974\" data-end=\"977\" \/>\u2022 D\u00e9velopp\u00e9 pour le soin global de la peau, des cheveux et des ongles \u2013 hydrate intens\u00e9ment, prot\u00e8ge et r\u00e9g\u00e9n\u00e8re<br data-start=\"1089\" data-end=\"1092\" \/>\u2022 Concentration d\u2019utilisation recommand\u00e9e : 1\u20135 %, adapt\u00e9 aux cr\u00e8mes, s\u00e9rums, lotions, shampoings, apr\u00e8s-shampoings et produits fortifiants pour les ongles<\/p>\n<h3 data-start=\"1251\" data-end=\"1263\">Effets<\/h3>\n<p data-start=\"1264\" data-end=\"1642\">La L-proline, acide amin\u00e9 cl\u00e9 dans la formation du collag\u00e8ne, favorise la fermet\u00e9, l\u2019\u00e9lasticit\u00e9 et la tonicit\u00e9 de la peau. Elle p\u00e9n\u00e8tre facilement et est bien assimil\u00e9e par la structure cutan\u00e9e, ce qui la rend particuli\u00e8rement indiqu\u00e9e dans les cr\u00e8mes et s\u00e9rums, notamment pour les peaux sensibles et irrit\u00e9es. Elle peut \u00e9galement r\u00e9duire l\u2019apparence des ridules et des rides.<\/p>\n<p data-start=\"1644\" data-end=\"1981\"><strong data-start=\"1644\" data-end=\"1674\">Propri\u00e9t\u00e9s antioxydantes :<\/strong> prot\u00e8ge la peau des effets n\u00e9fastes des radicaux libres g\u00e9n\u00e9r\u00e9s par des facteurs environnementaux tels que les rayons UV, la pollution ou le tabac. Elle soutient la production d\u2019antioxydants naturels, renfor\u00e7ant la r\u00e9sistance de la peau face aux agressions ext\u00e9rieures et lui donnant un aspect plus sain.<\/p>\n<p data-start=\"1983\" data-end=\"2017\"><strong data-start=\"1983\" data-end=\"2015\">Bienfaits pour les cheveux :<\/strong><\/p>\n<ul>\n<li data-start=\"2020\" data-end=\"2084\">redonne aux cheveux un aspect sain, plus de volume et de force<\/li>\n<li data-start=\"2087\" data-end=\"2181\">am\u00e9liore leur \u00e9lasticit\u00e9 et les rend plus r\u00e9sistants aux agressions m\u00e9caniques et thermiques<\/li>\n<li data-start=\"2184\" data-end=\"2262\">pr\u00e9vient la perte d\u2019hydratation, les cheveux restent souples et bien nourris<\/li>\n<li data-start=\"2265\" data-end=\"2436\">favorise la r\u00e9g\u00e9n\u00e9ration apr\u00e8s des traitements capillaires (coloration, d\u00e9coloration, lissage), en renfor\u00e7ant la structure capillaire et en leur redonnant un aspect sain<\/li>\n<\/ul>\n<h3 data-start=\"2438\" data-end=\"2456\">Conservation<\/h3>\n<p data-start=\"2457\" data-end=\"2503\">Apr\u00e8s ouverture, conserver au r\u00e9frig\u00e9rateur.<\/p>\n<h3 data-start=\"2505\" data-end=\"2525\">Avertissements<\/h3>\n<p data-start=\"2526\" data-end=\"2585\">Respecter la date de p\u00e9remption indiqu\u00e9e sur l\u2019emballage.<\/p>\n","protected":false},"excerpt":{"rendered":"<p>INCI : Prot\u00e9ine de soja hydrolys\u00e9e, acides amin\u00e9s de riz, L-proline, extrait de graines d\u2019Adansonia digitata hydrolys\u00e9 Application Le taux de collag\u00e8ne dans le corps humain diminue naturellement avec l\u2019\u00e2ge. Cela entra\u00eene une perte de fermet\u00e9, d\u2019\u00e9lasticit\u00e9 ainsi que l\u2019apparition visible de signes de vieillissement de la peau et des cheveux. Une compl\u00e9mentation r\u00e9guli\u00e8re par [&hellip;]<\/p>\n","protected":false},"featured_media":1347,"comment_status":"open","ping_status":"closed","template":"","meta":[],"product_brand":[],"product_cat":[223,191,194,196,197,202,199],"product_tag":[],"class_list":{"0":"post-1407","1":"product","2":"type-product","3":"status-publish","4":"has-post-thumbnail","6":"product_cat-ingredients-actifs","7":"product_cat-ingredients-anti-age","8":"product_cat-ingredients-hydratants","9":"product_cat-visage","10":"product_cat-cheveux","11":"product_cat-corps","12":"product_cat-acide-hyaluronique-collagenes-keratine-et-derives","14":"first","15":"instock","16":"taxable","17":"shipping-taxable","18":"purchasable","19":"product-type-simple"},"_links":{"self":[{"href":"https:\/\/densilab.com\/fr\/wp-json\/wp\/v2\/product\/1407","targetHints":{"allow":["GET"]}}],"collection":[{"href":"https:\/\/densilab.com\/fr\/wp-json\/wp\/v2\/product"}],"about":[{"href":"https:\/\/densilab.com\/fr\/wp-json\/wp\/v2\/types\/product"}],"replies":[{"embeddable":true,"href":"https:\/\/densilab.com\/fr\/wp-json\/wp\/v2\/comments?post=1407"}],"wp:featuredmedia":[{"embeddable":true,"href":"https:\/\/densilab.com\/fr\/wp-json\/wp\/v2\/media\/1347"}],"wp:attachment":[{"href":"https:\/\/densilab.com\/fr\/wp-json\/wp\/v2\/media?parent=1407"}],"wp:term":[{"taxonomy":"product_brand","embeddable":true,"href":"https:\/\/densilab.com\/fr\/wp-json\/wp\/v2\/product_brand?post=1407"},{"taxonomy":"product_cat","embeddable":true,"href":"https:\/\/densilab.com\/fr\/wp-json\/wp\/v2\/product_cat?post=1407"},{"taxonomy":"product_tag","embeddable":true,"href":"https:\/\/densilab.com\/fr\/wp-json\/wp\/v2\/product_tag?post=1407"}],"curies":[{"name":"wp","href":"https:\/\/api.w.org\/{rel}","templated":true}]}}