{"id":1405,"date":"2024-01-08T12:42:02","date_gmt":"2024-01-08T12:42:02","guid":{"rendered":"https:\/\/densilab.com\/?post_type=product&#038;p=1405"},"modified":"2025-08-31T09:17:06","modified_gmt":"2025-08-31T09:17:06","slug":"extrait-concentre-daloes-vera-x10","status":"publish","type":"product","link":"https:\/\/densilab.com\/fr\/produkt\/extrait-concentre-daloes-vera-x10\/","title":{"rendered":"EXTRAIT CONCENTR\u00c9 D'ALO\u00c8S V\u00c9RA x10"},"content":{"rendered":"<p data-start=\"68\" data-end=\"108\"><strong data-start=\"68\" data-end=\"78\">INCI :<\/strong> <em>Aloe Barbadensis Leaf Juice<\/em><\/p>\n<h3 data-start=\"110\" data-end=\"127\">Application<\/h3>\n<p data-start=\"128\" data-end=\"475\">Aucune autre plante n\u2019est aussi populaire en m\u00e9decine et en cosm\u00e9tique que l\u2019aloe. Ce concentr\u00e9 est dix fois concentr\u00e9, presque transparent, avec un parfum d\u00e9licat et frais et un pH neutre. Produit biologique, minimalement conserv\u00e9 avec du sorbate de potassium, du benzoate de sodium et de l\u2019acide citrique (conservateurs approuv\u00e9s par ECOCERT).<\/p>\n<p data-start=\"477\" data-end=\"603\">Recommand\u00e9 pour les peaux s\u00e8ches, grasses, sensibles, ab\u00eem\u00e9es, irrit\u00e9es et matures \u2013 en r\u00e9sum\u00e9, pour tous les types de peau.<\/p>\n<p data-start=\"605\" data-end=\"718\">Gr\u00e2ce \u00e0 ses propri\u00e9t\u00e9s, il est id\u00e9al comme ingr\u00e9dient pour favoriser la cicatrisation et lisser les cicatrices.<\/p>\n<p data-start=\"720\" data-end=\"834\">Souvent utilis\u00e9 apr\u00e8s un nettoyage m\u00e9canique de la peau du visage, par exemple pour les peaux sujettes \u00e0 l\u2019acn\u00e9.<\/p>\n<p data-start=\"836\" data-end=\"1053\">Sous forme dilu\u00e9e, il convient parfaitement comme ingr\u00e9dient dans les apr\u00e8s-shampoings ou comme brume l\u00e9g\u00e8re hydratante pour le visage et le corps. Peut \u00eatre ajout\u00e9 aux shampoings dans un rapport allant jusqu\u2019\u00e0 1:1.<\/p>\n<p data-start=\"1055\" data-end=\"1227\">Ingr\u00e9dient id\u00e9al pour les masques, cr\u00e8mes, lotions et toniques. Pour l\u2019application sur la peau, il est recommand\u00e9 de le diluer afin de l\u2019utiliser comme tonique quotidien.<\/p>\n<h3 data-start=\"1234\" data-end=\"1246\">Effets<\/h3>\n<ul>\n<li data-start=\"1249\" data-end=\"1270\">Hydratation intense<\/li>\n<li data-start=\"1273\" data-end=\"1321\">Stimule la capacit\u00e9 de r\u00e9g\u00e9n\u00e9ration de la peau<\/li>\n<li data-start=\"1324\" data-end=\"1370\">Action antibact\u00e9rienne et anti-inflammatoire<\/li>\n<li data-start=\"1373\" data-end=\"1476\">Propri\u00e9t\u00e9s antioxydantes cliniquement prouv\u00e9es, prot\u00e8ge contre le vieillissement pr\u00e9matur\u00e9 de la peau<\/li>\n<li data-start=\"1479\" data-end=\"1528\">Lisse les rides et prot\u00e8ge contre les rayons UV<\/li>\n<li data-start=\"1531\" data-end=\"1577\">Redonne \u00e0 la peau une sensation de fra\u00eecheur<\/li>\n<\/ul>\n<p data-start=\"1579\" data-end=\"1874\">Cet effet est d\u00fb \u00e0 la forte teneur en anthraquinones (aloin, aloinosides, aloe-emodine, etc.). D\u2019autres composants pr\u00e9cieux comprennent des polysaccharides, prot\u00e9ines, acides amin\u00e9s, r\u00e9sines, anthracides, acides organiques (acide succinique, acide cinnamique) et vitamines (thiamine, biotine).<\/p>\n<h3 data-start=\"1881\" data-end=\"1899\">Conservation<\/h3>\n<p data-start=\"1900\" data-end=\"1988\">Prot\u00e9ger de la lumi\u00e8re directe du soleil.<br data-start=\"1941\" data-end=\"1944\" \/>Peut \u00eatre conserv\u00e9 \u00e0 temp\u00e9rature ambiante.<\/p>\n<h3 data-start=\"1995\" data-end=\"2012\">Pr\u00e9cautions<\/h3>\n<p data-start=\"2013\" data-end=\"2072\">Respecter la date de p\u00e9remption indiqu\u00e9e sur l\u2019emballage.<\/p>\n","protected":false},"excerpt":{"rendered":"<p>INCI : Aloe Barbadensis Leaf Juice Application Aucune autre plante n\u2019est aussi populaire en m\u00e9decine et en cosm\u00e9tique que l\u2019aloe. Ce concentr\u00e9 est dix fois concentr\u00e9, presque transparent, avec un parfum d\u00e9licat et frais et un pH neutre. Produit biologique, minimalement conserv\u00e9 avec du sorbate de potassium, du benzoate de sodium et de l\u2019acide citrique [&hellip;]<\/p>\n","protected":false},"featured_media":1406,"comment_status":"open","ping_status":"closed","template":"","meta":[],"product_brand":[],"product_cat":[194,196,197,202,190],"product_tag":[],"class_list":{"0":"post-1405","1":"product","2":"type-product","3":"status-publish","4":"has-post-thumbnail","6":"product_cat-ingredients-hydratants","7":"product_cat-visage","8":"product_cat-cheveux","9":"product_cat-corps","10":"product_cat-hydrolats","12":"first","13":"instock","14":"taxable","15":"shipping-taxable","16":"purchasable","17":"product-type-simple"},"_links":{"self":[{"href":"https:\/\/densilab.com\/fr\/wp-json\/wp\/v2\/product\/1405","targetHints":{"allow":["GET"]}}],"collection":[{"href":"https:\/\/densilab.com\/fr\/wp-json\/wp\/v2\/product"}],"about":[{"href":"https:\/\/densilab.com\/fr\/wp-json\/wp\/v2\/types\/product"}],"replies":[{"embeddable":true,"href":"https:\/\/densilab.com\/fr\/wp-json\/wp\/v2\/comments?post=1405"}],"wp:featuredmedia":[{"embeddable":true,"href":"https:\/\/densilab.com\/fr\/wp-json\/wp\/v2\/media\/1406"}],"wp:attachment":[{"href":"https:\/\/densilab.com\/fr\/wp-json\/wp\/v2\/media?parent=1405"}],"wp:term":[{"taxonomy":"product_brand","embeddable":true,"href":"https:\/\/densilab.com\/fr\/wp-json\/wp\/v2\/product_brand?post=1405"},{"taxonomy":"product_cat","embeddable":true,"href":"https:\/\/densilab.com\/fr\/wp-json\/wp\/v2\/product_cat?post=1405"},{"taxonomy":"product_tag","embeddable":true,"href":"https:\/\/densilab.com\/fr\/wp-json\/wp\/v2\/product_tag?post=1405"}],"curies":[{"name":"wp","href":"https:\/\/api.w.org\/{rel}","templated":true}]}}