{"id":1403,"date":"2024-01-08T12:33:53","date_gmt":"2024-01-08T12:33:53","guid":{"rendered":"https:\/\/densilab.com\/?post_type=product&#038;p=1403"},"modified":"2025-08-31T12:32:05","modified_gmt":"2025-08-31T12:32:05","slug":"lycomega-standardise-pour-son-contenu-en-lycopene-20ml","status":"publish","type":"product","link":"https:\/\/densilab.com\/fr\/produkt\/lycomega-standardise-pour-son-contenu-en-lycopene-20ml\/","title":{"rendered":"LYCOMEGA STANDARDIS\u00c9 POUR SON CONTENU EN LYCOP\u00c8NE 20ml"},"content":{"rendered":"<p data-start=\"48\" data-end=\"202\"><strong data-start=\"48\" data-end=\"58\">INCI :<\/strong>\u00a0<em>Solanum Lycopersicum Seed Oil, Caprylic\/Capric Triglyceride, Vaccinium Macrocarpon Seed Oil, Helianthus Annuus Seed Oil, Tocopherol, Lycopene<\/em><\/p>\n<h3 data-start=\"204\" data-end=\"221\">Utilisation<\/h3>\n<p data-start=\"222\" data-end=\"498\">Lycomega est l\u2019un des antioxydants naturels les plus puissants, pr\u00e9sent\u00e9 sous forme huileuse et enti\u00e8rement soluble dans les huiles. La concentration recommand\u00e9e dans les formulations cosm\u00e9tiques est de 2 \u00e0 5\u202f%, pouvant \u00eatre port\u00e9e en toute s\u00e9curit\u00e9 \u00e0 10\u201320\u202f% si n\u00e9cessaire.<\/p>\n<p data-start=\"500\" data-end=\"796\">Cet actif est connu des amateurs de superaliments et de compl\u00e9ments alimentaires pour son r\u00f4le dans la pr\u00e9vention du stress oxydatif et des radicaux libres. Dans les cosm\u00e9tiques, Lycomega exerce un effet antioxydant similaire, ce qui en fait un ingr\u00e9dient privil\u00e9gi\u00e9 dans les produits anti-\u00e2ge.<\/p>\n<p data-start=\"798\" data-end=\"1150\">Convient \u00e0 tous les types de peau, en particulier les peaux s\u00e8ches, grasses ou mixtes. Id\u00e9al \u00e9galement pour les soins capillaires\u202f: la formulation la plus simple consiste \u00e0 m\u00e9langer 5\u202fml de Lycomega avec 95\u202fml d\u2019huile de base (jojoba, amande ou argan). Dans les cr\u00e8mes et lotions, Lycomega est incorpor\u00e9 dans la phase huileuse pendant la fabrication.<\/p>\n<h3 data-start=\"1152\" data-end=\"1176\">Effets \/ Bienfaits<\/h3>\n<p data-start=\"1177\" data-end=\"1231\">Lycomega est un actif naturel aux multiples effets\u202f:<\/p>\n<ul>\n<li data-start=\"1234\" data-end=\"1347\">Favorise la croissance cellulaire et le renouvellement des cellules, maintenant peau et cheveux en bonne sant\u00e9.<\/li>\n<li data-start=\"1350\" data-end=\"1450\">Prot\u00e8ge contre les agressions environnementales et pr\u00e9vient le vieillissement cutan\u00e9 photo-induit.<\/li>\n<li data-start=\"1453\" data-end=\"1507\">Am\u00e9liore fermet\u00e9, \u00e9lasticit\u00e9 et tonicit\u00e9 de la peau.<\/li>\n<li data-start=\"1510\" data-end=\"1580\">Purifie, rafra\u00eechit et lisse la peau, \u00e9liminant les cellules mortes.<\/li>\n<li data-start=\"1583\" data-end=\"1652\">Revitalise le teint, r\u00e9duit les poches et les cernes sous les yeux.<\/li>\n<li data-start=\"1655\" data-end=\"1794\">Renforce les vaisseaux sanguins gr\u00e2ce \u00e0 sa teneur \u00e9lev\u00e9e en vitamine\u202fC, att\u00e9nue les l\u00e9sions d\u2019acn\u00e9 et uniformise les taches pigmentaires.<\/li>\n<li data-start=\"1797\" data-end=\"1866\">Hydrate intens\u00e9ment et r\u00e9gule la perte d\u2019eau dans la couche corn\u00e9e.<\/li>\n<li data-start=\"1869\" data-end=\"2029\">Prot\u00e8ge la peau contre le stress oxydatif et les radicaux libres, soutient la barri\u00e8re cutan\u00e9e et ralentit l\u2019apparition des signes visibles du vieillissement.<\/li>\n<\/ul>\n<h3 data-start=\"2031\" data-end=\"2045\">Stockage<\/h3>\n<p data-start=\"2046\" data-end=\"2141\">Temp\u00e9rature optimale\u202f: 15\u201320\u202f\u00b0C. Prot\u00e9ger de la lumi\u00e8re. Apr\u00e8s ouverture, conserver 3\u20134\u202fmois.<\/p>\n<h3 data-start=\"2143\" data-end=\"2160\">Pr\u00e9cautions<\/h3>\n<p data-start=\"2161\" data-end=\"2252\" data-is-last-node=\"\" data-is-only-node=\"\">Respecter la date de p\u00e9remption indiqu\u00e9e sur l\u2019emballage. Ne pas appliquer pur sur la peau.<\/p>\n","protected":false},"excerpt":{"rendered":"<p>INCI :\u00a0Solanum Lycopersicum Seed Oil, Caprylic\/Capric Triglyceride, Vaccinium Macrocarpon Seed Oil, Helianthus Annuus Seed Oil, Tocopherol, Lycopene Utilisation Lycomega est l\u2019un des antioxydants naturels les plus puissants, pr\u00e9sent\u00e9 sous forme huileuse et enti\u00e8rement soluble dans les huiles. La concentration recommand\u00e9e dans les formulations cosm\u00e9tiques est de 2 \u00e0 5\u202f%, pouvant \u00eatre port\u00e9e en toute s\u00e9curit\u00e9 [&hellip;]<\/p>\n","protected":false},"featured_media":1343,"comment_status":"open","ping_status":"closed","template":"","meta":[],"product_brand":[],"product_cat":[223,191,194,196,203],"product_tag":[],"class_list":{"0":"post-1403","1":"product","2":"type-product","3":"status-publish","4":"has-post-thumbnail","6":"product_cat-ingredients-actifs","7":"product_cat-ingredients-anti-age","8":"product_cat-ingredients-hydratants","9":"product_cat-visage","10":"product_cat-liposomes-et-peptides","12":"first","13":"outofstock","14":"taxable","15":"shipping-taxable","16":"purchasable","17":"product-type-simple"},"_links":{"self":[{"href":"https:\/\/densilab.com\/fr\/wp-json\/wp\/v2\/product\/1403","targetHints":{"allow":["GET"]}}],"collection":[{"href":"https:\/\/densilab.com\/fr\/wp-json\/wp\/v2\/product"}],"about":[{"href":"https:\/\/densilab.com\/fr\/wp-json\/wp\/v2\/types\/product"}],"replies":[{"embeddable":true,"href":"https:\/\/densilab.com\/fr\/wp-json\/wp\/v2\/comments?post=1403"}],"wp:featuredmedia":[{"embeddable":true,"href":"https:\/\/densilab.com\/fr\/wp-json\/wp\/v2\/media\/1343"}],"wp:attachment":[{"href":"https:\/\/densilab.com\/fr\/wp-json\/wp\/v2\/media?parent=1403"}],"wp:term":[{"taxonomy":"product_brand","embeddable":true,"href":"https:\/\/densilab.com\/fr\/wp-json\/wp\/v2\/product_brand?post=1403"},{"taxonomy":"product_cat","embeddable":true,"href":"https:\/\/densilab.com\/fr\/wp-json\/wp\/v2\/product_cat?post=1403"},{"taxonomy":"product_tag","embeddable":true,"href":"https:\/\/densilab.com\/fr\/wp-json\/wp\/v2\/product_tag?post=1403"}],"curies":[{"name":"wp","href":"https:\/\/api.w.org\/{rel}","templated":true}]}}