{"id":1398,"date":"2024-03-15T13:10:38","date_gmt":"2024-03-15T13:10:38","guid":{"rendered":"https:\/\/densilab.com\/?post_type=product&#038;p=1398"},"modified":"2025-08-31T09:26:28","modified_gmt":"2025-08-31T09:26:28","slug":"filtre-de-secretion-descargot-10ml","status":"publish","type":"product","link":"https:\/\/densilab.com\/fr\/produkt\/filtre-de-secretion-descargot-10ml\/","title":{"rendered":"FILTRE DE S\u00c9CR\u00c9TION D'ESCARGOT 10ml"},"content":{"rendered":"<p data-start=\"52\" data-end=\"108\"><strong data-start=\"52\" data-end=\"62\">INCI :<\/strong> <em>Filtrat de mucus d\u2019escargot, Phenoxyethanol<\/em><\/p>\n<h3 data-start=\"110\" data-end=\"127\">Application<\/h3>\n<p data-start=\"128\" data-end=\"457\">Extrait naturel obtenu \u00e0 partir du mucus des pattes d\u2019escargots d\u2019\u00e9levage. Contient de l\u2019allanto\u00efne naturelle, de l\u2019acide glycolique, des mucopolysaccharides, du collag\u00e8ne, de l\u2019\u00e9lastine, des antibiotiques naturels ainsi que les vitamines A, C et E. <strong>Le mucus est extrait de mani\u00e8re \u00e9thique, dans le respect du bien-\u00eatre animal.<\/strong><\/p>\n<p data-start=\"459\" data-end=\"826\">Peut \u00eatre utilis\u00e9 dans des cosm\u00e9tiques pour tous les types de peau et tous les \u00e2ges. Concentration recommand\u00e9e dans les produits cosm\u00e9tiques : jusqu\u2019\u00e0 80\u202f%. \u00c0 ajouter dans la phase aqueuse du produit. Non compatible avec les formulations contenant des tensioactifs (en particulier synth\u00e9tiques) ou de l\u2019alcool ; ne supporte pas les temp\u00e9ratures sup\u00e9rieures \u00e0 42\u202f\u00b0C.<\/p>\n<h3 data-start=\"833\" data-end=\"845\">Effets<\/h3>\n<p data-start=\"846\" data-end=\"1133\">Le produit hydrate intens\u00e9ment, lisse, renforce et am\u00e9liore l\u2019\u00e9lasticit\u00e9 de la peau. En stimulant la production de collag\u00e8ne, il poss\u00e8de un effet anti-\u00e2ge. Les substances antibact\u00e9riennes et antifongiques naturelles apaisent les irritations et acc\u00e9l\u00e8rent la gu\u00e9rison des inflammations.<\/p>\n<p data-start=\"1135\" data-end=\"1322\">Dans les lotions, il r\u00e9duit l\u2019apparence des cicatrices et des vergetures. Favorise la circulation sanguine et lymphatique sous-cutan\u00e9e, contribuant ainsi \u00e0 la r\u00e9duction de la cellulite.<\/p>\n<p data-start=\"1324\" data-end=\"1390\">\u00c9limine les cellules mortes, nettoie la peau et unifie le teint.<\/p>\n<p data-start=\"1392\" data-end=\"1420\"><strong data-start=\"1392\" data-end=\"1418\">Principaux b\u00e9n\u00e9fices :<\/strong><\/p>\n<ul>\n<li data-start=\"1423\" data-end=\"1446\">Hydratation intensive<\/li>\n<li data-start=\"1449\" data-end=\"1471\">Puissant antioxydant<\/li>\n<li data-start=\"1474\" data-end=\"1571\">Am\u00e9liore la circulation sanguine et lymphatique, aidant \u00e0 r\u00e9duire la masse graisseuse localis\u00e9e<\/li>\n<li data-start=\"1574\" data-end=\"1595\">Uniformise le teint<\/li>\n<li data-start=\"1598\" data-end=\"1670\">Effets antibact\u00e9riens, antifongiques, apaisants et anti-inflammatoires<\/li>\n<li data-start=\"1673\" data-end=\"1704\">R\u00e9gule la production de s\u00e9bum<\/li>\n<li data-start=\"1707\" data-end=\"1804\">Lisse la peau, am\u00e9liore sa fermet\u00e9, stimule le m\u00e9tabolisme cutan\u00e9 et la production de collag\u00e8ne<\/li>\n<li data-start=\"1807\" data-end=\"1848\">Effet exfoliant et pr\u00e9vention des rides<\/li>\n<li data-start=\"1851\" data-end=\"1904\">R\u00e9duit les taches et les d\u00e9colorations pigmentaires<\/li>\n<\/ul>\n<h3 data-start=\"1911\" data-end=\"1929\">Conservation<\/h3>\n<p data-start=\"1930\" data-end=\"2015\">Conserver \u00e0 temp\u00e9rature ambiante (inf\u00e9rieure \u00e0 42\u202f\u00b0C). Pas besoin de r\u00e9frig\u00e9ration.<\/p>\n<h3 data-start=\"2022\" data-end=\"2039\">Pr\u00e9cautions<\/h3>\n<p data-start=\"2040\" data-end=\"2172\">Respecter la date de p\u00e9remption indiqu\u00e9e sur l\u2019emballage.<br data-start=\"2097\" data-end=\"2100\" \/>Non adapt\u00e9 aux formulations contenant de l\u2019alcool ou des tensioactifs.<\/p>\n","protected":false},"excerpt":{"rendered":"<p>INCI : Filtrat de mucus d\u2019escargot, Phenoxyethanol Application Extrait naturel obtenu \u00e0 partir du mucus des pattes d\u2019escargots d\u2019\u00e9levage. Contient de l\u2019allanto\u00efne naturelle, de l\u2019acide glycolique, des mucopolysaccharides, du collag\u00e8ne, de l\u2019\u00e9lastine, des antibiotiques naturels ainsi que les vitamines A, C et E. Le mucus est extrait de mani\u00e8re \u00e9thique, dans le respect du bien-\u00eatre [&hellip;]<\/p>\n","protected":false},"featured_media":1341,"comment_status":"open","ping_status":"closed","template":"","meta":[],"product_brand":[],"product_cat":[223,191,196,202,199],"product_tag":[],"class_list":{"0":"post-1398","1":"product","2":"type-product","3":"status-publish","4":"has-post-thumbnail","6":"product_cat-ingredients-actifs","7":"product_cat-ingredients-anti-age","8":"product_cat-visage","9":"product_cat-corps","10":"product_cat-acide-hyaluronique-collagenes-keratine-et-derives","12":"first","13":"instock","14":"taxable","15":"shipping-taxable","16":"purchasable","17":"product-type-simple"},"_links":{"self":[{"href":"https:\/\/densilab.com\/fr\/wp-json\/wp\/v2\/product\/1398","targetHints":{"allow":["GET"]}}],"collection":[{"href":"https:\/\/densilab.com\/fr\/wp-json\/wp\/v2\/product"}],"about":[{"href":"https:\/\/densilab.com\/fr\/wp-json\/wp\/v2\/types\/product"}],"replies":[{"embeddable":true,"href":"https:\/\/densilab.com\/fr\/wp-json\/wp\/v2\/comments?post=1398"}],"wp:featuredmedia":[{"embeddable":true,"href":"https:\/\/densilab.com\/fr\/wp-json\/wp\/v2\/media\/1341"}],"wp:attachment":[{"href":"https:\/\/densilab.com\/fr\/wp-json\/wp\/v2\/media?parent=1398"}],"wp:term":[{"taxonomy":"product_brand","embeddable":true,"href":"https:\/\/densilab.com\/fr\/wp-json\/wp\/v2\/product_brand?post=1398"},{"taxonomy":"product_cat","embeddable":true,"href":"https:\/\/densilab.com\/fr\/wp-json\/wp\/v2\/product_cat?post=1398"},{"taxonomy":"product_tag","embeddable":true,"href":"https:\/\/densilab.com\/fr\/wp-json\/wp\/v2\/product_tag?post=1398"}],"curies":[{"name":"wp","href":"https:\/\/api.w.org\/{rel}","templated":true}]}}