{"id":1395,"date":"2024-03-15T13:16:08","date_gmt":"2024-03-15T13:16:08","guid":{"rendered":"https:\/\/densilab.com\/?post_type=product&#038;p=1395"},"modified":"2026-03-09T19:47:14","modified_gmt":"2026-03-09T19:47:14","slug":"qt40-sculpture-du-visage-10ml","status":"publish","type":"product","link":"https:\/\/densilab.com\/fr\/produkt\/qt40-sculpture-du-visage-10ml\/","title":{"rendered":"QT40 SCULPTURE DU VISAGE 10ml"},"content":{"rendered":"<p data-start=\"0\" data-end=\"88\"><strong>INCI:<\/strong> <em>Oligosaccharide sulfo rhamno-glucuronique issu d\u2019Ulva lactuca \/ Glyc\u00e9rine \/ Eau<\/em><\/p>\n<h3 data-start=\"90\" data-end=\"418\"><strong data-start=\"90\" data-end=\"105\">Utilisation<\/strong><\/h3>\n<p data-start=\"90\" data-end=\"418\">Un oligosaccharide marin original, recommand\u00e9 comme ingr\u00e9dient pour les cosm\u00e9tiques de remodelage du visage. Son action multidirectionnelle sur la matrice extracellulaire, le r\u00e9seau complexe qui remplit l\u2019espace entre les cellules cutan\u00e9es et les maintient ensemble, a \u00e9t\u00e9 confirm\u00e9e par des \u00e9tudes cliniques.<\/p>\n<p data-start=\"420\" data-end=\"645\">Pour les cosm\u00e9tiques pr\u00e9par\u00e9s \u00e0 froid, l\u2019ingr\u00e9dient doit \u00eatre ajout\u00e9 en fin de formulation. Dans les \u00e9mulsions, le produit est incorpor\u00e9 lors du processus de refroidissement, lorsque la temp\u00e9rature globale atteint 35-40\u202f\u00b0C.<\/p>\n<p data-start=\"647\" data-end=\"790\">La concentration recommand\u00e9e dans les formulations cosm\u00e9tiques est de 0,5\u202f\u2013\u202f2\u202f%. Pour l\u2019ajout \u00e0 notre base cr\u00e8me, quelques gouttes suffisent.<\/p>\n<h3 data-start=\"792\" data-end=\"975\"><strong data-start=\"792\" data-end=\"802\">Effets<\/strong><\/h3>\n<p data-start=\"792\" data-end=\"975\">Dans des \u00e9tudes cliniques, 60\u202f% des participants ont observ\u00e9 une am\u00e9lioration de l\u2019ovale du visage apr\u00e8s 56 jours d\u2019application d\u2019un cosm\u00e9tique contenant 2\u202f% de QT 40\u00ae.<\/p>\n<p data-start=\"977\" data-end=\"1093\">QT 40\u00ae restaure densit\u00e9, fermet\u00e9 et \u00e9lasticit\u00e9 de la peau gr\u00e2ce \u00e0 un triple effet sur la matrice extracellulaire :<\/p>\n<ul>\n<li data-start=\"1096\" data-end=\"1192\">Stimule la synth\u00e8se de collag\u00e8ne et d\u2019acide hyaluronique, principaux composants de la matrice,<\/li>\n<li data-start=\"1195\" data-end=\"1294\">Augmente la synth\u00e8se de la prot\u00e9ine RHAMM, maintenant la structure caract\u00e9ristique de la matrice,<\/li>\n<li data-start=\"1297\" data-end=\"1405\">Pr\u00e9vient la d\u00e9gradation de la matrice en inhibant les enzymes responsables de la d\u00e9gradation du collag\u00e8ne.<\/li>\n<\/ul>\n<p data-start=\"1407\" data-end=\"1489\">Ingr\u00e9dient hypoallerg\u00e9nique, bien tol\u00e9r\u00e9 par la peau et sans effet phototoxique.<\/p>\n<p data-start=\"1491\" data-end=\"1540\">Lorsqu\u2019il est ajout\u00e9 aux produits de soin, il :<\/p>\n<ul>\n<li data-start=\"1543\" data-end=\"1602\">Stimule la synth\u00e8se de collag\u00e8ne et d\u2019acide hyaluronique,<\/li>\n<li data-start=\"1605\" data-end=\"1687\">Augmente la r\u00e9tention d\u2019acide hyaluronique et am\u00e9liore l\u2019hydratation de la peau,<\/li>\n<li data-start=\"1690\" data-end=\"1742\">Stimule la formation et le maintien de la matrice,<\/li>\n<li data-start=\"1745\" data-end=\"1822\">Prot\u00e8ge la structure de la peau contre les agressions internes et externes,<\/li>\n<li data-start=\"1825\" data-end=\"1886\">Raffermit la peau du visage et lutte contre le rel\u00e2chement,<\/li>\n<li data-start=\"1889\" data-end=\"1938\">Remodelage du visage et effet jeunesse visible.<\/li>\n<\/ul>\n<h3 data-start=\"1940\" data-end=\"2058\"><strong data-start=\"1940\" data-end=\"1956\">Conservation<\/strong><\/h3>\n<p data-start=\"1940\" data-end=\"2058\">Prot\u00e9ger de la lumi\u00e8re et conserver dans l\u2019emballage d\u2019origine \u00e0 temp\u00e9rature ambiante (15-25\u202f\u00b0C).<\/p>\n<h3 data-start=\"2060\" data-end=\"2135\"><strong data-start=\"2060\" data-end=\"2075\">Pr\u00e9cautions<\/strong><\/h3>\n<p data-start=\"2060\" data-end=\"2135\" data-is-last-node=\"\" data-is-only-node=\"\">Respecter la date de p\u00e9remption indiqu\u00e9e sur l\u2019emballage.<\/p>\n","protected":false},"excerpt":{"rendered":"<p>INCI: Oligosaccharide sulfo rhamno-glucuronique issu d\u2019Ulva lactuca \/ Glyc\u00e9rine \/ Eau Utilisation Un oligosaccharide marin original, recommand\u00e9 comme ingr\u00e9dient pour les cosm\u00e9tiques de remodelage du visage. Son action multidirectionnelle sur la matrice extracellulaire, le r\u00e9seau complexe qui remplit l\u2019espace entre les cellules cutan\u00e9es et les maintient ensemble, a \u00e9t\u00e9 confirm\u00e9e par des \u00e9tudes cliniques. Pour [&hellip;]<\/p>\n","protected":false},"featured_media":1339,"comment_status":"open","ping_status":"closed","template":"","meta":[],"product_brand":[],"product_cat":[200,223,191,196,203],"product_tag":[],"class_list":{"0":"post-1395","1":"product","2":"type-product","3":"status-publish","4":"has-post-thumbnail","6":"product_cat-must-have-fr","7":"product_cat-ingredients-actifs","8":"product_cat-ingredients-anti-age","9":"product_cat-visage","10":"product_cat-liposomes-et-peptides","12":"first","13":"instock","14":"taxable","15":"shipping-taxable","16":"purchasable","17":"product-type-simple"},"_links":{"self":[{"href":"https:\/\/densilab.com\/fr\/wp-json\/wp\/v2\/product\/1395","targetHints":{"allow":["GET"]}}],"collection":[{"href":"https:\/\/densilab.com\/fr\/wp-json\/wp\/v2\/product"}],"about":[{"href":"https:\/\/densilab.com\/fr\/wp-json\/wp\/v2\/types\/product"}],"replies":[{"embeddable":true,"href":"https:\/\/densilab.com\/fr\/wp-json\/wp\/v2\/comments?post=1395"}],"wp:featuredmedia":[{"embeddable":true,"href":"https:\/\/densilab.com\/fr\/wp-json\/wp\/v2\/media\/1339"}],"wp:attachment":[{"href":"https:\/\/densilab.com\/fr\/wp-json\/wp\/v2\/media?parent=1395"}],"wp:term":[{"taxonomy":"product_brand","embeddable":true,"href":"https:\/\/densilab.com\/fr\/wp-json\/wp\/v2\/product_brand?post=1395"},{"taxonomy":"product_cat","embeddable":true,"href":"https:\/\/densilab.com\/fr\/wp-json\/wp\/v2\/product_cat?post=1395"},{"taxonomy":"product_tag","embeddable":true,"href":"https:\/\/densilab.com\/fr\/wp-json\/wp\/v2\/product_tag?post=1395"}],"curies":[{"name":"wp","href":"https:\/\/api.w.org\/{rel}","templated":true}]}}