{"id":1393,"date":"2024-03-15T13:22:04","date_gmt":"2024-03-15T13:22:04","guid":{"rendered":"https:\/\/densilab.com\/?post_type=product&#038;p=1393"},"modified":"2025-08-31T15:17:02","modified_gmt":"2025-08-31T15:17:02","slug":"tocopherols-naturels-vitamine-e-10ml","status":"publish","type":"product","link":"https:\/\/densilab.com\/fr\/produkt\/tocopherols-naturels-vitamine-e-10ml\/","title":{"rendered":"TOCOPH\u00c9ROLS NATURELS \u2013 VITAMINE E 10ml"},"content":{"rendered":"<p data-start=\"39\" data-end=\"127\"><strong data-start=\"39\" data-end=\"49\">INCI :<\/strong> <em>Tocoph\u00e9rols naturels m\u00e9lang\u00e9s &gt; 70 %, Huile de graines de tournesol &lt; 30 %.<\/em><\/p>\n<h3 data-start=\"129\" data-end=\"561\"><strong data-start=\"129\" data-end=\"144\">Utilisation<\/strong><\/h3>\n<p data-start=\"129\" data-end=\"561\">La vitamine\u202fE, \u00e9galement appel\u00e9e \u00ab\u202fvitamine de jeunesse\u202f\u00bb, est une vitamine liposoluble pr\u00e9sente sous plusieurs formes actives. Cette pr\u00e9paration contient plus de 70\u202f% de tocoph\u00e9rols naturels d\u2019origine v\u00e9g\u00e9tale, formant un liquide dense, l\u00e9g\u00e8rement visqueux et de couleur brun-rouge\u00e2tre. La partie restante est constitu\u00e9e d\u2019huile de tournesol, offrant des propri\u00e9t\u00e9s hydratantes et nourrissantes suppl\u00e9mentaires.<\/p>\n<p data-start=\"563\" data-end=\"871\">Le m\u00e9lange de tocoph\u00e9rols naturels est id\u00e9al pour les formulations cosm\u00e9tiques anti-\u00e2ge, protectrices et r\u00e9g\u00e9n\u00e9rantes. Il pr\u00e9vient efficacement les d\u00e9colorations, soutient la barri\u00e8re cutan\u00e9e et am\u00e9liore la stabilit\u00e9 des huiles dans les formules, agissant comme conservateur naturel contre le rancissement.<\/p>\n<p data-start=\"873\" data-end=\"1156\">Il peut \u00eatre utilis\u00e9 dans les cr\u00e8mes, masques, baumes \u00e0 l\u00e8vres, s\u00e9rums, soins pour les yeux ainsi que dans les traitements cibl\u00e9s pour les coudes, genoux et autres zones s\u00e8ches ou sollicit\u00e9es. L\u2019ajout doit se faire dans la phase huileuse ou directement dans les huiles cosm\u00e9tiques.<\/p>\n<h3 data-start=\"1158\" data-end=\"1182\"><strong data-start=\"1158\" data-end=\"1180\">Effets \/ Bienfaits<\/strong><\/h3>\n<ul>\n<li data-start=\"1185\" data-end=\"1319\">Puissant antioxydant, prot\u00e8ge les cellules cutan\u00e9es contre les radicaux libres, les agressions environnementales et les dommages UV.<\/li>\n<li data-start=\"1322\" data-end=\"1491\">Maintient l\u2019hydratation de la peau, am\u00e9liore l\u2019\u00e9lasticit\u00e9 et soutient la synth\u00e8se naturelle de collag\u00e8ne, rendant la peau plus ferme et lisse et r\u00e9duisant les ridules.<\/li>\n<li data-start=\"1494\" data-end=\"1580\">Adoucit et nourrit intensivement les zones rugueuses comme les coudes et les genoux.<\/li>\n<li data-start=\"1583\" data-end=\"1671\">R\u00e9duit la visibilit\u00e9 des ridules autour des yeux et soutient le rajeunissement cutan\u00e9.<\/li>\n<li data-start=\"1674\" data-end=\"1794\">Agit comme \u00ab\u202fpi\u00e9geur de radicaux libres\u202f\u00bb, pr\u00e9venant le vieillissement pr\u00e9matur\u00e9 de la peau et les dommages oxydatifs.<\/li>\n<li data-start=\"1797\" data-end=\"1917\">Am\u00e9liore la stabilit\u00e9 et la dur\u00e9e de conservation des huiles cosm\u00e9tiques et des formulations en emp\u00eachant l\u2019oxydation.<\/li>\n<li data-start=\"1920\" data-end=\"2031\">P\u00e9n\u00e8tre efficacement dans la couche corn\u00e9e et apporte de la vitamine\u202fE aux couches superficielles de la peau.<\/li>\n<\/ul>\n<h3 data-start=\"2033\" data-end=\"2209\"><strong data-start=\"2033\" data-end=\"2049\">Conservation<\/strong><\/h3>\n<p data-start=\"2033\" data-end=\"2209\">Conserver \u00e0 temp\u00e9rature ambiante dans un r\u00e9cipient bien ferm\u00e9, \u00e0 l\u2019abri de la lumi\u00e8re directe et de l\u2019humidit\u00e9 pour pr\u00e9server la stabilit\u00e9 et l\u2019efficacit\u00e9.<\/p>\n<h3 data-start=\"2211\" data-end=\"2345\"><strong data-start=\"2211\" data-end=\"2226\">Pr\u00e9cautions<\/strong><\/h3>\n<p data-start=\"2211\" data-end=\"2345\" data-is-last-node=\"\" data-is-only-node=\"\">Respecter la date de p\u00e9remption indiqu\u00e9e sur l\u2019emballage. \u00c9viter le contact avec les yeux. Usage externe uniquement.<\/p>\n","protected":false},"excerpt":{"rendered":"<p>INCI : Tocoph\u00e9rols naturels m\u00e9lang\u00e9s &gt; 70 %, Huile de graines de tournesol &lt; 30 %. Utilisation La vitamine\u202fE, \u00e9galement appel\u00e9e \u00ab\u202fvitamine de jeunesse\u202f\u00bb, est une vitamine liposoluble pr\u00e9sente sous plusieurs formes actives. Cette pr\u00e9paration contient plus de 70\u202f% de tocoph\u00e9rols naturels d\u2019origine v\u00e9g\u00e9tale, formant un liquide dense, l\u00e9g\u00e8rement visqueux et de couleur brun-rouge\u00e2tre. La [&hellip;]<\/p>\n","protected":false},"featured_media":1338,"comment_status":"open","ping_status":"closed","template":"","meta":[],"product_brand":[],"product_cat":[191,196,202,203],"product_tag":[],"class_list":{"0":"post-1393","1":"product","2":"type-product","3":"status-publish","4":"has-post-thumbnail","6":"product_cat-ingredients-anti-age","7":"product_cat-visage","8":"product_cat-corps","9":"product_cat-liposomes-et-peptides","11":"first","12":"instock","13":"taxable","14":"shipping-taxable","15":"purchasable","16":"product-type-simple"},"_links":{"self":[{"href":"https:\/\/densilab.com\/fr\/wp-json\/wp\/v2\/product\/1393","targetHints":{"allow":["GET"]}}],"collection":[{"href":"https:\/\/densilab.com\/fr\/wp-json\/wp\/v2\/product"}],"about":[{"href":"https:\/\/densilab.com\/fr\/wp-json\/wp\/v2\/types\/product"}],"replies":[{"embeddable":true,"href":"https:\/\/densilab.com\/fr\/wp-json\/wp\/v2\/comments?post=1393"}],"wp:featuredmedia":[{"embeddable":true,"href":"https:\/\/densilab.com\/fr\/wp-json\/wp\/v2\/media\/1338"}],"wp:attachment":[{"href":"https:\/\/densilab.com\/fr\/wp-json\/wp\/v2\/media?parent=1393"}],"wp:term":[{"taxonomy":"product_brand","embeddable":true,"href":"https:\/\/densilab.com\/fr\/wp-json\/wp\/v2\/product_brand?post=1393"},{"taxonomy":"product_cat","embeddable":true,"href":"https:\/\/densilab.com\/fr\/wp-json\/wp\/v2\/product_cat?post=1393"},{"taxonomy":"product_tag","embeddable":true,"href":"https:\/\/densilab.com\/fr\/wp-json\/wp\/v2\/product_tag?post=1393"}],"curies":[{"name":"wp","href":"https:\/\/api.w.org\/{rel}","templated":true}]}}