{"id":1389,"date":"2024-01-08T12:09:07","date_gmt":"2024-01-08T12:09:07","guid":{"rendered":"https:\/\/densilab.com\/?post_type=product&#038;p=1389"},"modified":"2025-08-30T13:11:53","modified_gmt":"2025-08-30T13:11:53","slug":"complexe-anti-age-liposomal","status":"publish","type":"product","link":"https:\/\/densilab.com\/fr\/produkt\/complexe-anti-age-liposomal\/","title":{"rendered":"COMPLEXE ANTI-\u00c2GE LIPOSOMAL"},"content":{"rendered":"<p><strong>INCI: <\/strong><em>Aqua, Extrait de Racine de Dioscorea Villosa, Extrait de Racine de Cimicifuga Racemosa, Extrait de Centella Asiatica, Extrait de Glycine Soja, Extrait de Salvia Officinalis, Propyl\u00e8ne Glycol, L\u00e9cithine, Sorbitol, Panth\u00e9nol, Trilaureth-4 Phosphate, Acetyl Tetrapeptide, Ph\u00e9noxy\u00e9thanol, Ethylhexylglyc\u00e9rine, Acide Citrique<\/em><\/p>\n<h3><strong>Application<\/strong><\/h3>\n<p data-start=\"19\" data-end=\"291\">Le complexe liposomal contient des extraits de plantes naturelles aux puissantes propri\u00e9t\u00e9s anti-rides et est con\u00e7u pour \u00eatre utilis\u00e9 dans des produits cosm\u00e9tiques exclusifs. Ce produit hautement concentr\u00e9 ne doit pas \u00eatre appliqu\u00e9 directement sur la peau sans dilution.<\/p>\n<p data-start=\"293\" data-end=\"789\">Il est id\u00e9al comme additif dans les cr\u00e8mes et lotions pour le visage faites maison : le complexe doit \u00eatre incorpor\u00e9 dans la phase huileuse de la base \u00e0 une temp\u00e9rature maximale de 40\u202f\u00b0C, avec une concentration recommand\u00e9e de 1:12. La base ne doit contenir ni alcool ni tensioactifs agressifs ; nous recommandons nos bases de cr\u00e8me conseill\u00e9es. Alternativement, le complexe peut \u00eatre dilu\u00e9 avec de l\u2019eau bouillie et refroidie dans un rapport de 1:7 et utilis\u00e9 comme nettoyant doux pour la peau.<\/p>\n<h3 data-start=\"791\" data-end=\"803\"><strong data-start=\"791\" data-end=\"801\">Effets<\/strong><\/h3>\n<p data-start=\"805\" data-end=\"1648\">\u2022 Avec l\u2019\u00e2ge, la production d\u2019\u0153strog\u00e8nes diminue, acc\u00e9l\u00e9rant le vieillissement cutan\u00e9 et entra\u00eenant un rel\u00e2chement de la peau. Le complexe liposomal stimule la production naturelle d\u2019hormones et d\u2019acide hyaluronique.<br data-start=\"1021\" data-end=\"1024\" \/>\u2022 Contient de l\u2019extrait de racine de Centella asiatica \u2013 connu pour ses propri\u00e9t\u00e9s raffermissantes et utilis\u00e9 dans de nombreuses cr\u00e8mes anti-\u00e2ge.<br data-start=\"1169\" data-end=\"1172\" \/>\u2022 L\u2019extrait de Cimicifuga racemosa (racine de cohosh noir) stimule la synth\u00e8se des \u0153strog\u00e8nes et de l\u2019acide hyaluronique.<br data-start=\"1293\" data-end=\"1296\" \/>\u2022 Pr\u00e9sente une forte activit\u00e9 antioxydante, renforce et stabilise les parois des vaisseaux sanguins.<br data-start=\"1396\" data-end=\"1399\" \/>\u2022 Favorise la division cellulaire, la r\u00e9g\u00e9n\u00e9ration cellulaire et la production de collag\u00e8ne, am\u00e9liorant la circulation cutan\u00e9e.<br data-start=\"1526\" data-end=\"1529\" \/>\u2022 Hydrate, raffermit la peau et r\u00e9g\u00e9n\u00e8re le tissu conjonctif.<br data-start=\"1590\" data-end=\"1593\" data-is-only-node=\"\" \/>\u2022 Poss\u00e8de des propri\u00e9t\u00e9s antiseptiques et apaisantes.<\/p>\n<h3 data-start=\"1650\" data-end=\"1668\"><strong data-start=\"1650\" data-end=\"1666\">Conservation<\/strong><\/h3>\n<p data-start=\"1670\" data-end=\"1775\">Conserver entre 5 et 20\u202f\u00b0C, \u00e0 l\u2019abri de la lumi\u00e8re directe et de l\u2019humidit\u00e9. Dur\u00e9e de vie jusqu\u2019\u00e0 1 an.<\/p>\n<h3 data-start=\"1777\" data-end=\"1794\"><strong data-start=\"1777\" data-end=\"1792\">Pr\u00e9cautions<\/strong><\/h3>\n<p data-start=\"1796\" data-end=\"1960\" data-is-last-node=\"\" data-is-only-node=\"\">Respecter la date de p\u00e9remption indiqu\u00e9e sur l\u2019emballage.<br data-start=\"1853\" data-end=\"1856\" \/>Produit hautement concentr\u00e9 \u2013 ne pas d\u00e9passer les dosages recommand\u00e9s dans les formulations cosm\u00e9tiques.<\/p>\n","protected":false},"excerpt":{"rendered":"<p>INCI: Aqua, Extrait de Racine de Dioscorea Villosa, Extrait de Racine de Cimicifuga Racemosa, Extrait de Centella Asiatica, Extrait de Glycine Soja, Extrait de Salvia Officinalis, Propyl\u00e8ne Glycol, L\u00e9cithine, Sorbitol, Panth\u00e9nol, Trilaureth-4 Phosphate, Acetyl Tetrapeptide, Ph\u00e9noxy\u00e9thanol, Ethylhexylglyc\u00e9rine, Acide Citrique Application Le complexe liposomal contient des extraits de plantes naturelles aux puissantes propri\u00e9t\u00e9s anti-rides et est [&hellip;]<\/p>\n","protected":false},"featured_media":1334,"comment_status":"open","ping_status":"closed","template":"","meta":[],"product_brand":[],"product_cat":[223,191,196,203],"product_tag":[],"class_list":{"0":"post-1389","1":"product","2":"type-product","3":"status-publish","4":"has-post-thumbnail","6":"product_cat-ingredients-actifs","7":"product_cat-ingredients-anti-age","8":"product_cat-visage","9":"product_cat-liposomes-et-peptides","11":"first","12":"instock","13":"taxable","14":"shipping-taxable","15":"purchasable","16":"product-type-simple"},"_links":{"self":[{"href":"https:\/\/densilab.com\/fr\/wp-json\/wp\/v2\/product\/1389","targetHints":{"allow":["GET"]}}],"collection":[{"href":"https:\/\/densilab.com\/fr\/wp-json\/wp\/v2\/product"}],"about":[{"href":"https:\/\/densilab.com\/fr\/wp-json\/wp\/v2\/types\/product"}],"replies":[{"embeddable":true,"href":"https:\/\/densilab.com\/fr\/wp-json\/wp\/v2\/comments?post=1389"}],"wp:featuredmedia":[{"embeddable":true,"href":"https:\/\/densilab.com\/fr\/wp-json\/wp\/v2\/media\/1334"}],"wp:attachment":[{"href":"https:\/\/densilab.com\/fr\/wp-json\/wp\/v2\/media?parent=1389"}],"wp:term":[{"taxonomy":"product_brand","embeddable":true,"href":"https:\/\/densilab.com\/fr\/wp-json\/wp\/v2\/product_brand?post=1389"},{"taxonomy":"product_cat","embeddable":true,"href":"https:\/\/densilab.com\/fr\/wp-json\/wp\/v2\/product_cat?post=1389"},{"taxonomy":"product_tag","embeddable":true,"href":"https:\/\/densilab.com\/fr\/wp-json\/wp\/v2\/product_tag?post=1389"}],"curies":[{"name":"wp","href":"https:\/\/api.w.org\/{rel}","templated":true}]}}