{"id":1388,"date":"2024-03-15T13:26:13","date_gmt":"2024-03-15T13:26:13","guid":{"rendered":"https:\/\/densilab.com\/?post_type=product&#038;p=1388"},"modified":"2025-08-31T06:46:05","modified_gmt":"2025-08-31T06:46:05","slug":"collagene-avec-elastine-30ml","status":"publish","type":"product","link":"https:\/\/densilab.com\/fr\/produkt\/collagene-avec-elastine-30ml\/","title":{"rendered":"COLLAG\u00c8NE AVEC \u00c9LASTINE 30ml"},"content":{"rendered":"<p data-start=\"112\" data-end=\"276\"><strong data-start=\"112\" data-end=\"120\">INCI<\/strong>: <em>Collag\u00e8ne soluble (d\u2019origine bovine \u2013 avec une affinit\u00e9 plus proche de celle de l\u2019homme que du poisson, en tampon acide citrique), \u00e9lastine hydrolys\u00e9e<\/em><\/p>\n<p data-start=\"278\" data-end=\"350\"><strong data-start=\"278\" data-end=\"295\">Conservateurs<\/strong> : faibles quantit\u00e9s de nipagine et d\u2019isothiazolinone<\/p>\n<h3 data-start=\"352\" data-end=\"369\">Application<\/h3>\n<p data-start=\"370\" data-end=\"765\">Le collag\u00e8ne et l\u2019\u00e9lastine sont des prot\u00e9ines fondamentales qui composent les tissus conjonctifs et sont responsables de l\u2019aspect jeune de la peau. Apr\u00e8s l\u2019\u00e2ge de 25 ans, la production naturelle de collag\u00e8ne et d\u2019\u00e9lastine diminue fortement. \u00c0 partir de 50 ans, les r\u00e9serves cutan\u00e9es disparaissent \u00e9galement, ce qui entra\u00eene une perte de fermet\u00e9, une s\u00e9cheresse accrue et l\u2019apparition de rides.<\/p>\n<p data-start=\"767\" data-end=\"986\">Il est essentiel que le collag\u00e8ne soit sous forme soluble afin de p\u00e9n\u00e9trer dans les couches profondes de la peau. La forme la plus efficace est le collag\u00e8ne de type III, pr\u00e9sent dans notre cocktail collag\u00e8ne-\u00e9lastine.<\/p>\n<p data-start=\"988\" data-end=\"1106\">Peut \u00eatre utilis\u00e9 comme ingr\u00e9dient dans diverses formules cosm\u00e9tiques anti-rides, raffermissantes et revitalisantes.<\/p>\n<p data-start=\"1108\" data-end=\"1132\"><strong data-start=\"1108\" data-end=\"1130\">Recettes simples :<\/strong><\/p>\n<ul>\n<li data-start=\"1135\" data-end=\"1364\">Apr\u00e8s dilution dans de l\u2019eau (eau bouillie puis refroidie) ou dans l\u2019un de nos hydrolats jusqu\u2019\u00e0 une concentration de 20 %, en brume sur la peau, de pr\u00e9f\u00e9rence juste avant l\u2019application d\u2019une cr\u00e8me, d\u2019une huile ou d\u2019une lotion.<\/li>\n<li data-start=\"1367\" data-end=\"1511\">Comme additif dans des bases de cr\u00e8me ou des laits corporels (\u00e0 une concentration de 10\u201320 %, en m\u00e9lange \u00e0 une temp\u00e9rature maximale de 34 \u00b0C).<\/li>\n<li data-start=\"1514\" data-end=\"1683\">En \u00e9mulsion associ\u00e9e \u00e0 une huile cosm\u00e9tique, par exemple huile de pavot ou huile d\u2019amande douce.<br data-start=\"1610\" data-end=\"1613\" \/>\u00c0 incorporer dans la phase aqueuse de la formule (apr\u00e8s les huiles).<\/li>\n<\/ul>\n<h3 data-start=\"1685\" data-end=\"1697\">Effets<\/h3>\n<ul>\n<li data-start=\"1700\" data-end=\"1804\">Le collag\u00e8ne hydrate et rafra\u00eechit la peau, tandis que l\u2019\u00e9lastine lui conf\u00e8re \u00e9lasticit\u00e9 et souplesse.<\/li>\n<li data-start=\"1807\" data-end=\"2346\">Ce m\u00e9lange exerce une puissante action rajeunissante et :<br data-start=\"1864\" data-end=\"1867\" \/>\u2022 hydrate intens\u00e9ment la peau,<br data-start=\"1897\" data-end=\"1900\" \/>\u2022 forme un film protecteur qui la pr\u00e9serve des agressions ext\u00e9rieures,<br data-start=\"1970\" data-end=\"1973\" \/>\u2022 am\u00e9liore l\u2019\u00e9lasticit\u00e9 et la souplesse, laissant la peau douce et lisse,<br data-start=\"2046\" data-end=\"2049\" \/>\u2022 lisse efficacement les rides en favorisant une r\u00e9g\u00e9n\u00e9ration optimale des tissus, att\u00e9nue les cicatrices,<br data-start=\"2155\" data-end=\"2158\" \/>\u2022 r\u00e9duit les poches sous les yeux,<br data-start=\"2192\" data-end=\"2195\" \/>\u2022 att\u00e9nue les taches cutan\u00e9es et pigmentaires,<br data-start=\"2241\" data-end=\"2244\" \/>\u2022 aide \u00e0 r\u00e9duire la cellulite et les vergetures,<br data-start=\"2292\" data-end=\"2295\" \/>\u2022 raffermit et redessine visiblement la poitrine.<\/li>\n<\/ul>\n<h3 data-start=\"2348\" data-end=\"2366\">Conservation<\/h3>\n<p data-start=\"2367\" data-end=\"2590\">Apr\u00e8s ouverture, conserver de pr\u00e9f\u00e9rence au r\u00e9frig\u00e9rateur et ramener \u00e0 temp\u00e9rature ambiante avant utilisation (\u00e0 basse temp\u00e9rature, une g\u00e9lification peut se produire ; le produit redevient liquide \u00e0 temp\u00e9rature ambiante).<\/p>\n<h3 data-start=\"2592\" data-end=\"2612\">Avertissements<\/h3>\n<p data-start=\"2613\" data-end=\"2672\">Respecter la date de p\u00e9remption indiqu\u00e9e sur l\u2019emballage.<\/p>\n<p data-start=\"2674\" data-end=\"2776\">Contre-indications : maladies r\u00e9nales, allergies, ainsi que maladies de la famille des collag\u00e9noses.<\/p>\n","protected":false},"excerpt":{"rendered":"<p>INCI: Collag\u00e8ne soluble (d\u2019origine bovine \u2013 avec une affinit\u00e9 plus proche de celle de l\u2019homme que du poisson, en tampon acide citrique), \u00e9lastine hydrolys\u00e9e Conservateurs : faibles quantit\u00e9s de nipagine et d\u2019isothiazolinone Application Le collag\u00e8ne et l\u2019\u00e9lastine sont des prot\u00e9ines fondamentales qui composent les tissus conjonctifs et sont responsables de l\u2019aspect jeune de la peau. [&hellip;]<\/p>\n","protected":false},"featured_media":1333,"comment_status":"open","ping_status":"closed","template":"","meta":[],"product_brand":[],"product_cat":[223,191,195,196,197,202,199],"product_tag":[],"class_list":{"0":"post-1388","1":"product","2":"type-product","3":"status-publish","4":"has-post-thumbnail","6":"product_cat-ingredients-actifs","7":"product_cat-ingredients-anti-age","8":"product_cat-peau-vasculaire-acne-preparations-anti-cellulite","9":"product_cat-visage","10":"product_cat-cheveux","11":"product_cat-corps","12":"product_cat-acide-hyaluronique-collagenes-keratine-et-derives","14":"first","15":"instock","16":"taxable","17":"shipping-taxable","18":"purchasable","19":"product-type-simple"},"_links":{"self":[{"href":"https:\/\/densilab.com\/fr\/wp-json\/wp\/v2\/product\/1388","targetHints":{"allow":["GET"]}}],"collection":[{"href":"https:\/\/densilab.com\/fr\/wp-json\/wp\/v2\/product"}],"about":[{"href":"https:\/\/densilab.com\/fr\/wp-json\/wp\/v2\/types\/product"}],"replies":[{"embeddable":true,"href":"https:\/\/densilab.com\/fr\/wp-json\/wp\/v2\/comments?post=1388"}],"wp:featuredmedia":[{"embeddable":true,"href":"https:\/\/densilab.com\/fr\/wp-json\/wp\/v2\/media\/1333"}],"wp:attachment":[{"href":"https:\/\/densilab.com\/fr\/wp-json\/wp\/v2\/media?parent=1388"}],"wp:term":[{"taxonomy":"product_brand","embeddable":true,"href":"https:\/\/densilab.com\/fr\/wp-json\/wp\/v2\/product_brand?post=1388"},{"taxonomy":"product_cat","embeddable":true,"href":"https:\/\/densilab.com\/fr\/wp-json\/wp\/v2\/product_cat?post=1388"},{"taxonomy":"product_tag","embeddable":true,"href":"https:\/\/densilab.com\/fr\/wp-json\/wp\/v2\/product_tag?post=1388"}],"curies":[{"name":"wp","href":"https:\/\/api.w.org\/{rel}","templated":true}]}}