{"id":1385,"date":"2024-03-15T13:30:55","date_gmt":"2024-03-15T13:30:55","guid":{"rendered":"https:\/\/densilab.com\/?post_type=product&#038;p=1385"},"modified":"2025-08-31T06:35:25","modified_gmt":"2025-08-31T06:35:25","slug":"coenzyme-q10-dans-lhuile-de-macadamia-10ml","status":"publish","type":"product","link":"https:\/\/densilab.com\/fr\/produkt\/coenzyme-q10-dans-lhuile-de-macadamia-10ml\/","title":{"rendered":"COENZYME Q10 DANS L'HUILE DE MACADAMIA 10ml"},"content":{"rendered":"<p><strong>INCI<\/strong>: <em>Ubiquinone, Huile de Graine de Macadamia<\/em><\/p>\n<h3><strong>Application<\/strong><\/h3>\n<p>Compos\u00e9 chimique naturellement pr\u00e9sent dans les cellules humaines, responsable de nombreux processus \u00e9nerg\u00e9tiques et du taux de division cellulaire. En dermatologie et en cosm\u00e9tique, il est appr\u00e9ci\u00e9 pour sa capacit\u00e9 \u00e0 \u00e9liminer les rides et \u00e0 ralentir le processus de vieillissement de la peau. Convient \u00e0 tous les types de peau, en particulier aux peaux matures, s\u00e8ches, fatigu\u00e9es, affaiblies par les maladies et le stress. Recommand\u00e9 comme compl\u00e9ment aux cr\u00e8mes de jour, masques, baumes pour le corps, beurres cosm\u00e9tiques et huiles. Efficace contre les d\u00e9colorations, il illumine le contour des yeux lorsqu'il est utilis\u00e9 dans les cr\u00e8mes pour les yeux. Ce coenzyme Q10 est sous forme de solution cosm\u00e9tique dans une huile de noix de macadamia de haute qualit\u00e9. La forme en solution facilite son introduction dans les formulations cosm\u00e9tiques dans la phase huileuse \u00e0 une temp\u00e9rature inf\u00e9rieure \u00e0 50\u00b0C.<\/p>\n<h3><strong>Description des effets<\/strong><\/h3>\n<p>Lorsqu'il est utilis\u00e9 comme ingr\u00e9dient dans les formulations cosm\u00e9tiques, il p\u00e9n\u00e8tre dans les couches profondes de la peau et pr\u00e9sente les propri\u00e9t\u00e9s cosm\u00e9tiques suivantes :<\/p>\n<ul>\n<li>Prot\u00e8ge contre la d\u00e9gradation du collag\u00e8ne et de l'\u00e9lastine, qui constituent la structure de soutien de la peau.<\/li>\n<li>Effet anti-rides et ralentit le processus de vieillissement cutan\u00e9.<\/li>\n<li>Am\u00e9liore l'\u00e9lasticit\u00e9 et la fermet\u00e9 de la peau.<\/li>\n<li>Am\u00e9liore le teint (effet d'\u00e9claircissement instantan\u00e9).<\/li>\n<li>Prot\u00e8ge la peau contre les radicaux libres.<\/li>\n<li>Prot\u00e8ge la peau des rayons UV.<\/li>\n<li>Apaise les micro-blessures et les rougeurs.<\/li>\n<\/ul>\n<h3><strong>Instructions de stockage<\/strong><\/h3>\n<p>Temp\u00e9rature ambiante, ne n\u00e9cessite pas de r\u00e9frig\u00e9ration.<\/p>\n<h3><strong>Avertissements<\/strong><\/h3>\n<p>Respectez la date d'expiration indiqu\u00e9e sur l'emballage.<\/p>\n","protected":false},"excerpt":{"rendered":"<p>INCI: Ubiquinone, Huile de Graine de Macadamia Application Compos\u00e9 chimique naturellement pr\u00e9sent dans les cellules humaines, responsable de nombreux processus \u00e9nerg\u00e9tiques et du taux de division cellulaire. En dermatologie et en cosm\u00e9tique, il est appr\u00e9ci\u00e9 pour sa capacit\u00e9 \u00e0 \u00e9liminer les rides et \u00e0 ralentir le processus de vieillissement de la peau. Convient \u00e0 tous [&hellip;]<\/p>\n","protected":false},"featured_media":1332,"comment_status":"open","ping_status":"closed","template":"","meta":[],"product_brand":[],"product_cat":[223,191,196,199,204],"product_tag":[],"class_list":{"0":"post-1385","1":"product","2":"type-product","3":"status-publish","4":"has-post-thumbnail","6":"product_cat-ingredients-actifs","7":"product_cat-ingredients-anti-age","8":"product_cat-visage","9":"product_cat-acide-hyaluronique-collagenes-keratine-et-derives","10":"product_cat-huiles-squalane-beurres-cosmetiques-et-macerats-dhuiles","12":"first","13":"instock","14":"taxable","15":"shipping-taxable","16":"purchasable","17":"product-type-simple"},"_links":{"self":[{"href":"https:\/\/densilab.com\/fr\/wp-json\/wp\/v2\/product\/1385","targetHints":{"allow":["GET"]}}],"collection":[{"href":"https:\/\/densilab.com\/fr\/wp-json\/wp\/v2\/product"}],"about":[{"href":"https:\/\/densilab.com\/fr\/wp-json\/wp\/v2\/types\/product"}],"replies":[{"embeddable":true,"href":"https:\/\/densilab.com\/fr\/wp-json\/wp\/v2\/comments?post=1385"}],"wp:featuredmedia":[{"embeddable":true,"href":"https:\/\/densilab.com\/fr\/wp-json\/wp\/v2\/media\/1332"}],"wp:attachment":[{"href":"https:\/\/densilab.com\/fr\/wp-json\/wp\/v2\/media?parent=1385"}],"wp:term":[{"taxonomy":"product_brand","embeddable":true,"href":"https:\/\/densilab.com\/fr\/wp-json\/wp\/v2\/product_brand?post=1385"},{"taxonomy":"product_cat","embeddable":true,"href":"https:\/\/densilab.com\/fr\/wp-json\/wp\/v2\/product_cat?post=1385"},{"taxonomy":"product_tag","embeddable":true,"href":"https:\/\/densilab.com\/fr\/wp-json\/wp\/v2\/product_tag?post=1385"}],"curies":[{"name":"wp","href":"https:\/\/api.w.org\/{rel}","templated":true}]}}