{"id":1382,"date":"2024-01-08T11:54:09","date_gmt":"2024-01-08T11:54:09","guid":{"rendered":"https:\/\/densilab.com\/?post_type=product&#038;p=1382"},"modified":"2025-08-31T09:39:33","modified_gmt":"2025-08-31T09:39:33","slug":"hexapeptide-11","status":"publish","type":"product","link":"https:\/\/densilab.com\/fr\/produkt\/hexapeptide-11\/","title":{"rendered":"HEXAPEPTIDE-11"},"content":{"rendered":"<p data-start=\"65\" data-end=\"150\"><strong data-start=\"65\" data-end=\"75\">INCI :<\/strong> <em>Eau, Hexapeptide-11, Filtrat de fermentation Leuconostoc\/Racine de radis<\/em><\/p>\n<p data-start=\"152\" data-end=\"189\"><strong data-start=\"152\" data-end=\"170\">Approuv\u00e9 par :<\/strong> ECOCERT \/ COSMOS<\/p>\n<p data-start=\"191\" data-end=\"211\"><strong data-start=\"191\" data-end=\"199\">pH :<\/strong> 4,8 \u2013 6,2<\/p>\n<h3 data-start=\"218\" data-end=\"235\">Utilisation<\/h3>\n<p data-start=\"236\" data-end=\"601\">Les peptides sont essentiels dans les soins de la peau \u2013 ils p\u00e9n\u00e8trent dans l\u2019\u00e9piderme et se lient aux r\u00e9cepteurs \u00e0 la surface des cellules pour stimuler leur activit\u00e9. Les hexapeptides sont constitu\u00e9s d\u2019une s\u00e9quence de six acides amin\u00e9s et sont utilis\u00e9s pour favoriser la synth\u00e8se du collag\u00e8ne, am\u00e9liorer le teint et r\u00e9duire l\u2019apparence des ridules et des rides.<\/p>\n<p data-start=\"603\" data-end=\"864\">L\u2019isolat de levure <em data-start=\"622\" data-end=\"648\">Saccharomyces cerevisiae<\/em> \u00e9tait initialement utilis\u00e9 pour masquer les signes de fatigue, comme les poches sous les yeux. Aujourd\u2019hui, il est principalement employ\u00e9 pour am\u00e9liorer l\u2019\u00e9lasticit\u00e9 de la peau et augmenter son taux d\u2019hydratation.<\/p>\n<p data-start=\"866\" data-end=\"1128\"><strong data-start=\"866\" data-end=\"877\">Forme :<\/strong> liquide clair ou l\u00e9g\u00e8rement trouble, enti\u00e8rement soluble dans l\u2019eau.<br data-start=\"946\" data-end=\"949\" \/><strong data-start=\"949\" data-end=\"965\">Traitement :<\/strong> incorporer dans la phase aqueuse des formulations cosm\u00e9tiques (apr\u00e8s les huiles) \u00e0 une temp\u00e9rature maximale de 40\u202f\u00b0C.<br data-start=\"1083\" data-end=\"1086\" \/><strong data-start=\"1086\" data-end=\"1117\">Concentration recommand\u00e9e :<\/strong> 0,5\u20133\u202f%.<\/p>\n<h3 data-start=\"1135\" data-end=\"1147\">Effets<\/h3>\n<ul>\n<li data-start=\"1150\" data-end=\"1166\">Effet anti-\u00e2ge<\/li>\n<li data-start=\"1169\" data-end=\"1322\">Augmente la production d\u2019ATP (mol\u00e9cule \u00e9nerg\u00e9tique soutenant, entre autres, le m\u00e9tabolisme cellulaire, le transport d\u2019ions et la synth\u00e8se du collag\u00e8ne)<\/li>\n<li data-start=\"1325\" data-end=\"1389\">R\u00e9duit les dommages cellulaires caus\u00e9s par les radicaux libres<\/li>\n<li data-start=\"1392\" data-end=\"1446\">Favorise la r\u00e9g\u00e9n\u00e9ration et la vitalit\u00e9 des cellules<\/li>\n<li data-start=\"1449\" data-end=\"1489\">Contribue \u00e0 un teint jeune et \u00e9clatant<\/li>\n<\/ul>\n<p data-start=\"1491\" data-end=\"1556\"><strong data-start=\"1491\" data-end=\"1554\">Avantages des hexapeptides dans les formulations anti-\u00e2ge :<\/strong><\/p>\n<ul>\n<li data-start=\"1559\" data-end=\"1608\">Am\u00e9liorent l\u2019hydratation et le teint de la peau<\/li>\n<li data-start=\"1611\" data-end=\"1659\">R\u00e9duisent l\u2019apparence des ridules et des rides<\/li>\n<\/ul>\n<h3 data-start=\"1666\" data-end=\"1684\">Conservation<\/h3>\n<p data-start=\"1685\" data-end=\"1708\"><strong data-start=\"1685\" data-end=\"1706\">Apr\u00e8s ouverture :<\/strong><\/p>\n<ul>\n<li data-start=\"1711\" data-end=\"1756\">\u00c0 temp\u00e9rature ambiante : jusqu\u2019\u00e0 6 semaines<\/li>\n<li data-start=\"1759\" data-end=\"1813\">Au r\u00e9frig\u00e9rateur (4\u20135\u202f\u00b0C) : conservation plus longue<\/li>\n<\/ul>\n<h3 data-start=\"1820\" data-end=\"1837\">Pr\u00e9cautions<\/h3>\n<p data-start=\"1838\" data-end=\"1897\">Respecter la date de p\u00e9remption indiqu\u00e9e sur l\u2019emballage.<\/p>\n","protected":false},"excerpt":{"rendered":"<p>INCI : Eau, Hexapeptide-11, Filtrat de fermentation Leuconostoc\/Racine de radis Approuv\u00e9 par : ECOCERT \/ COSMOS pH : 4,8 \u2013 6,2 Utilisation Les peptides sont essentiels dans les soins de la peau \u2013 ils p\u00e9n\u00e8trent dans l\u2019\u00e9piderme et se lient aux r\u00e9cepteurs \u00e0 la surface des cellules pour stimuler leur activit\u00e9. Les hexapeptides sont constitu\u00e9s [&hellip;]<\/p>\n","protected":false},"featured_media":1330,"comment_status":"open","ping_status":"closed","template":"","meta":[],"product_brand":[],"product_cat":[223,191,196,203],"product_tag":[],"class_list":{"0":"post-1382","1":"product","2":"type-product","3":"status-publish","4":"has-post-thumbnail","6":"product_cat-ingredients-actifs","7":"product_cat-ingredients-anti-age","8":"product_cat-visage","9":"product_cat-liposomes-et-peptides","11":"first","12":"instock","13":"taxable","14":"shipping-taxable","15":"purchasable","16":"product-type-simple"},"_links":{"self":[{"href":"https:\/\/densilab.com\/fr\/wp-json\/wp\/v2\/product\/1382","targetHints":{"allow":["GET"]}}],"collection":[{"href":"https:\/\/densilab.com\/fr\/wp-json\/wp\/v2\/product"}],"about":[{"href":"https:\/\/densilab.com\/fr\/wp-json\/wp\/v2\/types\/product"}],"replies":[{"embeddable":true,"href":"https:\/\/densilab.com\/fr\/wp-json\/wp\/v2\/comments?post=1382"}],"wp:featuredmedia":[{"embeddable":true,"href":"https:\/\/densilab.com\/fr\/wp-json\/wp\/v2\/media\/1330"}],"wp:attachment":[{"href":"https:\/\/densilab.com\/fr\/wp-json\/wp\/v2\/media?parent=1382"}],"wp:term":[{"taxonomy":"product_brand","embeddable":true,"href":"https:\/\/densilab.com\/fr\/wp-json\/wp\/v2\/product_brand?post=1382"},{"taxonomy":"product_cat","embeddable":true,"href":"https:\/\/densilab.com\/fr\/wp-json\/wp\/v2\/product_cat?post=1382"},{"taxonomy":"product_tag","embeddable":true,"href":"https:\/\/densilab.com\/fr\/wp-json\/wp\/v2\/product_tag?post=1382"}],"curies":[{"name":"wp","href":"https:\/\/api.w.org\/{rel}","templated":true}]}}