{"id":1381,"date":"2024-01-08T11:36:00","date_gmt":"2024-01-08T11:36:00","guid":{"rendered":"https:\/\/densilab.com\/?post_type=product&#038;p=1381"},"modified":"2025-08-31T09:45:10","modified_gmt":"2025-08-31T09:45:10","slug":"huile-darbre-a-the-100-ml","status":"publish","type":"product","link":"https:\/\/densilab.com\/fr\/produkt\/huile-darbre-a-the-100-ml\/","title":{"rendered":"HUILE D'ARBRE \u00c0 TH\u00c9 100 ml"},"content":{"rendered":"<p data-start=\"42\" data-end=\"249\"><strong data-start=\"42\" data-end=\"52\">INCI :<\/strong> <em>Melaleuca Alternifolia Leaf Oil (LINALOOL*, LIMONENE*)<\/em><br data-start=\"107\" data-end=\"110\" \/><em data-start=\"110\" data-end=\"247\">Composants naturels des huiles essentielles, list\u00e9s dans l\u2019INCI conform\u00e9ment \u00e0 la 7\u1d49 modification de la directive cosm\u00e9tique europ\u00e9enne<\/em><\/p>\n<h3 data-start=\"256\" data-end=\"273\">Application<\/h3>\n<p data-start=\"274\" data-end=\"701\">L\u2019huile essentielle de tea tree est obtenue par distillation \u00e0 la vapeur des feuilles et jeunes branches de <em data-start=\"382\" data-end=\"406\">Melaleuca alternifolia<\/em>. Les feuilles de cette plante sont utilis\u00e9es depuis des si\u00e8cles pour leurs propri\u00e9t\u00e9s curatives et protectrices. La recherche moderne a identifi\u00e9 plus de 90 compos\u00e9s actifs responsables de son large spectre d\u2019action \u2013 notamment antibact\u00e9rienne, antifongique, antivirale et anti-inflammatoire.<\/p>\n<p data-start=\"703\" data-end=\"993\">Recommand\u00e9e pour les formulations cosm\u00e9tiques telles que cr\u00e8mes pour le visage et les mains, lotions corporelles, s\u00e9rums, masques, shampoings, apr\u00e8s-shampoings, d\u00e9odorants, gels nettoyants et soins des pieds. Id\u00e9ale pour les peaux \u00e0 tendance acn\u00e9ique, grasses ou sujettes aux irritations.<\/p>\n<p data-start=\"995\" data-end=\"1160\">Lors de la pr\u00e9paration des formulations, incorporer d\u2019abord dans la phase huileuse (avant les substances solubles dans l\u2019eau). Concentration recommand\u00e9e : 0,5\u20133 %.<\/p>\n<h3 data-start=\"1167\" data-end=\"1179\">Effets<\/h3>\n<ul>\n<li data-start=\"1182\" data-end=\"1275\">R\u00e9gule l\u2019activit\u00e9 des glandes s\u00e9bac\u00e9es, r\u00e9duit la brillance de la peau et affine les pores.<\/li>\n<li data-start=\"1278\" data-end=\"1403\">Soutient la r\u00e9g\u00e9n\u00e9ration naturelle de la peau, apaise les rougeurs et favorise la cicatrisation des imperfections cutan\u00e9es.<\/li>\n<li data-start=\"1406\" data-end=\"1504\">Fortement antibact\u00e9rien, antifongique et antiviral \u2013 limite la propagation des micro-organismes.<\/li>\n<li data-start=\"1507\" data-end=\"1567\">R\u00e9duit l\u2019acn\u00e9, les com\u00e9dons et les inflammations cutan\u00e9es.<\/li>\n<li data-start=\"1570\" data-end=\"1665\">Soulage les d\u00e9mangeaisons, irritations et rougeurs, par exemple apr\u00e8s des piq\u00fbres d\u2019insectes.<\/li>\n<li data-start=\"1668\" data-end=\"1776\">Efficace pour la pr\u00e9vention et le soin des infections fongiques de la peau, des ongles et du cuir chevelu.<\/li>\n<li data-start=\"1779\" data-end=\"1907\">Dans les soins capillaires : lutte contre les pellicules, renforce le cuir chevelu et r\u00e9gule la production excessive de s\u00e9bum.<\/li>\n<li data-start=\"1910\" data-end=\"1976\">Rafra\u00eechit, purifie et procure une sensation de peau \u00e9quilibr\u00e9e.<\/li>\n<li data-start=\"1979\" data-end=\"2082\">Convient aux bains de pieds et aux soins corporels pour ses propri\u00e9t\u00e9s d\u00e9sodorisantes et nettoyantes.<\/li>\n<li data-start=\"2085\" data-end=\"2148\">Poss\u00e8de de l\u00e9gers effets analg\u00e9siques et anti-inflammatoires.<\/li>\n<li data-start=\"2151\" data-end=\"2233\">Effet naturellement d\u00e9sodorisant \u2013 id\u00e9al dans les d\u00e9odorants et soins des pieds.<\/li>\n<\/ul>\n<h3 data-start=\"2240\" data-end=\"2258\">Conservation<\/h3>\n<p data-start=\"2259\" data-end=\"2364\">Conserver \u00e0 temp\u00e9rature ambiante, \u00e0 l\u2019abri de la lumi\u00e8re et de la chaleur. Pas besoin de r\u00e9frig\u00e9ration.<\/p>\n<h3 data-start=\"2371\" data-end=\"2388\">Pr\u00e9cautions<\/h3>\n<ul>\n<li data-start=\"2391\" data-end=\"2450\">Respecter la date de p\u00e9remption indiqu\u00e9e sur l\u2019emballage.<\/li>\n<li data-start=\"2453\" data-end=\"2508\">Ne pas appliquer directement sur des plaies ouvertes.<\/li>\n<li data-start=\"2511\" data-end=\"2560\">\u00c9viter le contact avec les yeux et les muqueuses.<\/li>\n<\/ul>\n","protected":false},"excerpt":{"rendered":"<p>INCI : Melaleuca Alternifolia Leaf Oil (LINALOOL*, LIMONENE*)Composants naturels des huiles essentielles, list\u00e9s dans l\u2019INCI conform\u00e9ment \u00e0 la 7\u1d49 modification de la directive cosm\u00e9tique europ\u00e9enne Application L\u2019huile essentielle de tea tree est obtenue par distillation \u00e0 la vapeur des feuilles et jeunes branches de Melaleuca alternifolia. Les feuilles de cette plante sont utilis\u00e9es depuis des [&hellip;]<\/p>\n","protected":false},"featured_media":2012,"comment_status":"open","ping_status":"closed","template":"","meta":[],"product_brand":[],"product_cat":[195,213,196,202,204],"product_tag":[],"class_list":{"0":"post-1381","1":"product","2":"type-product","3":"status-publish","4":"has-post-thumbnail","6":"product_cat-peau-vasculaire-acne-preparations-anti-cellulite","7":"product_cat-huiles-aromatiques-fr","8":"product_cat-visage","9":"product_cat-corps","10":"product_cat-huiles-squalane-beurres-cosmetiques-et-macerats-dhuiles","12":"first","13":"instock","14":"taxable","15":"shipping-taxable","16":"purchasable","17":"product-type-simple"},"_links":{"self":[{"href":"https:\/\/densilab.com\/fr\/wp-json\/wp\/v2\/product\/1381","targetHints":{"allow":["GET"]}}],"collection":[{"href":"https:\/\/densilab.com\/fr\/wp-json\/wp\/v2\/product"}],"about":[{"href":"https:\/\/densilab.com\/fr\/wp-json\/wp\/v2\/types\/product"}],"replies":[{"embeddable":true,"href":"https:\/\/densilab.com\/fr\/wp-json\/wp\/v2\/comments?post=1381"}],"wp:featuredmedia":[{"embeddable":true,"href":"https:\/\/densilab.com\/fr\/wp-json\/wp\/v2\/media\/2012"}],"wp:attachment":[{"href":"https:\/\/densilab.com\/fr\/wp-json\/wp\/v2\/media?parent=1381"}],"wp:term":[{"taxonomy":"product_brand","embeddable":true,"href":"https:\/\/densilab.com\/fr\/wp-json\/wp\/v2\/product_brand?post=1381"},{"taxonomy":"product_cat","embeddable":true,"href":"https:\/\/densilab.com\/fr\/wp-json\/wp\/v2\/product_cat?post=1381"},{"taxonomy":"product_tag","embeddable":true,"href":"https:\/\/densilab.com\/fr\/wp-json\/wp\/v2\/product_tag?post=1381"}],"curies":[{"name":"wp","href":"https:\/\/api.w.org\/{rel}","templated":true}]}}