{"id":1322,"date":"2024-01-08T11:21:10","date_gmt":"2024-01-08T11:21:10","guid":{"rendered":"https:\/\/densilab.com\/?post_type=product&#038;p=1322"},"modified":"2025-08-30T17:58:28","modified_gmt":"2025-08-30T17:58:28","slug":"base-de-creme-a-laloe","status":"publish","type":"product","link":"https:\/\/densilab.com\/fr\/produkt\/base-de-creme-a-laloe\/","title":{"rendered":"BASE DE CR\u00c8ME \u00c0 L'ALOE"},"content":{"rendered":"<p data-start=\"81\" data-end=\"395\"><strong data-start=\"81\" data-end=\"91\">INCI :<\/strong> <em>Aqua, Cocos Nucifera (Coconut) Oil*, Helianthus Annuus Seed Oil*, Cetearyl Alcohol &amp; Coco-Glucoside, Butyrospermum Parkii*, Xanthan Gum, Prunus Armeniaca Kernel Oil, Phenoxyethanol, Aloe Barbadensis (Aloe Vera) Leaf Juice Powder*, Citric Acid, Tocopherol, Lactic Acid, Benzoic Acid, Dehydroacetic Acid<\/em><\/p>\n<p data-start=\"397\" data-end=\"477\">*Ingr\u00e9dient issu de l\u2019agriculture biologique certifi\u00e9 par la Soil Association<\/p>\n<h3 data-start=\"479\" data-end=\"496\"><strong data-start=\"479\" data-end=\"494\">Application<\/strong><\/h3>\n<p data-start=\"498\" data-end=\"1165\">Contient 89,66 % d\u2019ingr\u00e9dients biologiques. Id\u00e9al pour des cr\u00e8mes l\u00e9g\u00e8res et ultra-l\u00e9g\u00e8res, des s\u00e9rums ou des laits corporels. Odeur : neutre.<br data-start=\"640\" data-end=\"643\" \/>La base s\u2019enrichit simplement avec les huiles et\/ou autres actifs de votre choix, puis se m\u00e9lange (les ingr\u00e9dients doivent \u00eatre \u00e0 une temp\u00e9rature similaire, de pr\u00e9f\u00e9rence ambiante). Ajouter d\u2019abord la phase huileuse (huiles, beurres v\u00e9g\u00e9taux fondus), puis la phase aqueuse (ex. collag\u00e8ne ou acide hyaluronique).<br data-start=\"954\" data-end=\"957\" \/>La base peut accueillir jusqu\u2019\u00e0 30 % d\u2019actifs ; si la pr\u00e9paration devient trop fluide, il suffit d\u2019ajouter quelques gouttes de beurre fondu de karit\u00e9 ou de jojoba, qui \u00e9paissira le produit en refroidissant.<\/p>\n<h3 data-start=\"1167\" data-end=\"1178\"><strong data-start=\"1167\" data-end=\"1176\">Effet<\/strong><\/h3>\n<p data-start=\"1180\" data-end=\"1557\">Gr\u00e2ce \u00e0 sa texture l\u00e9g\u00e8re, le cosm\u00e9tique final p\u00e9n\u00e8tre parfaitement, sans obstruer les pores ni alourdir la peau.<br data-start=\"1293\" data-end=\"1296\" \/>La base contient de l\u2019extrait d\u2019aloe vera hydratant et apaisant, pour un effet suppl\u00e9mentaire de confort et d\u2019hydratation.<br data-start=\"1418\" data-end=\"1421\" \/>Selon les actifs ajout\u00e9s, on peut obtenir un effet hydratant, raffermissant, lissant ou un soin sp\u00e9cialis\u00e9 pour les peaux \u00e0 probl\u00e8mes.<\/p>\n<h3 data-start=\"1559\" data-end=\"1577\"><strong data-start=\"1559\" data-end=\"1575\">Conservation<\/strong><\/h3>\n<p data-start=\"1579\" data-end=\"1647\">\u00c0 conserver \u00e0 temp\u00e9rature ambiante, sans r\u00e9frig\u00e9ration n\u00e9cessaire.<\/p>\n<h3 data-start=\"1649\" data-end=\"1675\"><strong data-start=\"1649\" data-end=\"1673\">Pr\u00e9cautions d\u2019emploi<\/strong><\/h3>\n<p data-start=\"1677\" data-end=\"1736\">Respecter la date de p\u00e9remption indiqu\u00e9e sur l\u2019emballage.<\/p>\n","protected":false},"excerpt":{"rendered":"<p>INCI : Aqua, Cocos Nucifera (Coconut) Oil*, Helianthus Annuus Seed Oil*, Cetearyl Alcohol &amp; Coco-Glucoside, Butyrospermum Parkii*, Xanthan Gum, Prunus Armeniaca Kernel Oil, Phenoxyethanol, Aloe Barbadensis (Aloe Vera) Leaf Juice Powder*, Citric Acid, Tocopherol, Lactic Acid, Benzoic Acid, Dehydroacetic Acid *Ingr\u00e9dient issu de l\u2019agriculture biologique certifi\u00e9 par la Soil Association Application Contient 89,66 % d\u2019ingr\u00e9dients [&hellip;]<\/p>\n","protected":false},"featured_media":3173,"comment_status":"open","ping_status":"closed","template":"","meta":[],"product_brand":[],"product_cat":[196,192],"product_tag":[],"class_list":{"0":"post-1322","1":"product","2":"type-product","3":"status-publish","4":"has-post-thumbnail","6":"product_cat-visage","7":"product_cat-bases","9":"first","10":"outofstock","11":"taxable","12":"shipping-taxable","13":"purchasable","14":"product-type-simple"},"_links":{"self":[{"href":"https:\/\/densilab.com\/fr\/wp-json\/wp\/v2\/product\/1322","targetHints":{"allow":["GET"]}}],"collection":[{"href":"https:\/\/densilab.com\/fr\/wp-json\/wp\/v2\/product"}],"about":[{"href":"https:\/\/densilab.com\/fr\/wp-json\/wp\/v2\/types\/product"}],"replies":[{"embeddable":true,"href":"https:\/\/densilab.com\/fr\/wp-json\/wp\/v2\/comments?post=1322"}],"wp:featuredmedia":[{"embeddable":true,"href":"https:\/\/densilab.com\/fr\/wp-json\/wp\/v2\/media\/3173"}],"wp:attachment":[{"href":"https:\/\/densilab.com\/fr\/wp-json\/wp\/v2\/media?parent=1322"}],"wp:term":[{"taxonomy":"product_brand","embeddable":true,"href":"https:\/\/densilab.com\/fr\/wp-json\/wp\/v2\/product_brand?post=1322"},{"taxonomy":"product_cat","embeddable":true,"href":"https:\/\/densilab.com\/fr\/wp-json\/wp\/v2\/product_cat?post=1322"},{"taxonomy":"product_tag","embeddable":true,"href":"https:\/\/densilab.com\/fr\/wp-json\/wp\/v2\/product_tag?post=1322"}],"curies":[{"name":"wp","href":"https:\/\/api.w.org\/{rel}","templated":true}]}}